{"id":14507,"date":"2025-06-18T01:11:22","date_gmt":"2025-06-17T23:11:22","guid":{"rendered":"https:\/\/yardratshop.com\/?post_type=product&#038;p=14507"},"modified":"2025-12-19T00:42:16","modified_gmt":"2025-12-18T23:42:16","slug":"third-eye-studio-elden-ring-millicent","status":"publish","type":"product","link":"https:\/\/yardratshop.com\/eng\/product\/third-eye-studio-elden-ring-millicent\/","title":{"rendered":"Third Eye Studio &#8211; Elden Ring &#8211; Millicent"},"content":{"rendered":"","protected":false},"excerpt":{"rendered":"<p><strong>Medidas:\u00a0<\/strong>H50 x W33 x D32cm<br \/>\n<strong>Material:\u00a0<\/strong>Resin+PU<br \/>\n<strong>Fecha de entrega:\u00a0<\/strong>Q3-Q4 2025<br \/>\nSolo 128 unidades globales<\/p>\n<p>Pr\u00f3ximo personaje: Radhan<\/p>","protected":false},"featured_media":14514,"template":"","meta":[],"product_brand":[],"product_cat":[145,141,2835],"product_tag":[],"class_list":{"0":"post-14507","1":"product","2":"type-product","3":"status-publish","4":"has-post-thumbnail","6":"product_cat-elden-ring","7":"product_cat-videojuego","8":"product_cat-millicent","9":"pa_altura-46-60cm","10":"pa_escala-escala_1_4","11":"pa_estado-preorder","12":"pa_estudio-third-eye","13":"pa_tipo-estatua-de-resina","15":"first","16":"outofstock","17":"purchasable","18":"product-type-simple"},"yoast_head":"<!-- This site is optimized with the Yoast SEO plugin v27.3 - https:\/\/yoast.com\/product\/yoast-seo-wordpress\/ -->\n<title>Third Eye Studio Millicent Elden Ring Estatua 1\/4 Resina Edici\u00f3n Limitada<\/title>\n<meta name=\"description\" content=\"Estatua de resina de Millicent de Elden Ring a escala 1\/4, producida por Third Eye Studio. Detallado dise\u00f1o, m\u00faltiples accesorios y edici\u00f3n limitada. Ideal para coleccionistas.\" \/>\n<meta name=\"robots\" content=\"index, follow, max-snippet:-1, max-image-preview:large, max-video-preview:-1\" \/>\n<link rel=\"canonical\" href=\"https:\/\/yardratshop.com\/eng\/product\/third-eye-studio-elden-ring-millicent\/\" \/>\n<meta property=\"og:locale\" content=\"en_US\" \/>\n<meta property=\"og:type\" content=\"article\" \/>\n<meta property=\"og:title\" content=\"Third Eye Studio Millicent Elden Ring Estatua 1\/4 Resina Edici\u00f3n Limitada\" \/>\n<meta property=\"og:description\" content=\"Estatua de resina de Millicent de Elden Ring a escala 1\/4, producida por Third Eye Studio. Detallado dise\u00f1o, m\u00faltiples accesorios y edici\u00f3n limitada. Ideal para coleccionistas.\" \/>\n<meta property=\"og:url\" content=\"https:\/\/yardratshop.com\/eng\/product\/third-eye-studio-elden-ring-millicent\/\" \/>\n<meta property=\"og:site_name\" content=\"Yardrat Shop\" \/>\n<meta property=\"article:modified_time\" content=\"2025-12-18T23:42:16+00:00\" \/>\n<meta property=\"og:image\" content=\"https:\/\/yardratshop.com\/wp-content\/uploads\/2025\/06\/millicent-elden-ring-estatua-resina-1-4-third-eye-studio4.jpg\" \/>\n\t<meta property=\"og:image:width\" content=\"2000\" \/>\n\t<meta property=\"og:image:height\" content=\"1923\" \/>\n\t<meta property=\"og:image:type\" content=\"image\/jpeg\" \/>\n<meta name=\"twitter:card\" content=\"summary_large_image\" \/>\n<meta name=\"twitter:label1\" content=\"Est. reading time\" \/>\n\t<meta name=\"twitter:data1\" content=\"1 minute\" \/>\n<script type=\"application\/ld+json\" class=\"yoast-schema-graph\">{\"@context\":\"https:\\\/\\\/schema.org\",\"@graph\":[{\"@type\":\"WebPage\",\"@id\":\"https:\\\/\\\/yardratshop.com\\\/producto\\\/third-eye-studio-elden-ring-millicent\\\/\",\"url\":\"https:\\\/\\\/yardratshop.com\\\/producto\\\/third-eye-studio-elden-ring-millicent\\\/\",\"name\":\"Third Eye Studio Millicent Elden Ring Estatua 1\\\/4 Resina Edici\u00f3n Limitada\",\"isPartOf\":{\"@id\":\"https:\\\/\\\/yardratshop.com\\\/#website\"},\"primaryImageOfPage\":{\"@id\":\"https:\\\/\\\/yardratshop.com\\\/producto\\\/third-eye-studio-elden-ring-millicent\\\/#primaryimage\"},\"image\":{\"@id\":\"https:\\\/\\\/yardratshop.com\\\/producto\\\/third-eye-studio-elden-ring-millicent\\\/#primaryimage\"},\"thumbnailUrl\":\"https:\\\/\\\/yardratshop.com\\\/wp-content\\\/uploads\\\/2025\\\/06\\\/millicent-elden-ring-estatua-resina-1-4-third-eye-studio4.jpg\",\"datePublished\":\"2025-06-17T23:11:22+00:00\",\"dateModified\":\"2025-12-18T23:42:16+00:00\",\"description\":\"Estatua de resina de Millicent de Elden Ring a escala 1\\\/4, producida por Third Eye Studio. Detallado dise\u00f1o, m\u00faltiples accesorios y edici\u00f3n limitada. Ideal para coleccionistas.\",\"breadcrumb\":{\"@id\":\"https:\\\/\\\/yardratshop.com\\\/producto\\\/third-eye-studio-elden-ring-millicent\\\/#breadcrumb\"},\"inLanguage\":\"en-US\",\"potentialAction\":[{\"@type\":\"ReadAction\",\"target\":[\"https:\\\/\\\/yardratshop.com\\\/producto\\\/third-eye-studio-elden-ring-millicent\\\/\"]}]},{\"@type\":\"ImageObject\",\"inLanguage\":\"en-US\",\"@id\":\"https:\\\/\\\/yardratshop.com\\\/producto\\\/third-eye-studio-elden-ring-millicent\\\/#primaryimage\",\"url\":\"https:\\\/\\\/yardratshop.com\\\/wp-content\\\/uploads\\\/2025\\\/06\\\/millicent-elden-ring-estatua-resina-1-4-third-eye-studio4.jpg\",\"contentUrl\":\"https:\\\/\\\/yardratshop.com\\\/wp-content\\\/uploads\\\/2025\\\/06\\\/millicent-elden-ring-estatua-resina-1-4-third-eye-studio4.jpg\",\"width\":2000,\"height\":1923,\"caption\":\"millicent elden ring estatua resina 1 4 third eye studio4\"},{\"@type\":\"BreadcrumbList\",\"@id\":\"https:\\\/\\\/yardratshop.com\\\/producto\\\/third-eye-studio-elden-ring-millicent\\\/#breadcrumb\",\"itemListElement\":[{\"@type\":\"ListItem\",\"position\":1,\"name\":\"Portada\",\"item\":\"https:\\\/\\\/yardratshop.com\\\/\"},{\"@type\":\"ListItem\",\"position\":2,\"name\":\"Tienda\",\"item\":\"https:\\\/\\\/yardratshop.com\\\/tienda\\\/\"},{\"@type\":\"ListItem\",\"position\":3,\"name\":\"Third Eye Studio &#8211; Elden Ring &#8211; Millicent\"}]},{\"@type\":\"WebSite\",\"@id\":\"https:\\\/\\\/yardratshop.com\\\/#website\",\"url\":\"https:\\\/\\\/yardratshop.com\\\/\",\"name\":\"Yardrat Shop\",\"description\":\"Tu tienda exclusiva de figuras y estatuas\",\"potentialAction\":[{\"@type\":\"SearchAction\",\"target\":{\"@type\":\"EntryPoint\",\"urlTemplate\":\"https:\\\/\\\/yardratshop.com\\\/?s={search_term_string}\"},\"query-input\":{\"@type\":\"PropertyValueSpecification\",\"valueRequired\":true,\"valueName\":\"search_term_string\"}}],\"inLanguage\":\"en-US\"}]}<\/script>\n<!-- \/ Yoast SEO plugin. -->","yoast_head_json":{"title":"Third Eye Studio Millicent Elden Ring Estatua 1\/4 Resina Edici\u00f3n Limitada","description":"Estatua de resina de Millicent de Elden Ring a escala 1\/4, producida por Third Eye Studio. Detallado dise\u00f1o, m\u00faltiples accesorios y edici\u00f3n limitada. Ideal para coleccionistas.","robots":{"index":"index","follow":"follow","max-snippet":"max-snippet:-1","max-image-preview":"max-image-preview:large","max-video-preview":"max-video-preview:-1"},"canonical":"https:\/\/yardratshop.com\/eng\/product\/third-eye-studio-elden-ring-millicent\/","og_locale":"en_US","og_type":"article","og_title":"Third Eye Studio Millicent Elden Ring Estatua 1\/4 Resina Edici\u00f3n Limitada","og_description":"Estatua de resina de Millicent de Elden Ring a escala 1\/4, producida por Third Eye Studio. Detallado dise\u00f1o, m\u00faltiples accesorios y edici\u00f3n limitada. Ideal para coleccionistas.","og_url":"https:\/\/yardratshop.com\/eng\/product\/third-eye-studio-elden-ring-millicent\/","og_site_name":"Yardrat Shop","article_modified_time":"2025-12-18T23:42:16+00:00","og_image":[{"width":2000,"height":1923,"url":"https:\/\/yardratshop.com\/wp-content\/uploads\/2025\/06\/millicent-elden-ring-estatua-resina-1-4-third-eye-studio4.jpg","type":"image\/jpeg"}],"twitter_card":"summary_large_image","twitter_misc":{"Est. reading time":"1 minute"},"schema":{"@context":"https:\/\/schema.org","@graph":[{"@type":"WebPage","@id":"https:\/\/yardratshop.com\/producto\/third-eye-studio-elden-ring-millicent\/","url":"https:\/\/yardratshop.com\/producto\/third-eye-studio-elden-ring-millicent\/","name":"Third Eye Studio Millicent Elden Ring Estatua 1\/4 Resina Edici\u00f3n Limitada","isPartOf":{"@id":"https:\/\/yardratshop.com\/#website"},"primaryImageOfPage":{"@id":"https:\/\/yardratshop.com\/producto\/third-eye-studio-elden-ring-millicent\/#primaryimage"},"image":{"@id":"https:\/\/yardratshop.com\/producto\/third-eye-studio-elden-ring-millicent\/#primaryimage"},"thumbnailUrl":"https:\/\/yardratshop.com\/wp-content\/uploads\/2025\/06\/millicent-elden-ring-estatua-resina-1-4-third-eye-studio4.jpg","datePublished":"2025-06-17T23:11:22+00:00","dateModified":"2025-12-18T23:42:16+00:00","description":"Estatua de resina de Millicent de Elden Ring a escala 1\/4, producida por Third Eye Studio. Detallado dise\u00f1o, m\u00faltiples accesorios y edici\u00f3n limitada. Ideal para coleccionistas.","breadcrumb":{"@id":"https:\/\/yardratshop.com\/producto\/third-eye-studio-elden-ring-millicent\/#breadcrumb"},"inLanguage":"en-US","potentialAction":[{"@type":"ReadAction","target":["https:\/\/yardratshop.com\/producto\/third-eye-studio-elden-ring-millicent\/"]}]},{"@type":"ImageObject","inLanguage":"en-US","@id":"https:\/\/yardratshop.com\/producto\/third-eye-studio-elden-ring-millicent\/#primaryimage","url":"https:\/\/yardratshop.com\/wp-content\/uploads\/2025\/06\/millicent-elden-ring-estatua-resina-1-4-third-eye-studio4.jpg","contentUrl":"https:\/\/yardratshop.com\/wp-content\/uploads\/2025\/06\/millicent-elden-ring-estatua-resina-1-4-third-eye-studio4.jpg","width":2000,"height":1923,"caption":"millicent elden ring estatua resina 1 4 third eye studio4"},{"@type":"BreadcrumbList","@id":"https:\/\/yardratshop.com\/producto\/third-eye-studio-elden-ring-millicent\/#breadcrumb","itemListElement":[{"@type":"ListItem","position":1,"name":"Portada","item":"https:\/\/yardratshop.com\/"},{"@type":"ListItem","position":2,"name":"Tienda","item":"https:\/\/yardratshop.com\/tienda\/"},{"@type":"ListItem","position":3,"name":"Third Eye Studio &#8211; Elden Ring &#8211; Millicent"}]},{"@type":"WebSite","@id":"https:\/\/yardratshop.com\/#website","url":"https:\/\/yardratshop.com\/","name":"Yardrat Shop","description":"Tu tienda exclusiva de figuras y estatuas","potentialAction":[{"@type":"SearchAction","target":{"@type":"EntryPoint","urlTemplate":"https:\/\/yardratshop.com\/?s={search_term_string}"},"query-input":{"@type":"PropertyValueSpecification","valueRequired":true,"valueName":"search_term_string"}}],"inLanguage":"en-US"}]}},"_links":{"self":[{"href":"https:\/\/yardratshop.com\/eng\/wp-json\/wp\/v2\/product\/14507","targetHints":{"allow":["GET"]}}],"collection":[{"href":"https:\/\/yardratshop.com\/eng\/wp-json\/wp\/v2\/product"}],"about":[{"href":"https:\/\/yardratshop.com\/eng\/wp-json\/wp\/v2\/types\/product"}],"version-history":[{"count":1,"href":"https:\/\/yardratshop.com\/eng\/wp-json\/wp\/v2\/product\/14507\/revisions"}],"predecessor-version":[{"id":14516,"href":"https:\/\/yardratshop.com\/eng\/wp-json\/wp\/v2\/product\/14507\/revisions\/14516"}],"wp:featuredmedia":[{"embeddable":true,"href":"https:\/\/yardratshop.com\/eng\/wp-json\/wp\/v2\/media\/14514"}],"wp:attachment":[{"href":"https:\/\/yardratshop.com\/eng\/wp-json\/wp\/v2\/media?parent=14507"}],"wp:term":[{"taxonomy":"product_brand","embeddable":true,"href":"https:\/\/yardratshop.com\/eng\/wp-json\/wp\/v2\/product_brand?post=14507"},{"taxonomy":"product_cat","embeddable":true,"href":"https:\/\/yardratshop.com\/eng\/wp-json\/wp\/v2\/product_cat?post=14507"},{"taxonomy":"product_tag","embeddable":true,"href":"https:\/\/yardratshop.com\/eng\/wp-json\/wp\/v2\/product_tag?post=14507"}],"curies":[{"name":"wp","href":"https:\/\/api.w.org\/{rel}","templated":true}]}}