{"id":14918,"date":"2025-06-21T10:32:54","date_gmt":"2025-06-21T08:32:54","guid":{"rendered":"https:\/\/yardratshop.com\/?post_type=product&#038;p=14918"},"modified":"2025-12-19T00:42:09","modified_gmt":"2025-12-18T23:42:09","slug":"blitzway-los-cazafantasmas","status":"publish","type":"product","link":"https:\/\/yardratshop.com\/eng\/product\/blitzway-los-cazafantasmas\/","title":{"rendered":"Blitzway &#8211; Los Cazafantasmas"},"content":{"rendered":"","protected":false},"excerpt":{"rendered":"<p data-start=\"95\" data-end=\"366\"><strong data-start=\"98\" data-end=\"155\">Producto de Alta Demanda \u2013 \u00a1Reserva con Anticipaci\u00f3n!<\/strong><br data-start=\"155\" data-end=\"158\" \/>Este art\u00edculo cuenta con una <strong data-start=\"187\" data-end=\"207\">alt\u00edsima demanda<\/strong> a nivel mundial. Debido a la <strong data-start=\"237\" data-end=\"272\">limitada asignaci\u00f3n de unidades<\/strong> por parte del distribuidor, <strong data-start=\"301\" data-end=\"331\">pueden producirse recortes<\/strong>, incluso en pedidos ya reservados.<\/p>\n<p data-start=\"368\" data-end=\"600\">\u26a0\ufe0f <strong data-start=\"371\" data-end=\"386\">Importante:<\/strong> La reserva <strong data-start=\"398\" data-end=\"445\">no garantiza la obtenci\u00f3n final de la pieza<\/strong>, ya que depender\u00e1 del stock final asignado por el estudio o distribuidor. En caso de no poder confirmarse, se reembolsar\u00e1 \u00edntegramente el importe abonado.<\/p>\n<p data-start=\"602\" data-end=\"707\">Recomendamos realizar la reserva lo antes posible para aumentar las probabilidades de asegurar tu unidad.<\/p>\n<p data-start=\"602\" data-end=\"707\"><strong>Fecha de entrega:\u00a0<\/strong>Q1 2026<br \/>\n<strong>Fecha limite de reserva:\u00a0<\/strong>28 de Junio o Sold Out<\/p>","protected":false},"featured_media":14938,"template":"","meta":[],"product_brand":[],"product_cat":[2858,153],"product_tag":[],"class_list":{"0":"post-14918","1":"product","2":"type-product","3":"status-publish","4":"has-post-thumbnail","6":"product_cat-ghostbusters","7":"product_cat-peliculas","8":"pa_altura-26-35cm","9":"pa_escala-escala_1_6","10":"pa_estado-preorder","11":"pa_estudio-blitzway","12":"pa_tipo-figura-articulada","14":"first","15":"outofstock","16":"purchasable","17":"product-type-variable"},"yoast_head":"<!-- This site is optimized with the Yoast SEO plugin v27.6 - https:\/\/yoast.com\/product\/yoast-seo-wordpress\/ -->\n<title>Blitzway Los Cazafantasmas Figuras 1\/6 | Set Completo de los 4 Cazafantasmas<\/title>\n<meta name=\"description\" content=\"Set de figuras articuladas 1\/6 de Los Cazafantasmas por Blitzway. Incluye a los 4 protagonistas con detalles realistas, accesorios y base tem\u00e1tica. \u00a1Ideal para coleccionistas!\" \/>\n<meta name=\"robots\" content=\"index, follow, max-snippet:-1, max-image-preview:large, max-video-preview:-1\" \/>\n<link rel=\"canonical\" href=\"https:\/\/yardratshop.com\/eng\/product\/blitzway-los-cazafantasmas\/\" \/>\n<meta property=\"og:locale\" content=\"en_US\" \/>\n<meta property=\"og:type\" content=\"article\" \/>\n<meta property=\"og:title\" content=\"Blitzway Los Cazafantasmas Figuras 1\/6 | Set Completo de los 4 Cazafantasmas\" \/>\n<meta property=\"og:description\" content=\"Set de figuras articuladas 1\/6 de Los Cazafantasmas por Blitzway. Incluye a los 4 protagonistas con detalles realistas, accesorios y base tem\u00e1tica. \u00a1Ideal para coleccionistas!\" \/>\n<meta property=\"og:url\" content=\"https:\/\/yardratshop.com\/eng\/product\/blitzway-los-cazafantasmas\/\" \/>\n<meta property=\"og:site_name\" content=\"Yardrat Shop\" \/>\n<meta property=\"article:modified_time\" content=\"2025-12-18T23:42:09+00:00\" \/>\n<meta property=\"og:image\" content=\"https:\/\/yardratshop.com\/wp-content\/uploads\/2025\/06\/Blitzway_Ghostbusters_SpecialPackVer2_1_6Scale_ActionFigures_LimitedEdition1500.jpg.webp\" \/>\n\t<meta property=\"og:image:width\" content=\"1060\" \/>\n\t<meta property=\"og:image:height\" content=\"1500\" \/>\n\t<meta property=\"og:image:type\" content=\"image\/webp\" \/>\n<meta name=\"twitter:card\" content=\"summary_large_image\" \/>\n<meta name=\"twitter:label1\" content=\"Est. reading time\" \/>\n\t<meta name=\"twitter:data1\" content=\"1 minute\" \/>\n<script type=\"application\/ld+json\" class=\"yoast-schema-graph\">{\"@context\":\"https:\\\/\\\/schema.org\",\"@graph\":[{\"@type\":\"WebPage\",\"@id\":\"https:\\\/\\\/yardratshop.com\\\/producto\\\/blitzway-los-cazafantasmas\\\/\",\"url\":\"https:\\\/\\\/yardratshop.com\\\/producto\\\/blitzway-los-cazafantasmas\\\/\",\"name\":\"Blitzway Los Cazafantasmas Figuras 1\\\/6 | Set Completo de los 4 Cazafantasmas\",\"isPartOf\":{\"@id\":\"https:\\\/\\\/yardratshop.com\\\/#website\"},\"primaryImageOfPage\":{\"@id\":\"https:\\\/\\\/yardratshop.com\\\/producto\\\/blitzway-los-cazafantasmas\\\/#primaryimage\"},\"image\":{\"@id\":\"https:\\\/\\\/yardratshop.com\\\/producto\\\/blitzway-los-cazafantasmas\\\/#primaryimage\"},\"thumbnailUrl\":\"https:\\\/\\\/yardratshop.com\\\/wp-content\\\/uploads\\\/2025\\\/06\\\/Blitzway_Ghostbusters_SpecialPackVer2_1_6Scale_ActionFigures_LimitedEdition1500.jpg.webp\",\"datePublished\":\"2025-06-21T08:32:54+00:00\",\"dateModified\":\"2025-12-18T23:42:09+00:00\",\"description\":\"Set de figuras articuladas 1\\\/6 de Los Cazafantasmas por Blitzway. Incluye a los 4 protagonistas con detalles realistas, accesorios y base tem\u00e1tica. \u00a1Ideal para coleccionistas!\",\"breadcrumb\":{\"@id\":\"https:\\\/\\\/yardratshop.com\\\/producto\\\/blitzway-los-cazafantasmas\\\/#breadcrumb\"},\"inLanguage\":\"en-US\",\"potentialAction\":[{\"@type\":\"ReadAction\",\"target\":[\"https:\\\/\\\/yardratshop.com\\\/producto\\\/blitzway-los-cazafantasmas\\\/\"]}]},{\"@type\":\"ImageObject\",\"inLanguage\":\"en-US\",\"@id\":\"https:\\\/\\\/yardratshop.com\\\/producto\\\/blitzway-los-cazafantasmas\\\/#primaryimage\",\"url\":\"https:\\\/\\\/yardratshop.com\\\/wp-content\\\/uploads\\\/2025\\\/06\\\/Blitzway_Ghostbusters_SpecialPackVer2_1_6Scale_ActionFigures_LimitedEdition1500.jpg.webp\",\"contentUrl\":\"https:\\\/\\\/yardratshop.com\\\/wp-content\\\/uploads\\\/2025\\\/06\\\/Blitzway_Ghostbusters_SpecialPackVer2_1_6Scale_ActionFigures_LimitedEdition1500.jpg.webp\",\"width\":1060,\"height\":1500,\"caption\":\"Blitzway Ghostbusters SpecialPackVer2 1 6Scale ActionFigures LimitedEdition1500.jpg\"},{\"@type\":\"BreadcrumbList\",\"@id\":\"https:\\\/\\\/yardratshop.com\\\/producto\\\/blitzway-los-cazafantasmas\\\/#breadcrumb\",\"itemListElement\":[{\"@type\":\"ListItem\",\"position\":1,\"name\":\"Portada\",\"item\":\"https:\\\/\\\/yardratshop.com\\\/\"},{\"@type\":\"ListItem\",\"position\":2,\"name\":\"Tienda\",\"item\":\"https:\\\/\\\/yardratshop.com\\\/tienda\\\/\"},{\"@type\":\"ListItem\",\"position\":3,\"name\":\"Blitzway &#8211; Los Cazafantasmas\"}]},{\"@type\":\"WebSite\",\"@id\":\"https:\\\/\\\/yardratshop.com\\\/#website\",\"url\":\"https:\\\/\\\/yardratshop.com\\\/\",\"name\":\"Yardrat Shop\",\"description\":\"Tu tienda exclusiva de figuras y estatuas\",\"potentialAction\":[{\"@type\":\"SearchAction\",\"target\":{\"@type\":\"EntryPoint\",\"urlTemplate\":\"https:\\\/\\\/yardratshop.com\\\/?s={search_term_string}\"},\"query-input\":{\"@type\":\"PropertyValueSpecification\",\"valueRequired\":true,\"valueName\":\"search_term_string\"}}],\"inLanguage\":\"en-US\"}]}<\/script>\n<!-- \/ Yoast SEO plugin. -->","yoast_head_json":{"title":"Blitzway Los Cazafantasmas Figuras 1\/6 | Set Completo de los 4 Cazafantasmas","description":"Set de figuras articuladas 1\/6 de Los Cazafantasmas por Blitzway. Incluye a los 4 protagonistas con detalles realistas, accesorios y base tem\u00e1tica. \u00a1Ideal para coleccionistas!","robots":{"index":"index","follow":"follow","max-snippet":"max-snippet:-1","max-image-preview":"max-image-preview:large","max-video-preview":"max-video-preview:-1"},"canonical":"https:\/\/yardratshop.com\/eng\/product\/blitzway-los-cazafantasmas\/","og_locale":"en_US","og_type":"article","og_title":"Blitzway Los Cazafantasmas Figuras 1\/6 | Set Completo de los 4 Cazafantasmas","og_description":"Set de figuras articuladas 1\/6 de Los Cazafantasmas por Blitzway. Incluye a los 4 protagonistas con detalles realistas, accesorios y base tem\u00e1tica. \u00a1Ideal para coleccionistas!","og_url":"https:\/\/yardratshop.com\/eng\/product\/blitzway-los-cazafantasmas\/","og_site_name":"Yardrat Shop","article_modified_time":"2025-12-18T23:42:09+00:00","og_image":[{"width":1060,"height":1500,"url":"https:\/\/yardratshop.com\/wp-content\/uploads\/2025\/06\/Blitzway_Ghostbusters_SpecialPackVer2_1_6Scale_ActionFigures_LimitedEdition1500.jpg.webp","type":"image\/webp"}],"twitter_card":"summary_large_image","twitter_misc":{"Est. reading time":"1 minute"},"schema":{"@context":"https:\/\/schema.org","@graph":[{"@type":"WebPage","@id":"https:\/\/yardratshop.com\/producto\/blitzway-los-cazafantasmas\/","url":"https:\/\/yardratshop.com\/producto\/blitzway-los-cazafantasmas\/","name":"Blitzway Los Cazafantasmas Figuras 1\/6 | Set Completo de los 4 Cazafantasmas","isPartOf":{"@id":"https:\/\/yardratshop.com\/#website"},"primaryImageOfPage":{"@id":"https:\/\/yardratshop.com\/producto\/blitzway-los-cazafantasmas\/#primaryimage"},"image":{"@id":"https:\/\/yardratshop.com\/producto\/blitzway-los-cazafantasmas\/#primaryimage"},"thumbnailUrl":"https:\/\/yardratshop.com\/wp-content\/uploads\/2025\/06\/Blitzway_Ghostbusters_SpecialPackVer2_1_6Scale_ActionFigures_LimitedEdition1500.jpg.webp","datePublished":"2025-06-21T08:32:54+00:00","dateModified":"2025-12-18T23:42:09+00:00","description":"Set de figuras articuladas 1\/6 de Los Cazafantasmas por Blitzway. Incluye a los 4 protagonistas con detalles realistas, accesorios y base tem\u00e1tica. \u00a1Ideal para coleccionistas!","breadcrumb":{"@id":"https:\/\/yardratshop.com\/producto\/blitzway-los-cazafantasmas\/#breadcrumb"},"inLanguage":"en-US","potentialAction":[{"@type":"ReadAction","target":["https:\/\/yardratshop.com\/producto\/blitzway-los-cazafantasmas\/"]}]},{"@type":"ImageObject","inLanguage":"en-US","@id":"https:\/\/yardratshop.com\/producto\/blitzway-los-cazafantasmas\/#primaryimage","url":"https:\/\/yardratshop.com\/wp-content\/uploads\/2025\/06\/Blitzway_Ghostbusters_SpecialPackVer2_1_6Scale_ActionFigures_LimitedEdition1500.jpg.webp","contentUrl":"https:\/\/yardratshop.com\/wp-content\/uploads\/2025\/06\/Blitzway_Ghostbusters_SpecialPackVer2_1_6Scale_ActionFigures_LimitedEdition1500.jpg.webp","width":1060,"height":1500,"caption":"Blitzway Ghostbusters SpecialPackVer2 1 6Scale ActionFigures LimitedEdition1500.jpg"},{"@type":"BreadcrumbList","@id":"https:\/\/yardratshop.com\/producto\/blitzway-los-cazafantasmas\/#breadcrumb","itemListElement":[{"@type":"ListItem","position":1,"name":"Portada","item":"https:\/\/yardratshop.com\/"},{"@type":"ListItem","position":2,"name":"Tienda","item":"https:\/\/yardratshop.com\/tienda\/"},{"@type":"ListItem","position":3,"name":"Blitzway &#8211; Los Cazafantasmas"}]},{"@type":"WebSite","@id":"https:\/\/yardratshop.com\/#website","url":"https:\/\/yardratshop.com\/","name":"Yardrat Shop","description":"Tu tienda exclusiva de figuras y estatuas","potentialAction":[{"@type":"SearchAction","target":{"@type":"EntryPoint","urlTemplate":"https:\/\/yardratshop.com\/?s={search_term_string}"},"query-input":{"@type":"PropertyValueSpecification","valueRequired":true,"valueName":"search_term_string"}}],"inLanguage":"en-US"}]}},"_links":{"self":[{"href":"https:\/\/yardratshop.com\/eng\/wp-json\/wp\/v2\/product\/14918","targetHints":{"allow":["GET"]}}],"collection":[{"href":"https:\/\/yardratshop.com\/eng\/wp-json\/wp\/v2\/product"}],"about":[{"href":"https:\/\/yardratshop.com\/eng\/wp-json\/wp\/v2\/types\/product"}],"version-history":[{"count":2,"href":"https:\/\/yardratshop.com\/eng\/wp-json\/wp\/v2\/product\/14918\/revisions"}],"predecessor-version":[{"id":14945,"href":"https:\/\/yardratshop.com\/eng\/wp-json\/wp\/v2\/product\/14918\/revisions\/14945"}],"wp:featuredmedia":[{"embeddable":true,"href":"https:\/\/yardratshop.com\/eng\/wp-json\/wp\/v2\/media\/14938"}],"wp:attachment":[{"href":"https:\/\/yardratshop.com\/eng\/wp-json\/wp\/v2\/media?parent=14918"}],"wp:term":[{"taxonomy":"product_brand","embeddable":true,"href":"https:\/\/yardratshop.com\/eng\/wp-json\/wp\/v2\/product_brand?post=14918"},{"taxonomy":"product_cat","embeddable":true,"href":"https:\/\/yardratshop.com\/eng\/wp-json\/wp\/v2\/product_cat?post=14918"},{"taxonomy":"product_tag","embeddable":true,"href":"https:\/\/yardratshop.com\/eng\/wp-json\/wp\/v2\/product_tag?post=14918"}],"curies":[{"name":"wp","href":"https:\/\/api.w.org\/{rel}","templated":true}]}}