{"id":16942,"date":"2025-07-10T12:54:19","date_gmt":"2025-07-10T10:54:19","guid":{"rendered":"https:\/\/yardratshop.com\/?post_type=product&#038;p=16942"},"modified":"2026-04-06T18:47:29","modified_gmt":"2026-04-06T16:47:29","slug":"tsume-art-one-piece-carrot-ikigai","status":"publish","type":"product","link":"https:\/\/yardratshop.com\/eng\/product\/tsume-art-one-piece-carrot-ikigai\/","title":{"rendered":"Tsume Art &#8211; One Piece &#8211; Carrot Ikigai"},"content":{"rendered":"","protected":false},"excerpt":{"rendered":"<p data-start=\"95\" data-end=\"366\"><strong data-start=\"98\" data-end=\"155\">Producto de Alta Demanda \u2013 \u00a1Reserva con Anticipaci\u00f3n!<\/strong><br data-start=\"155\" data-end=\"158\" \/>Este art\u00edculo cuenta con una <strong data-start=\"187\" data-end=\"207\">alt\u00edsima demanda<\/strong> a nivel mundial. Debido a la <strong data-start=\"237\" data-end=\"272\">limitada asignaci\u00f3n de unidades<\/strong> por parte del distribuidor, <strong data-start=\"301\" data-end=\"331\">pueden producirse recortes<\/strong>, incluso en pedidos ya reservados.<\/p>\n<p data-start=\"368\" data-end=\"600\">\u26a0\ufe0f <strong data-start=\"371\" data-end=\"386\">Importante:<\/strong> La reserva <strong data-start=\"398\" data-end=\"445\">no garantiza la obtenci\u00f3n final de la pieza<\/strong>, ya que depender\u00e1 del stock final asignado por el estudio o distribuidor. En caso de no poder confirmarse, se reembolsar\u00e1 \u00edntegramente el importe abonado.<\/p>\n<p data-start=\"602\" data-end=\"707\">Recomendamos realizar la reserva lo antes posible para aumentar las probabilidades de asegurar tu unidad.<\/p>\n<p data-start=\"602\" data-end=\"707\"><strong>Medidas:\u00a0<\/strong>H46 x W37 x D18cm<br \/>\n<strong>Material:\u00a0<\/strong>Polystone<br \/>\n<strong>Fecha de entrega:\u00a0<\/strong>Q2-Q3 2026<\/p>","protected":false},"featured_media":16948,"template":"","meta":[],"product_brand":[],"product_cat":[2938,80,83],"product_tag":[],"class_list":{"0":"post-16942","1":"product","2":"type-product","3":"status-publish","4":"has-post-thumbnail","6":"product_cat-carrot","7":"product_cat-anime","8":"product_cat-onepiece","9":"pa_altura-36-45cm","10":"pa_escala-escala_1_6","11":"pa_estado-preorder","12":"pa_estudio-tsume-studio","13":"pa_tipo-estatua-con-licencia","15":"first","16":"outofstock","17":"taxable","18":"shipping-taxable","19":"product-type-simple"},"yoast_head":"<!-- This site is optimized with the Yoast SEO plugin v27.6 - https:\/\/yoast.com\/product\/yoast-seo-wordpress\/ -->\n<title>Tsume Art Carrot Ikigai 1\/6 - Estatua Resina One Piece Oficial<\/title>\n<meta name=\"description\" content=\"Descubre la estatua oficial de Carrot Ikigai de One Piece por Tsume Art en escala 1\/6. Fabricada en resina de alta calidad, perfecta para coleccionistas. \u00a1Reserva ya!\" \/>\n<meta name=\"robots\" content=\"index, follow, max-snippet:-1, max-image-preview:large, max-video-preview:-1\" \/>\n<link rel=\"canonical\" href=\"https:\/\/yardratshop.com\/eng\/product\/tsume-art-one-piece-carrot-ikigai\/\" \/>\n<meta property=\"og:locale\" content=\"en_US\" \/>\n<meta property=\"og:type\" content=\"article\" \/>\n<meta property=\"og:title\" content=\"Tsume Art Carrot Ikigai 1\/6 - Estatua Resina One Piece Oficial\" \/>\n<meta property=\"og:description\" content=\"Descubre la estatua oficial de Carrot Ikigai de One Piece por Tsume Art en escala 1\/6. Fabricada en resina de alta calidad, perfecta para coleccionistas. \u00a1Reserva ya!\" \/>\n<meta property=\"og:url\" content=\"https:\/\/yardratshop.com\/eng\/product\/tsume-art-one-piece-carrot-ikigai\/\" \/>\n<meta property=\"og:site_name\" content=\"Yardrat Shop\" \/>\n<meta property=\"article:modified_time\" content=\"2026-04-06T16:47:29+00:00\" \/>\n<meta property=\"og:image\" content=\"https:\/\/yardratshop.com\/wp-content\/uploads\/2025\/07\/3-4Carrot_001.jpg\" \/>\n\t<meta property=\"og:image:width\" content=\"1080\" \/>\n\t<meta property=\"og:image:height\" content=\"1440\" \/>\n\t<meta property=\"og:image:type\" content=\"image\/jpeg\" \/>\n<meta name=\"twitter:card\" content=\"summary_large_image\" \/>\n<meta name=\"twitter:label1\" content=\"Est. reading time\" \/>\n\t<meta name=\"twitter:data1\" content=\"1 minute\" \/>\n<script type=\"application\/ld+json\" class=\"yoast-schema-graph\">{\"@context\":\"https:\\\/\\\/schema.org\",\"@graph\":[{\"@type\":\"WebPage\",\"@id\":\"https:\\\/\\\/yardratshop.com\\\/producto\\\/tsume-art-one-piece-carrot-ikigai\\\/\",\"url\":\"https:\\\/\\\/yardratshop.com\\\/producto\\\/tsume-art-one-piece-carrot-ikigai\\\/\",\"name\":\"Tsume Art Carrot Ikigai 1\\\/6 - Estatua Resina One Piece Oficial\",\"isPartOf\":{\"@id\":\"https:\\\/\\\/yardratshop.com\\\/#website\"},\"primaryImageOfPage\":{\"@id\":\"https:\\\/\\\/yardratshop.com\\\/producto\\\/tsume-art-one-piece-carrot-ikigai\\\/#primaryimage\"},\"image\":{\"@id\":\"https:\\\/\\\/yardratshop.com\\\/producto\\\/tsume-art-one-piece-carrot-ikigai\\\/#primaryimage\"},\"thumbnailUrl\":\"https:\\\/\\\/yardratshop.com\\\/wp-content\\\/uploads\\\/2025\\\/07\\\/3-4Carrot_001.jpg\",\"datePublished\":\"2025-07-10T10:54:19+00:00\",\"dateModified\":\"2026-04-06T16:47:29+00:00\",\"description\":\"Descubre la estatua oficial de Carrot Ikigai de One Piece por Tsume Art en escala 1\\\/6. Fabricada en resina de alta calidad, perfecta para coleccionistas. \u00a1Reserva ya!\",\"breadcrumb\":{\"@id\":\"https:\\\/\\\/yardratshop.com\\\/producto\\\/tsume-art-one-piece-carrot-ikigai\\\/#breadcrumb\"},\"inLanguage\":\"en-US\",\"potentialAction\":[{\"@type\":\"ReadAction\",\"target\":[\"https:\\\/\\\/yardratshop.com\\\/producto\\\/tsume-art-one-piece-carrot-ikigai\\\/\"]}]},{\"@type\":\"ImageObject\",\"inLanguage\":\"en-US\",\"@id\":\"https:\\\/\\\/yardratshop.com\\\/producto\\\/tsume-art-one-piece-carrot-ikigai\\\/#primaryimage\",\"url\":\"https:\\\/\\\/yardratshop.com\\\/wp-content\\\/uploads\\\/2025\\\/07\\\/3-4Carrot_001.jpg\",\"contentUrl\":\"https:\\\/\\\/yardratshop.com\\\/wp-content\\\/uploads\\\/2025\\\/07\\\/3-4Carrot_001.jpg\",\"width\":1080,\"height\":1440,\"caption\":\"3 4Carrot 001\"},{\"@type\":\"BreadcrumbList\",\"@id\":\"https:\\\/\\\/yardratshop.com\\\/producto\\\/tsume-art-one-piece-carrot-ikigai\\\/#breadcrumb\",\"itemListElement\":[{\"@type\":\"ListItem\",\"position\":1,\"name\":\"Portada\",\"item\":\"https:\\\/\\\/yardratshop.com\\\/\"},{\"@type\":\"ListItem\",\"position\":2,\"name\":\"Tienda\",\"item\":\"https:\\\/\\\/yardratshop.com\\\/tienda\\\/\"},{\"@type\":\"ListItem\",\"position\":3,\"name\":\"Tsume Art &#8211; One Piece &#8211; Carrot Ikigai\"}]},{\"@type\":\"WebSite\",\"@id\":\"https:\\\/\\\/yardratshop.com\\\/#website\",\"url\":\"https:\\\/\\\/yardratshop.com\\\/\",\"name\":\"Yardrat Shop\",\"description\":\"Tu tienda exclusiva de figuras y estatuas\",\"potentialAction\":[{\"@type\":\"SearchAction\",\"target\":{\"@type\":\"EntryPoint\",\"urlTemplate\":\"https:\\\/\\\/yardratshop.com\\\/?s={search_term_string}\"},\"query-input\":{\"@type\":\"PropertyValueSpecification\",\"valueRequired\":true,\"valueName\":\"search_term_string\"}}],\"inLanguage\":\"en-US\"}]}<\/script>\n<!-- \/ Yoast SEO plugin. -->","yoast_head_json":{"title":"Tsume Art Carrot Ikigai 1\/6 - Estatua Resina One Piece Oficial","description":"Descubre la estatua oficial de Carrot Ikigai de One Piece por Tsume Art en escala 1\/6. Fabricada en resina de alta calidad, perfecta para coleccionistas. \u00a1Reserva ya!","robots":{"index":"index","follow":"follow","max-snippet":"max-snippet:-1","max-image-preview":"max-image-preview:large","max-video-preview":"max-video-preview:-1"},"canonical":"https:\/\/yardratshop.com\/eng\/product\/tsume-art-one-piece-carrot-ikigai\/","og_locale":"en_US","og_type":"article","og_title":"Tsume Art Carrot Ikigai 1\/6 - Estatua Resina One Piece Oficial","og_description":"Descubre la estatua oficial de Carrot Ikigai de One Piece por Tsume Art en escala 1\/6. Fabricada en resina de alta calidad, perfecta para coleccionistas. \u00a1Reserva ya!","og_url":"https:\/\/yardratshop.com\/eng\/product\/tsume-art-one-piece-carrot-ikigai\/","og_site_name":"Yardrat Shop","article_modified_time":"2026-04-06T16:47:29+00:00","og_image":[{"width":1080,"height":1440,"url":"https:\/\/yardratshop.com\/wp-content\/uploads\/2025\/07\/3-4Carrot_001.jpg","type":"image\/jpeg"}],"twitter_card":"summary_large_image","twitter_misc":{"Est. reading time":"1 minute"},"schema":{"@context":"https:\/\/schema.org","@graph":[{"@type":"WebPage","@id":"https:\/\/yardratshop.com\/producto\/tsume-art-one-piece-carrot-ikigai\/","url":"https:\/\/yardratshop.com\/producto\/tsume-art-one-piece-carrot-ikigai\/","name":"Tsume Art Carrot Ikigai 1\/6 - Estatua Resina One Piece Oficial","isPartOf":{"@id":"https:\/\/yardratshop.com\/#website"},"primaryImageOfPage":{"@id":"https:\/\/yardratshop.com\/producto\/tsume-art-one-piece-carrot-ikigai\/#primaryimage"},"image":{"@id":"https:\/\/yardratshop.com\/producto\/tsume-art-one-piece-carrot-ikigai\/#primaryimage"},"thumbnailUrl":"https:\/\/yardratshop.com\/wp-content\/uploads\/2025\/07\/3-4Carrot_001.jpg","datePublished":"2025-07-10T10:54:19+00:00","dateModified":"2026-04-06T16:47:29+00:00","description":"Descubre la estatua oficial de Carrot Ikigai de One Piece por Tsume Art en escala 1\/6. Fabricada en resina de alta calidad, perfecta para coleccionistas. \u00a1Reserva ya!","breadcrumb":{"@id":"https:\/\/yardratshop.com\/producto\/tsume-art-one-piece-carrot-ikigai\/#breadcrumb"},"inLanguage":"en-US","potentialAction":[{"@type":"ReadAction","target":["https:\/\/yardratshop.com\/producto\/tsume-art-one-piece-carrot-ikigai\/"]}]},{"@type":"ImageObject","inLanguage":"en-US","@id":"https:\/\/yardratshop.com\/producto\/tsume-art-one-piece-carrot-ikigai\/#primaryimage","url":"https:\/\/yardratshop.com\/wp-content\/uploads\/2025\/07\/3-4Carrot_001.jpg","contentUrl":"https:\/\/yardratshop.com\/wp-content\/uploads\/2025\/07\/3-4Carrot_001.jpg","width":1080,"height":1440,"caption":"3 4Carrot 001"},{"@type":"BreadcrumbList","@id":"https:\/\/yardratshop.com\/producto\/tsume-art-one-piece-carrot-ikigai\/#breadcrumb","itemListElement":[{"@type":"ListItem","position":1,"name":"Portada","item":"https:\/\/yardratshop.com\/"},{"@type":"ListItem","position":2,"name":"Tienda","item":"https:\/\/yardratshop.com\/tienda\/"},{"@type":"ListItem","position":3,"name":"Tsume Art &#8211; One Piece &#8211; Carrot Ikigai"}]},{"@type":"WebSite","@id":"https:\/\/yardratshop.com\/#website","url":"https:\/\/yardratshop.com\/","name":"Yardrat Shop","description":"Tu tienda exclusiva de figuras y estatuas","potentialAction":[{"@type":"SearchAction","target":{"@type":"EntryPoint","urlTemplate":"https:\/\/yardratshop.com\/?s={search_term_string}"},"query-input":{"@type":"PropertyValueSpecification","valueRequired":true,"valueName":"search_term_string"}}],"inLanguage":"en-US"}]}},"_links":{"self":[{"href":"https:\/\/yardratshop.com\/eng\/wp-json\/wp\/v2\/product\/16942","targetHints":{"allow":["GET"]}}],"collection":[{"href":"https:\/\/yardratshop.com\/eng\/wp-json\/wp\/v2\/product"}],"about":[{"href":"https:\/\/yardratshop.com\/eng\/wp-json\/wp\/v2\/types\/product"}],"version-history":[{"count":1,"href":"https:\/\/yardratshop.com\/eng\/wp-json\/wp\/v2\/product\/16942\/revisions"}],"predecessor-version":[{"id":16963,"href":"https:\/\/yardratshop.com\/eng\/wp-json\/wp\/v2\/product\/16942\/revisions\/16963"}],"wp:featuredmedia":[{"embeddable":true,"href":"https:\/\/yardratshop.com\/eng\/wp-json\/wp\/v2\/media\/16948"}],"wp:attachment":[{"href":"https:\/\/yardratshop.com\/eng\/wp-json\/wp\/v2\/media?parent=16942"}],"wp:term":[{"taxonomy":"product_brand","embeddable":true,"href":"https:\/\/yardratshop.com\/eng\/wp-json\/wp\/v2\/product_brand?post=16942"},{"taxonomy":"product_cat","embeddable":true,"href":"https:\/\/yardratshop.com\/eng\/wp-json\/wp\/v2\/product_cat?post=16942"},{"taxonomy":"product_tag","embeddable":true,"href":"https:\/\/yardratshop.com\/eng\/wp-json\/wp\/v2\/product_tag?post=16942"}],"curies":[{"name":"wp","href":"https:\/\/api.w.org\/{rel}","templated":true}]}}