{"id":17541,"date":"2025-07-16T15:20:47","date_gmt":"2025-07-16T13:20:47","guid":{"rendered":"https:\/\/yardratshop.com\/?post_type=product&#038;p=17541"},"modified":"2026-02-11T18:13:42","modified_gmt":"2026-02-11T17:13:42","slug":"niren-studio-gachiakuta-rudo-surebrec","status":"publish","type":"product","link":"https:\/\/yardratshop.com\/eng\/product\/niren-studio-gachiakuta-rudo-surebrec\/","title":{"rendered":"Niren Studio &#8211; Gachiakuta &#8211; Rudo Surebrec"},"content":{"rendered":"","protected":false},"excerpt":{"rendered":"<p><strong>Medidas:\u00a0<\/strong>H60 x W59 x D39cm<br \/>\n<strong>Material:\u00a0<\/strong>PU+Resin+Alloy+LED<br \/>\n<strong>Fecha de entrega:\u00a0<\/strong>Q4 &#8211; Q1 2026<br \/>\n<strong>Incluye:<\/strong><\/p>\n<p>Rudo con ropa azul<br \/>\nRudo con uniforme de limpiador<br \/>\nArma Vital con LED<br \/>\nBase principal<br \/>\nBase extra para exponer el otro cuerpo.<\/p>\n<p>Se a\u00f1adir\u00e1 una cabeza extra con expresi\u00f3n neutral<\/p>","protected":false},"featured_media":17553,"template":"","meta":[],"product_brand":[],"product_cat":[80,2945,2946],"product_tag":[],"class_list":{"0":"post-17541","1":"product","2":"type-product","3":"status-publish","4":"has-post-thumbnail","6":"product_cat-anime","7":"product_cat-gachiakuta","8":"product_cat-rudo","9":"pa_altura-46-60cm","10":"pa_escala-escala_1_6","11":"pa_estado-preorder","12":"pa_estudio-niren-studio","13":"pa_tipo-estatua-de-resina","15":"first","16":"outofstock","17":"purchasable","18":"product-type-simple"},"yoast_head":"<!-- This site is optimized with the Yoast SEO plugin v27.6 - https:\/\/yoast.com\/product\/yoast-seo-wordpress\/ -->\n<title>Niren Studio Rudo Surebrec Gachiakuta Estatua 1\/6 Resina Coleccionable<\/title>\n<meta name=\"description\" content=\"Descubre la estatua de Rudo Surebrec de Gachiakuta por Niren Studio en escala 1\/6. Pieza de resina premium para coleccionistas de anime. \u00a1Hazte con la tuya ahora!\" \/>\n<meta name=\"robots\" content=\"index, follow, max-snippet:-1, max-image-preview:large, max-video-preview:-1\" \/>\n<link rel=\"canonical\" href=\"https:\/\/yardratshop.com\/eng\/product\/niren-studio-gachiakuta-rudo-surebrec\/\" \/>\n<meta property=\"og:locale\" content=\"en_US\" \/>\n<meta property=\"og:type\" content=\"article\" \/>\n<meta property=\"og:title\" content=\"Niren Studio Rudo Surebrec Gachiakuta Estatua 1\/6 Resina Coleccionable\" \/>\n<meta property=\"og:description\" content=\"Descubre la estatua de Rudo Surebrec de Gachiakuta por Niren Studio en escala 1\/6. Pieza de resina premium para coleccionistas de anime. \u00a1Hazte con la tuya ahora!\" \/>\n<meta property=\"og:url\" content=\"https:\/\/yardratshop.com\/eng\/product\/niren-studio-gachiakuta-rudo-surebrec\/\" \/>\n<meta property=\"og:site_name\" content=\"Yardrat Shop\" \/>\n<meta property=\"article:modified_time\" content=\"2026-02-11T17:13:42+00:00\" \/>\n<meta property=\"og:image\" content=\"https:\/\/yardratshop.com\/wp-content\/uploads\/2025\/07\/niren-studio-gachiakuta-rudo-surebrec-estatua-resina-1-61.png\" \/>\n\t<meta property=\"og:image:width\" content=\"2000\" \/>\n\t<meta property=\"og:image:height\" content=\"1333\" \/>\n\t<meta property=\"og:image:type\" content=\"image\/png\" \/>\n<meta name=\"twitter:card\" content=\"summary_large_image\" \/>\n<meta name=\"twitter:label1\" content=\"Est. reading time\" \/>\n\t<meta name=\"twitter:data1\" content=\"1 minute\" \/>\n<script type=\"application\/ld+json\" class=\"yoast-schema-graph\">{\"@context\":\"https:\\\/\\\/schema.org\",\"@graph\":[{\"@type\":\"WebPage\",\"@id\":\"https:\\\/\\\/yardratshop.com\\\/producto\\\/niren-studio-gachiakuta-rudo-surebrec\\\/\",\"url\":\"https:\\\/\\\/yardratshop.com\\\/producto\\\/niren-studio-gachiakuta-rudo-surebrec\\\/\",\"name\":\"Niren Studio Rudo Surebrec Gachiakuta Estatua 1\\\/6 Resina Coleccionable\",\"isPartOf\":{\"@id\":\"https:\\\/\\\/yardratshop.com\\\/#website\"},\"primaryImageOfPage\":{\"@id\":\"https:\\\/\\\/yardratshop.com\\\/producto\\\/niren-studio-gachiakuta-rudo-surebrec\\\/#primaryimage\"},\"image\":{\"@id\":\"https:\\\/\\\/yardratshop.com\\\/producto\\\/niren-studio-gachiakuta-rudo-surebrec\\\/#primaryimage\"},\"thumbnailUrl\":\"https:\\\/\\\/yardratshop.com\\\/wp-content\\\/uploads\\\/2025\\\/07\\\/niren-studio-gachiakuta-rudo-surebrec-estatua-resina-1-61.png\",\"datePublished\":\"2025-07-16T13:20:47+00:00\",\"dateModified\":\"2026-02-11T17:13:42+00:00\",\"description\":\"Descubre la estatua de Rudo Surebrec de Gachiakuta por Niren Studio en escala 1\\\/6. Pieza de resina premium para coleccionistas de anime. \u00a1Hazte con la tuya ahora!\",\"breadcrumb\":{\"@id\":\"https:\\\/\\\/yardratshop.com\\\/producto\\\/niren-studio-gachiakuta-rudo-surebrec\\\/#breadcrumb\"},\"inLanguage\":\"en-US\",\"potentialAction\":[{\"@type\":\"ReadAction\",\"target\":[\"https:\\\/\\\/yardratshop.com\\\/producto\\\/niren-studio-gachiakuta-rudo-surebrec\\\/\"]}]},{\"@type\":\"ImageObject\",\"inLanguage\":\"en-US\",\"@id\":\"https:\\\/\\\/yardratshop.com\\\/producto\\\/niren-studio-gachiakuta-rudo-surebrec\\\/#primaryimage\",\"url\":\"https:\\\/\\\/yardratshop.com\\\/wp-content\\\/uploads\\\/2025\\\/07\\\/niren-studio-gachiakuta-rudo-surebrec-estatua-resina-1-61.png\",\"contentUrl\":\"https:\\\/\\\/yardratshop.com\\\/wp-content\\\/uploads\\\/2025\\\/07\\\/niren-studio-gachiakuta-rudo-surebrec-estatua-resina-1-61.png\",\"width\":2000,\"height\":1333,\"caption\":\"niren studio gachiakuta rudo surebrec estatua resina 1 61\"},{\"@type\":\"BreadcrumbList\",\"@id\":\"https:\\\/\\\/yardratshop.com\\\/producto\\\/niren-studio-gachiakuta-rudo-surebrec\\\/#breadcrumb\",\"itemListElement\":[{\"@type\":\"ListItem\",\"position\":1,\"name\":\"Portada\",\"item\":\"https:\\\/\\\/yardratshop.com\\\/\"},{\"@type\":\"ListItem\",\"position\":2,\"name\":\"Tienda\",\"item\":\"https:\\\/\\\/yardratshop.com\\\/tienda\\\/\"},{\"@type\":\"ListItem\",\"position\":3,\"name\":\"Niren Studio &#8211; Gachiakuta &#8211; Rudo Surebrec\"}]},{\"@type\":\"WebSite\",\"@id\":\"https:\\\/\\\/yardratshop.com\\\/#website\",\"url\":\"https:\\\/\\\/yardratshop.com\\\/\",\"name\":\"Yardrat Shop\",\"description\":\"Tu tienda exclusiva de figuras y estatuas\",\"potentialAction\":[{\"@type\":\"SearchAction\",\"target\":{\"@type\":\"EntryPoint\",\"urlTemplate\":\"https:\\\/\\\/yardratshop.com\\\/?s={search_term_string}\"},\"query-input\":{\"@type\":\"PropertyValueSpecification\",\"valueRequired\":true,\"valueName\":\"search_term_string\"}}],\"inLanguage\":\"en-US\"}]}<\/script>\n<!-- \/ Yoast SEO plugin. -->","yoast_head_json":{"title":"Niren Studio Rudo Surebrec Gachiakuta Estatua 1\/6 Resina Coleccionable","description":"Descubre la estatua de Rudo Surebrec de Gachiakuta por Niren Studio en escala 1\/6. Pieza de resina premium para coleccionistas de anime. \u00a1Hazte con la tuya ahora!","robots":{"index":"index","follow":"follow","max-snippet":"max-snippet:-1","max-image-preview":"max-image-preview:large","max-video-preview":"max-video-preview:-1"},"canonical":"https:\/\/yardratshop.com\/eng\/product\/niren-studio-gachiakuta-rudo-surebrec\/","og_locale":"en_US","og_type":"article","og_title":"Niren Studio Rudo Surebrec Gachiakuta Estatua 1\/6 Resina Coleccionable","og_description":"Descubre la estatua de Rudo Surebrec de Gachiakuta por Niren Studio en escala 1\/6. Pieza de resina premium para coleccionistas de anime. \u00a1Hazte con la tuya ahora!","og_url":"https:\/\/yardratshop.com\/eng\/product\/niren-studio-gachiakuta-rudo-surebrec\/","og_site_name":"Yardrat Shop","article_modified_time":"2026-02-11T17:13:42+00:00","og_image":[{"width":2000,"height":1333,"url":"https:\/\/yardratshop.com\/wp-content\/uploads\/2025\/07\/niren-studio-gachiakuta-rudo-surebrec-estatua-resina-1-61.png","type":"image\/png"}],"twitter_card":"summary_large_image","twitter_misc":{"Est. reading time":"1 minute"},"schema":{"@context":"https:\/\/schema.org","@graph":[{"@type":"WebPage","@id":"https:\/\/yardratshop.com\/producto\/niren-studio-gachiakuta-rudo-surebrec\/","url":"https:\/\/yardratshop.com\/producto\/niren-studio-gachiakuta-rudo-surebrec\/","name":"Niren Studio Rudo Surebrec Gachiakuta Estatua 1\/6 Resina Coleccionable","isPartOf":{"@id":"https:\/\/yardratshop.com\/#website"},"primaryImageOfPage":{"@id":"https:\/\/yardratshop.com\/producto\/niren-studio-gachiakuta-rudo-surebrec\/#primaryimage"},"image":{"@id":"https:\/\/yardratshop.com\/producto\/niren-studio-gachiakuta-rudo-surebrec\/#primaryimage"},"thumbnailUrl":"https:\/\/yardratshop.com\/wp-content\/uploads\/2025\/07\/niren-studio-gachiakuta-rudo-surebrec-estatua-resina-1-61.png","datePublished":"2025-07-16T13:20:47+00:00","dateModified":"2026-02-11T17:13:42+00:00","description":"Descubre la estatua de Rudo Surebrec de Gachiakuta por Niren Studio en escala 1\/6. Pieza de resina premium para coleccionistas de anime. \u00a1Hazte con la tuya ahora!","breadcrumb":{"@id":"https:\/\/yardratshop.com\/producto\/niren-studio-gachiakuta-rudo-surebrec\/#breadcrumb"},"inLanguage":"en-US","potentialAction":[{"@type":"ReadAction","target":["https:\/\/yardratshop.com\/producto\/niren-studio-gachiakuta-rudo-surebrec\/"]}]},{"@type":"ImageObject","inLanguage":"en-US","@id":"https:\/\/yardratshop.com\/producto\/niren-studio-gachiakuta-rudo-surebrec\/#primaryimage","url":"https:\/\/yardratshop.com\/wp-content\/uploads\/2025\/07\/niren-studio-gachiakuta-rudo-surebrec-estatua-resina-1-61.png","contentUrl":"https:\/\/yardratshop.com\/wp-content\/uploads\/2025\/07\/niren-studio-gachiakuta-rudo-surebrec-estatua-resina-1-61.png","width":2000,"height":1333,"caption":"niren studio gachiakuta rudo surebrec estatua resina 1 61"},{"@type":"BreadcrumbList","@id":"https:\/\/yardratshop.com\/producto\/niren-studio-gachiakuta-rudo-surebrec\/#breadcrumb","itemListElement":[{"@type":"ListItem","position":1,"name":"Portada","item":"https:\/\/yardratshop.com\/"},{"@type":"ListItem","position":2,"name":"Tienda","item":"https:\/\/yardratshop.com\/tienda\/"},{"@type":"ListItem","position":3,"name":"Niren Studio &#8211; Gachiakuta &#8211; Rudo Surebrec"}]},{"@type":"WebSite","@id":"https:\/\/yardratshop.com\/#website","url":"https:\/\/yardratshop.com\/","name":"Yardrat Shop","description":"Tu tienda exclusiva de figuras y estatuas","potentialAction":[{"@type":"SearchAction","target":{"@type":"EntryPoint","urlTemplate":"https:\/\/yardratshop.com\/?s={search_term_string}"},"query-input":{"@type":"PropertyValueSpecification","valueRequired":true,"valueName":"search_term_string"}}],"inLanguage":"en-US"}]}},"_links":{"self":[{"href":"https:\/\/yardratshop.com\/eng\/wp-json\/wp\/v2\/product\/17541","targetHints":{"allow":["GET"]}}],"collection":[{"href":"https:\/\/yardratshop.com\/eng\/wp-json\/wp\/v2\/product"}],"about":[{"href":"https:\/\/yardratshop.com\/eng\/wp-json\/wp\/v2\/types\/product"}],"version-history":[{"count":1,"href":"https:\/\/yardratshop.com\/eng\/wp-json\/wp\/v2\/product\/17541\/revisions"}],"predecessor-version":[{"id":17555,"href":"https:\/\/yardratshop.com\/eng\/wp-json\/wp\/v2\/product\/17541\/revisions\/17555"}],"wp:featuredmedia":[{"embeddable":true,"href":"https:\/\/yardratshop.com\/eng\/wp-json\/wp\/v2\/media\/17553"}],"wp:attachment":[{"href":"https:\/\/yardratshop.com\/eng\/wp-json\/wp\/v2\/media?parent=17541"}],"wp:term":[{"taxonomy":"product_brand","embeddable":true,"href":"https:\/\/yardratshop.com\/eng\/wp-json\/wp\/v2\/product_brand?post=17541"},{"taxonomy":"product_cat","embeddable":true,"href":"https:\/\/yardratshop.com\/eng\/wp-json\/wp\/v2\/product_cat?post=17541"},{"taxonomy":"product_tag","embeddable":true,"href":"https:\/\/yardratshop.com\/eng\/wp-json\/wp\/v2\/product_tag?post=17541"}],"curies":[{"name":"wp","href":"https:\/\/api.w.org\/{rel}","templated":true}]}}