{"id":32345,"date":"2025-10-02T11:49:40","date_gmt":"2025-10-02T09:49:40","guid":{"rendered":"https:\/\/yardratshop.com\/?post_type=product&#038;p=32345"},"modified":"2025-12-19T00:38:16","modified_gmt":"2025-12-18T23:38:16","slug":"jimei-palace-saint-seiya-sagittarius-aiolos","status":"publish","type":"product","link":"https:\/\/yardratshop.com\/eng\/product\/jimei-palace-saint-seiya-sagittarius-aiolos\/","title":{"rendered":"Jimei Palace &#8211; Saint Seiya &#8211; Sagittarius Aiolos"},"content":{"rendered":"","protected":false},"excerpt":{"rendered":"<p><strong>Medidas:\u00a0<\/strong><\/p>\n<p>A: H56.6 x W50.5 x D56.6cm<br \/>\nB: H39 x W41 x D33cm<br \/>\nC: H22.8 x W29 x D7cm<\/p>\n<p><strong>Material:\u00a0<\/strong>Resin+PU+LED<br \/>\n<strong>Fecha de entrega:\u00a0<\/strong>Q4 2026<\/p>\n<p>199 unidades de cada versi\u00f3n.<\/p>\n<p>Para los compradores de la versi\u00f3n A+B, reciben C de regalo.<br \/>\nEl busto de la versi\u00f3n C, se puede reemplazar por el de la versi\u00f3n B \u00fanicamente.<\/p>","protected":false},"featured_media":32355,"template":"","meta":[],"product_brand":[],"product_cat":[3238,80,138],"product_tag":[],"class_list":{"0":"post-32345","1":"product","2":"type-product","3":"status-publish","4":"has-post-thumbnail","6":"product_cat-aiolos","7":"product_cat-anime","8":"product_cat-sant-seiya","9":"pa_altura-46-60cm","10":"pa_escala-escala_1_6","11":"pa_estado-preorder","12":"pa_estudio-jimei-palace","13":"pa_tipo-estatua-con-licencia","15":"first","16":"outofstock","17":"purchasable","18":"product-type-variable"},"yoast_head":"<!-- This site is optimized with the Yoast SEO plugin v27.3 - https:\/\/yoast.com\/product\/yoast-seo-wordpress\/ -->\n<title>Jimei Palace Saint Seiya Sagittarius Aiolos Estatua de Resina 1\/6<\/title>\n<meta name=\"description\" content=\"Estatua de resina 1\/6 de Sagittarius Aiolos (Saint Seiya) por Jimei Palace. Detalle premium para coleccionistas de Caballeros del Zodiaco.\" \/>\n<meta name=\"robots\" content=\"index, follow, max-snippet:-1, max-image-preview:large, max-video-preview:-1\" \/>\n<link rel=\"canonical\" href=\"https:\/\/yardratshop.com\/eng\/product\/jimei-palace-saint-seiya-sagittarius-aiolos\/\" \/>\n<meta property=\"og:locale\" content=\"en_US\" \/>\n<meta property=\"og:type\" content=\"article\" \/>\n<meta property=\"og:title\" content=\"Jimei Palace Saint Seiya Sagittarius Aiolos Estatua de Resina 1\/6\" \/>\n<meta property=\"og:description\" content=\"Estatua de resina 1\/6 de Sagittarius Aiolos (Saint Seiya) por Jimei Palace. Detalle premium para coleccionistas de Caballeros del Zodiaco.\" \/>\n<meta property=\"og:url\" content=\"https:\/\/yardratshop.com\/eng\/product\/jimei-palace-saint-seiya-sagittarius-aiolos\/\" \/>\n<meta property=\"og:site_name\" content=\"Yardrat Shop\" \/>\n<meta property=\"article:modified_time\" content=\"2025-12-18T23:38:16+00:00\" \/>\n<meta property=\"og:image\" content=\"https:\/\/yardratshop.com\/wp-content\/uploads\/2025\/10\/DSC03569-1-scaled.jpg\" \/>\n\t<meta property=\"og:image:width\" content=\"1706\" \/>\n\t<meta property=\"og:image:height\" content=\"2560\" \/>\n\t<meta property=\"og:image:type\" content=\"image\/jpeg\" \/>\n<meta name=\"twitter:card\" content=\"summary_large_image\" \/>\n<meta name=\"twitter:label1\" content=\"Est. reading time\" \/>\n\t<meta name=\"twitter:data1\" content=\"1 minute\" \/>\n<script type=\"application\/ld+json\" class=\"yoast-schema-graph\">{\"@context\":\"https:\\\/\\\/schema.org\",\"@graph\":[{\"@type\":\"WebPage\",\"@id\":\"https:\\\/\\\/yardratshop.com\\\/producto\\\/jimei-palace-saint-seiya-sagittarius-aiolos\\\/\",\"url\":\"https:\\\/\\\/yardratshop.com\\\/producto\\\/jimei-palace-saint-seiya-sagittarius-aiolos\\\/\",\"name\":\"Jimei Palace Saint Seiya Sagittarius Aiolos Estatua de Resina 1\\\/6\",\"isPartOf\":{\"@id\":\"https:\\\/\\\/yardratshop.com\\\/#website\"},\"primaryImageOfPage\":{\"@id\":\"https:\\\/\\\/yardratshop.com\\\/producto\\\/jimei-palace-saint-seiya-sagittarius-aiolos\\\/#primaryimage\"},\"image\":{\"@id\":\"https:\\\/\\\/yardratshop.com\\\/producto\\\/jimei-palace-saint-seiya-sagittarius-aiolos\\\/#primaryimage\"},\"thumbnailUrl\":\"https:\\\/\\\/yardratshop.com\\\/wp-content\\\/uploads\\\/2025\\\/10\\\/dsc03569-1.jpg\",\"datePublished\":\"2025-10-02T09:49:40+00:00\",\"dateModified\":\"2025-12-18T23:38:16+00:00\",\"description\":\"Estatua de resina 1\\\/6 de Sagittarius Aiolos (Saint Seiya) por Jimei Palace. Detalle premium para coleccionistas de Caballeros del Zodiaco.\",\"breadcrumb\":{\"@id\":\"https:\\\/\\\/yardratshop.com\\\/producto\\\/jimei-palace-saint-seiya-sagittarius-aiolos\\\/#breadcrumb\"},\"inLanguage\":\"en-US\",\"potentialAction\":[{\"@type\":\"ReadAction\",\"target\":[\"https:\\\/\\\/yardratshop.com\\\/producto\\\/jimei-palace-saint-seiya-sagittarius-aiolos\\\/\"]}]},{\"@type\":\"ImageObject\",\"inLanguage\":\"en-US\",\"@id\":\"https:\\\/\\\/yardratshop.com\\\/producto\\\/jimei-palace-saint-seiya-sagittarius-aiolos\\\/#primaryimage\",\"url\":\"https:\\\/\\\/yardratshop.com\\\/wp-content\\\/uploads\\\/2025\\\/10\\\/dsc03569-1.jpg\",\"contentUrl\":\"https:\\\/\\\/yardratshop.com\\\/wp-content\\\/uploads\\\/2025\\\/10\\\/dsc03569-1.jpg\",\"width\":1706,\"height\":2560,\"caption\":\"DSC03569 1\"},{\"@type\":\"BreadcrumbList\",\"@id\":\"https:\\\/\\\/yardratshop.com\\\/producto\\\/jimei-palace-saint-seiya-sagittarius-aiolos\\\/#breadcrumb\",\"itemListElement\":[{\"@type\":\"ListItem\",\"position\":1,\"name\":\"Portada\",\"item\":\"https:\\\/\\\/yardratshop.com\\\/\"},{\"@type\":\"ListItem\",\"position\":2,\"name\":\"Tienda\",\"item\":\"https:\\\/\\\/yardratshop.com\\\/tienda\\\/\"},{\"@type\":\"ListItem\",\"position\":3,\"name\":\"Jimei Palace &#8211; Saint Seiya &#8211; Sagittarius Aiolos\"}]},{\"@type\":\"WebSite\",\"@id\":\"https:\\\/\\\/yardratshop.com\\\/#website\",\"url\":\"https:\\\/\\\/yardratshop.com\\\/\",\"name\":\"Yardrat Shop\",\"description\":\"Tu tienda exclusiva de figuras y estatuas\",\"potentialAction\":[{\"@type\":\"SearchAction\",\"target\":{\"@type\":\"EntryPoint\",\"urlTemplate\":\"https:\\\/\\\/yardratshop.com\\\/?s={search_term_string}\"},\"query-input\":{\"@type\":\"PropertyValueSpecification\",\"valueRequired\":true,\"valueName\":\"search_term_string\"}}],\"inLanguage\":\"en-US\"}]}<\/script>\n<!-- \/ Yoast SEO plugin. -->","yoast_head_json":{"title":"Jimei Palace Saint Seiya Sagittarius Aiolos Estatua de Resina 1\/6","description":"Estatua de resina 1\/6 de Sagittarius Aiolos (Saint Seiya) por Jimei Palace. Detalle premium para coleccionistas de Caballeros del Zodiaco.","robots":{"index":"index","follow":"follow","max-snippet":"max-snippet:-1","max-image-preview":"max-image-preview:large","max-video-preview":"max-video-preview:-1"},"canonical":"https:\/\/yardratshop.com\/eng\/product\/jimei-palace-saint-seiya-sagittarius-aiolos\/","og_locale":"en_US","og_type":"article","og_title":"Jimei Palace Saint Seiya Sagittarius Aiolos Estatua de Resina 1\/6","og_description":"Estatua de resina 1\/6 de Sagittarius Aiolos (Saint Seiya) por Jimei Palace. Detalle premium para coleccionistas de Caballeros del Zodiaco.","og_url":"https:\/\/yardratshop.com\/eng\/product\/jimei-palace-saint-seiya-sagittarius-aiolos\/","og_site_name":"Yardrat Shop","article_modified_time":"2025-12-18T23:38:16+00:00","og_image":[{"width":1706,"height":2560,"url":"https:\/\/yardratshop.com\/wp-content\/uploads\/2025\/10\/DSC03569-1-scaled.jpg","type":"image\/jpeg"}],"twitter_card":"summary_large_image","twitter_misc":{"Est. reading time":"1 minute"},"schema":{"@context":"https:\/\/schema.org","@graph":[{"@type":"WebPage","@id":"https:\/\/yardratshop.com\/producto\/jimei-palace-saint-seiya-sagittarius-aiolos\/","url":"https:\/\/yardratshop.com\/producto\/jimei-palace-saint-seiya-sagittarius-aiolos\/","name":"Jimei Palace Saint Seiya Sagittarius Aiolos Estatua de Resina 1\/6","isPartOf":{"@id":"https:\/\/yardratshop.com\/#website"},"primaryImageOfPage":{"@id":"https:\/\/yardratshop.com\/producto\/jimei-palace-saint-seiya-sagittarius-aiolos\/#primaryimage"},"image":{"@id":"https:\/\/yardratshop.com\/producto\/jimei-palace-saint-seiya-sagittarius-aiolos\/#primaryimage"},"thumbnailUrl":"https:\/\/yardratshop.com\/wp-content\/uploads\/2025\/10\/dsc03569-1.jpg","datePublished":"2025-10-02T09:49:40+00:00","dateModified":"2025-12-18T23:38:16+00:00","description":"Estatua de resina 1\/6 de Sagittarius Aiolos (Saint Seiya) por Jimei Palace. Detalle premium para coleccionistas de Caballeros del Zodiaco.","breadcrumb":{"@id":"https:\/\/yardratshop.com\/producto\/jimei-palace-saint-seiya-sagittarius-aiolos\/#breadcrumb"},"inLanguage":"en-US","potentialAction":[{"@type":"ReadAction","target":["https:\/\/yardratshop.com\/producto\/jimei-palace-saint-seiya-sagittarius-aiolos\/"]}]},{"@type":"ImageObject","inLanguage":"en-US","@id":"https:\/\/yardratshop.com\/producto\/jimei-palace-saint-seiya-sagittarius-aiolos\/#primaryimage","url":"https:\/\/yardratshop.com\/wp-content\/uploads\/2025\/10\/dsc03569-1.jpg","contentUrl":"https:\/\/yardratshop.com\/wp-content\/uploads\/2025\/10\/dsc03569-1.jpg","width":1706,"height":2560,"caption":"DSC03569 1"},{"@type":"BreadcrumbList","@id":"https:\/\/yardratshop.com\/producto\/jimei-palace-saint-seiya-sagittarius-aiolos\/#breadcrumb","itemListElement":[{"@type":"ListItem","position":1,"name":"Portada","item":"https:\/\/yardratshop.com\/"},{"@type":"ListItem","position":2,"name":"Tienda","item":"https:\/\/yardratshop.com\/tienda\/"},{"@type":"ListItem","position":3,"name":"Jimei Palace &#8211; Saint Seiya &#8211; Sagittarius Aiolos"}]},{"@type":"WebSite","@id":"https:\/\/yardratshop.com\/#website","url":"https:\/\/yardratshop.com\/","name":"Yardrat Shop","description":"Tu tienda exclusiva de figuras y estatuas","potentialAction":[{"@type":"SearchAction","target":{"@type":"EntryPoint","urlTemplate":"https:\/\/yardratshop.com\/?s={search_term_string}"},"query-input":{"@type":"PropertyValueSpecification","valueRequired":true,"valueName":"search_term_string"}}],"inLanguage":"en-US"}]}},"_links":{"self":[{"href":"https:\/\/yardratshop.com\/eng\/wp-json\/wp\/v2\/product\/32345","targetHints":{"allow":["GET"]}}],"collection":[{"href":"https:\/\/yardratshop.com\/eng\/wp-json\/wp\/v2\/product"}],"about":[{"href":"https:\/\/yardratshop.com\/eng\/wp-json\/wp\/v2\/types\/product"}],"version-history":[{"count":1,"href":"https:\/\/yardratshop.com\/eng\/wp-json\/wp\/v2\/product\/32345\/revisions"}],"predecessor-version":[{"id":32359,"href":"https:\/\/yardratshop.com\/eng\/wp-json\/wp\/v2\/product\/32345\/revisions\/32359"}],"wp:featuredmedia":[{"embeddable":true,"href":"https:\/\/yardratshop.com\/eng\/wp-json\/wp\/v2\/media\/32355"}],"wp:attachment":[{"href":"https:\/\/yardratshop.com\/eng\/wp-json\/wp\/v2\/media?parent=32345"}],"wp:term":[{"taxonomy":"product_brand","embeddable":true,"href":"https:\/\/yardratshop.com\/eng\/wp-json\/wp\/v2\/product_brand?post=32345"},{"taxonomy":"product_cat","embeddable":true,"href":"https:\/\/yardratshop.com\/eng\/wp-json\/wp\/v2\/product_cat?post=32345"},{"taxonomy":"product_tag","embeddable":true,"href":"https:\/\/yardratshop.com\/eng\/wp-json\/wp\/v2\/product_tag?post=32345"}],"curies":[{"name":"wp","href":"https:\/\/api.w.org\/{rel}","templated":true}]}}