{"id":36706,"date":"2025-10-16T12:06:39","date_gmt":"2025-10-16T10:06:39","guid":{"rendered":"https:\/\/yardratshop.com\/?post_type=product&#038;p=36706"},"modified":"2026-02-26T17:56:51","modified_gmt":"2026-02-26T16:56:51","slug":"zayico-studio-kimetsu-no-yaiba-agatsuma-zenitsu","status":"publish","type":"product","link":"https:\/\/yardratshop.com\/eng\/product\/zayico-studio-kimetsu-no-yaiba-agatsuma-zenitsu\/","title":{"rendered":"ZaYico Studio &#8211; Kimetsu no Yaiba &#8211; Agatsuma Zenitsu"},"content":{"rendered":"","protected":false},"excerpt":{"rendered":"<p><strong>Medidas<\/strong><\/p>\n<p>1\/6: H37 x W23 x D21cm<br \/>\n1\/4: H56 x W35 x D32cm<\/p>\n<p><strong>Material:\u00a0<\/strong>Resin+PU+Transparent Resin<br \/>\n<strong>Fecha de entrega:\u00a0<\/strong>Q4-Q1 2026<\/p>\n<p><strong>188 unidades mundiales 1\/6<\/strong><\/p>\n<p><strong>99 unidades mundiales 1\/4<\/strong><\/p>\n<p data-start=\"889\" data-end=\"912\"><strong data-start=\"889\" data-end=\"910\">Notas especiales:<\/strong><\/p>\n<ol data-start=\"913\" data-end=\"1883\" data-is-last-node=\"\" data-is-only-node=\"\">\n<li data-start=\"913\" data-end=\"1229\">\n<p data-start=\"916\" data-end=\"1007\">El producto incluye <strong data-start=\"936\" data-end=\"967\">dos cabezas intercambiables<\/strong> y una base para exponer una de ellas.<\/p>\n<ul data-start=\"1011\" data-end=\"1229\">\n<li data-start=\"1011\" data-end=\"1229\">\n<p data-start=\"1013\" data-end=\"1229\">La cabeza con expresi\u00f3n de desprecio incluye <strong data-start=\"1058\" data-end=\"1101\">dos versiones de rostro intercambiables<\/strong> (una con l\u00edneas de sombra en la frente y otra sin ellas). En la versi\u00f3n final, la l\u00ednea del delineado inferior ser\u00e1 m\u00e1s fina.<\/p>\n<\/li>\n<\/ul>\n<\/li>\n<li data-start=\"1230\" data-end=\"1392\">\n<p data-start=\"1233\" data-end=\"1392\">El <strong data-start=\"1236\" data-end=\"1271\">color de los rayos del pedestal<\/strong> est\u00e1 disponible en <strong data-start=\"1291\" data-end=\"1325\">dos versiones: amarilla o azul<\/strong>, y los coleccionistas pueden elegir la que prefieran al comprar.<\/p>\n<\/li>\n<li data-start=\"1393\" data-end=\"1508\">\n<p data-start=\"1396\" data-end=\"1508\">Ambas versiones de color incluyen <strong data-start=\"1430\" data-end=\"1467\">calcoman\u00edas en forma de rel\u00e1mpago<\/strong> para mejorar el efecto visual general.<\/p>\n<\/li>\n<li data-start=\"1509\" data-end=\"1692\">\n<p data-start=\"1512\" data-end=\"1692\">En la versi\u00f3n de mayor escala (1\/4), se intentar\u00e1 que los rayos de ambos lados <strong data-start=\"1591\" data-end=\"1612\">puedan iluminarse<\/strong>. Adem\u00e1s, los rayos se reforzar\u00e1n para <strong data-start=\"1651\" data-end=\"1689\">evitar deformaciones con el tiempo<\/strong>.<\/p>\n<\/li>\n<li data-start=\"1693\" data-end=\"1796\">\n<p data-start=\"1696\" data-end=\"1796\">Las <strong data-start=\"1700\" data-end=\"1728\">cuarta y quinta entregas<\/strong>, dedicadas a <strong data-start=\"1742\" data-end=\"1753\">Rengoku<\/strong> y <strong data-start=\"1756\" data-end=\"1765\">Akaza<\/strong>, se anunciar\u00e1n m\u00e1s adelante.<\/p>\n<\/li>\n<li data-start=\"1797\" data-end=\"1883\" data-is-last-node=\"\">\n<p data-start=\"1800\" data-end=\"1883\" data-is-last-node=\"\">\u00a1Tambi\u00e9n se est\u00e1 considerando una <strong data-start=\"1834\" data-end=\"1863\">versi\u00f3n 1:1 a tama\u00f1o real<\/strong> \u2014 permanece atento!<\/p>\n<\/li>\n<\/ol>","protected":false},"featured_media":36716,"template":"","meta":[],"product_brand":[],"product_cat":[80,2847,3285],"product_tag":[],"class_list":{"0":"post-36706","1":"product","2":"type-product","3":"status-publish","4":"has-post-thumbnail","6":"product_cat-anime","7":"product_cat-kimetsu-no-yaiba","8":"product_cat-zenitsu","9":"pa_altura-46-60cm","10":"pa_escala-escala_1_4","11":"pa_escala-escala_1_6","12":"pa_estado-preorder","13":"pa_estudio-zayico","14":"pa_tipo-estatua-de-resina","16":"first","17":"outofstock","18":"purchasable","19":"product-type-variable"},"yoast_head":"<!-- This site is optimized with the Yoast SEO plugin v27.3 - https:\/\/yoast.com\/product\/yoast-seo-wordpress\/ -->\n<title>Zenitsu 1\/6 &amp; 1\/4 \u2013 Estatua de Resina Premium | ZaYico Studio<\/title>\n<meta name=\"description\" content=\"ZaYico Studio presenta a Zenitsu en escala 1\/6 y 1\/4. Estatua de resina premium imprescindible para coleccionistas de Demon Slayer\" \/>\n<meta name=\"robots\" content=\"index, follow, max-snippet:-1, max-image-preview:large, max-video-preview:-1\" \/>\n<link rel=\"canonical\" href=\"https:\/\/yardratshop.com\/eng\/product\/zayico-studio-kimetsu-no-yaiba-agatsuma-zenitsu\/\" \/>\n<meta property=\"og:locale\" content=\"en_US\" \/>\n<meta property=\"og:type\" content=\"article\" \/>\n<meta property=\"og:title\" content=\"Zenitsu 1\/6 &amp; 1\/4 \u2013 Estatua de Resina Premium | ZaYico Studio\" \/>\n<meta property=\"og:description\" content=\"ZaYico Studio presenta a Zenitsu en escala 1\/6 y 1\/4. Estatua de resina premium imprescindible para coleccionistas de Demon Slayer\" \/>\n<meta property=\"og:url\" content=\"https:\/\/yardratshop.com\/eng\/product\/zayico-studio-kimetsu-no-yaiba-agatsuma-zenitsu\/\" \/>\n<meta property=\"og:site_name\" content=\"Yardrat Shop\" \/>\n<meta property=\"article:modified_time\" content=\"2026-02-26T16:56:51+00:00\" \/>\n<meta property=\"og:image\" content=\"https:\/\/yardratshop.com\/wp-content\/uploads\/2025\/10\/1cf34feb4ff91095eb2fbfdd53e8c628-1066x1600.jpg\" \/>\n\t<meta property=\"og:image:width\" content=\"1066\" \/>\n\t<meta property=\"og:image:height\" content=\"1600\" \/>\n\t<meta property=\"og:image:type\" content=\"image\/jpeg\" \/>\n<meta name=\"twitter:card\" content=\"summary_large_image\" \/>\n<meta name=\"twitter:label1\" content=\"Est. reading time\" \/>\n\t<meta name=\"twitter:data1\" content=\"1 minute\" \/>\n<script type=\"application\/ld+json\" class=\"yoast-schema-graph\">{\"@context\":\"https:\\\/\\\/schema.org\",\"@graph\":[{\"@type\":\"WebPage\",\"@id\":\"https:\\\/\\\/yardratshop.com\\\/producto\\\/zayico-studio-kimetsu-no-yaiba-agatsuma-zenitsu\\\/\",\"url\":\"https:\\\/\\\/yardratshop.com\\\/producto\\\/zayico-studio-kimetsu-no-yaiba-agatsuma-zenitsu\\\/\",\"name\":\"Zenitsu 1\\\/6 & 1\\\/4 \u2013 Estatua de Resina Premium | ZaYico Studio\",\"isPartOf\":{\"@id\":\"https:\\\/\\\/yardratshop.com\\\/#website\"},\"primaryImageOfPage\":{\"@id\":\"https:\\\/\\\/yardratshop.com\\\/producto\\\/zayico-studio-kimetsu-no-yaiba-agatsuma-zenitsu\\\/#primaryimage\"},\"image\":{\"@id\":\"https:\\\/\\\/yardratshop.com\\\/producto\\\/zayico-studio-kimetsu-no-yaiba-agatsuma-zenitsu\\\/#primaryimage\"},\"thumbnailUrl\":\"https:\\\/\\\/yardratshop.com\\\/wp-content\\\/uploads\\\/2025\\\/10\\\/1cf34feb4ff91095eb2fbfdd53e8c628.jpg\",\"datePublished\":\"2025-10-16T10:06:39+00:00\",\"dateModified\":\"2026-02-26T16:56:51+00:00\",\"description\":\"ZaYico Studio presenta a Zenitsu en escala 1\\\/6 y 1\\\/4. Estatua de resina premium imprescindible para coleccionistas de Demon Slayer\",\"breadcrumb\":{\"@id\":\"https:\\\/\\\/yardratshop.com\\\/producto\\\/zayico-studio-kimetsu-no-yaiba-agatsuma-zenitsu\\\/#breadcrumb\"},\"inLanguage\":\"en-US\",\"potentialAction\":[{\"@type\":\"ReadAction\",\"target\":[\"https:\\\/\\\/yardratshop.com\\\/producto\\\/zayico-studio-kimetsu-no-yaiba-agatsuma-zenitsu\\\/\"]}]},{\"@type\":\"ImageObject\",\"inLanguage\":\"en-US\",\"@id\":\"https:\\\/\\\/yardratshop.com\\\/producto\\\/zayico-studio-kimetsu-no-yaiba-agatsuma-zenitsu\\\/#primaryimage\",\"url\":\"https:\\\/\\\/yardratshop.com\\\/wp-content\\\/uploads\\\/2025\\\/10\\\/1cf34feb4ff91095eb2fbfdd53e8c628.jpg\",\"contentUrl\":\"https:\\\/\\\/yardratshop.com\\\/wp-content\\\/uploads\\\/2025\\\/10\\\/1cf34feb4ff91095eb2fbfdd53e8c628.jpg\",\"width\":1476,\"height\":2215,\"caption\":\"1cf34feb4ff91095eb2fbfdd53e8c628\"},{\"@type\":\"BreadcrumbList\",\"@id\":\"https:\\\/\\\/yardratshop.com\\\/producto\\\/zayico-studio-kimetsu-no-yaiba-agatsuma-zenitsu\\\/#breadcrumb\",\"itemListElement\":[{\"@type\":\"ListItem\",\"position\":1,\"name\":\"Portada\",\"item\":\"https:\\\/\\\/yardratshop.com\\\/\"},{\"@type\":\"ListItem\",\"position\":2,\"name\":\"Tienda\",\"item\":\"https:\\\/\\\/yardratshop.com\\\/tienda\\\/\"},{\"@type\":\"ListItem\",\"position\":3,\"name\":\"ZaYico Studio &#8211; Kimetsu no Yaiba &#8211; Agatsuma Zenitsu\"}]},{\"@type\":\"WebSite\",\"@id\":\"https:\\\/\\\/yardratshop.com\\\/#website\",\"url\":\"https:\\\/\\\/yardratshop.com\\\/\",\"name\":\"Yardrat Shop\",\"description\":\"Tu tienda exclusiva de figuras y estatuas\",\"potentialAction\":[{\"@type\":\"SearchAction\",\"target\":{\"@type\":\"EntryPoint\",\"urlTemplate\":\"https:\\\/\\\/yardratshop.com\\\/?s={search_term_string}\"},\"query-input\":{\"@type\":\"PropertyValueSpecification\",\"valueRequired\":true,\"valueName\":\"search_term_string\"}}],\"inLanguage\":\"en-US\"}]}<\/script>\n<!-- \/ Yoast SEO plugin. -->","yoast_head_json":{"title":"Zenitsu 1\/6 & 1\/4 \u2013 Estatua de Resina Premium | ZaYico Studio","description":"ZaYico Studio presenta a Zenitsu en escala 1\/6 y 1\/4. Estatua de resina premium imprescindible para coleccionistas de Demon Slayer","robots":{"index":"index","follow":"follow","max-snippet":"max-snippet:-1","max-image-preview":"max-image-preview:large","max-video-preview":"max-video-preview:-1"},"canonical":"https:\/\/yardratshop.com\/eng\/product\/zayico-studio-kimetsu-no-yaiba-agatsuma-zenitsu\/","og_locale":"en_US","og_type":"article","og_title":"Zenitsu 1\/6 & 1\/4 \u2013 Estatua de Resina Premium | ZaYico Studio","og_description":"ZaYico Studio presenta a Zenitsu en escala 1\/6 y 1\/4. Estatua de resina premium imprescindible para coleccionistas de Demon Slayer","og_url":"https:\/\/yardratshop.com\/eng\/product\/zayico-studio-kimetsu-no-yaiba-agatsuma-zenitsu\/","og_site_name":"Yardrat Shop","article_modified_time":"2026-02-26T16:56:51+00:00","og_image":[{"width":1066,"height":1600,"url":"https:\/\/yardratshop.com\/wp-content\/uploads\/2025\/10\/1cf34feb4ff91095eb2fbfdd53e8c628-1066x1600.jpg","type":"image\/jpeg"}],"twitter_card":"summary_large_image","twitter_misc":{"Est. reading time":"1 minute"},"schema":{"@context":"https:\/\/schema.org","@graph":[{"@type":"WebPage","@id":"https:\/\/yardratshop.com\/producto\/zayico-studio-kimetsu-no-yaiba-agatsuma-zenitsu\/","url":"https:\/\/yardratshop.com\/producto\/zayico-studio-kimetsu-no-yaiba-agatsuma-zenitsu\/","name":"Zenitsu 1\/6 & 1\/4 \u2013 Estatua de Resina Premium | ZaYico Studio","isPartOf":{"@id":"https:\/\/yardratshop.com\/#website"},"primaryImageOfPage":{"@id":"https:\/\/yardratshop.com\/producto\/zayico-studio-kimetsu-no-yaiba-agatsuma-zenitsu\/#primaryimage"},"image":{"@id":"https:\/\/yardratshop.com\/producto\/zayico-studio-kimetsu-no-yaiba-agatsuma-zenitsu\/#primaryimage"},"thumbnailUrl":"https:\/\/yardratshop.com\/wp-content\/uploads\/2025\/10\/1cf34feb4ff91095eb2fbfdd53e8c628.jpg","datePublished":"2025-10-16T10:06:39+00:00","dateModified":"2026-02-26T16:56:51+00:00","description":"ZaYico Studio presenta a Zenitsu en escala 1\/6 y 1\/4. Estatua de resina premium imprescindible para coleccionistas de Demon Slayer","breadcrumb":{"@id":"https:\/\/yardratshop.com\/producto\/zayico-studio-kimetsu-no-yaiba-agatsuma-zenitsu\/#breadcrumb"},"inLanguage":"en-US","potentialAction":[{"@type":"ReadAction","target":["https:\/\/yardratshop.com\/producto\/zayico-studio-kimetsu-no-yaiba-agatsuma-zenitsu\/"]}]},{"@type":"ImageObject","inLanguage":"en-US","@id":"https:\/\/yardratshop.com\/producto\/zayico-studio-kimetsu-no-yaiba-agatsuma-zenitsu\/#primaryimage","url":"https:\/\/yardratshop.com\/wp-content\/uploads\/2025\/10\/1cf34feb4ff91095eb2fbfdd53e8c628.jpg","contentUrl":"https:\/\/yardratshop.com\/wp-content\/uploads\/2025\/10\/1cf34feb4ff91095eb2fbfdd53e8c628.jpg","width":1476,"height":2215,"caption":"1cf34feb4ff91095eb2fbfdd53e8c628"},{"@type":"BreadcrumbList","@id":"https:\/\/yardratshop.com\/producto\/zayico-studio-kimetsu-no-yaiba-agatsuma-zenitsu\/#breadcrumb","itemListElement":[{"@type":"ListItem","position":1,"name":"Portada","item":"https:\/\/yardratshop.com\/"},{"@type":"ListItem","position":2,"name":"Tienda","item":"https:\/\/yardratshop.com\/tienda\/"},{"@type":"ListItem","position":3,"name":"ZaYico Studio &#8211; Kimetsu no Yaiba &#8211; Agatsuma Zenitsu"}]},{"@type":"WebSite","@id":"https:\/\/yardratshop.com\/#website","url":"https:\/\/yardratshop.com\/","name":"Yardrat Shop","description":"Tu tienda exclusiva de figuras y estatuas","potentialAction":[{"@type":"SearchAction","target":{"@type":"EntryPoint","urlTemplate":"https:\/\/yardratshop.com\/?s={search_term_string}"},"query-input":{"@type":"PropertyValueSpecification","valueRequired":true,"valueName":"search_term_string"}}],"inLanguage":"en-US"}]}},"_links":{"self":[{"href":"https:\/\/yardratshop.com\/eng\/wp-json\/wp\/v2\/product\/36706","targetHints":{"allow":["GET"]}}],"collection":[{"href":"https:\/\/yardratshop.com\/eng\/wp-json\/wp\/v2\/product"}],"about":[{"href":"https:\/\/yardratshop.com\/eng\/wp-json\/wp\/v2\/types\/product"}],"version-history":[{"count":1,"href":"https:\/\/yardratshop.com\/eng\/wp-json\/wp\/v2\/product\/36706\/revisions"}],"predecessor-version":[{"id":36729,"href":"https:\/\/yardratshop.com\/eng\/wp-json\/wp\/v2\/product\/36706\/revisions\/36729"}],"wp:featuredmedia":[{"embeddable":true,"href":"https:\/\/yardratshop.com\/eng\/wp-json\/wp\/v2\/media\/36716"}],"wp:attachment":[{"href":"https:\/\/yardratshop.com\/eng\/wp-json\/wp\/v2\/media?parent=36706"}],"wp:term":[{"taxonomy":"product_brand","embeddable":true,"href":"https:\/\/yardratshop.com\/eng\/wp-json\/wp\/v2\/product_brand?post=36706"},{"taxonomy":"product_cat","embeddable":true,"href":"https:\/\/yardratshop.com\/eng\/wp-json\/wp\/v2\/product_cat?post=36706"},{"taxonomy":"product_tag","embeddable":true,"href":"https:\/\/yardratshop.com\/eng\/wp-json\/wp\/v2\/product_tag?post=36706"}],"curies":[{"name":"wp","href":"https:\/\/api.w.org\/{rel}","templated":true}]}}