{"id":39703,"date":"2025-10-27T23:52:13","date_gmt":"2025-10-27T22:52:13","guid":{"rendered":"https:\/\/yardratshop.com\/?post_type=product&#038;p=39703"},"modified":"2026-01-05T00:03:34","modified_gmt":"2026-01-04T23:03:34","slug":"sy-studio-bleach-hitsugaya-toshiro","status":"publish","type":"product","link":"https:\/\/yardratshop.com\/eng\/product\/sy-studio-bleach-hitsugaya-toshiro\/","title":{"rendered":"SY Studio &#8211; Bleach &#8211; Hitsugaya Toshiro"},"content":{"rendered":"","protected":false},"excerpt":{"rendered":"<p><strong>Medidas:\u00a0<\/strong>H55 x W62 x D31cm<br \/>\n<strong>Material:\u00a0<\/strong>Resin+PU<br \/>\n<strong>Fecha de entrega:\u00a0<\/strong>Q1 2026<\/p>","protected":false},"featured_media":39715,"template":"","meta":[],"product_brand":[],"product_cat":[830,80,3301],"product_tag":[],"class_list":{"0":"post-39703","1":"product","2":"type-product","3":"status-publish","4":"has-post-thumbnail","6":"product_cat-bleach","7":"product_cat-anime","8":"product_cat-hitsugaya-toshirou","9":"pa_altura-46-60cm","10":"pa_escala-otros","11":"pa_estado-preorder","12":"pa_estudio-sy-studio","13":"pa_tipo-estatua-de-resina","15":"first","16":"outofstock","17":"purchasable","18":"product-type-simple"},"yoast_head":"<!-- This site is optimized with the Yoast SEO plugin v27.3 - https:\/\/yoast.com\/product\/yoast-seo-wordpress\/ -->\n<title>SY Studio Bleach Hitsugaya Toshiro - Estatua de Resina Coleccionista Premium | Yardrat Shop<\/title>\n<meta name=\"description\" content=\"Descubre la estatua de resina premium de Hitsugaya Toshiro (Bleach) por SY Studio. Una pieza exclusiva para coleccionistas exigentes, con acabados detallados y dise\u00f1o espectacular. \u00a1A\u00f1\u00e1dela a tu colecci\u00f3n anime hoy!\" \/>\n<meta name=\"robots\" content=\"index, follow, max-snippet:-1, max-image-preview:large, max-video-preview:-1\" \/>\n<link rel=\"canonical\" href=\"https:\/\/yardratshop.com\/eng\/product\/sy-studio-bleach-hitsugaya-toshiro\/\" \/>\n<meta property=\"og:locale\" content=\"en_US\" \/>\n<meta property=\"og:type\" content=\"article\" \/>\n<meta property=\"og:title\" content=\"SY Studio Bleach Hitsugaya Toshiro - Estatua de Resina Coleccionista Premium | Yardrat Shop\" \/>\n<meta property=\"og:description\" content=\"Descubre la estatua de resina premium de Hitsugaya Toshiro (Bleach) por SY Studio. Una pieza exclusiva para coleccionistas exigentes, con acabados detallados y dise\u00f1o espectacular. \u00a1A\u00f1\u00e1dela a tu colecci\u00f3n anime hoy!\" \/>\n<meta property=\"og:url\" content=\"https:\/\/yardratshop.com\/eng\/product\/sy-studio-bleach-hitsugaya-toshiro\/\" \/>\n<meta property=\"og:site_name\" content=\"Yardrat Shop\" \/>\n<meta property=\"article:modified_time\" content=\"2026-01-04T23:03:34+00:00\" \/>\n<meta property=\"og:image\" content=\"https:\/\/yardratshop.com\/wp-content\/uploads\/2025\/10\/ec98b7ccd3b321166d1d6f4d6a9a151f-scaled.jpg\" \/>\n\t<meta property=\"og:image:width\" content=\"2560\" \/>\n\t<meta property=\"og:image:height\" content=\"1441\" \/>\n\t<meta property=\"og:image:type\" content=\"image\/jpeg\" \/>\n<meta name=\"twitter:card\" content=\"summary_large_image\" \/>\n<meta name=\"twitter:label1\" content=\"Est. reading time\" \/>\n\t<meta name=\"twitter:data1\" content=\"1 minute\" \/>\n<script type=\"application\/ld+json\" class=\"yoast-schema-graph\">{\"@context\":\"https:\\\/\\\/schema.org\",\"@graph\":[{\"@type\":\"WebPage\",\"@id\":\"https:\\\/\\\/yardratshop.com\\\/producto\\\/sy-studio-bleach-hitsugaya-toshiro\\\/\",\"url\":\"https:\\\/\\\/yardratshop.com\\\/producto\\\/sy-studio-bleach-hitsugaya-toshiro\\\/\",\"name\":\"SY Studio Bleach Hitsugaya Toshiro - Estatua de Resina Coleccionista Premium | Yardrat Shop\",\"isPartOf\":{\"@id\":\"https:\\\/\\\/yardratshop.com\\\/#website\"},\"primaryImageOfPage\":{\"@id\":\"https:\\\/\\\/yardratshop.com\\\/producto\\\/sy-studio-bleach-hitsugaya-toshiro\\\/#primaryimage\"},\"image\":{\"@id\":\"https:\\\/\\\/yardratshop.com\\\/producto\\\/sy-studio-bleach-hitsugaya-toshiro\\\/#primaryimage\"},\"thumbnailUrl\":\"https:\\\/\\\/yardratshop.com\\\/wp-content\\\/uploads\\\/2025\\\/10\\\/ec98b7ccd3b321166d1d6f4d6a9a151f-scaled.jpg\",\"datePublished\":\"2025-10-27T22:52:13+00:00\",\"dateModified\":\"2026-01-04T23:03:34+00:00\",\"description\":\"Descubre la estatua de resina premium de Hitsugaya Toshiro (Bleach) por SY Studio. Una pieza exclusiva para coleccionistas exigentes, con acabados detallados y dise\u00f1o espectacular. \u00a1A\u00f1\u00e1dela a tu colecci\u00f3n anime hoy!\",\"breadcrumb\":{\"@id\":\"https:\\\/\\\/yardratshop.com\\\/producto\\\/sy-studio-bleach-hitsugaya-toshiro\\\/#breadcrumb\"},\"inLanguage\":\"en-US\",\"potentialAction\":[{\"@type\":\"ReadAction\",\"target\":[\"https:\\\/\\\/yardratshop.com\\\/producto\\\/sy-studio-bleach-hitsugaya-toshiro\\\/\"]}]},{\"@type\":\"ImageObject\",\"inLanguage\":\"en-US\",\"@id\":\"https:\\\/\\\/yardratshop.com\\\/producto\\\/sy-studio-bleach-hitsugaya-toshiro\\\/#primaryimage\",\"url\":\"https:\\\/\\\/yardratshop.com\\\/wp-content\\\/uploads\\\/2025\\\/10\\\/ec98b7ccd3b321166d1d6f4d6a9a151f-scaled.jpg\",\"contentUrl\":\"https:\\\/\\\/yardratshop.com\\\/wp-content\\\/uploads\\\/2025\\\/10\\\/ec98b7ccd3b321166d1d6f4d6a9a151f-scaled.jpg\",\"width\":2560,\"height\":1441,\"caption\":\"ec98b7ccd3b321166d1d6f4d6a9a151f\"},{\"@type\":\"BreadcrumbList\",\"@id\":\"https:\\\/\\\/yardratshop.com\\\/producto\\\/sy-studio-bleach-hitsugaya-toshiro\\\/#breadcrumb\",\"itemListElement\":[{\"@type\":\"ListItem\",\"position\":1,\"name\":\"Portada\",\"item\":\"https:\\\/\\\/yardratshop.com\\\/\"},{\"@type\":\"ListItem\",\"position\":2,\"name\":\"Tienda\",\"item\":\"https:\\\/\\\/yardratshop.com\\\/tienda\\\/\"},{\"@type\":\"ListItem\",\"position\":3,\"name\":\"SY Studio &#8211; Bleach &#8211; Hitsugaya Toshiro\"}]},{\"@type\":\"WebSite\",\"@id\":\"https:\\\/\\\/yardratshop.com\\\/#website\",\"url\":\"https:\\\/\\\/yardratshop.com\\\/\",\"name\":\"Yardrat Shop\",\"description\":\"Tu tienda exclusiva de figuras y estatuas\",\"potentialAction\":[{\"@type\":\"SearchAction\",\"target\":{\"@type\":\"EntryPoint\",\"urlTemplate\":\"https:\\\/\\\/yardratshop.com\\\/?s={search_term_string}\"},\"query-input\":{\"@type\":\"PropertyValueSpecification\",\"valueRequired\":true,\"valueName\":\"search_term_string\"}}],\"inLanguage\":\"en-US\"}]}<\/script>\n<!-- \/ Yoast SEO plugin. -->","yoast_head_json":{"title":"SY Studio Bleach Hitsugaya Toshiro - Estatua de Resina Coleccionista Premium | Yardrat Shop","description":"Descubre la estatua de resina premium de Hitsugaya Toshiro (Bleach) por SY Studio. Una pieza exclusiva para coleccionistas exigentes, con acabados detallados y dise\u00f1o espectacular. \u00a1A\u00f1\u00e1dela a tu colecci\u00f3n anime hoy!","robots":{"index":"index","follow":"follow","max-snippet":"max-snippet:-1","max-image-preview":"max-image-preview:large","max-video-preview":"max-video-preview:-1"},"canonical":"https:\/\/yardratshop.com\/eng\/product\/sy-studio-bleach-hitsugaya-toshiro\/","og_locale":"en_US","og_type":"article","og_title":"SY Studio Bleach Hitsugaya Toshiro - Estatua de Resina Coleccionista Premium | Yardrat Shop","og_description":"Descubre la estatua de resina premium de Hitsugaya Toshiro (Bleach) por SY Studio. Una pieza exclusiva para coleccionistas exigentes, con acabados detallados y dise\u00f1o espectacular. \u00a1A\u00f1\u00e1dela a tu colecci\u00f3n anime hoy!","og_url":"https:\/\/yardratshop.com\/eng\/product\/sy-studio-bleach-hitsugaya-toshiro\/","og_site_name":"Yardrat Shop","article_modified_time":"2026-01-04T23:03:34+00:00","og_image":[{"width":2560,"height":1441,"url":"https:\/\/yardratshop.com\/wp-content\/uploads\/2025\/10\/ec98b7ccd3b321166d1d6f4d6a9a151f-scaled.jpg","type":"image\/jpeg"}],"twitter_card":"summary_large_image","twitter_misc":{"Est. reading time":"1 minute"},"schema":{"@context":"https:\/\/schema.org","@graph":[{"@type":"WebPage","@id":"https:\/\/yardratshop.com\/producto\/sy-studio-bleach-hitsugaya-toshiro\/","url":"https:\/\/yardratshop.com\/producto\/sy-studio-bleach-hitsugaya-toshiro\/","name":"SY Studio Bleach Hitsugaya Toshiro - Estatua de Resina Coleccionista Premium | Yardrat Shop","isPartOf":{"@id":"https:\/\/yardratshop.com\/#website"},"primaryImageOfPage":{"@id":"https:\/\/yardratshop.com\/producto\/sy-studio-bleach-hitsugaya-toshiro\/#primaryimage"},"image":{"@id":"https:\/\/yardratshop.com\/producto\/sy-studio-bleach-hitsugaya-toshiro\/#primaryimage"},"thumbnailUrl":"https:\/\/yardratshop.com\/wp-content\/uploads\/2025\/10\/ec98b7ccd3b321166d1d6f4d6a9a151f-scaled.jpg","datePublished":"2025-10-27T22:52:13+00:00","dateModified":"2026-01-04T23:03:34+00:00","description":"Descubre la estatua de resina premium de Hitsugaya Toshiro (Bleach) por SY Studio. Una pieza exclusiva para coleccionistas exigentes, con acabados detallados y dise\u00f1o espectacular. \u00a1A\u00f1\u00e1dela a tu colecci\u00f3n anime hoy!","breadcrumb":{"@id":"https:\/\/yardratshop.com\/producto\/sy-studio-bleach-hitsugaya-toshiro\/#breadcrumb"},"inLanguage":"en-US","potentialAction":[{"@type":"ReadAction","target":["https:\/\/yardratshop.com\/producto\/sy-studio-bleach-hitsugaya-toshiro\/"]}]},{"@type":"ImageObject","inLanguage":"en-US","@id":"https:\/\/yardratshop.com\/producto\/sy-studio-bleach-hitsugaya-toshiro\/#primaryimage","url":"https:\/\/yardratshop.com\/wp-content\/uploads\/2025\/10\/ec98b7ccd3b321166d1d6f4d6a9a151f-scaled.jpg","contentUrl":"https:\/\/yardratshop.com\/wp-content\/uploads\/2025\/10\/ec98b7ccd3b321166d1d6f4d6a9a151f-scaled.jpg","width":2560,"height":1441,"caption":"ec98b7ccd3b321166d1d6f4d6a9a151f"},{"@type":"BreadcrumbList","@id":"https:\/\/yardratshop.com\/producto\/sy-studio-bleach-hitsugaya-toshiro\/#breadcrumb","itemListElement":[{"@type":"ListItem","position":1,"name":"Portada","item":"https:\/\/yardratshop.com\/"},{"@type":"ListItem","position":2,"name":"Tienda","item":"https:\/\/yardratshop.com\/tienda\/"},{"@type":"ListItem","position":3,"name":"SY Studio &#8211; Bleach &#8211; Hitsugaya Toshiro"}]},{"@type":"WebSite","@id":"https:\/\/yardratshop.com\/#website","url":"https:\/\/yardratshop.com\/","name":"Yardrat Shop","description":"Tu tienda exclusiva de figuras y estatuas","potentialAction":[{"@type":"SearchAction","target":{"@type":"EntryPoint","urlTemplate":"https:\/\/yardratshop.com\/?s={search_term_string}"},"query-input":{"@type":"PropertyValueSpecification","valueRequired":true,"valueName":"search_term_string"}}],"inLanguage":"en-US"}]}},"_links":{"self":[{"href":"https:\/\/yardratshop.com\/eng\/wp-json\/wp\/v2\/product\/39703","targetHints":{"allow":["GET"]}}],"collection":[{"href":"https:\/\/yardratshop.com\/eng\/wp-json\/wp\/v2\/product"}],"about":[{"href":"https:\/\/yardratshop.com\/eng\/wp-json\/wp\/v2\/types\/product"}],"version-history":[{"count":1,"href":"https:\/\/yardratshop.com\/eng\/wp-json\/wp\/v2\/product\/39703\/revisions"}],"predecessor-version":[{"id":39720,"href":"https:\/\/yardratshop.com\/eng\/wp-json\/wp\/v2\/product\/39703\/revisions\/39720"}],"wp:featuredmedia":[{"embeddable":true,"href":"https:\/\/yardratshop.com\/eng\/wp-json\/wp\/v2\/media\/39715"}],"wp:attachment":[{"href":"https:\/\/yardratshop.com\/eng\/wp-json\/wp\/v2\/media?parent=39703"}],"wp:term":[{"taxonomy":"product_brand","embeddable":true,"href":"https:\/\/yardratshop.com\/eng\/wp-json\/wp\/v2\/product_brand?post=39703"},{"taxonomy":"product_cat","embeddable":true,"href":"https:\/\/yardratshop.com\/eng\/wp-json\/wp\/v2\/product_cat?post=39703"},{"taxonomy":"product_tag","embeddable":true,"href":"https:\/\/yardratshop.com\/eng\/wp-json\/wp\/v2\/product_tag?post=39703"}],"curies":[{"name":"wp","href":"https:\/\/api.w.org\/{rel}","templated":true}]}}