{"id":39727,"date":"2025-10-28T00:05:58","date_gmt":"2025-10-27T23:05:58","guid":{"rendered":"https:\/\/yardratshop.com\/?post_type=product&#038;p=39727"},"modified":"2025-12-19T00:37:34","modified_gmt":"2025-12-18T23:37:34","slug":"shen-yin-studio-sy-suzume-no-tojimari-encrucijada-antes-del-adios","status":"publish","type":"product","link":"https:\/\/yardratshop.com\/eng\/product\/shen-yin-studio-sy-suzume-no-tojimari-encrucijada-antes-del-adios\/","title":{"rendered":"Shen Yin Studio (SY) &#8211; Suzume no Tojimari &#8211; Encrucijada antes del adi\u00f3s"},"content":{"rendered":"","protected":false},"excerpt":{"rendered":"<p><strong>Medidas:<\/strong> H41.5 x W48 x D25cm<br \/>\n<strong>Material:\u00a0<\/strong>Resin+PU+LED<br \/>\n<strong>Fecha de entrega:<\/strong> Q2 2026<\/p>\n<p data-start=\"938\" data-end=\"962\"><strong data-start=\"938\" data-end=\"960\">Contenido del set:<\/strong><\/p>\n<ul data-start=\"963\" data-end=\"1179\">\n<li data-start=\"963\" data-end=\"982\">\n<p data-start=\"965\" data-end=\"982\">Base diorama \u00d71<\/p>\n<\/li>\n<li data-start=\"983\" data-end=\"1006\">\n<p data-start=\"985\" data-end=\"1006\">Figura de Suzume \u00d71<\/p>\n<\/li>\n<li data-start=\"1007\" data-end=\"1023\">\n<p data-start=\"1009\" data-end=\"1023\">Bicicleta \u00d71<\/p>\n<\/li>\n<li data-start=\"1024\" data-end=\"1046\">\n<p data-start=\"1026\" data-end=\"1046\">Figura de Souta \u00d71<\/p>\n<\/li>\n<li data-start=\"1047\" data-end=\"1064\">\n<p data-start=\"1049\" data-end=\"1064\">Barandilla \u00d71<\/p>\n<\/li>\n<li data-start=\"1065\" data-end=\"1079\">\n<p data-start=\"1067\" data-end=\"1079\">Hierba \u00d711<\/p>\n<\/li>\n<li data-start=\"1080\" data-end=\"1102\">\n<p data-start=\"1082\" data-end=\"1102\">Poste el\u00e9ctrico \u00d73<\/p>\n<\/li>\n<li data-start=\"1103\" data-end=\"1128\">\n<p data-start=\"1105\" data-end=\"1128\">Se\u00f1ales circulares \u00d74<\/p>\n<\/li>\n<li data-start=\"1129\" data-end=\"1150\">\n<p data-start=\"1131\" data-end=\"1150\">Espejo convexo \u00d71<\/p>\n<\/li>\n<li data-start=\"1151\" data-end=\"1179\">\n<p data-start=\"1153\" data-end=\"1179\">Fondo de nubes y olas \u00d71<\/p>\n<\/li>\n<\/ul>\n<p><strong data-start=\"1356\" data-end=\"1368\">Incluye:<\/strong><br data-start=\"1368\" data-end=\"1371\" \/>Kit de anclaje \u00d72, protectores de borde \u00d72, kit de tornillos de expansi\u00f3n \u00d76, tornillos hexagonales \u00d74<\/p>","protected":false},"featured_media":39742,"template":"","meta":[],"product_brand":[],"product_cat":[80],"product_tag":[],"class_list":{"0":"post-39727","1":"product","2":"type-product","3":"status-publish","4":"has-post-thumbnail","6":"product_cat-anime","7":"pa_altura-36-45cm","8":"pa_escala-otros","9":"pa_estado-preorder","10":"pa_estudio-shen-yin-studio-sy","11":"pa_tipo-estatua-de-resina","13":"first","14":"outofstock","15":"purchasable","16":"product-type-simple"},"yoast_head":"<!-- This site is optimized with the Yoast SEO plugin v27.6 - https:\/\/yoast.com\/product\/yoast-seo-wordpress\/ -->\n<title>Shen Yin Studio Suzume no Tojimari \u2013 Estatua de Resina Premium<\/title>\n<meta name=\"description\" content=\"Descubre la estatua de resina premium de Shen Yin Studio inspirada en Suzume no Tojimari: una pieza \u00fanica para coleccionistas de arte y anime.\" \/>\n<meta name=\"robots\" content=\"index, follow, max-snippet:-1, max-image-preview:large, max-video-preview:-1\" \/>\n<link rel=\"canonical\" href=\"https:\/\/yardratshop.com\/eng\/product\/shen-yin-studio-sy-suzume-no-tojimari-encrucijada-antes-del-adios\/\" \/>\n<meta property=\"og:locale\" content=\"en_US\" \/>\n<meta property=\"og:type\" content=\"article\" \/>\n<meta property=\"og:title\" content=\"Shen Yin Studio Suzume no Tojimari \u2013 Estatua de Resina Premium\" \/>\n<meta property=\"og:description\" content=\"Descubre la estatua de resina premium de Shen Yin Studio inspirada en Suzume no Tojimari: una pieza \u00fanica para coleccionistas de arte y anime.\" \/>\n<meta property=\"og:url\" content=\"https:\/\/yardratshop.com\/eng\/product\/shen-yin-studio-sy-suzume-no-tojimari-encrucijada-antes-del-adios\/\" \/>\n<meta property=\"og:site_name\" content=\"Yardrat Shop\" \/>\n<meta property=\"article:modified_time\" content=\"2025-12-18T23:37:34+00:00\" \/>\n<meta property=\"og:image\" content=\"https:\/\/yardratshop.com\/wp-content\/uploads\/2025\/10\/85e570b768da17b3a9bb919d7a3d1017-scaled.jpg\" \/>\n\t<meta property=\"og:image:width\" content=\"2560\" \/>\n\t<meta property=\"og:image:height\" content=\"1707\" \/>\n\t<meta property=\"og:image:type\" content=\"image\/jpeg\" \/>\n<meta name=\"twitter:card\" content=\"summary_large_image\" \/>\n<meta name=\"twitter:label1\" content=\"Est. reading time\" \/>\n\t<meta name=\"twitter:data1\" content=\"1 minute\" \/>\n<script type=\"application\/ld+json\" class=\"yoast-schema-graph\">{\"@context\":\"https:\\\/\\\/schema.org\",\"@graph\":[{\"@type\":\"WebPage\",\"@id\":\"https:\\\/\\\/yardratshop.com\\\/producto\\\/shen-yin-studio-sy-suzume-no-tojimari-encrucijada-antes-del-adios\\\/\",\"url\":\"https:\\\/\\\/yardratshop.com\\\/producto\\\/shen-yin-studio-sy-suzume-no-tojimari-encrucijada-antes-del-adios\\\/\",\"name\":\"Shen Yin Studio Suzume no Tojimari \u2013 Estatua de Resina Premium\",\"isPartOf\":{\"@id\":\"https:\\\/\\\/yardratshop.com\\\/#website\"},\"primaryImageOfPage\":{\"@id\":\"https:\\\/\\\/yardratshop.com\\\/producto\\\/shen-yin-studio-sy-suzume-no-tojimari-encrucijada-antes-del-adios\\\/#primaryimage\"},\"image\":{\"@id\":\"https:\\\/\\\/yardratshop.com\\\/producto\\\/shen-yin-studio-sy-suzume-no-tojimari-encrucijada-antes-del-adios\\\/#primaryimage\"},\"thumbnailUrl\":\"https:\\\/\\\/yardratshop.com\\\/wp-content\\\/uploads\\\/2025\\\/10\\\/85e570b768da17b3a9bb919d7a3d1017-scaled.jpg\",\"datePublished\":\"2025-10-27T23:05:58+00:00\",\"dateModified\":\"2025-12-18T23:37:34+00:00\",\"description\":\"Descubre la estatua de resina premium de Shen Yin Studio inspirada en Suzume no Tojimari: una pieza \u00fanica para coleccionistas de arte y anime.\",\"breadcrumb\":{\"@id\":\"https:\\\/\\\/yardratshop.com\\\/producto\\\/shen-yin-studio-sy-suzume-no-tojimari-encrucijada-antes-del-adios\\\/#breadcrumb\"},\"inLanguage\":\"en-US\",\"potentialAction\":[{\"@type\":\"ReadAction\",\"target\":[\"https:\\\/\\\/yardratshop.com\\\/producto\\\/shen-yin-studio-sy-suzume-no-tojimari-encrucijada-antes-del-adios\\\/\"]}]},{\"@type\":\"ImageObject\",\"inLanguage\":\"en-US\",\"@id\":\"https:\\\/\\\/yardratshop.com\\\/producto\\\/shen-yin-studio-sy-suzume-no-tojimari-encrucijada-antes-del-adios\\\/#primaryimage\",\"url\":\"https:\\\/\\\/yardratshop.com\\\/wp-content\\\/uploads\\\/2025\\\/10\\\/85e570b768da17b3a9bb919d7a3d1017-scaled.jpg\",\"contentUrl\":\"https:\\\/\\\/yardratshop.com\\\/wp-content\\\/uploads\\\/2025\\\/10\\\/85e570b768da17b3a9bb919d7a3d1017-scaled.jpg\",\"width\":2560,\"height\":1707,\"caption\":\"85e570b768da17b3a9bb919d7a3d1017\"},{\"@type\":\"BreadcrumbList\",\"@id\":\"https:\\\/\\\/yardratshop.com\\\/producto\\\/shen-yin-studio-sy-suzume-no-tojimari-encrucijada-antes-del-adios\\\/#breadcrumb\",\"itemListElement\":[{\"@type\":\"ListItem\",\"position\":1,\"name\":\"Portada\",\"item\":\"https:\\\/\\\/yardratshop.com\\\/\"},{\"@type\":\"ListItem\",\"position\":2,\"name\":\"Tienda\",\"item\":\"https:\\\/\\\/yardratshop.com\\\/tienda\\\/\"},{\"@type\":\"ListItem\",\"position\":3,\"name\":\"Shen Yin Studio (SY) &#8211; Suzume no Tojimari &#8211; Encrucijada antes del adi\u00f3s\"}]},{\"@type\":\"WebSite\",\"@id\":\"https:\\\/\\\/yardratshop.com\\\/#website\",\"url\":\"https:\\\/\\\/yardratshop.com\\\/\",\"name\":\"Yardrat Shop\",\"description\":\"Tu tienda exclusiva de figuras y estatuas\",\"potentialAction\":[{\"@type\":\"SearchAction\",\"target\":{\"@type\":\"EntryPoint\",\"urlTemplate\":\"https:\\\/\\\/yardratshop.com\\\/?s={search_term_string}\"},\"query-input\":{\"@type\":\"PropertyValueSpecification\",\"valueRequired\":true,\"valueName\":\"search_term_string\"}}],\"inLanguage\":\"en-US\"}]}<\/script>\n<!-- \/ Yoast SEO plugin. -->","yoast_head_json":{"title":"Shen Yin Studio Suzume no Tojimari \u2013 Estatua de Resina Premium","description":"Descubre la estatua de resina premium de Shen Yin Studio inspirada en Suzume no Tojimari: una pieza \u00fanica para coleccionistas de arte y anime.","robots":{"index":"index","follow":"follow","max-snippet":"max-snippet:-1","max-image-preview":"max-image-preview:large","max-video-preview":"max-video-preview:-1"},"canonical":"https:\/\/yardratshop.com\/eng\/product\/shen-yin-studio-sy-suzume-no-tojimari-encrucijada-antes-del-adios\/","og_locale":"en_US","og_type":"article","og_title":"Shen Yin Studio Suzume no Tojimari \u2013 Estatua de Resina Premium","og_description":"Descubre la estatua de resina premium de Shen Yin Studio inspirada en Suzume no Tojimari: una pieza \u00fanica para coleccionistas de arte y anime.","og_url":"https:\/\/yardratshop.com\/eng\/product\/shen-yin-studio-sy-suzume-no-tojimari-encrucijada-antes-del-adios\/","og_site_name":"Yardrat Shop","article_modified_time":"2025-12-18T23:37:34+00:00","og_image":[{"width":2560,"height":1707,"url":"https:\/\/yardratshop.com\/wp-content\/uploads\/2025\/10\/85e570b768da17b3a9bb919d7a3d1017-scaled.jpg","type":"image\/jpeg"}],"twitter_card":"summary_large_image","twitter_misc":{"Est. reading time":"1 minute"},"schema":{"@context":"https:\/\/schema.org","@graph":[{"@type":"WebPage","@id":"https:\/\/yardratshop.com\/producto\/shen-yin-studio-sy-suzume-no-tojimari-encrucijada-antes-del-adios\/","url":"https:\/\/yardratshop.com\/producto\/shen-yin-studio-sy-suzume-no-tojimari-encrucijada-antes-del-adios\/","name":"Shen Yin Studio Suzume no Tojimari \u2013 Estatua de Resina Premium","isPartOf":{"@id":"https:\/\/yardratshop.com\/#website"},"primaryImageOfPage":{"@id":"https:\/\/yardratshop.com\/producto\/shen-yin-studio-sy-suzume-no-tojimari-encrucijada-antes-del-adios\/#primaryimage"},"image":{"@id":"https:\/\/yardratshop.com\/producto\/shen-yin-studio-sy-suzume-no-tojimari-encrucijada-antes-del-adios\/#primaryimage"},"thumbnailUrl":"https:\/\/yardratshop.com\/wp-content\/uploads\/2025\/10\/85e570b768da17b3a9bb919d7a3d1017-scaled.jpg","datePublished":"2025-10-27T23:05:58+00:00","dateModified":"2025-12-18T23:37:34+00:00","description":"Descubre la estatua de resina premium de Shen Yin Studio inspirada en Suzume no Tojimari: una pieza \u00fanica para coleccionistas de arte y anime.","breadcrumb":{"@id":"https:\/\/yardratshop.com\/producto\/shen-yin-studio-sy-suzume-no-tojimari-encrucijada-antes-del-adios\/#breadcrumb"},"inLanguage":"en-US","potentialAction":[{"@type":"ReadAction","target":["https:\/\/yardratshop.com\/producto\/shen-yin-studio-sy-suzume-no-tojimari-encrucijada-antes-del-adios\/"]}]},{"@type":"ImageObject","inLanguage":"en-US","@id":"https:\/\/yardratshop.com\/producto\/shen-yin-studio-sy-suzume-no-tojimari-encrucijada-antes-del-adios\/#primaryimage","url":"https:\/\/yardratshop.com\/wp-content\/uploads\/2025\/10\/85e570b768da17b3a9bb919d7a3d1017-scaled.jpg","contentUrl":"https:\/\/yardratshop.com\/wp-content\/uploads\/2025\/10\/85e570b768da17b3a9bb919d7a3d1017-scaled.jpg","width":2560,"height":1707,"caption":"85e570b768da17b3a9bb919d7a3d1017"},{"@type":"BreadcrumbList","@id":"https:\/\/yardratshop.com\/producto\/shen-yin-studio-sy-suzume-no-tojimari-encrucijada-antes-del-adios\/#breadcrumb","itemListElement":[{"@type":"ListItem","position":1,"name":"Portada","item":"https:\/\/yardratshop.com\/"},{"@type":"ListItem","position":2,"name":"Tienda","item":"https:\/\/yardratshop.com\/tienda\/"},{"@type":"ListItem","position":3,"name":"Shen Yin Studio (SY) &#8211; Suzume no Tojimari &#8211; Encrucijada antes del adi\u00f3s"}]},{"@type":"WebSite","@id":"https:\/\/yardratshop.com\/#website","url":"https:\/\/yardratshop.com\/","name":"Yardrat Shop","description":"Tu tienda exclusiva de figuras y estatuas","potentialAction":[{"@type":"SearchAction","target":{"@type":"EntryPoint","urlTemplate":"https:\/\/yardratshop.com\/?s={search_term_string}"},"query-input":{"@type":"PropertyValueSpecification","valueRequired":true,"valueName":"search_term_string"}}],"inLanguage":"en-US"}]}},"_links":{"self":[{"href":"https:\/\/yardratshop.com\/eng\/wp-json\/wp\/v2\/product\/39727","targetHints":{"allow":["GET"]}}],"collection":[{"href":"https:\/\/yardratshop.com\/eng\/wp-json\/wp\/v2\/product"}],"about":[{"href":"https:\/\/yardratshop.com\/eng\/wp-json\/wp\/v2\/types\/product"}],"version-history":[{"count":1,"href":"https:\/\/yardratshop.com\/eng\/wp-json\/wp\/v2\/product\/39727\/revisions"}],"predecessor-version":[{"id":39745,"href":"https:\/\/yardratshop.com\/eng\/wp-json\/wp\/v2\/product\/39727\/revisions\/39745"}],"wp:featuredmedia":[{"embeddable":true,"href":"https:\/\/yardratshop.com\/eng\/wp-json\/wp\/v2\/media\/39742"}],"wp:attachment":[{"href":"https:\/\/yardratshop.com\/eng\/wp-json\/wp\/v2\/media?parent=39727"}],"wp:term":[{"taxonomy":"product_brand","embeddable":true,"href":"https:\/\/yardratshop.com\/eng\/wp-json\/wp\/v2\/product_brand?post=39727"},{"taxonomy":"product_cat","embeddable":true,"href":"https:\/\/yardratshop.com\/eng\/wp-json\/wp\/v2\/product_cat?post=39727"},{"taxonomy":"product_tag","embeddable":true,"href":"https:\/\/yardratshop.com\/eng\/wp-json\/wp\/v2\/product_tag?post=39727"}],"curies":[{"name":"wp","href":"https:\/\/api.w.org\/{rel}","templated":true}]}}