{"id":41982,"date":"2025-11-07T18:27:35","date_gmt":"2025-11-07T17:27:35","guid":{"rendered":"https:\/\/yardratshop.com\/?post_type=product&#038;p=41982"},"modified":"2025-12-19T00:37:26","modified_gmt":"2025-12-18T23:37:26","slug":"bigf-toys-tmnt-donatello-bigf-003","status":"publish","type":"product","link":"https:\/\/yardratshop.com\/eng\/product\/bigf-toys-tmnt-donatello-bigf-003\/","title":{"rendered":"Bigf Toys &#8211; Tmnt &#8211; Donatello (Bigf-003)"},"content":{"rendered":"","protected":false},"excerpt":{"rendered":"<p><strong>Medidas: <\/strong>H30cm aprox<br \/>\n<strong>Fecha de entrega: <\/strong>Q3 2026<br \/>\n<strong>Fecha limite de reserva:\u00a0<\/strong>5 de Diciembre<\/p>\n<h3 data-start=\"89\" data-end=\"119\"><strong data-start=\"93\" data-end=\"119\">Contenido del producto<\/strong><\/h3>\n<ul data-start=\"120\" data-end=\"723\">\n<li data-start=\"120\" data-end=\"150\">\n<p data-start=\"122\" data-end=\"150\">Cuerpo de Tortuga Ninja \u00d71<\/p>\n<\/li>\n<li data-start=\"151\" data-end=\"174\">\n<p data-start=\"153\" data-end=\"174\">Juego de correas \u00d71<\/p>\n<\/li>\n<li data-start=\"175\" data-end=\"205\">\n<p data-start=\"177\" data-end=\"205\">Cabezas intercambiables \u00d72<\/p>\n<\/li>\n<li data-start=\"206\" data-end=\"240\">\n<p data-start=\"208\" data-end=\"240\">Manos intercambiables \u00d75 pares<\/p>\n<\/li>\n<li data-start=\"241\" data-end=\"265\">\n<p data-start=\"243\" data-end=\"265\">B\u014d (bast\u00f3n largo) \u00d71<\/p>\n<\/li>\n<li data-start=\"266\" data-end=\"281\">\n<p data-start=\"268\" data-end=\"281\">Port\u00e1til \u00d71<\/p>\n<\/li>\n<li data-start=\"282\" data-end=\"307\">\n<p data-start=\"284\" data-end=\"307\">Ordenador de brazo \u00d71<\/p>\n<\/li>\n<li data-start=\"308\" data-end=\"333\">\n<p data-start=\"310\" data-end=\"333\">Gafas tecnol\u00f3gicas \u00d71<\/p>\n<\/li>\n<li data-start=\"334\" data-end=\"360\">\n<p data-start=\"336\" data-end=\"360\">Transmisor de se\u00f1al \u00d71<\/p>\n<\/li>\n<li data-start=\"361\" data-end=\"414\">\n<p data-start=\"363\" data-end=\"414\">Skateboard \u00d71 (incluye 1 par de efectos de fuego)<\/p>\n<\/li>\n<li data-start=\"415\" data-end=\"456\">\n<p data-start=\"417\" data-end=\"456\">Pizza \u00d71 (con caja de almacenamiento)<\/p>\n<\/li>\n<li data-start=\"457\" data-end=\"480\">\n<p data-start=\"459\" data-end=\"480\">Porci\u00f3n de pizza \u00d71<\/p>\n<\/li>\n<li data-start=\"481\" data-end=\"538\">\n<p data-start=\"483\" data-end=\"538\">T-Phone \u00d72 (1 en modo extendido y 1 en modo compacto)<\/p>\n<\/li>\n<li data-start=\"539\" data-end=\"573\">\n<p data-start=\"541\" data-end=\"573\">Garfio con cuerda retr\u00e1ctil \u00d71<\/p>\n<\/li>\n<li data-start=\"574\" data-end=\"654\">\n<p data-start=\"576\" data-end=\"654\">Base de exposici\u00f3n \u00d71 (con tapa de alcantarilla desmontable e independiente)<\/p>\n<\/li>\n<li data-start=\"655\" data-end=\"723\">\n<p data-start=\"657\" data-end=\"723\">Moneda conmemorativa exclusiva de Donatello \u00d71 (aleaci\u00f3n met\u00e1lica)<\/p>\n<\/li>\n<\/ul>","protected":false},"featured_media":41988,"template":"","meta":[],"product_brand":[],"product_cat":[3307,159,162],"product_tag":[],"class_list":{"0":"post-41982","1":"product","2":"type-product","3":"status-publish","4":"has-post-thumbnail","6":"product_cat-donatello","7":"product_cat-super-heroes","8":"product_cat-tmnt","9":"pa_altura-26-35cm","10":"pa_escala-escala_1_6","11":"pa_estado-preorder","12":"pa_estudio-big-f-toys","13":"pa_tipo-figura-articulada","15":"first","16":"outofstock","17":"purchasable","18":"product-type-simple"},"yoast_head":"<!-- This site is optimized with the Yoast SEO plugin v27.3 - https:\/\/yoast.com\/product\/yoast-seo-wordpress\/ -->\n<title>Donatello TMNT 1\/6 Bigf Toys (BIGF-003) - Figura articulada<\/title>\n<meta name=\"description\" content=\"Descubre la figura articulada de Donatello de las Tortugas Ninja (TMNT) a escala 1\/6 de Bigf Toys (BIGF-003). Detalles premium para coleccionistas exigentes. \u00a1Reserva ya!\" \/>\n<meta name=\"robots\" content=\"index, follow, max-snippet:-1, max-image-preview:large, max-video-preview:-1\" \/>\n<link rel=\"canonical\" href=\"https:\/\/yardratshop.com\/eng\/product\/bigf-toys-tmnt-donatello-bigf-003\/\" \/>\n<meta property=\"og:locale\" content=\"en_US\" \/>\n<meta property=\"og:type\" content=\"article\" \/>\n<meta property=\"og:title\" content=\"Donatello TMNT 1\/6 Bigf Toys (BIGF-003) - Figura articulada\" \/>\n<meta property=\"og:description\" content=\"Descubre la figura articulada de Donatello de las Tortugas Ninja (TMNT) a escala 1\/6 de Bigf Toys (BIGF-003). Detalles premium para coleccionistas exigentes. \u00a1Reserva ya!\" \/>\n<meta property=\"og:url\" content=\"https:\/\/yardratshop.com\/eng\/product\/bigf-toys-tmnt-donatello-bigf-003\/\" \/>\n<meta property=\"og:site_name\" content=\"Yardrat Shop\" \/>\n<meta property=\"article:modified_time\" content=\"2025-12-18T23:37:26+00:00\" \/>\n<meta property=\"og:image\" content=\"https:\/\/yardratshop.com\/wp-content\/uploads\/2025\/11\/143047ei2e4s22breqf888.jpg\" \/>\n\t<meta property=\"og:image:width\" content=\"1200\" \/>\n\t<meta property=\"og:image:height\" content=\"1800\" \/>\n\t<meta property=\"og:image:type\" content=\"image\/jpeg\" \/>\n<meta name=\"twitter:card\" content=\"summary_large_image\" \/>\n<meta name=\"twitter:label1\" content=\"Est. reading time\" \/>\n\t<meta name=\"twitter:data1\" content=\"1 minute\" \/>\n<script type=\"application\/ld+json\" class=\"yoast-schema-graph\">{\"@context\":\"https:\\\/\\\/schema.org\",\"@graph\":[{\"@type\":\"WebPage\",\"@id\":\"https:\\\/\\\/yardratshop.com\\\/producto\\\/bigf-toys-tmnt-donatello-bigf-003\\\/\",\"url\":\"https:\\\/\\\/yardratshop.com\\\/producto\\\/bigf-toys-tmnt-donatello-bigf-003\\\/\",\"name\":\"Donatello TMNT 1\\\/6 Bigf Toys (BIGF-003) - Figura articulada\",\"isPartOf\":{\"@id\":\"https:\\\/\\\/yardratshop.com\\\/#website\"},\"primaryImageOfPage\":{\"@id\":\"https:\\\/\\\/yardratshop.com\\\/producto\\\/bigf-toys-tmnt-donatello-bigf-003\\\/#primaryimage\"},\"image\":{\"@id\":\"https:\\\/\\\/yardratshop.com\\\/producto\\\/bigf-toys-tmnt-donatello-bigf-003\\\/#primaryimage\"},\"thumbnailUrl\":\"https:\\\/\\\/yardratshop.com\\\/wp-content\\\/uploads\\\/2025\\\/11\\\/143047ei2e4s22breqf888.jpg\",\"datePublished\":\"2025-11-07T17:27:35+00:00\",\"dateModified\":\"2025-12-18T23:37:26+00:00\",\"description\":\"Descubre la figura articulada de Donatello de las Tortugas Ninja (TMNT) a escala 1\\\/6 de Bigf Toys (BIGF-003). Detalles premium para coleccionistas exigentes. \u00a1Reserva ya!\",\"breadcrumb\":{\"@id\":\"https:\\\/\\\/yardratshop.com\\\/producto\\\/bigf-toys-tmnt-donatello-bigf-003\\\/#breadcrumb\"},\"inLanguage\":\"en-US\",\"potentialAction\":[{\"@type\":\"ReadAction\",\"target\":[\"https:\\\/\\\/yardratshop.com\\\/producto\\\/bigf-toys-tmnt-donatello-bigf-003\\\/\"]}]},{\"@type\":\"ImageObject\",\"inLanguage\":\"en-US\",\"@id\":\"https:\\\/\\\/yardratshop.com\\\/producto\\\/bigf-toys-tmnt-donatello-bigf-003\\\/#primaryimage\",\"url\":\"https:\\\/\\\/yardratshop.com\\\/wp-content\\\/uploads\\\/2025\\\/11\\\/143047ei2e4s22breqf888.jpg\",\"contentUrl\":\"https:\\\/\\\/yardratshop.com\\\/wp-content\\\/uploads\\\/2025\\\/11\\\/143047ei2e4s22breqf888.jpg\",\"width\":1200,\"height\":1800,\"caption\":\"143047ei2e4s22breqf888\"},{\"@type\":\"BreadcrumbList\",\"@id\":\"https:\\\/\\\/yardratshop.com\\\/producto\\\/bigf-toys-tmnt-donatello-bigf-003\\\/#breadcrumb\",\"itemListElement\":[{\"@type\":\"ListItem\",\"position\":1,\"name\":\"Portada\",\"item\":\"https:\\\/\\\/yardratshop.com\\\/\"},{\"@type\":\"ListItem\",\"position\":2,\"name\":\"Tienda\",\"item\":\"https:\\\/\\\/yardratshop.com\\\/tienda\\\/\"},{\"@type\":\"ListItem\",\"position\":3,\"name\":\"Bigf Toys &#8211; Tmnt &#8211; Donatello (Bigf-003)\"}]},{\"@type\":\"WebSite\",\"@id\":\"https:\\\/\\\/yardratshop.com\\\/#website\",\"url\":\"https:\\\/\\\/yardratshop.com\\\/\",\"name\":\"Yardrat Shop\",\"description\":\"Tu tienda exclusiva de figuras y estatuas\",\"potentialAction\":[{\"@type\":\"SearchAction\",\"target\":{\"@type\":\"EntryPoint\",\"urlTemplate\":\"https:\\\/\\\/yardratshop.com\\\/?s={search_term_string}\"},\"query-input\":{\"@type\":\"PropertyValueSpecification\",\"valueRequired\":true,\"valueName\":\"search_term_string\"}}],\"inLanguage\":\"en-US\"}]}<\/script>\n<!-- \/ Yoast SEO plugin. -->","yoast_head_json":{"title":"Donatello TMNT 1\/6 Bigf Toys (BIGF-003) - Figura articulada","description":"Descubre la figura articulada de Donatello de las Tortugas Ninja (TMNT) a escala 1\/6 de Bigf Toys (BIGF-003). Detalles premium para coleccionistas exigentes. \u00a1Reserva ya!","robots":{"index":"index","follow":"follow","max-snippet":"max-snippet:-1","max-image-preview":"max-image-preview:large","max-video-preview":"max-video-preview:-1"},"canonical":"https:\/\/yardratshop.com\/eng\/product\/bigf-toys-tmnt-donatello-bigf-003\/","og_locale":"en_US","og_type":"article","og_title":"Donatello TMNT 1\/6 Bigf Toys (BIGF-003) - Figura articulada","og_description":"Descubre la figura articulada de Donatello de las Tortugas Ninja (TMNT) a escala 1\/6 de Bigf Toys (BIGF-003). Detalles premium para coleccionistas exigentes. \u00a1Reserva ya!","og_url":"https:\/\/yardratshop.com\/eng\/product\/bigf-toys-tmnt-donatello-bigf-003\/","og_site_name":"Yardrat Shop","article_modified_time":"2025-12-18T23:37:26+00:00","og_image":[{"width":1200,"height":1800,"url":"https:\/\/yardratshop.com\/wp-content\/uploads\/2025\/11\/143047ei2e4s22breqf888.jpg","type":"image\/jpeg"}],"twitter_card":"summary_large_image","twitter_misc":{"Est. reading time":"1 minute"},"schema":{"@context":"https:\/\/schema.org","@graph":[{"@type":"WebPage","@id":"https:\/\/yardratshop.com\/producto\/bigf-toys-tmnt-donatello-bigf-003\/","url":"https:\/\/yardratshop.com\/producto\/bigf-toys-tmnt-donatello-bigf-003\/","name":"Donatello TMNT 1\/6 Bigf Toys (BIGF-003) - Figura articulada","isPartOf":{"@id":"https:\/\/yardratshop.com\/#website"},"primaryImageOfPage":{"@id":"https:\/\/yardratshop.com\/producto\/bigf-toys-tmnt-donatello-bigf-003\/#primaryimage"},"image":{"@id":"https:\/\/yardratshop.com\/producto\/bigf-toys-tmnt-donatello-bigf-003\/#primaryimage"},"thumbnailUrl":"https:\/\/yardratshop.com\/wp-content\/uploads\/2025\/11\/143047ei2e4s22breqf888.jpg","datePublished":"2025-11-07T17:27:35+00:00","dateModified":"2025-12-18T23:37:26+00:00","description":"Descubre la figura articulada de Donatello de las Tortugas Ninja (TMNT) a escala 1\/6 de Bigf Toys (BIGF-003). Detalles premium para coleccionistas exigentes. \u00a1Reserva ya!","breadcrumb":{"@id":"https:\/\/yardratshop.com\/producto\/bigf-toys-tmnt-donatello-bigf-003\/#breadcrumb"},"inLanguage":"en-US","potentialAction":[{"@type":"ReadAction","target":["https:\/\/yardratshop.com\/producto\/bigf-toys-tmnt-donatello-bigf-003\/"]}]},{"@type":"ImageObject","inLanguage":"en-US","@id":"https:\/\/yardratshop.com\/producto\/bigf-toys-tmnt-donatello-bigf-003\/#primaryimage","url":"https:\/\/yardratshop.com\/wp-content\/uploads\/2025\/11\/143047ei2e4s22breqf888.jpg","contentUrl":"https:\/\/yardratshop.com\/wp-content\/uploads\/2025\/11\/143047ei2e4s22breqf888.jpg","width":1200,"height":1800,"caption":"143047ei2e4s22breqf888"},{"@type":"BreadcrumbList","@id":"https:\/\/yardratshop.com\/producto\/bigf-toys-tmnt-donatello-bigf-003\/#breadcrumb","itemListElement":[{"@type":"ListItem","position":1,"name":"Portada","item":"https:\/\/yardratshop.com\/"},{"@type":"ListItem","position":2,"name":"Tienda","item":"https:\/\/yardratshop.com\/tienda\/"},{"@type":"ListItem","position":3,"name":"Bigf Toys &#8211; Tmnt &#8211; Donatello (Bigf-003)"}]},{"@type":"WebSite","@id":"https:\/\/yardratshop.com\/#website","url":"https:\/\/yardratshop.com\/","name":"Yardrat Shop","description":"Tu tienda exclusiva de figuras y estatuas","potentialAction":[{"@type":"SearchAction","target":{"@type":"EntryPoint","urlTemplate":"https:\/\/yardratshop.com\/?s={search_term_string}"},"query-input":{"@type":"PropertyValueSpecification","valueRequired":true,"valueName":"search_term_string"}}],"inLanguage":"en-US"}]}},"_links":{"self":[{"href":"https:\/\/yardratshop.com\/eng\/wp-json\/wp\/v2\/product\/41982","targetHints":{"allow":["GET"]}}],"collection":[{"href":"https:\/\/yardratshop.com\/eng\/wp-json\/wp\/v2\/product"}],"about":[{"href":"https:\/\/yardratshop.com\/eng\/wp-json\/wp\/v2\/types\/product"}],"version-history":[{"count":1,"href":"https:\/\/yardratshop.com\/eng\/wp-json\/wp\/v2\/product\/41982\/revisions"}],"predecessor-version":[{"id":41996,"href":"https:\/\/yardratshop.com\/eng\/wp-json\/wp\/v2\/product\/41982\/revisions\/41996"}],"wp:featuredmedia":[{"embeddable":true,"href":"https:\/\/yardratshop.com\/eng\/wp-json\/wp\/v2\/media\/41988"}],"wp:attachment":[{"href":"https:\/\/yardratshop.com\/eng\/wp-json\/wp\/v2\/media?parent=41982"}],"wp:term":[{"taxonomy":"product_brand","embeddable":true,"href":"https:\/\/yardratshop.com\/eng\/wp-json\/wp\/v2\/product_brand?post=41982"},{"taxonomy":"product_cat","embeddable":true,"href":"https:\/\/yardratshop.com\/eng\/wp-json\/wp\/v2\/product_cat?post=41982"},{"taxonomy":"product_tag","embeddable":true,"href":"https:\/\/yardratshop.com\/eng\/wp-json\/wp\/v2\/product_tag?post=41982"}],"curies":[{"name":"wp","href":"https:\/\/api.w.org\/{rel}","templated":true}]}}