{"id":44465,"date":"2025-11-24T00:35:06","date_gmt":"2025-11-23T23:35:06","guid":{"rendered":"https:\/\/yardratshop.com\/?post_type=product&#038;p=44465"},"modified":"2025-12-21T20:37:55","modified_gmt":"2025-12-21T19:37:55","slug":"f4f-dark-souls-dragon-slayer-ornstein","status":"publish","type":"product","link":"https:\/\/yardratshop.com\/eng\/product\/f4f-dark-souls-dragon-slayer-ornstein\/","title":{"rendered":"F4F &#8211; Dark Souls &#8211; Dragon Slayer Ornstein"},"content":{"rendered":"","protected":false},"excerpt":{"rendered":"<p><strong>Medidas:\u00a0<\/strong>H67 x W56 x D79cm<br \/>\n<strong>Material:\u00a0<\/strong>Resin<br \/>\n<strong>Fecha de entrega:\u00a0<\/strong>Q2 2027<br \/>\n<strong>Fecha limite de reserva: <\/strong>13\u00a0de Diciembre<\/p>","protected":false},"featured_media":44493,"template":"","meta":[],"product_brand":[],"product_cat":[150,3391,141,3375,566],"product_tag":[],"class_list":{"0":"post-44465","1":"product","2":"type-product","3":"status-publish","4":"has-post-thumbnail","6":"product_cat-dark-souls","7":"product_cat-dragon-slayer-ornstein","8":"product_cat-videojuego","9":"product_cat-shadow-the-hedgehog","10":"product_cat-sonic","11":"pa_altura-61-90cm","12":"pa_escala-escala_1_4","13":"pa_estado-preorder","14":"pa_estudio-f4f","15":"pa_tipo-estatua-con-licencia","17":"first","18":"outofstock","19":"purchasable","20":"product-type-simple"},"yoast_head":"<!-- This site is optimized with the Yoast SEO plugin v27.3 - https:\/\/yoast.com\/product\/yoast-seo-wordpress\/ -->\n<title>F4F Dark Souls \u2013 Dragon Slayer Ornstein 1\/4 | Estatua de Resina Premium para Coleccionistas<\/title>\n<meta name=\"description\" content=\"Descubre la estatua 1\/4 de Dragon Slayer Ornstein de F4F, una pieza premium de resina para coleccionistas exigentes. Detalles impresionantes, acabado de lujo y presencia \u00e9pica para fans de Dark Souls. \u00a1A\u00f1\u00e1dela a tu colecci\u00f3n!\" \/>\n<meta name=\"robots\" content=\"index, follow, max-snippet:-1, max-image-preview:large, max-video-preview:-1\" \/>\n<link rel=\"canonical\" href=\"https:\/\/yardratshop.com\/eng\/product\/f4f-dark-souls-dragon-slayer-ornstein\/\" \/>\n<meta property=\"og:locale\" content=\"en_US\" \/>\n<meta property=\"og:type\" content=\"article\" \/>\n<meta property=\"og:title\" content=\"F4F Dark Souls \u2013 Dragon Slayer Ornstein 1\/4 | Estatua de Resina Premium para Coleccionistas\" \/>\n<meta property=\"og:description\" content=\"Descubre la estatua 1\/4 de Dragon Slayer Ornstein de F4F, una pieza premium de resina para coleccionistas exigentes. Detalles impresionantes, acabado de lujo y presencia \u00e9pica para fans de Dark Souls. \u00a1A\u00f1\u00e1dela a tu colecci\u00f3n!\" \/>\n<meta property=\"og:url\" content=\"https:\/\/yardratshop.com\/eng\/product\/f4f-dark-souls-dragon-slayer-ornstein\/\" \/>\n<meta property=\"og:site_name\" content=\"Yardrat Shop\" \/>\n<meta property=\"article:modified_time\" content=\"2025-12-21T19:37:55+00:00\" \/>\n<meta property=\"og:image\" content=\"https:\/\/yardratshop.com\/wp-content\/uploads\/2025\/11\/ornstein_reg_vertical_01.jpg.webp\" \/>\n\t<meta property=\"og:image:width\" content=\"840\" \/>\n\t<meta property=\"og:image:height\" content=\"1260\" \/>\n\t<meta property=\"og:image:type\" content=\"image\/webp\" \/>\n<meta name=\"twitter:card\" content=\"summary_large_image\" \/>\n<meta name=\"twitter:label1\" content=\"Est. reading time\" \/>\n\t<meta name=\"twitter:data1\" content=\"1 minute\" \/>\n<script type=\"application\/ld+json\" class=\"yoast-schema-graph\">{\"@context\":\"https:\\\/\\\/schema.org\",\"@graph\":[{\"@type\":\"WebPage\",\"@id\":\"https:\\\/\\\/yardratshop.com\\\/producto\\\/f4f-dark-souls-dragon-slayer-ornstein\\\/\",\"url\":\"https:\\\/\\\/yardratshop.com\\\/producto\\\/f4f-dark-souls-dragon-slayer-ornstein\\\/\",\"name\":\"F4F Dark Souls \u2013 Dragon Slayer Ornstein 1\\\/4 | Estatua de Resina Premium para Coleccionistas\",\"isPartOf\":{\"@id\":\"https:\\\/\\\/yardratshop.com\\\/#website\"},\"primaryImageOfPage\":{\"@id\":\"https:\\\/\\\/yardratshop.com\\\/producto\\\/f4f-dark-souls-dragon-slayer-ornstein\\\/#primaryimage\"},\"image\":{\"@id\":\"https:\\\/\\\/yardratshop.com\\\/producto\\\/f4f-dark-souls-dragon-slayer-ornstein\\\/#primaryimage\"},\"thumbnailUrl\":\"https:\\\/\\\/yardratshop.com\\\/wp-content\\\/uploads\\\/2025\\\/11\\\/ornstein_reg_vertical_01.jpg.webp\",\"datePublished\":\"2025-11-23T23:35:06+00:00\",\"dateModified\":\"2025-12-21T19:37:55+00:00\",\"description\":\"Descubre la estatua 1\\\/4 de Dragon Slayer Ornstein de F4F, una pieza premium de resina para coleccionistas exigentes. Detalles impresionantes, acabado de lujo y presencia \u00e9pica para fans de Dark Souls. \u00a1A\u00f1\u00e1dela a tu colecci\u00f3n!\",\"breadcrumb\":{\"@id\":\"https:\\\/\\\/yardratshop.com\\\/producto\\\/f4f-dark-souls-dragon-slayer-ornstein\\\/#breadcrumb\"},\"inLanguage\":\"en-US\",\"potentialAction\":[{\"@type\":\"ReadAction\",\"target\":[\"https:\\\/\\\/yardratshop.com\\\/producto\\\/f4f-dark-souls-dragon-slayer-ornstein\\\/\"]}]},{\"@type\":\"ImageObject\",\"inLanguage\":\"en-US\",\"@id\":\"https:\\\/\\\/yardratshop.com\\\/producto\\\/f4f-dark-souls-dragon-slayer-ornstein\\\/#primaryimage\",\"url\":\"https:\\\/\\\/yardratshop.com\\\/wp-content\\\/uploads\\\/2025\\\/11\\\/ornstein_reg_vertical_01.jpg.webp\",\"contentUrl\":\"https:\\\/\\\/yardratshop.com\\\/wp-content\\\/uploads\\\/2025\\\/11\\\/ornstein_reg_vertical_01.jpg.webp\",\"width\":840,\"height\":1260,\"caption\":\"ornstein reg vertical 01.jpg\"},{\"@type\":\"BreadcrumbList\",\"@id\":\"https:\\\/\\\/yardratshop.com\\\/producto\\\/f4f-dark-souls-dragon-slayer-ornstein\\\/#breadcrumb\",\"itemListElement\":[{\"@type\":\"ListItem\",\"position\":1,\"name\":\"Portada\",\"item\":\"https:\\\/\\\/yardratshop.com\\\/\"},{\"@type\":\"ListItem\",\"position\":2,\"name\":\"Tienda\",\"item\":\"https:\\\/\\\/yardratshop.com\\\/tienda\\\/\"},{\"@type\":\"ListItem\",\"position\":3,\"name\":\"F4F &#8211; Dark Souls &#8211; Dragon Slayer Ornstein\"}]},{\"@type\":\"WebSite\",\"@id\":\"https:\\\/\\\/yardratshop.com\\\/#website\",\"url\":\"https:\\\/\\\/yardratshop.com\\\/\",\"name\":\"Yardrat Shop\",\"description\":\"Tu tienda exclusiva de figuras y estatuas\",\"potentialAction\":[{\"@type\":\"SearchAction\",\"target\":{\"@type\":\"EntryPoint\",\"urlTemplate\":\"https:\\\/\\\/yardratshop.com\\\/?s={search_term_string}\"},\"query-input\":{\"@type\":\"PropertyValueSpecification\",\"valueRequired\":true,\"valueName\":\"search_term_string\"}}],\"inLanguage\":\"en-US\"}]}<\/script>\n<!-- \/ Yoast SEO plugin. -->","yoast_head_json":{"title":"F4F Dark Souls \u2013 Dragon Slayer Ornstein 1\/4 | Estatua de Resina Premium para Coleccionistas","description":"Descubre la estatua 1\/4 de Dragon Slayer Ornstein de F4F, una pieza premium de resina para coleccionistas exigentes. Detalles impresionantes, acabado de lujo y presencia \u00e9pica para fans de Dark Souls. \u00a1A\u00f1\u00e1dela a tu colecci\u00f3n!","robots":{"index":"index","follow":"follow","max-snippet":"max-snippet:-1","max-image-preview":"max-image-preview:large","max-video-preview":"max-video-preview:-1"},"canonical":"https:\/\/yardratshop.com\/eng\/product\/f4f-dark-souls-dragon-slayer-ornstein\/","og_locale":"en_US","og_type":"article","og_title":"F4F Dark Souls \u2013 Dragon Slayer Ornstein 1\/4 | Estatua de Resina Premium para Coleccionistas","og_description":"Descubre la estatua 1\/4 de Dragon Slayer Ornstein de F4F, una pieza premium de resina para coleccionistas exigentes. Detalles impresionantes, acabado de lujo y presencia \u00e9pica para fans de Dark Souls. \u00a1A\u00f1\u00e1dela a tu colecci\u00f3n!","og_url":"https:\/\/yardratshop.com\/eng\/product\/f4f-dark-souls-dragon-slayer-ornstein\/","og_site_name":"Yardrat Shop","article_modified_time":"2025-12-21T19:37:55+00:00","og_image":[{"width":840,"height":1260,"url":"https:\/\/yardratshop.com\/wp-content\/uploads\/2025\/11\/ornstein_reg_vertical_01.jpg.webp","type":"image\/webp"}],"twitter_card":"summary_large_image","twitter_misc":{"Est. reading time":"1 minute"},"schema":{"@context":"https:\/\/schema.org","@graph":[{"@type":"WebPage","@id":"https:\/\/yardratshop.com\/producto\/f4f-dark-souls-dragon-slayer-ornstein\/","url":"https:\/\/yardratshop.com\/producto\/f4f-dark-souls-dragon-slayer-ornstein\/","name":"F4F Dark Souls \u2013 Dragon Slayer Ornstein 1\/4 | Estatua de Resina Premium para Coleccionistas","isPartOf":{"@id":"https:\/\/yardratshop.com\/#website"},"primaryImageOfPage":{"@id":"https:\/\/yardratshop.com\/producto\/f4f-dark-souls-dragon-slayer-ornstein\/#primaryimage"},"image":{"@id":"https:\/\/yardratshop.com\/producto\/f4f-dark-souls-dragon-slayer-ornstein\/#primaryimage"},"thumbnailUrl":"https:\/\/yardratshop.com\/wp-content\/uploads\/2025\/11\/ornstein_reg_vertical_01.jpg.webp","datePublished":"2025-11-23T23:35:06+00:00","dateModified":"2025-12-21T19:37:55+00:00","description":"Descubre la estatua 1\/4 de Dragon Slayer Ornstein de F4F, una pieza premium de resina para coleccionistas exigentes. Detalles impresionantes, acabado de lujo y presencia \u00e9pica para fans de Dark Souls. \u00a1A\u00f1\u00e1dela a tu colecci\u00f3n!","breadcrumb":{"@id":"https:\/\/yardratshop.com\/producto\/f4f-dark-souls-dragon-slayer-ornstein\/#breadcrumb"},"inLanguage":"en-US","potentialAction":[{"@type":"ReadAction","target":["https:\/\/yardratshop.com\/producto\/f4f-dark-souls-dragon-slayer-ornstein\/"]}]},{"@type":"ImageObject","inLanguage":"en-US","@id":"https:\/\/yardratshop.com\/producto\/f4f-dark-souls-dragon-slayer-ornstein\/#primaryimage","url":"https:\/\/yardratshop.com\/wp-content\/uploads\/2025\/11\/ornstein_reg_vertical_01.jpg.webp","contentUrl":"https:\/\/yardratshop.com\/wp-content\/uploads\/2025\/11\/ornstein_reg_vertical_01.jpg.webp","width":840,"height":1260,"caption":"ornstein reg vertical 01.jpg"},{"@type":"BreadcrumbList","@id":"https:\/\/yardratshop.com\/producto\/f4f-dark-souls-dragon-slayer-ornstein\/#breadcrumb","itemListElement":[{"@type":"ListItem","position":1,"name":"Portada","item":"https:\/\/yardratshop.com\/"},{"@type":"ListItem","position":2,"name":"Tienda","item":"https:\/\/yardratshop.com\/tienda\/"},{"@type":"ListItem","position":3,"name":"F4F &#8211; Dark Souls &#8211; Dragon Slayer Ornstein"}]},{"@type":"WebSite","@id":"https:\/\/yardratshop.com\/#website","url":"https:\/\/yardratshop.com\/","name":"Yardrat Shop","description":"Tu tienda exclusiva de figuras y estatuas","potentialAction":[{"@type":"SearchAction","target":{"@type":"EntryPoint","urlTemplate":"https:\/\/yardratshop.com\/?s={search_term_string}"},"query-input":{"@type":"PropertyValueSpecification","valueRequired":true,"valueName":"search_term_string"}}],"inLanguage":"en-US"}]}},"_links":{"self":[{"href":"https:\/\/yardratshop.com\/eng\/wp-json\/wp\/v2\/product\/44465","targetHints":{"allow":["GET"]}}],"collection":[{"href":"https:\/\/yardratshop.com\/eng\/wp-json\/wp\/v2\/product"}],"about":[{"href":"https:\/\/yardratshop.com\/eng\/wp-json\/wp\/v2\/types\/product"}],"version-history":[{"count":1,"href":"https:\/\/yardratshop.com\/eng\/wp-json\/wp\/v2\/product\/44465\/revisions"}],"predecessor-version":[{"id":44494,"href":"https:\/\/yardratshop.com\/eng\/wp-json\/wp\/v2\/product\/44465\/revisions\/44494"}],"wp:featuredmedia":[{"embeddable":true,"href":"https:\/\/yardratshop.com\/eng\/wp-json\/wp\/v2\/media\/44493"}],"wp:attachment":[{"href":"https:\/\/yardratshop.com\/eng\/wp-json\/wp\/v2\/media?parent=44465"}],"wp:term":[{"taxonomy":"product_brand","embeddable":true,"href":"https:\/\/yardratshop.com\/eng\/wp-json\/wp\/v2\/product_brand?post=44465"},{"taxonomy":"product_cat","embeddable":true,"href":"https:\/\/yardratshop.com\/eng\/wp-json\/wp\/v2\/product_cat?post=44465"},{"taxonomy":"product_tag","embeddable":true,"href":"https:\/\/yardratshop.com\/eng\/wp-json\/wp\/v2\/product_tag?post=44465"}],"curies":[{"name":"wp","href":"https:\/\/api.w.org\/{rel}","templated":true}]}}