{"id":47537,"date":"2025-12-07T12:46:31","date_gmt":"2025-12-07T11:46:31","guid":{"rendered":"https:\/\/yardratshop.com\/?post_type=product&#038;p=47537"},"modified":"2026-01-25T02:08:48","modified_gmt":"2026-01-25T01:08:48","slug":"tenka-studio-dragon-ball-kid-goku","status":"publish","type":"product","link":"https:\/\/yardratshop.com\/eng\/product\/tenka-studio-dragon-ball-kid-goku\/","title":{"rendered":"Tenka Studio &#8211; Dragon Ball &#8211; Kid Goku"},"content":{"rendered":"","protected":false},"excerpt":{"rendered":"<p><strong>Medidas:\u00a0<\/strong>H17 x W18 x D24cm<br \/>\n<strong>Material:\u00a0<\/strong>Resin<br \/>\n<strong>Fecha de entrega:\u00a0<\/strong>Q1-Q2 2026<\/p>","protected":false},"featured_media":47547,"template":"","meta":[],"product_brand":[],"product_cat":[81,80,115],"product_tag":[],"class_list":{"0":"post-47537","1":"product","2":"type-product","3":"status-publish","4":"has-post-thumbnail","6":"product_cat-dragonball","7":"product_cat-anime","8":"product_cat-goku","9":"pa_altura-16-25cm","10":"pa_escala-otros","11":"pa_estado-preorder","12":"pa_estudio-tenka-studio","13":"pa_tipo-estatua-de-resina","15":"first","16":"outofstock","17":"purchasable","18":"product-type-simple"},"yoast_head":"<!-- This site is optimized with the Yoast SEO plugin v27.6 - https:\/\/yoast.com\/product\/yoast-seo-wordpress\/ -->\n<title>Tenka Studio Kid Goku \u2013 Estatua de Resina Dragon Ball | Coleccionista Premium<\/title>\n<meta name=\"description\" content=\"Descubre la estatua de resina Kid Goku de Tenka Studio, una pieza premium para coleccionistas de Dragon Ball. Detallado acabado, edici\u00f3n limitada y env\u00edo seguro. A\u00f1\u00e1dela a tu colecci\u00f3n hoy.\" \/>\n<meta name=\"robots\" content=\"index, follow, max-snippet:-1, max-image-preview:large, max-video-preview:-1\" \/>\n<link rel=\"canonical\" href=\"https:\/\/yardratshop.com\/eng\/product\/tenka-studio-dragon-ball-kid-goku\/\" \/>\n<meta property=\"og:locale\" content=\"en_US\" \/>\n<meta property=\"og:type\" content=\"article\" \/>\n<meta property=\"og:title\" content=\"Tenka Studio Kid Goku \u2013 Estatua de Resina Dragon Ball | Coleccionista Premium\" \/>\n<meta property=\"og:description\" content=\"Descubre la estatua de resina Kid Goku de Tenka Studio, una pieza premium para coleccionistas de Dragon Ball. Detallado acabado, edici\u00f3n limitada y env\u00edo seguro. A\u00f1\u00e1dela a tu colecci\u00f3n hoy.\" \/>\n<meta property=\"og:url\" content=\"https:\/\/yardratshop.com\/eng\/product\/tenka-studio-dragon-ball-kid-goku\/\" \/>\n<meta property=\"og:site_name\" content=\"Yardrat Shop\" \/>\n<meta property=\"article:modified_time\" content=\"2026-01-25T01:08:48+00:00\" \/>\n<meta property=\"og:image\" content=\"https:\/\/yardratshop.com\/wp-content\/uploads\/2025\/12\/4c333e0c980b059fd51f727c5654f9bf.jpg\" \/>\n\t<meta property=\"og:image:width\" content=\"1810\" \/>\n\t<meta property=\"og:image:height\" content=\"1129\" \/>\n\t<meta property=\"og:image:type\" content=\"image\/jpeg\" \/>\n<meta name=\"twitter:card\" content=\"summary_large_image\" \/>\n<meta name=\"twitter:label1\" content=\"Est. reading time\" \/>\n\t<meta name=\"twitter:data1\" content=\"1 minute\" \/>\n<script type=\"application\/ld+json\" class=\"yoast-schema-graph\">{\"@context\":\"https:\\\/\\\/schema.org\",\"@graph\":[{\"@type\":\"WebPage\",\"@id\":\"https:\\\/\\\/yardratshop.com\\\/producto\\\/tenka-studio-dragon-ball-kid-goku\\\/\",\"url\":\"https:\\\/\\\/yardratshop.com\\\/producto\\\/tenka-studio-dragon-ball-kid-goku\\\/\",\"name\":\"Tenka Studio Kid Goku \u2013 Estatua de Resina Dragon Ball | Coleccionista Premium\",\"isPartOf\":{\"@id\":\"https:\\\/\\\/yardratshop.com\\\/#website\"},\"primaryImageOfPage\":{\"@id\":\"https:\\\/\\\/yardratshop.com\\\/producto\\\/tenka-studio-dragon-ball-kid-goku\\\/#primaryimage\"},\"image\":{\"@id\":\"https:\\\/\\\/yardratshop.com\\\/producto\\\/tenka-studio-dragon-ball-kid-goku\\\/#primaryimage\"},\"thumbnailUrl\":\"https:\\\/\\\/yardratshop.com\\\/wp-content\\\/uploads\\\/2025\\\/12\\\/4c333e0c980b059fd51f727c5654f9bf.jpg\",\"datePublished\":\"2025-12-07T11:46:31+00:00\",\"dateModified\":\"2026-01-25T01:08:48+00:00\",\"description\":\"Descubre la estatua de resina Kid Goku de Tenka Studio, una pieza premium para coleccionistas de Dragon Ball. Detallado acabado, edici\u00f3n limitada y env\u00edo seguro. A\u00f1\u00e1dela a tu colecci\u00f3n hoy.\",\"breadcrumb\":{\"@id\":\"https:\\\/\\\/yardratshop.com\\\/producto\\\/tenka-studio-dragon-ball-kid-goku\\\/#breadcrumb\"},\"inLanguage\":\"en-US\",\"potentialAction\":[{\"@type\":\"ReadAction\",\"target\":[\"https:\\\/\\\/yardratshop.com\\\/producto\\\/tenka-studio-dragon-ball-kid-goku\\\/\"]}]},{\"@type\":\"ImageObject\",\"inLanguage\":\"en-US\",\"@id\":\"https:\\\/\\\/yardratshop.com\\\/producto\\\/tenka-studio-dragon-ball-kid-goku\\\/#primaryimage\",\"url\":\"https:\\\/\\\/yardratshop.com\\\/wp-content\\\/uploads\\\/2025\\\/12\\\/4c333e0c980b059fd51f727c5654f9bf.jpg\",\"contentUrl\":\"https:\\\/\\\/yardratshop.com\\\/wp-content\\\/uploads\\\/2025\\\/12\\\/4c333e0c980b059fd51f727c5654f9bf.jpg\",\"width\":1810,\"height\":1129,\"caption\":\"4c333e0c980b059fd51f727c5654f9bf\"},{\"@type\":\"BreadcrumbList\",\"@id\":\"https:\\\/\\\/yardratshop.com\\\/producto\\\/tenka-studio-dragon-ball-kid-goku\\\/#breadcrumb\",\"itemListElement\":[{\"@type\":\"ListItem\",\"position\":1,\"name\":\"Portada\",\"item\":\"https:\\\/\\\/yardratshop.com\\\/\"},{\"@type\":\"ListItem\",\"position\":2,\"name\":\"Tienda\",\"item\":\"https:\\\/\\\/yardratshop.com\\\/tienda\\\/\"},{\"@type\":\"ListItem\",\"position\":3,\"name\":\"Tenka Studio &#8211; Dragon Ball &#8211; Kid Goku\"}]},{\"@type\":\"WebSite\",\"@id\":\"https:\\\/\\\/yardratshop.com\\\/#website\",\"url\":\"https:\\\/\\\/yardratshop.com\\\/\",\"name\":\"Yardrat Shop\",\"description\":\"Tu tienda exclusiva de figuras y estatuas\",\"potentialAction\":[{\"@type\":\"SearchAction\",\"target\":{\"@type\":\"EntryPoint\",\"urlTemplate\":\"https:\\\/\\\/yardratshop.com\\\/?s={search_term_string}\"},\"query-input\":{\"@type\":\"PropertyValueSpecification\",\"valueRequired\":true,\"valueName\":\"search_term_string\"}}],\"inLanguage\":\"en-US\"}]}<\/script>\n<!-- \/ Yoast SEO plugin. -->","yoast_head_json":{"title":"Tenka Studio Kid Goku \u2013 Estatua de Resina Dragon Ball | Coleccionista Premium","description":"Descubre la estatua de resina Kid Goku de Tenka Studio, una pieza premium para coleccionistas de Dragon Ball. Detallado acabado, edici\u00f3n limitada y env\u00edo seguro. A\u00f1\u00e1dela a tu colecci\u00f3n hoy.","robots":{"index":"index","follow":"follow","max-snippet":"max-snippet:-1","max-image-preview":"max-image-preview:large","max-video-preview":"max-video-preview:-1"},"canonical":"https:\/\/yardratshop.com\/eng\/product\/tenka-studio-dragon-ball-kid-goku\/","og_locale":"en_US","og_type":"article","og_title":"Tenka Studio Kid Goku \u2013 Estatua de Resina Dragon Ball | Coleccionista Premium","og_description":"Descubre la estatua de resina Kid Goku de Tenka Studio, una pieza premium para coleccionistas de Dragon Ball. Detallado acabado, edici\u00f3n limitada y env\u00edo seguro. A\u00f1\u00e1dela a tu colecci\u00f3n hoy.","og_url":"https:\/\/yardratshop.com\/eng\/product\/tenka-studio-dragon-ball-kid-goku\/","og_site_name":"Yardrat Shop","article_modified_time":"2026-01-25T01:08:48+00:00","og_image":[{"width":1810,"height":1129,"url":"https:\/\/yardratshop.com\/wp-content\/uploads\/2025\/12\/4c333e0c980b059fd51f727c5654f9bf.jpg","type":"image\/jpeg"}],"twitter_card":"summary_large_image","twitter_misc":{"Est. reading time":"1 minute"},"schema":{"@context":"https:\/\/schema.org","@graph":[{"@type":"WebPage","@id":"https:\/\/yardratshop.com\/producto\/tenka-studio-dragon-ball-kid-goku\/","url":"https:\/\/yardratshop.com\/producto\/tenka-studio-dragon-ball-kid-goku\/","name":"Tenka Studio Kid Goku \u2013 Estatua de Resina Dragon Ball | Coleccionista Premium","isPartOf":{"@id":"https:\/\/yardratshop.com\/#website"},"primaryImageOfPage":{"@id":"https:\/\/yardratshop.com\/producto\/tenka-studio-dragon-ball-kid-goku\/#primaryimage"},"image":{"@id":"https:\/\/yardratshop.com\/producto\/tenka-studio-dragon-ball-kid-goku\/#primaryimage"},"thumbnailUrl":"https:\/\/yardratshop.com\/wp-content\/uploads\/2025\/12\/4c333e0c980b059fd51f727c5654f9bf.jpg","datePublished":"2025-12-07T11:46:31+00:00","dateModified":"2026-01-25T01:08:48+00:00","description":"Descubre la estatua de resina Kid Goku de Tenka Studio, una pieza premium para coleccionistas de Dragon Ball. Detallado acabado, edici\u00f3n limitada y env\u00edo seguro. A\u00f1\u00e1dela a tu colecci\u00f3n hoy.","breadcrumb":{"@id":"https:\/\/yardratshop.com\/producto\/tenka-studio-dragon-ball-kid-goku\/#breadcrumb"},"inLanguage":"en-US","potentialAction":[{"@type":"ReadAction","target":["https:\/\/yardratshop.com\/producto\/tenka-studio-dragon-ball-kid-goku\/"]}]},{"@type":"ImageObject","inLanguage":"en-US","@id":"https:\/\/yardratshop.com\/producto\/tenka-studio-dragon-ball-kid-goku\/#primaryimage","url":"https:\/\/yardratshop.com\/wp-content\/uploads\/2025\/12\/4c333e0c980b059fd51f727c5654f9bf.jpg","contentUrl":"https:\/\/yardratshop.com\/wp-content\/uploads\/2025\/12\/4c333e0c980b059fd51f727c5654f9bf.jpg","width":1810,"height":1129,"caption":"4c333e0c980b059fd51f727c5654f9bf"},{"@type":"BreadcrumbList","@id":"https:\/\/yardratshop.com\/producto\/tenka-studio-dragon-ball-kid-goku\/#breadcrumb","itemListElement":[{"@type":"ListItem","position":1,"name":"Portada","item":"https:\/\/yardratshop.com\/"},{"@type":"ListItem","position":2,"name":"Tienda","item":"https:\/\/yardratshop.com\/tienda\/"},{"@type":"ListItem","position":3,"name":"Tenka Studio &#8211; Dragon Ball &#8211; Kid Goku"}]},{"@type":"WebSite","@id":"https:\/\/yardratshop.com\/#website","url":"https:\/\/yardratshop.com\/","name":"Yardrat Shop","description":"Tu tienda exclusiva de figuras y estatuas","potentialAction":[{"@type":"SearchAction","target":{"@type":"EntryPoint","urlTemplate":"https:\/\/yardratshop.com\/?s={search_term_string}"},"query-input":{"@type":"PropertyValueSpecification","valueRequired":true,"valueName":"search_term_string"}}],"inLanguage":"en-US"}]}},"_links":{"self":[{"href":"https:\/\/yardratshop.com\/eng\/wp-json\/wp\/v2\/product\/47537","targetHints":{"allow":["GET"]}}],"collection":[{"href":"https:\/\/yardratshop.com\/eng\/wp-json\/wp\/v2\/product"}],"about":[{"href":"https:\/\/yardratshop.com\/eng\/wp-json\/wp\/v2\/types\/product"}],"version-history":[{"count":1,"href":"https:\/\/yardratshop.com\/eng\/wp-json\/wp\/v2\/product\/47537\/revisions"}],"predecessor-version":[{"id":47548,"href":"https:\/\/yardratshop.com\/eng\/wp-json\/wp\/v2\/product\/47537\/revisions\/47548"}],"wp:featuredmedia":[{"embeddable":true,"href":"https:\/\/yardratshop.com\/eng\/wp-json\/wp\/v2\/media\/47547"}],"wp:attachment":[{"href":"https:\/\/yardratshop.com\/eng\/wp-json\/wp\/v2\/media?parent=47537"}],"wp:term":[{"taxonomy":"product_brand","embeddable":true,"href":"https:\/\/yardratshop.com\/eng\/wp-json\/wp\/v2\/product_brand?post=47537"},{"taxonomy":"product_cat","embeddable":true,"href":"https:\/\/yardratshop.com\/eng\/wp-json\/wp\/v2\/product_cat?post=47537"},{"taxonomy":"product_tag","embeddable":true,"href":"https:\/\/yardratshop.com\/eng\/wp-json\/wp\/v2\/product_tag?post=47537"}],"curies":[{"name":"wp","href":"https:\/\/api.w.org\/{rel}","templated":true}]}}