{"id":55929,"date":"2026-01-08T14:11:12","date_gmt":"2026-01-08T13:11:12","guid":{"rendered":"https:\/\/yardratshop.com\/?post_type=product&#038;p=55929"},"modified":"2026-04-14T14:12:12","modified_gmt":"2026-04-14T12:12:12","slug":"one-studio-code-geass-lelouch-of-the-rebellion-lelouch-vi-britannia","status":"publish","type":"product","link":"https:\/\/yardratshop.com\/eng\/product\/one-studio-code-geass-lelouch-of-the-rebellion-lelouch-vi-britannia\/","title":{"rendered":"One Studio &#8211; Code Geass: Lelouch of the Rebellion &#8211; Lelouch Vi Britannia"},"content":{"rendered":"","protected":false},"excerpt":{"rendered":"<p><strong>Medidas:\u00a0<\/strong>H34 x W25 x D25cm<br \/>\n<strong>Material:\u00a0<\/strong>Resin+PU<br \/>\n<strong>Fecha de entrega:\u00a0<\/strong>Q2 2026<\/p>\n<ul>\n<li data-start=\"818\" data-end=\"1057\">\n<p data-start=\"821\" data-end=\"1057\">El estudio ha producido <strong data-start=\"845\" data-end=\"873\">dos versiones de Lelouch<\/strong>, correspondientes a etapas distintas: <strong data-start=\"912\" data-end=\"918\">R2<\/strong> y <strong data-start=\"921\" data-end=\"937\">Resurrecci\u00f3n<\/strong>.<br data-start=\"938\" data-end=\"941\" \/>Por error en la sesi\u00f3n de fotos, se mostr\u00f3 el casco equivocado; la versi\u00f3n final enviada ser\u00e1 <strong data-start=\"1038\" data-end=\"1056\">el casco de R2<\/strong>.<\/p>\n<\/li>\n<li data-start=\"1058\" data-end=\"1248\">\n<p data-start=\"1061\" data-end=\"1248\">Los pedidos realizados en la fase <strong data-start=\"1095\" data-end=\"1109\">early bird<\/strong> recibir\u00e1n un <strong data-start=\"1123\" data-end=\"1144\">regalo misterioso<\/strong> junto con el producto final.<br data-start=\"1173\" data-end=\"1176\" \/>Los pedidos fuera de la fase early bird <strong data-start=\"1219\" data-end=\"1225\">no<\/strong> incluir\u00e1n el obsequio.<\/p>\n<\/li>\n<li data-start=\"1249\" data-end=\"1307\">\n<p data-start=\"1252\" data-end=\"1307\">La siguiente pieza de la l\u00ednea Resonancia ser\u00e1 <strong data-start=\"1299\" data-end=\"1307\">C.C.<\/strong><\/p>\n<\/li>\n<\/ul>","protected":false},"featured_media":55938,"template":"","meta":[],"product_brand":[],"product_cat":[3527,80],"product_tag":[],"class_list":{"0":"post-55929","1":"product","2":"type-product","3":"status-publish","4":"has-post-thumbnail","6":"product_cat-code-geass","7":"product_cat-anime","8":"pa_altura-26-35cm","9":"pa_escala-escala_1_6","10":"pa_estado-preorder","11":"pa_estudio-one-studio","12":"pa_tipo-estatua-de-resina","14":"first","15":"outofstock","16":"purchasable","17":"product-type-simple"},"yoast_head":"<!-- This site is optimized with the Yoast SEO plugin v27.4 - https:\/\/yoast.com\/product\/yoast-seo-wordpress\/ -->\n<title>Lelouch vi Britannia 1\/6 \u2013 Estatua Resina Premium | Code Geass: Lelouch of the Rebellion One Studio<\/title>\n<meta name=\"description\" content=\"Estatua de resina 1\/6 de Lelouch vi Britannia por One Studio. Pieza premium para coleccionistas de anime: acabados de alto nivel, tirada limitada y puro Geass para tu vitrina.\" \/>\n<meta name=\"robots\" content=\"index, follow, max-snippet:-1, max-image-preview:large, max-video-preview:-1\" \/>\n<link rel=\"canonical\" href=\"https:\/\/yardratshop.com\/eng\/product\/one-studio-code-geass-lelouch-of-the-rebellion-lelouch-vi-britannia\/\" \/>\n<meta property=\"og:locale\" content=\"en_US\" \/>\n<meta property=\"og:type\" content=\"article\" \/>\n<meta property=\"og:title\" content=\"Lelouch vi Britannia 1\/6 \u2013 Estatua Resina Premium | Code Geass: Lelouch of the Rebellion One Studio\" \/>\n<meta property=\"og:description\" content=\"Estatua de resina 1\/6 de Lelouch vi Britannia por One Studio. Pieza premium para coleccionistas de anime: acabados de alto nivel, tirada limitada y puro Geass para tu vitrina.\" \/>\n<meta property=\"og:url\" content=\"https:\/\/yardratshop.com\/eng\/product\/one-studio-code-geass-lelouch-of-the-rebellion-lelouch-vi-britannia\/\" \/>\n<meta property=\"og:site_name\" content=\"Yardrat Shop\" \/>\n<meta property=\"article:modified_time\" content=\"2026-04-14T12:12:12+00:00\" \/>\n<meta property=\"og:image\" content=\"https:\/\/yardratshop.com\/wp-content\/uploads\/2026\/01\/13fa5301a275421ee727570672da93aa-scaled.jpg\" \/>\n\t<meta property=\"og:image:width\" content=\"1707\" \/>\n\t<meta property=\"og:image:height\" content=\"2560\" \/>\n\t<meta property=\"og:image:type\" content=\"image\/jpeg\" \/>\n<meta name=\"twitter:card\" content=\"summary_large_image\" \/>\n<meta name=\"twitter:label1\" content=\"Est. reading time\" \/>\n\t<meta name=\"twitter:data1\" content=\"1 minute\" \/>\n<script type=\"application\/ld+json\" class=\"yoast-schema-graph\">{\"@context\":\"https:\\\/\\\/schema.org\",\"@graph\":[{\"@type\":\"WebPage\",\"@id\":\"https:\\\/\\\/yardratshop.com\\\/producto\\\/one-studio-code-geass-lelouch-of-the-rebellion-lelouch-vi-britannia\\\/\",\"url\":\"https:\\\/\\\/yardratshop.com\\\/producto\\\/one-studio-code-geass-lelouch-of-the-rebellion-lelouch-vi-britannia\\\/\",\"name\":\"Lelouch vi Britannia 1\\\/6 \u2013 Estatua Resina Premium | Code Geass: Lelouch of the Rebellion One Studio\",\"isPartOf\":{\"@id\":\"https:\\\/\\\/yardratshop.com\\\/#website\"},\"primaryImageOfPage\":{\"@id\":\"https:\\\/\\\/yardratshop.com\\\/producto\\\/one-studio-code-geass-lelouch-of-the-rebellion-lelouch-vi-britannia\\\/#primaryimage\"},\"image\":{\"@id\":\"https:\\\/\\\/yardratshop.com\\\/producto\\\/one-studio-code-geass-lelouch-of-the-rebellion-lelouch-vi-britannia\\\/#primaryimage\"},\"thumbnailUrl\":\"https:\\\/\\\/yardratshop.com\\\/wp-content\\\/uploads\\\/2026\\\/01\\\/13fa5301a275421ee727570672da93aa-scaled.jpg\",\"datePublished\":\"2026-01-08T13:11:12+00:00\",\"dateModified\":\"2026-04-14T12:12:12+00:00\",\"description\":\"Estatua de resina 1\\\/6 de Lelouch vi Britannia por One Studio. Pieza premium para coleccionistas de anime: acabados de alto nivel, tirada limitada y puro Geass para tu vitrina.\",\"breadcrumb\":{\"@id\":\"https:\\\/\\\/yardratshop.com\\\/producto\\\/one-studio-code-geass-lelouch-of-the-rebellion-lelouch-vi-britannia\\\/#breadcrumb\"},\"inLanguage\":\"en-US\",\"potentialAction\":[{\"@type\":\"ReadAction\",\"target\":[\"https:\\\/\\\/yardratshop.com\\\/producto\\\/one-studio-code-geass-lelouch-of-the-rebellion-lelouch-vi-britannia\\\/\"]}]},{\"@type\":\"ImageObject\",\"inLanguage\":\"en-US\",\"@id\":\"https:\\\/\\\/yardratshop.com\\\/producto\\\/one-studio-code-geass-lelouch-of-the-rebellion-lelouch-vi-britannia\\\/#primaryimage\",\"url\":\"https:\\\/\\\/yardratshop.com\\\/wp-content\\\/uploads\\\/2026\\\/01\\\/13fa5301a275421ee727570672da93aa-scaled.jpg\",\"contentUrl\":\"https:\\\/\\\/yardratshop.com\\\/wp-content\\\/uploads\\\/2026\\\/01\\\/13fa5301a275421ee727570672da93aa-scaled.jpg\",\"width\":1707,\"height\":2560,\"caption\":\"13fa5301a275421ee727570672da93aa\"},{\"@type\":\"BreadcrumbList\",\"@id\":\"https:\\\/\\\/yardratshop.com\\\/producto\\\/one-studio-code-geass-lelouch-of-the-rebellion-lelouch-vi-britannia\\\/#breadcrumb\",\"itemListElement\":[{\"@type\":\"ListItem\",\"position\":1,\"name\":\"Portada\",\"item\":\"https:\\\/\\\/yardratshop.com\\\/\"},{\"@type\":\"ListItem\",\"position\":2,\"name\":\"Tienda\",\"item\":\"https:\\\/\\\/yardratshop.com\\\/tienda\\\/\"},{\"@type\":\"ListItem\",\"position\":3,\"name\":\"One Studio &#8211; Code Geass: Lelouch of the Rebellion &#8211; Lelouch Vi Britannia\"}]},{\"@type\":\"WebSite\",\"@id\":\"https:\\\/\\\/yardratshop.com\\\/#website\",\"url\":\"https:\\\/\\\/yardratshop.com\\\/\",\"name\":\"Yardrat Shop\",\"description\":\"Tu tienda exclusiva de figuras y estatuas\",\"potentialAction\":[{\"@type\":\"SearchAction\",\"target\":{\"@type\":\"EntryPoint\",\"urlTemplate\":\"https:\\\/\\\/yardratshop.com\\\/?s={search_term_string}\"},\"query-input\":{\"@type\":\"PropertyValueSpecification\",\"valueRequired\":true,\"valueName\":\"search_term_string\"}}],\"inLanguage\":\"en-US\"}]}<\/script>\n<!-- \/ Yoast SEO plugin. -->","yoast_head_json":{"title":"Lelouch vi Britannia 1\/6 \u2013 Estatua Resina Premium | Code Geass: Lelouch of the Rebellion One Studio","description":"Estatua de resina 1\/6 de Lelouch vi Britannia por One Studio. Pieza premium para coleccionistas de anime: acabados de alto nivel, tirada limitada y puro Geass para tu vitrina.","robots":{"index":"index","follow":"follow","max-snippet":"max-snippet:-1","max-image-preview":"max-image-preview:large","max-video-preview":"max-video-preview:-1"},"canonical":"https:\/\/yardratshop.com\/eng\/product\/one-studio-code-geass-lelouch-of-the-rebellion-lelouch-vi-britannia\/","og_locale":"en_US","og_type":"article","og_title":"Lelouch vi Britannia 1\/6 \u2013 Estatua Resina Premium | Code Geass: Lelouch of the Rebellion One Studio","og_description":"Estatua de resina 1\/6 de Lelouch vi Britannia por One Studio. Pieza premium para coleccionistas de anime: acabados de alto nivel, tirada limitada y puro Geass para tu vitrina.","og_url":"https:\/\/yardratshop.com\/eng\/product\/one-studio-code-geass-lelouch-of-the-rebellion-lelouch-vi-britannia\/","og_site_name":"Yardrat Shop","article_modified_time":"2026-04-14T12:12:12+00:00","og_image":[{"width":1707,"height":2560,"url":"https:\/\/yardratshop.com\/wp-content\/uploads\/2026\/01\/13fa5301a275421ee727570672da93aa-scaled.jpg","type":"image\/jpeg"}],"twitter_card":"summary_large_image","twitter_misc":{"Est. reading time":"1 minute"},"schema":{"@context":"https:\/\/schema.org","@graph":[{"@type":"WebPage","@id":"https:\/\/yardratshop.com\/producto\/one-studio-code-geass-lelouch-of-the-rebellion-lelouch-vi-britannia\/","url":"https:\/\/yardratshop.com\/producto\/one-studio-code-geass-lelouch-of-the-rebellion-lelouch-vi-britannia\/","name":"Lelouch vi Britannia 1\/6 \u2013 Estatua Resina Premium | Code Geass: Lelouch of the Rebellion One Studio","isPartOf":{"@id":"https:\/\/yardratshop.com\/#website"},"primaryImageOfPage":{"@id":"https:\/\/yardratshop.com\/producto\/one-studio-code-geass-lelouch-of-the-rebellion-lelouch-vi-britannia\/#primaryimage"},"image":{"@id":"https:\/\/yardratshop.com\/producto\/one-studio-code-geass-lelouch-of-the-rebellion-lelouch-vi-britannia\/#primaryimage"},"thumbnailUrl":"https:\/\/yardratshop.com\/wp-content\/uploads\/2026\/01\/13fa5301a275421ee727570672da93aa-scaled.jpg","datePublished":"2026-01-08T13:11:12+00:00","dateModified":"2026-04-14T12:12:12+00:00","description":"Estatua de resina 1\/6 de Lelouch vi Britannia por One Studio. Pieza premium para coleccionistas de anime: acabados de alto nivel, tirada limitada y puro Geass para tu vitrina.","breadcrumb":{"@id":"https:\/\/yardratshop.com\/producto\/one-studio-code-geass-lelouch-of-the-rebellion-lelouch-vi-britannia\/#breadcrumb"},"inLanguage":"en-US","potentialAction":[{"@type":"ReadAction","target":["https:\/\/yardratshop.com\/producto\/one-studio-code-geass-lelouch-of-the-rebellion-lelouch-vi-britannia\/"]}]},{"@type":"ImageObject","inLanguage":"en-US","@id":"https:\/\/yardratshop.com\/producto\/one-studio-code-geass-lelouch-of-the-rebellion-lelouch-vi-britannia\/#primaryimage","url":"https:\/\/yardratshop.com\/wp-content\/uploads\/2026\/01\/13fa5301a275421ee727570672da93aa-scaled.jpg","contentUrl":"https:\/\/yardratshop.com\/wp-content\/uploads\/2026\/01\/13fa5301a275421ee727570672da93aa-scaled.jpg","width":1707,"height":2560,"caption":"13fa5301a275421ee727570672da93aa"},{"@type":"BreadcrumbList","@id":"https:\/\/yardratshop.com\/producto\/one-studio-code-geass-lelouch-of-the-rebellion-lelouch-vi-britannia\/#breadcrumb","itemListElement":[{"@type":"ListItem","position":1,"name":"Portada","item":"https:\/\/yardratshop.com\/"},{"@type":"ListItem","position":2,"name":"Tienda","item":"https:\/\/yardratshop.com\/tienda\/"},{"@type":"ListItem","position":3,"name":"One Studio &#8211; Code Geass: Lelouch of the Rebellion &#8211; Lelouch Vi Britannia"}]},{"@type":"WebSite","@id":"https:\/\/yardratshop.com\/#website","url":"https:\/\/yardratshop.com\/","name":"Yardrat Shop","description":"Tu tienda exclusiva de figuras y estatuas","potentialAction":[{"@type":"SearchAction","target":{"@type":"EntryPoint","urlTemplate":"https:\/\/yardratshop.com\/?s={search_term_string}"},"query-input":{"@type":"PropertyValueSpecification","valueRequired":true,"valueName":"search_term_string"}}],"inLanguage":"en-US"}]}},"_links":{"self":[{"href":"https:\/\/yardratshop.com\/eng\/wp-json\/wp\/v2\/product\/55929","targetHints":{"allow":["GET"]}}],"collection":[{"href":"https:\/\/yardratshop.com\/eng\/wp-json\/wp\/v2\/product"}],"about":[{"href":"https:\/\/yardratshop.com\/eng\/wp-json\/wp\/v2\/types\/product"}],"version-history":[{"count":1,"href":"https:\/\/yardratshop.com\/eng\/wp-json\/wp\/v2\/product\/55929\/revisions"}],"predecessor-version":[{"id":55941,"href":"https:\/\/yardratshop.com\/eng\/wp-json\/wp\/v2\/product\/55929\/revisions\/55941"}],"wp:featuredmedia":[{"embeddable":true,"href":"https:\/\/yardratshop.com\/eng\/wp-json\/wp\/v2\/media\/55938"}],"wp:attachment":[{"href":"https:\/\/yardratshop.com\/eng\/wp-json\/wp\/v2\/media?parent=55929"}],"wp:term":[{"taxonomy":"product_brand","embeddable":true,"href":"https:\/\/yardratshop.com\/eng\/wp-json\/wp\/v2\/product_brand?post=55929"},{"taxonomy":"product_cat","embeddable":true,"href":"https:\/\/yardratshop.com\/eng\/wp-json\/wp\/v2\/product_cat?post=55929"},{"taxonomy":"product_tag","embeddable":true,"href":"https:\/\/yardratshop.com\/eng\/wp-json\/wp\/v2\/product_tag?post=55929"}],"curies":[{"name":"wp","href":"https:\/\/api.w.org\/{rel}","templated":true}]}}