{"id":56786,"date":"2026-01-14T01:02:07","date_gmt":"2026-01-14T00:02:07","guid":{"rendered":"https:\/\/yardratshop.com\/?post_type=product&#038;p=56786"},"modified":"2026-03-09T12:47:25","modified_gmt":"2026-03-09T11:47:25","slug":"jw-studio-dragon-ball-super-gohan-beast","status":"publish","type":"product","link":"https:\/\/yardratshop.com\/eng\/product\/jw-studio-dragon-ball-super-gohan-beast\/","title":{"rendered":"JW Studio &#8211; Dragon Ball Super &#8211; Gohan Beast"},"content":{"rendered":"","protected":false},"excerpt":{"rendered":"<p><strong>Medidas:<\/strong><\/p>\n<p>Low: H33 x W19 x D18cm<br \/>\nHigh: H40 x W24 x D20cm<\/p>\n<p><strong>Material:\u00a0<\/strong>Resin+PU+Transparent Resin<br \/>\n<strong>Fecha de entrega:\u00a0<\/strong>Q2 2026<\/p>\n<p><strong data-start=\"1182\" data-end=\"1199\">High Edition:<\/strong> Base con luz, figura, malet\u00edn de transporte, placa met\u00e1lica, tarjeta coleccionable, certificado<br data-start=\"1295\" data-end=\"1298\" \/><strong data-start=\"1298\" data-end=\"1314\">Low Edition:<\/strong> Base negra est\u00e1ndar, figura, malet\u00edn de transporte, placa met\u00e1lica, tarjeta coleccionable, certificado<\/p>\n<h3 data-start=\"1424\" data-end=\"1449\"><strong data-start=\"1428\" data-end=\"1449\">Notas importantes<\/strong><\/h3>\n<ul data-start=\"1450\" data-end=\"1740\">\n<li data-start=\"1450\" data-end=\"1575\">\n<p data-start=\"1452\" data-end=\"1575\">Optimizaci\u00f3n del producto final:<br data-start=\"1484\" data-end=\"1487\" \/>Im\u00e1n sin orificios, adhesivo ocular, mejor uni\u00f3n entre la ropa del pecho y el torso.<\/p>\n<\/li>\n<\/ul>","protected":false},"featured_media":56787,"template":"","meta":[],"product_brand":[],"product_cat":[81,80,241],"product_tag":[],"class_list":{"0":"post-56786","1":"product","2":"type-product","3":"status-publish","4":"has-post-thumbnail","6":"product_cat-dragonball","7":"product_cat-anime","8":"product_cat-gohan","9":"pa_altura-36-45cm","10":"pa_escala-escala_1_6","11":"pa_estado-preorder","12":"pa_estudio-jw-studio","13":"pa_tipo-estatua-de-resina","15":"first","16":"outofstock","17":"purchasable","18":"product-type-variable"},"yoast_head":"<!-- This site is optimized with the Yoast SEO plugin v27.4 - https:\/\/yoast.com\/product\/yoast-seo-wordpress\/ -->\n<title>Gohan Beast 1\/6 Dragon Ball Super | Estatua Premium JW Studio<\/title>\n<meta name=\"description\" content=\"Estatua de resina Gohan Beast 1\/6 de JW Studio, inspirada en Dragon Ball Super. Pieza de colecci\u00f3n premium para fans exigentes. Edici\u00f3n limitada, detalles extremos y presencia \u00e9pica.\" \/>\n<meta name=\"robots\" content=\"index, follow, max-snippet:-1, max-image-preview:large, max-video-preview:-1\" \/>\n<link rel=\"canonical\" href=\"https:\/\/yardratshop.com\/eng\/product\/jw-studio-dragon-ball-super-gohan-beast\/\" \/>\n<meta property=\"og:locale\" content=\"en_US\" \/>\n<meta property=\"og:type\" content=\"article\" \/>\n<meta property=\"og:title\" content=\"Gohan Beast 1\/6 Dragon Ball Super | Estatua Premium JW Studio\" \/>\n<meta property=\"og:description\" content=\"Estatua de resina Gohan Beast 1\/6 de JW Studio, inspirada en Dragon Ball Super. Pieza de colecci\u00f3n premium para fans exigentes. Edici\u00f3n limitada, detalles extremos y presencia \u00e9pica.\" \/>\n<meta property=\"og:url\" content=\"https:\/\/yardratshop.com\/eng\/product\/jw-studio-dragon-ball-super-gohan-beast\/\" \/>\n<meta property=\"og:site_name\" content=\"Yardrat Shop\" \/>\n<meta property=\"article:modified_time\" content=\"2026-03-09T11:47:25+00:00\" \/>\n<meta property=\"og:image\" content=\"https:\/\/yardratshop.com\/wp-content\/uploads\/2026\/01\/6aa6475352f5ac0cfe6310c51799d259-768x1152.png\" \/>\n\t<meta property=\"og:image:width\" content=\"768\" \/>\n\t<meta property=\"og:image:height\" content=\"1152\" \/>\n\t<meta property=\"og:image:type\" content=\"image\/png\" \/>\n<meta name=\"twitter:card\" content=\"summary_large_image\" \/>\n<meta name=\"twitter:label1\" content=\"Est. reading time\" \/>\n\t<meta name=\"twitter:data1\" content=\"1 minute\" \/>\n<script type=\"application\/ld+json\" class=\"yoast-schema-graph\">{\"@context\":\"https:\\\/\\\/schema.org\",\"@graph\":[{\"@type\":\"WebPage\",\"@id\":\"https:\\\/\\\/yardratshop.com\\\/producto\\\/jw-studio-dragon-ball-super-gohan-beast\\\/\",\"url\":\"https:\\\/\\\/yardratshop.com\\\/producto\\\/jw-studio-dragon-ball-super-gohan-beast\\\/\",\"name\":\"Gohan Beast 1\\\/6 Dragon Ball Super | Estatua Premium JW Studio\",\"isPartOf\":{\"@id\":\"https:\\\/\\\/yardratshop.com\\\/#website\"},\"primaryImageOfPage\":{\"@id\":\"https:\\\/\\\/yardratshop.com\\\/producto\\\/jw-studio-dragon-ball-super-gohan-beast\\\/#primaryimage\"},\"image\":{\"@id\":\"https:\\\/\\\/yardratshop.com\\\/producto\\\/jw-studio-dragon-ball-super-gohan-beast\\\/#primaryimage\"},\"thumbnailUrl\":\"https:\\\/\\\/yardratshop.com\\\/wp-content\\\/uploads\\\/2026\\\/01\\\/6aa6475352f5ac0cfe6310c51799d259-scaled.png\",\"datePublished\":\"2026-01-14T00:02:07+00:00\",\"dateModified\":\"2026-03-09T11:47:25+00:00\",\"description\":\"Estatua de resina Gohan Beast 1\\\/6 de JW Studio, inspirada en Dragon Ball Super. Pieza de colecci\u00f3n premium para fans exigentes. Edici\u00f3n limitada, detalles extremos y presencia \u00e9pica.\",\"breadcrumb\":{\"@id\":\"https:\\\/\\\/yardratshop.com\\\/producto\\\/jw-studio-dragon-ball-super-gohan-beast\\\/#breadcrumb\"},\"inLanguage\":\"en-US\",\"potentialAction\":[{\"@type\":\"ReadAction\",\"target\":[\"https:\\\/\\\/yardratshop.com\\\/producto\\\/jw-studio-dragon-ball-super-gohan-beast\\\/\"]}]},{\"@type\":\"ImageObject\",\"inLanguage\":\"en-US\",\"@id\":\"https:\\\/\\\/yardratshop.com\\\/producto\\\/jw-studio-dragon-ball-super-gohan-beast\\\/#primaryimage\",\"url\":\"https:\\\/\\\/yardratshop.com\\\/wp-content\\\/uploads\\\/2026\\\/01\\\/6aa6475352f5ac0cfe6310c51799d259-scaled.png\",\"contentUrl\":\"https:\\\/\\\/yardratshop.com\\\/wp-content\\\/uploads\\\/2026\\\/01\\\/6aa6475352f5ac0cfe6310c51799d259-scaled.png\",\"width\":1707,\"height\":2560,\"caption\":\"6aa6475352f5ac0cfe6310c51799d259\"},{\"@type\":\"BreadcrumbList\",\"@id\":\"https:\\\/\\\/yardratshop.com\\\/producto\\\/jw-studio-dragon-ball-super-gohan-beast\\\/#breadcrumb\",\"itemListElement\":[{\"@type\":\"ListItem\",\"position\":1,\"name\":\"Portada\",\"item\":\"https:\\\/\\\/yardratshop.com\\\/\"},{\"@type\":\"ListItem\",\"position\":2,\"name\":\"Tienda\",\"item\":\"https:\\\/\\\/yardratshop.com\\\/tienda\\\/\"},{\"@type\":\"ListItem\",\"position\":3,\"name\":\"JW Studio &#8211; Dragon Ball Super &#8211; Gohan Beast\"}]},{\"@type\":\"WebSite\",\"@id\":\"https:\\\/\\\/yardratshop.com\\\/#website\",\"url\":\"https:\\\/\\\/yardratshop.com\\\/\",\"name\":\"Yardrat Shop\",\"description\":\"Tu tienda exclusiva de figuras y estatuas\",\"potentialAction\":[{\"@type\":\"SearchAction\",\"target\":{\"@type\":\"EntryPoint\",\"urlTemplate\":\"https:\\\/\\\/yardratshop.com\\\/?s={search_term_string}\"},\"query-input\":{\"@type\":\"PropertyValueSpecification\",\"valueRequired\":true,\"valueName\":\"search_term_string\"}}],\"inLanguage\":\"en-US\"}]}<\/script>\n<!-- \/ Yoast SEO plugin. -->","yoast_head_json":{"title":"Gohan Beast 1\/6 Dragon Ball Super | Estatua Premium JW Studio","description":"Estatua de resina Gohan Beast 1\/6 de JW Studio, inspirada en Dragon Ball Super. Pieza de colecci\u00f3n premium para fans exigentes. Edici\u00f3n limitada, detalles extremos y presencia \u00e9pica.","robots":{"index":"index","follow":"follow","max-snippet":"max-snippet:-1","max-image-preview":"max-image-preview:large","max-video-preview":"max-video-preview:-1"},"canonical":"https:\/\/yardratshop.com\/eng\/product\/jw-studio-dragon-ball-super-gohan-beast\/","og_locale":"en_US","og_type":"article","og_title":"Gohan Beast 1\/6 Dragon Ball Super | Estatua Premium JW Studio","og_description":"Estatua de resina Gohan Beast 1\/6 de JW Studio, inspirada en Dragon Ball Super. Pieza de colecci\u00f3n premium para fans exigentes. Edici\u00f3n limitada, detalles extremos y presencia \u00e9pica.","og_url":"https:\/\/yardratshop.com\/eng\/product\/jw-studio-dragon-ball-super-gohan-beast\/","og_site_name":"Yardrat Shop","article_modified_time":"2026-03-09T11:47:25+00:00","og_image":[{"width":768,"height":1152,"url":"https:\/\/yardratshop.com\/wp-content\/uploads\/2026\/01\/6aa6475352f5ac0cfe6310c51799d259-768x1152.png","type":"image\/png"}],"twitter_card":"summary_large_image","twitter_misc":{"Est. reading time":"1 minute"},"schema":{"@context":"https:\/\/schema.org","@graph":[{"@type":"WebPage","@id":"https:\/\/yardratshop.com\/producto\/jw-studio-dragon-ball-super-gohan-beast\/","url":"https:\/\/yardratshop.com\/producto\/jw-studio-dragon-ball-super-gohan-beast\/","name":"Gohan Beast 1\/6 Dragon Ball Super | Estatua Premium JW Studio","isPartOf":{"@id":"https:\/\/yardratshop.com\/#website"},"primaryImageOfPage":{"@id":"https:\/\/yardratshop.com\/producto\/jw-studio-dragon-ball-super-gohan-beast\/#primaryimage"},"image":{"@id":"https:\/\/yardratshop.com\/producto\/jw-studio-dragon-ball-super-gohan-beast\/#primaryimage"},"thumbnailUrl":"https:\/\/yardratshop.com\/wp-content\/uploads\/2026\/01\/6aa6475352f5ac0cfe6310c51799d259-scaled.png","datePublished":"2026-01-14T00:02:07+00:00","dateModified":"2026-03-09T11:47:25+00:00","description":"Estatua de resina Gohan Beast 1\/6 de JW Studio, inspirada en Dragon Ball Super. Pieza de colecci\u00f3n premium para fans exigentes. Edici\u00f3n limitada, detalles extremos y presencia \u00e9pica.","breadcrumb":{"@id":"https:\/\/yardratshop.com\/producto\/jw-studio-dragon-ball-super-gohan-beast\/#breadcrumb"},"inLanguage":"en-US","potentialAction":[{"@type":"ReadAction","target":["https:\/\/yardratshop.com\/producto\/jw-studio-dragon-ball-super-gohan-beast\/"]}]},{"@type":"ImageObject","inLanguage":"en-US","@id":"https:\/\/yardratshop.com\/producto\/jw-studio-dragon-ball-super-gohan-beast\/#primaryimage","url":"https:\/\/yardratshop.com\/wp-content\/uploads\/2026\/01\/6aa6475352f5ac0cfe6310c51799d259-scaled.png","contentUrl":"https:\/\/yardratshop.com\/wp-content\/uploads\/2026\/01\/6aa6475352f5ac0cfe6310c51799d259-scaled.png","width":1707,"height":2560,"caption":"6aa6475352f5ac0cfe6310c51799d259"},{"@type":"BreadcrumbList","@id":"https:\/\/yardratshop.com\/producto\/jw-studio-dragon-ball-super-gohan-beast\/#breadcrumb","itemListElement":[{"@type":"ListItem","position":1,"name":"Portada","item":"https:\/\/yardratshop.com\/"},{"@type":"ListItem","position":2,"name":"Tienda","item":"https:\/\/yardratshop.com\/tienda\/"},{"@type":"ListItem","position":3,"name":"JW Studio &#8211; Dragon Ball Super &#8211; Gohan Beast"}]},{"@type":"WebSite","@id":"https:\/\/yardratshop.com\/#website","url":"https:\/\/yardratshop.com\/","name":"Yardrat Shop","description":"Tu tienda exclusiva de figuras y estatuas","potentialAction":[{"@type":"SearchAction","target":{"@type":"EntryPoint","urlTemplate":"https:\/\/yardratshop.com\/?s={search_term_string}"},"query-input":{"@type":"PropertyValueSpecification","valueRequired":true,"valueName":"search_term_string"}}],"inLanguage":"en-US"}]}},"_links":{"self":[{"href":"https:\/\/yardratshop.com\/eng\/wp-json\/wp\/v2\/product\/56786","targetHints":{"allow":["GET"]}}],"collection":[{"href":"https:\/\/yardratshop.com\/eng\/wp-json\/wp\/v2\/product"}],"about":[{"href":"https:\/\/yardratshop.com\/eng\/wp-json\/wp\/v2\/types\/product"}],"version-history":[{"count":1,"href":"https:\/\/yardratshop.com\/eng\/wp-json\/wp\/v2\/product\/56786\/revisions"}],"predecessor-version":[{"id":56794,"href":"https:\/\/yardratshop.com\/eng\/wp-json\/wp\/v2\/product\/56786\/revisions\/56794"}],"wp:featuredmedia":[{"embeddable":true,"href":"https:\/\/yardratshop.com\/eng\/wp-json\/wp\/v2\/media\/56787"}],"wp:attachment":[{"href":"https:\/\/yardratshop.com\/eng\/wp-json\/wp\/v2\/media?parent=56786"}],"wp:term":[{"taxonomy":"product_brand","embeddable":true,"href":"https:\/\/yardratshop.com\/eng\/wp-json\/wp\/v2\/product_brand?post=56786"},{"taxonomy":"product_cat","embeddable":true,"href":"https:\/\/yardratshop.com\/eng\/wp-json\/wp\/v2\/product_cat?post=56786"},{"taxonomy":"product_tag","embeddable":true,"href":"https:\/\/yardratshop.com\/eng\/wp-json\/wp\/v2\/product_tag?post=56786"}],"curies":[{"name":"wp","href":"https:\/\/api.w.org\/{rel}","templated":true}]}}