{"id":57267,"date":"2026-01-15T14:00:10","date_gmt":"2026-01-15T13:00:10","guid":{"rendered":"https:\/\/yardratshop.com\/?post_type=product&#038;p=57267"},"modified":"2026-02-02T23:04:42","modified_gmt":"2026-02-02T22:04:42","slug":"asmus-toys-evil-dead-2-dead-by-dawn-ash-williams","status":"publish","type":"product","link":"https:\/\/yardratshop.com\/eng\/product\/asmus-toys-evil-dead-2-dead-by-dawn-ash-williams\/","title":{"rendered":"ASMUS Toys &#8211; Evil Dead 2: Dead by Dawn &#8211; Ash Williams"},"content":{"rendered":"","protected":false},"excerpt":{"rendered":"<p><strong>Medidas:\u00a0<\/strong>H30cm<br \/>\n<strong>Fecha de entrega: <\/strong>Q3 2026<br \/>\n<strong>Fecha limite de reserva:\u00a0<\/strong>2 de Febrero<\/p>\n<h2 data-start=\"812\" data-end=\"845\"><strong data-start=\"815\" data-end=\"845\">Accesorios intercambiables<\/strong><\/h2>\n<ul data-start=\"846\" data-end=\"1030\">\n<li data-start=\"846\" data-end=\"869\">\n<p data-start=\"848\" data-end=\"869\"><strong data-start=\"848\" data-end=\"867\">1 mano relajada<\/strong><\/p>\n<\/li>\n<li data-start=\"870\" data-end=\"903\">\n<p data-start=\"872\" data-end=\"903\"><strong data-start=\"872\" data-end=\"901\">1 mano para sujetar armas<\/strong><\/p>\n<\/li>\n<li data-start=\"904\" data-end=\"926\">\n<p data-start=\"906\" data-end=\"926\"><strong data-start=\"906\" data-end=\"924\">1 mano en pu\u00f1o<\/strong><\/p>\n<\/li>\n<li data-start=\"927\" data-end=\"966\">\n<p data-start=\"929\" data-end=\"966\"><strong data-start=\"929\" data-end=\"964\">1 mano derecha vendada (herida)<\/strong><\/p>\n<\/li>\n<li data-start=\"967\" data-end=\"1009\">\n<p data-start=\"969\" data-end=\"1009\"><strong data-start=\"969\" data-end=\"995\">1 mano derecha pose\u00edda<\/strong> (evil hand)<\/p>\n<\/li>\n<li data-start=\"1010\" data-end=\"1030\">\n<p data-start=\"1012\" data-end=\"1030\"><strong data-start=\"1012\" data-end=\"1030\">1 par de botas<\/strong><\/p>\n<\/li>\n<\/ul>\n<hr data-start=\"1032\" data-end=\"1035\" \/>\n<h2 data-start=\"1037\" data-end=\"1060\"><strong data-start=\"1040\" data-end=\"1060\">Conjunto de ropa<\/strong><\/h2>\n<ul data-start=\"1061\" data-end=\"1185\">\n<li data-start=\"1061\" data-end=\"1119\">\n<p data-start=\"1063\" data-end=\"1119\"><strong data-start=\"1063\" data-end=\"1117\">1 camisa azul de manga larga con efecto desgarrado<\/strong><\/p>\n<\/li>\n<li data-start=\"1120\" data-end=\"1162\">\n<p data-start=\"1122\" data-end=\"1162\"><strong data-start=\"1122\" data-end=\"1160\">1 pantal\u00f3n de trabajo marr\u00f3n largo<\/strong><\/p>\n<\/li>\n<li data-start=\"1163\" data-end=\"1185\">\n<p data-start=\"1165\" data-end=\"1185\"><strong data-start=\"1165\" data-end=\"1185\">1 cintur\u00f3n negro<\/strong><\/p>\n<\/li>\n<\/ul>\n<hr data-start=\"1187\" data-end=\"1190\" \/>\n<h2 data-start=\"1192\" data-end=\"1204\"><strong data-start=\"1195\" data-end=\"1204\">Armas<\/strong><\/h2>\n<ul data-start=\"1205\" data-end=\"1486\">\n<li data-start=\"1205\" data-end=\"1228\">\n<p data-start=\"1207\" data-end=\"1228\"><strong data-start=\"1207\" data-end=\"1226\">1 hacha de mano<\/strong><\/p>\n<\/li>\n<li data-start=\"1229\" data-end=\"1261\">\n<p data-start=\"1231\" data-end=\"1261\"><strong data-start=\"1231\" data-end=\"1259\">1 libro del Necronomicon<\/strong><\/p>\n<\/li>\n<li data-start=\"1262\" data-end=\"1365\">\n<p data-start=\"1264\" data-end=\"1300\"><strong data-start=\"1264\" data-end=\"1298\">1 motosierra con hoja met\u00e1lica<\/strong><\/p>\n<ul data-start=\"1303\" data-end=\"1365\">\n<li data-start=\"1303\" data-end=\"1365\">\n<p data-start=\"1305\" data-end=\"1365\">Se monta mediante <strong data-start=\"1323\" data-end=\"1363\">im\u00e1n en la articulaci\u00f3n de la mu\u00f1eca<\/strong><\/p>\n<\/li>\n<\/ul>\n<\/li>\n<li data-start=\"1366\" data-end=\"1411\">\n<p data-start=\"1368\" data-end=\"1411\"><strong data-start=\"1368\" data-end=\"1409\">1 escopeta de dos ca\u00f1ones \u201cBoomstick\u201d<\/strong><\/p>\n<\/li>\n<li data-start=\"1412\" data-end=\"1457\">\n<p data-start=\"1414\" data-end=\"1457\"><strong data-start=\"1414\" data-end=\"1455\">1 daga khandariana (Kandarian Dagger)<\/strong><\/p>\n<\/li>\n<li data-start=\"1458\" data-end=\"1486\">\n<p data-start=\"1460\" data-end=\"1486\"><strong data-start=\"1460\" data-end=\"1486\">1 motosierra adicional<\/strong><\/p>\n<\/li>\n<\/ul>\n<hr data-start=\"1488\" data-end=\"1491\" \/>\n<h2 data-start=\"1493\" data-end=\"1521\"><strong data-start=\"1496\" data-end=\"1521\">Accesorios especiales<\/strong><\/h2>\n<ul data-start=\"1522\" data-end=\"1609\">\n<li data-start=\"1522\" data-end=\"1561\">\n<p data-start=\"1524\" data-end=\"1561\"><strong data-start=\"1524\" data-end=\"1559\">1 cabeza demon\u00edaca de Henrietta<\/strong><\/p>\n<\/li>\n<li data-start=\"1562\" data-end=\"1609\">\n<p data-start=\"1564\" data-end=\"1609\"><strong data-start=\"1564\" data-end=\"1609\">1 base expositora exclusiva de Asmus Toys<\/strong><\/p>\n<\/li>\n<\/ul>","protected":false},"featured_media":57277,"template":"","meta":[],"product_brand":[],"product_cat":[2781,3456,2780,80,127,153,766,482],"product_tag":[],"class_list":{"0":"post-57267","1":"product","2":"type-product","3":"status-publish","4":"has-post-thumbnail","6":"product_cat-ash","7":"product_cat-cierran-pronto","8":"product_cat-evil-dead","9":"product_cat-anime","10":"product_cat-jujutsu-kaisen","11":"product_cat-peliculas","12":"product_cat-satoru-gojo","13":"product_cat-suguru-geto","14":"pa_altura-26-35cm","15":"pa_escala-escala_1_6","16":"pa_estado-preorder","17":"pa_estudio-asmus-toys","18":"pa_tipo-figura-articulada","20":"first","21":"outofstock","22":"purchasable","23":"product-type-simple"},"yoast_head":"<!-- This site is optimized with the Yoast SEO plugin v27.4 - https:\/\/yoast.com\/product\/yoast-seo-wordpress\/ -->\n<title>Ash Williams 1\/6 \u2013 Evil Dead 2 | Figura Articulada Premium ASMUS Toys<\/title>\n<meta name=\"description\" content=\"Figura articulada 1\/6 de Ash Williams de Evil Dead 2: Dead by Dawn por ASMUS Toys. Pieza premium para coleccionistas frikis exigentes, con gran nivel de detalle y acabado realista.\" \/>\n<meta name=\"robots\" content=\"index, follow, max-snippet:-1, max-image-preview:large, max-video-preview:-1\" \/>\n<link rel=\"canonical\" href=\"https:\/\/yardratshop.com\/eng\/product\/asmus-toys-evil-dead-2-dead-by-dawn-ash-williams\/\" \/>\n<meta property=\"og:locale\" content=\"en_US\" \/>\n<meta property=\"og:type\" content=\"article\" \/>\n<meta property=\"og:title\" content=\"Ash Williams 1\/6 \u2013 Evil Dead 2 | Figura Articulada Premium ASMUS Toys\" \/>\n<meta property=\"og:description\" content=\"Figura articulada 1\/6 de Ash Williams de Evil Dead 2: Dead by Dawn por ASMUS Toys. Pieza premium para coleccionistas frikis exigentes, con gran nivel de detalle y acabado realista.\" \/>\n<meta property=\"og:url\" content=\"https:\/\/yardratshop.com\/eng\/product\/asmus-toys-evil-dead-2-dead-by-dawn-ash-williams\/\" \/>\n<meta property=\"og:site_name\" content=\"Yardrat Shop\" \/>\n<meta property=\"article:modified_time\" content=\"2026-02-02T22:04:42+00:00\" \/>\n<meta property=\"og:image\" content=\"https:\/\/yardratshop.com\/wp-content\/uploads\/2026\/01\/102226nmzzomnmmntqhrmo.jpg\" \/>\n\t<meta property=\"og:image:width\" content=\"615\" \/>\n\t<meta property=\"og:image:height\" content=\"923\" \/>\n\t<meta property=\"og:image:type\" content=\"image\/jpeg\" \/>\n<meta name=\"twitter:card\" content=\"summary_large_image\" \/>\n<meta name=\"twitter:label1\" content=\"Est. reading time\" \/>\n\t<meta name=\"twitter:data1\" content=\"1 minute\" \/>\n<script type=\"application\/ld+json\" class=\"yoast-schema-graph\">{\"@context\":\"https:\\\/\\\/schema.org\",\"@graph\":[{\"@type\":\"WebPage\",\"@id\":\"https:\\\/\\\/yardratshop.com\\\/producto\\\/asmus-toys-evil-dead-2-dead-by-dawn-ash-williams\\\/\",\"url\":\"https:\\\/\\\/yardratshop.com\\\/producto\\\/asmus-toys-evil-dead-2-dead-by-dawn-ash-williams\\\/\",\"name\":\"Ash Williams 1\\\/6 \u2013 Evil Dead 2 | Figura Articulada Premium ASMUS Toys\",\"isPartOf\":{\"@id\":\"https:\\\/\\\/yardratshop.com\\\/#website\"},\"primaryImageOfPage\":{\"@id\":\"https:\\\/\\\/yardratshop.com\\\/producto\\\/asmus-toys-evil-dead-2-dead-by-dawn-ash-williams\\\/#primaryimage\"},\"image\":{\"@id\":\"https:\\\/\\\/yardratshop.com\\\/producto\\\/asmus-toys-evil-dead-2-dead-by-dawn-ash-williams\\\/#primaryimage\"},\"thumbnailUrl\":\"https:\\\/\\\/yardratshop.com\\\/wp-content\\\/uploads\\\/2026\\\/01\\\/102226nmzzomnmmntqhrmo.jpg\",\"datePublished\":\"2026-01-15T13:00:10+00:00\",\"dateModified\":\"2026-02-02T22:04:42+00:00\",\"description\":\"Figura articulada 1\\\/6 de Ash Williams de Evil Dead 2: Dead by Dawn por ASMUS Toys. Pieza premium para coleccionistas frikis exigentes, con gran nivel de detalle y acabado realista.\",\"breadcrumb\":{\"@id\":\"https:\\\/\\\/yardratshop.com\\\/producto\\\/asmus-toys-evil-dead-2-dead-by-dawn-ash-williams\\\/#breadcrumb\"},\"inLanguage\":\"en-US\",\"potentialAction\":[{\"@type\":\"ReadAction\",\"target\":[\"https:\\\/\\\/yardratshop.com\\\/producto\\\/asmus-toys-evil-dead-2-dead-by-dawn-ash-williams\\\/\"]}]},{\"@type\":\"ImageObject\",\"inLanguage\":\"en-US\",\"@id\":\"https:\\\/\\\/yardratshop.com\\\/producto\\\/asmus-toys-evil-dead-2-dead-by-dawn-ash-williams\\\/#primaryimage\",\"url\":\"https:\\\/\\\/yardratshop.com\\\/wp-content\\\/uploads\\\/2026\\\/01\\\/102226nmzzomnmmntqhrmo.jpg\",\"contentUrl\":\"https:\\\/\\\/yardratshop.com\\\/wp-content\\\/uploads\\\/2026\\\/01\\\/102226nmzzomnmmntqhrmo.jpg\",\"width\":615,\"height\":923,\"caption\":\"102226nmzzomnmmntqhrmo\"},{\"@type\":\"BreadcrumbList\",\"@id\":\"https:\\\/\\\/yardratshop.com\\\/producto\\\/asmus-toys-evil-dead-2-dead-by-dawn-ash-williams\\\/#breadcrumb\",\"itemListElement\":[{\"@type\":\"ListItem\",\"position\":1,\"name\":\"Portada\",\"item\":\"https:\\\/\\\/yardratshop.com\\\/\"},{\"@type\":\"ListItem\",\"position\":2,\"name\":\"Tienda\",\"item\":\"https:\\\/\\\/yardratshop.com\\\/tienda\\\/\"},{\"@type\":\"ListItem\",\"position\":3,\"name\":\"ASMUS Toys &#8211; Evil Dead 2: Dead by Dawn &#8211; Ash Williams\"}]},{\"@type\":\"WebSite\",\"@id\":\"https:\\\/\\\/yardratshop.com\\\/#website\",\"url\":\"https:\\\/\\\/yardratshop.com\\\/\",\"name\":\"Yardrat Shop\",\"description\":\"Tu tienda exclusiva de figuras y estatuas\",\"potentialAction\":[{\"@type\":\"SearchAction\",\"target\":{\"@type\":\"EntryPoint\",\"urlTemplate\":\"https:\\\/\\\/yardratshop.com\\\/?s={search_term_string}\"},\"query-input\":{\"@type\":\"PropertyValueSpecification\",\"valueRequired\":true,\"valueName\":\"search_term_string\"}}],\"inLanguage\":\"en-US\"}]}<\/script>\n<!-- \/ Yoast SEO plugin. -->","yoast_head_json":{"title":"Ash Williams 1\/6 \u2013 Evil Dead 2 | Figura Articulada Premium ASMUS Toys","description":"Figura articulada 1\/6 de Ash Williams de Evil Dead 2: Dead by Dawn por ASMUS Toys. Pieza premium para coleccionistas frikis exigentes, con gran nivel de detalle y acabado realista.","robots":{"index":"index","follow":"follow","max-snippet":"max-snippet:-1","max-image-preview":"max-image-preview:large","max-video-preview":"max-video-preview:-1"},"canonical":"https:\/\/yardratshop.com\/eng\/product\/asmus-toys-evil-dead-2-dead-by-dawn-ash-williams\/","og_locale":"en_US","og_type":"article","og_title":"Ash Williams 1\/6 \u2013 Evil Dead 2 | Figura Articulada Premium ASMUS Toys","og_description":"Figura articulada 1\/6 de Ash Williams de Evil Dead 2: Dead by Dawn por ASMUS Toys. Pieza premium para coleccionistas frikis exigentes, con gran nivel de detalle y acabado realista.","og_url":"https:\/\/yardratshop.com\/eng\/product\/asmus-toys-evil-dead-2-dead-by-dawn-ash-williams\/","og_site_name":"Yardrat Shop","article_modified_time":"2026-02-02T22:04:42+00:00","og_image":[{"width":615,"height":923,"url":"https:\/\/yardratshop.com\/wp-content\/uploads\/2026\/01\/102226nmzzomnmmntqhrmo.jpg","type":"image\/jpeg"}],"twitter_card":"summary_large_image","twitter_misc":{"Est. reading time":"1 minute"},"schema":{"@context":"https:\/\/schema.org","@graph":[{"@type":"WebPage","@id":"https:\/\/yardratshop.com\/producto\/asmus-toys-evil-dead-2-dead-by-dawn-ash-williams\/","url":"https:\/\/yardratshop.com\/producto\/asmus-toys-evil-dead-2-dead-by-dawn-ash-williams\/","name":"Ash Williams 1\/6 \u2013 Evil Dead 2 | Figura Articulada Premium ASMUS Toys","isPartOf":{"@id":"https:\/\/yardratshop.com\/#website"},"primaryImageOfPage":{"@id":"https:\/\/yardratshop.com\/producto\/asmus-toys-evil-dead-2-dead-by-dawn-ash-williams\/#primaryimage"},"image":{"@id":"https:\/\/yardratshop.com\/producto\/asmus-toys-evil-dead-2-dead-by-dawn-ash-williams\/#primaryimage"},"thumbnailUrl":"https:\/\/yardratshop.com\/wp-content\/uploads\/2026\/01\/102226nmzzomnmmntqhrmo.jpg","datePublished":"2026-01-15T13:00:10+00:00","dateModified":"2026-02-02T22:04:42+00:00","description":"Figura articulada 1\/6 de Ash Williams de Evil Dead 2: Dead by Dawn por ASMUS Toys. Pieza premium para coleccionistas frikis exigentes, con gran nivel de detalle y acabado realista.","breadcrumb":{"@id":"https:\/\/yardratshop.com\/producto\/asmus-toys-evil-dead-2-dead-by-dawn-ash-williams\/#breadcrumb"},"inLanguage":"en-US","potentialAction":[{"@type":"ReadAction","target":["https:\/\/yardratshop.com\/producto\/asmus-toys-evil-dead-2-dead-by-dawn-ash-williams\/"]}]},{"@type":"ImageObject","inLanguage":"en-US","@id":"https:\/\/yardratshop.com\/producto\/asmus-toys-evil-dead-2-dead-by-dawn-ash-williams\/#primaryimage","url":"https:\/\/yardratshop.com\/wp-content\/uploads\/2026\/01\/102226nmzzomnmmntqhrmo.jpg","contentUrl":"https:\/\/yardratshop.com\/wp-content\/uploads\/2026\/01\/102226nmzzomnmmntqhrmo.jpg","width":615,"height":923,"caption":"102226nmzzomnmmntqhrmo"},{"@type":"BreadcrumbList","@id":"https:\/\/yardratshop.com\/producto\/asmus-toys-evil-dead-2-dead-by-dawn-ash-williams\/#breadcrumb","itemListElement":[{"@type":"ListItem","position":1,"name":"Portada","item":"https:\/\/yardratshop.com\/"},{"@type":"ListItem","position":2,"name":"Tienda","item":"https:\/\/yardratshop.com\/tienda\/"},{"@type":"ListItem","position":3,"name":"ASMUS Toys &#8211; Evil Dead 2: Dead by Dawn &#8211; Ash Williams"}]},{"@type":"WebSite","@id":"https:\/\/yardratshop.com\/#website","url":"https:\/\/yardratshop.com\/","name":"Yardrat Shop","description":"Tu tienda exclusiva de figuras y estatuas","potentialAction":[{"@type":"SearchAction","target":{"@type":"EntryPoint","urlTemplate":"https:\/\/yardratshop.com\/?s={search_term_string}"},"query-input":{"@type":"PropertyValueSpecification","valueRequired":true,"valueName":"search_term_string"}}],"inLanguage":"en-US"}]}},"_links":{"self":[{"href":"https:\/\/yardratshop.com\/eng\/wp-json\/wp\/v2\/product\/57267","targetHints":{"allow":["GET"]}}],"collection":[{"href":"https:\/\/yardratshop.com\/eng\/wp-json\/wp\/v2\/product"}],"about":[{"href":"https:\/\/yardratshop.com\/eng\/wp-json\/wp\/v2\/types\/product"}],"version-history":[{"count":1,"href":"https:\/\/yardratshop.com\/eng\/wp-json\/wp\/v2\/product\/57267\/revisions"}],"predecessor-version":[{"id":57299,"href":"https:\/\/yardratshop.com\/eng\/wp-json\/wp\/v2\/product\/57267\/revisions\/57299"}],"wp:featuredmedia":[{"embeddable":true,"href":"https:\/\/yardratshop.com\/eng\/wp-json\/wp\/v2\/media\/57277"}],"wp:attachment":[{"href":"https:\/\/yardratshop.com\/eng\/wp-json\/wp\/v2\/media?parent=57267"}],"wp:term":[{"taxonomy":"product_brand","embeddable":true,"href":"https:\/\/yardratshop.com\/eng\/wp-json\/wp\/v2\/product_brand?post=57267"},{"taxonomy":"product_cat","embeddable":true,"href":"https:\/\/yardratshop.com\/eng\/wp-json\/wp\/v2\/product_cat?post=57267"},{"taxonomy":"product_tag","embeddable":true,"href":"https:\/\/yardratshop.com\/eng\/wp-json\/wp\/v2\/product_tag?post=57267"}],"curies":[{"name":"wp","href":"https:\/\/api.w.org\/{rel}","templated":true}]}}