{"id":5971,"date":"2025-03-31T14:12:30","date_gmt":"2025-03-31T12:12:30","guid":{"rendered":"https:\/\/yardratshop.com\/?post_type=product&#038;p=5971"},"modified":"2025-12-19T00:44:23","modified_gmt":"2025-12-18T23:44:23","slug":"toy-birds-studio-bomberman-bomberman-kurobon","status":"publish","type":"product","link":"https:\/\/yardratshop.com\/eng\/product\/toy-birds-studio-bomberman-bomberman-kurobon\/","title":{"rendered":"Toy Birds Studio &#8211; Bomberman &#8211; Bomberman &#038; Kurobon"},"content":{"rendered":"","protected":false},"excerpt":{"rendered":"<p>Medidas: H7.5cm<\/p>\n<p>Incluye ambos personajes<\/p>\n<p>Fecha de entrega: Q3 2025<\/p>","protected":false},"featured_media":5972,"template":"","meta":[],"product_brand":[],"product_cat":[938,939,141,940],"product_tag":[943,949,944,947,950,946,948,951,945,942],"class_list":{"0":"post-5971","1":"product","2":"type-product","3":"status-publish","4":"has-post-thumbnail","6":"product_cat-bomberman","7":"product_cat-bomberman-bomberman","8":"product_cat-videojuego","9":"product_cat-kurobon","10":"product_tag-bomberman","11":"product_tag-bomberman-coleccion","12":"product_tag-bomberman-estatua","13":"product_tag-estatuas-exclusivas","14":"product_tag-figuras-anime","15":"product_tag-figuras-coleccionista","16":"product_tag-figuras-edicion-limitada","17":"product_tag-figuras-premium","18":"product_tag-kurobon","19":"product_tag-toy-birds-studio","20":"pa_altura-menos-10cm","21":"pa_escala-otros","22":"pa_estado-preorder","23":"pa_estudio-toy-bird-studio","24":"pa_tipo-estatua-de-resina","26":"first","27":"outofstock","28":"purchasable","29":"product-type-simple"},"yoast_head":"<!-- This site is optimized with the Yoast SEO plugin v27.4 - https:\/\/yoast.com\/product\/yoast-seo-wordpress\/ -->\n<title>Toy Birds Studio - Bomberman - Bomberman &amp; Kurobon - Yardrat Shop<\/title>\n<meta name=\"description\" content=\"Estatua Bomberman &amp; Kurobon de Toy Birds Studio, edici\u00f3n limitada y detallada para coleccionistas. \u00a1A\u00f1ade esta pieza \u00fanica a tu colecci\u00f3n!\" \/>\n<meta name=\"robots\" content=\"index, follow, max-snippet:-1, max-image-preview:large, max-video-preview:-1\" \/>\n<link rel=\"canonical\" href=\"https:\/\/yardratshop.com\/eng\/product\/toy-birds-studio-bomberman-bomberman-kurobon\/\" \/>\n<meta property=\"og:locale\" content=\"en_US\" \/>\n<meta property=\"og:type\" content=\"article\" \/>\n<meta property=\"og:title\" content=\"Toy Birds Studio - Bomberman - Bomberman &amp; Kurobon - Yardrat Shop\" \/>\n<meta property=\"og:description\" content=\"Estatua Bomberman &amp; Kurobon de Toy Birds Studio, edici\u00f3n limitada y detallada para coleccionistas. \u00a1A\u00f1ade esta pieza \u00fanica a tu colecci\u00f3n!\" \/>\n<meta property=\"og:url\" content=\"https:\/\/yardratshop.com\/eng\/product\/toy-birds-studio-bomberman-bomberman-kurobon\/\" \/>\n<meta property=\"og:site_name\" content=\"Yardrat Shop\" \/>\n<meta property=\"article:modified_time\" content=\"2025-12-18T23:44:23+00:00\" \/>\n<meta property=\"og:image\" content=\"https:\/\/yardratshop.com\/wp-content\/uploads\/2025\/03\/3296e4d0-e379-416e-94ef-5edcaccb4305.jpg\" \/>\n\t<meta property=\"og:image:width\" content=\"1200\" \/>\n\t<meta property=\"og:image:height\" content=\"1187\" \/>\n\t<meta property=\"og:image:type\" content=\"image\/jpeg\" \/>\n<meta name=\"twitter:card\" content=\"summary_large_image\" \/>\n<meta name=\"twitter:label1\" content=\"Est. reading time\" \/>\n\t<meta name=\"twitter:data1\" content=\"1 minute\" \/>\n<script type=\"application\/ld+json\" class=\"yoast-schema-graph\">{\"@context\":\"https:\\\/\\\/schema.org\",\"@graph\":[{\"@type\":\"WebPage\",\"@id\":\"https:\\\/\\\/yardratshop.com\\\/producto\\\/toy-birds-studio-bomberman-bomberman-kurobon\\\/\",\"url\":\"https:\\\/\\\/yardratshop.com\\\/producto\\\/toy-birds-studio-bomberman-bomberman-kurobon\\\/\",\"name\":\"Toy Birds Studio - Bomberman - Bomberman & Kurobon - Yardrat Shop\",\"isPartOf\":{\"@id\":\"https:\\\/\\\/yardratshop.com\\\/#website\"},\"primaryImageOfPage\":{\"@id\":\"https:\\\/\\\/yardratshop.com\\\/producto\\\/toy-birds-studio-bomberman-bomberman-kurobon\\\/#primaryimage\"},\"image\":{\"@id\":\"https:\\\/\\\/yardratshop.com\\\/producto\\\/toy-birds-studio-bomberman-bomberman-kurobon\\\/#primaryimage\"},\"thumbnailUrl\":\"https:\\\/\\\/yardratshop.com\\\/wp-content\\\/uploads\\\/2025\\\/03\\\/3296e4d0-e379-416e-94ef-5edcaccb4305.jpg\",\"datePublished\":\"2025-03-31T12:12:30+00:00\",\"dateModified\":\"2025-12-18T23:44:23+00:00\",\"description\":\"Estatua Bomberman & Kurobon de Toy Birds Studio, edici\u00f3n limitada y detallada para coleccionistas. \u00a1A\u00f1ade esta pieza \u00fanica a tu colecci\u00f3n!\",\"breadcrumb\":{\"@id\":\"https:\\\/\\\/yardratshop.com\\\/producto\\\/toy-birds-studio-bomberman-bomberman-kurobon\\\/#breadcrumb\"},\"inLanguage\":\"en-US\",\"potentialAction\":[{\"@type\":\"ReadAction\",\"target\":[\"https:\\\/\\\/yardratshop.com\\\/producto\\\/toy-birds-studio-bomberman-bomberman-kurobon\\\/\"]}]},{\"@type\":\"ImageObject\",\"inLanguage\":\"en-US\",\"@id\":\"https:\\\/\\\/yardratshop.com\\\/producto\\\/toy-birds-studio-bomberman-bomberman-kurobon\\\/#primaryimage\",\"url\":\"https:\\\/\\\/yardratshop.com\\\/wp-content\\\/uploads\\\/2025\\\/03\\\/3296e4d0-e379-416e-94ef-5edcaccb4305.jpg\",\"contentUrl\":\"https:\\\/\\\/yardratshop.com\\\/wp-content\\\/uploads\\\/2025\\\/03\\\/3296e4d0-e379-416e-94ef-5edcaccb4305.jpg\",\"width\":1200,\"height\":1187},{\"@type\":\"BreadcrumbList\",\"@id\":\"https:\\\/\\\/yardratshop.com\\\/producto\\\/toy-birds-studio-bomberman-bomberman-kurobon\\\/#breadcrumb\",\"itemListElement\":[{\"@type\":\"ListItem\",\"position\":1,\"name\":\"Portada\",\"item\":\"https:\\\/\\\/yardratshop.com\\\/\"},{\"@type\":\"ListItem\",\"position\":2,\"name\":\"Tienda\",\"item\":\"https:\\\/\\\/yardratshop.com\\\/tienda\\\/\"},{\"@type\":\"ListItem\",\"position\":3,\"name\":\"Toy Birds Studio &#8211; Bomberman &#8211; Bomberman &#038; Kurobon\"}]},{\"@type\":\"WebSite\",\"@id\":\"https:\\\/\\\/yardratshop.com\\\/#website\",\"url\":\"https:\\\/\\\/yardratshop.com\\\/\",\"name\":\"Yardrat Shop\",\"description\":\"Tu tienda exclusiva de figuras y estatuas\",\"potentialAction\":[{\"@type\":\"SearchAction\",\"target\":{\"@type\":\"EntryPoint\",\"urlTemplate\":\"https:\\\/\\\/yardratshop.com\\\/?s={search_term_string}\"},\"query-input\":{\"@type\":\"PropertyValueSpecification\",\"valueRequired\":true,\"valueName\":\"search_term_string\"}}],\"inLanguage\":\"en-US\"}]}<\/script>\n<!-- \/ Yoast SEO plugin. -->","yoast_head_json":{"title":"Toy Birds Studio - Bomberman - Bomberman & Kurobon - Yardrat Shop","description":"Estatua Bomberman & Kurobon de Toy Birds Studio, edici\u00f3n limitada y detallada para coleccionistas. \u00a1A\u00f1ade esta pieza \u00fanica a tu colecci\u00f3n!","robots":{"index":"index","follow":"follow","max-snippet":"max-snippet:-1","max-image-preview":"max-image-preview:large","max-video-preview":"max-video-preview:-1"},"canonical":"https:\/\/yardratshop.com\/eng\/product\/toy-birds-studio-bomberman-bomberman-kurobon\/","og_locale":"en_US","og_type":"article","og_title":"Toy Birds Studio - Bomberman - Bomberman & Kurobon - Yardrat Shop","og_description":"Estatua Bomberman & Kurobon de Toy Birds Studio, edici\u00f3n limitada y detallada para coleccionistas. \u00a1A\u00f1ade esta pieza \u00fanica a tu colecci\u00f3n!","og_url":"https:\/\/yardratshop.com\/eng\/product\/toy-birds-studio-bomberman-bomberman-kurobon\/","og_site_name":"Yardrat Shop","article_modified_time":"2025-12-18T23:44:23+00:00","og_image":[{"width":1200,"height":1187,"url":"https:\/\/yardratshop.com\/wp-content\/uploads\/2025\/03\/3296e4d0-e379-416e-94ef-5edcaccb4305.jpg","type":"image\/jpeg"}],"twitter_card":"summary_large_image","twitter_misc":{"Est. reading time":"1 minute"},"schema":{"@context":"https:\/\/schema.org","@graph":[{"@type":"WebPage","@id":"https:\/\/yardratshop.com\/producto\/toy-birds-studio-bomberman-bomberman-kurobon\/","url":"https:\/\/yardratshop.com\/producto\/toy-birds-studio-bomberman-bomberman-kurobon\/","name":"Toy Birds Studio - Bomberman - Bomberman & Kurobon - Yardrat Shop","isPartOf":{"@id":"https:\/\/yardratshop.com\/#website"},"primaryImageOfPage":{"@id":"https:\/\/yardratshop.com\/producto\/toy-birds-studio-bomberman-bomberman-kurobon\/#primaryimage"},"image":{"@id":"https:\/\/yardratshop.com\/producto\/toy-birds-studio-bomberman-bomberman-kurobon\/#primaryimage"},"thumbnailUrl":"https:\/\/yardratshop.com\/wp-content\/uploads\/2025\/03\/3296e4d0-e379-416e-94ef-5edcaccb4305.jpg","datePublished":"2025-03-31T12:12:30+00:00","dateModified":"2025-12-18T23:44:23+00:00","description":"Estatua Bomberman & Kurobon de Toy Birds Studio, edici\u00f3n limitada y detallada para coleccionistas. \u00a1A\u00f1ade esta pieza \u00fanica a tu colecci\u00f3n!","breadcrumb":{"@id":"https:\/\/yardratshop.com\/producto\/toy-birds-studio-bomberman-bomberman-kurobon\/#breadcrumb"},"inLanguage":"en-US","potentialAction":[{"@type":"ReadAction","target":["https:\/\/yardratshop.com\/producto\/toy-birds-studio-bomberman-bomberman-kurobon\/"]}]},{"@type":"ImageObject","inLanguage":"en-US","@id":"https:\/\/yardratshop.com\/producto\/toy-birds-studio-bomberman-bomberman-kurobon\/#primaryimage","url":"https:\/\/yardratshop.com\/wp-content\/uploads\/2025\/03\/3296e4d0-e379-416e-94ef-5edcaccb4305.jpg","contentUrl":"https:\/\/yardratshop.com\/wp-content\/uploads\/2025\/03\/3296e4d0-e379-416e-94ef-5edcaccb4305.jpg","width":1200,"height":1187},{"@type":"BreadcrumbList","@id":"https:\/\/yardratshop.com\/producto\/toy-birds-studio-bomberman-bomberman-kurobon\/#breadcrumb","itemListElement":[{"@type":"ListItem","position":1,"name":"Portada","item":"https:\/\/yardratshop.com\/"},{"@type":"ListItem","position":2,"name":"Tienda","item":"https:\/\/yardratshop.com\/tienda\/"},{"@type":"ListItem","position":3,"name":"Toy Birds Studio &#8211; Bomberman &#8211; Bomberman &#038; Kurobon"}]},{"@type":"WebSite","@id":"https:\/\/yardratshop.com\/#website","url":"https:\/\/yardratshop.com\/","name":"Yardrat Shop","description":"Tu tienda exclusiva de figuras y estatuas","potentialAction":[{"@type":"SearchAction","target":{"@type":"EntryPoint","urlTemplate":"https:\/\/yardratshop.com\/?s={search_term_string}"},"query-input":{"@type":"PropertyValueSpecification","valueRequired":true,"valueName":"search_term_string"}}],"inLanguage":"en-US"}]}},"_links":{"self":[{"href":"https:\/\/yardratshop.com\/eng\/wp-json\/wp\/v2\/product\/5971","targetHints":{"allow":["GET"]}}],"collection":[{"href":"https:\/\/yardratshop.com\/eng\/wp-json\/wp\/v2\/product"}],"about":[{"href":"https:\/\/yardratshop.com\/eng\/wp-json\/wp\/v2\/types\/product"}],"version-history":[{"count":1,"href":"https:\/\/yardratshop.com\/eng\/wp-json\/wp\/v2\/product\/5971\/revisions"}],"predecessor-version":[{"id":5975,"href":"https:\/\/yardratshop.com\/eng\/wp-json\/wp\/v2\/product\/5971\/revisions\/5975"}],"wp:featuredmedia":[{"embeddable":true,"href":"https:\/\/yardratshop.com\/eng\/wp-json\/wp\/v2\/media\/5972"}],"wp:attachment":[{"href":"https:\/\/yardratshop.com\/eng\/wp-json\/wp\/v2\/media?parent=5971"}],"wp:term":[{"taxonomy":"product_brand","embeddable":true,"href":"https:\/\/yardratshop.com\/eng\/wp-json\/wp\/v2\/product_brand?post=5971"},{"taxonomy":"product_cat","embeddable":true,"href":"https:\/\/yardratshop.com\/eng\/wp-json\/wp\/v2\/product_cat?post=5971"},{"taxonomy":"product_tag","embeddable":true,"href":"https:\/\/yardratshop.com\/eng\/wp-json\/wp\/v2\/product_tag?post=5971"}],"curies":[{"name":"wp","href":"https:\/\/api.w.org\/{rel}","templated":true}]}}