{"id":69075,"date":"2026-03-04T16:36:37","date_gmt":"2026-03-04T15:36:37","guid":{"rendered":"https:\/\/yardratshop.com\/?post_type=product&#038;p=69075"},"modified":"2026-03-27T10:32:16","modified_gmt":"2026-03-27T09:32:16","slug":"iron-studios-star-wars-darth-vader-original-samurai-concept","status":"publish","type":"product","link":"https:\/\/yardratshop.com\/eng\/product\/iron-studios-star-wars-darth-vader-original-samurai-concept\/","title":{"rendered":"Iron Studios &#8211; Star Wars &#8211; Darth Vader (Original Samurai Concept)"},"content":{"rendered":"","protected":false},"excerpt":{"rendered":"<p><strong>Medidas:\u00a0<\/strong>H25.6 x W12.2 x D17.6cm<br \/>\n<strong>Material:\u00a0<\/strong>Resin<br \/>\n<strong>Fecha de entrega:\u00a0<\/strong>Q4 2026<br \/>\n<strong>Fecha limite de reserva:\u00a0<\/strong>26 de Marzo<\/p>","protected":false},"featured_media":69088,"template":"","meta":[],"product_brand":[],"product_cat":[3456,2151,153,158],"product_tag":[],"class_list":{"0":"post-69075","1":"product","2":"type-product","3":"status-publish","4":"has-post-thumbnail","6":"product_cat-cierran-pronto","7":"product_cat-darth-vader","8":"product_cat-peliculas","9":"product_cat-star-wars","10":"pa_altura-26-35cm","11":"pa_escala-1_10","12":"pa_estado-preorder","13":"pa_estudio-iron-studios","14":"pa_tipo-estatua-con-licencia","16":"first","17":"outofstock","18":"taxable","19":"shipping-taxable","20":"product-type-simple"},"yoast_head":"<!-- This site is optimized with the Yoast SEO plugin v27.4 - https:\/\/yoast.com\/product\/yoast-seo-wordpress\/ -->\n<title>Iron Studios Darth Vader Original Samurai Concept 1\/10 \u2013 Estatua de Resina Star Wars para Coleccionistas<\/title>\n<meta name=\"description\" content=\"Descubre la estatua Iron Studios Darth Vader Original Samurai Concept 1\/10 en resina. Una reinterpretaci\u00f3n \u00e9pica de Star Wars inspirada en la est\u00e9tica samur\u00e1i, ideal para coleccionistas exigentes.\" \/>\n<meta name=\"robots\" content=\"index, follow, max-snippet:-1, max-image-preview:large, max-video-preview:-1\" \/>\n<link rel=\"canonical\" href=\"https:\/\/yardratshop.com\/eng\/product\/iron-studios-star-wars-darth-vader-original-samurai-concept\/\" \/>\n<meta property=\"og:locale\" content=\"en_US\" \/>\n<meta property=\"og:type\" content=\"article\" \/>\n<meta property=\"og:title\" content=\"Iron Studios Darth Vader Original Samurai Concept 1\/10 \u2013 Estatua de Resina Star Wars para Coleccionistas\" \/>\n<meta property=\"og:description\" content=\"Descubre la estatua Iron Studios Darth Vader Original Samurai Concept 1\/10 en resina. Una reinterpretaci\u00f3n \u00e9pica de Star Wars inspirada en la est\u00e9tica samur\u00e1i, ideal para coleccionistas exigentes.\" \/>\n<meta property=\"og:url\" content=\"https:\/\/yardratshop.com\/eng\/product\/iron-studios-star-wars-darth-vader-original-samurai-concept\/\" \/>\n<meta property=\"og:site_name\" content=\"Yardrat Shop\" \/>\n<meta property=\"article:modified_time\" content=\"2026-03-27T09:32:16+00:00\" \/>\n<meta property=\"og:image\" content=\"https:\/\/yardratshop.com\/wp-content\/uploads\/2026\/03\/Photo_Comp-2-1200x1200.jpg\" \/>\n\t<meta property=\"og:image:width\" content=\"1200\" \/>\n\t<meta property=\"og:image:height\" content=\"1200\" \/>\n\t<meta property=\"og:image:type\" content=\"image\/jpeg\" \/>\n<meta name=\"twitter:card\" content=\"summary_large_image\" \/>\n<meta name=\"twitter:label1\" content=\"Est. reading time\" \/>\n\t<meta name=\"twitter:data1\" content=\"1 minute\" \/>\n<script type=\"application\/ld+json\" class=\"yoast-schema-graph\">{\"@context\":\"https:\\\/\\\/schema.org\",\"@graph\":[{\"@type\":\"WebPage\",\"@id\":\"https:\\\/\\\/yardratshop.com\\\/producto\\\/iron-studios-star-wars-darth-vader-original-samurai-concept\\\/\",\"url\":\"https:\\\/\\\/yardratshop.com\\\/producto\\\/iron-studios-star-wars-darth-vader-original-samurai-concept\\\/\",\"name\":\"Iron Studios Darth Vader Original Samurai Concept 1\\\/10 \u2013 Estatua de Resina Star Wars para Coleccionistas\",\"isPartOf\":{\"@id\":\"https:\\\/\\\/yardratshop.com\\\/#website\"},\"primaryImageOfPage\":{\"@id\":\"https:\\\/\\\/yardratshop.com\\\/producto\\\/iron-studios-star-wars-darth-vader-original-samurai-concept\\\/#primaryimage\"},\"image\":{\"@id\":\"https:\\\/\\\/yardratshop.com\\\/producto\\\/iron-studios-star-wars-darth-vader-original-samurai-concept\\\/#primaryimage\"},\"thumbnailUrl\":\"https:\\\/\\\/yardratshop.com\\\/wp-content\\\/uploads\\\/2026\\\/03\\\/photo_comp-2.jpg\",\"datePublished\":\"2026-03-04T15:36:37+00:00\",\"dateModified\":\"2026-03-27T09:32:16+00:00\",\"description\":\"Descubre la estatua Iron Studios Darth Vader Original Samurai Concept 1\\\/10 en resina. Una reinterpretaci\u00f3n \u00e9pica de Star Wars inspirada en la est\u00e9tica samur\u00e1i, ideal para coleccionistas exigentes.\",\"breadcrumb\":{\"@id\":\"https:\\\/\\\/yardratshop.com\\\/producto\\\/iron-studios-star-wars-darth-vader-original-samurai-concept\\\/#breadcrumb\"},\"inLanguage\":\"en-US\",\"potentialAction\":[{\"@type\":\"ReadAction\",\"target\":[\"https:\\\/\\\/yardratshop.com\\\/producto\\\/iron-studios-star-wars-darth-vader-original-samurai-concept\\\/\"]}]},{\"@type\":\"ImageObject\",\"inLanguage\":\"en-US\",\"@id\":\"https:\\\/\\\/yardratshop.com\\\/producto\\\/iron-studios-star-wars-darth-vader-original-samurai-concept\\\/#primaryimage\",\"url\":\"https:\\\/\\\/yardratshop.com\\\/wp-content\\\/uploads\\\/2026\\\/03\\\/photo_comp-2.jpg\",\"contentUrl\":\"https:\\\/\\\/yardratshop.com\\\/wp-content\\\/uploads\\\/2026\\\/03\\\/photo_comp-2.jpg\",\"width\":2000,\"height\":2000,\"caption\":\"Photo Comp\"},{\"@type\":\"BreadcrumbList\",\"@id\":\"https:\\\/\\\/yardratshop.com\\\/producto\\\/iron-studios-star-wars-darth-vader-original-samurai-concept\\\/#breadcrumb\",\"itemListElement\":[{\"@type\":\"ListItem\",\"position\":1,\"name\":\"Portada\",\"item\":\"https:\\\/\\\/yardratshop.com\\\/\"},{\"@type\":\"ListItem\",\"position\":2,\"name\":\"Tienda\",\"item\":\"https:\\\/\\\/yardratshop.com\\\/tienda\\\/\"},{\"@type\":\"ListItem\",\"position\":3,\"name\":\"Iron Studios &#8211; Star Wars &#8211; Darth Vader (Original Samurai Concept)\"}]},{\"@type\":\"WebSite\",\"@id\":\"https:\\\/\\\/yardratshop.com\\\/#website\",\"url\":\"https:\\\/\\\/yardratshop.com\\\/\",\"name\":\"Yardrat Shop\",\"description\":\"Tu tienda exclusiva de figuras y estatuas\",\"potentialAction\":[{\"@type\":\"SearchAction\",\"target\":{\"@type\":\"EntryPoint\",\"urlTemplate\":\"https:\\\/\\\/yardratshop.com\\\/?s={search_term_string}\"},\"query-input\":{\"@type\":\"PropertyValueSpecification\",\"valueRequired\":true,\"valueName\":\"search_term_string\"}}],\"inLanguage\":\"en-US\"}]}<\/script>\n<!-- \/ Yoast SEO plugin. -->","yoast_head_json":{"title":"Iron Studios Darth Vader Original Samurai Concept 1\/10 \u2013 Estatua de Resina Star Wars para Coleccionistas","description":"Descubre la estatua Iron Studios Darth Vader Original Samurai Concept 1\/10 en resina. Una reinterpretaci\u00f3n \u00e9pica de Star Wars inspirada en la est\u00e9tica samur\u00e1i, ideal para coleccionistas exigentes.","robots":{"index":"index","follow":"follow","max-snippet":"max-snippet:-1","max-image-preview":"max-image-preview:large","max-video-preview":"max-video-preview:-1"},"canonical":"https:\/\/yardratshop.com\/eng\/product\/iron-studios-star-wars-darth-vader-original-samurai-concept\/","og_locale":"en_US","og_type":"article","og_title":"Iron Studios Darth Vader Original Samurai Concept 1\/10 \u2013 Estatua de Resina Star Wars para Coleccionistas","og_description":"Descubre la estatua Iron Studios Darth Vader Original Samurai Concept 1\/10 en resina. Una reinterpretaci\u00f3n \u00e9pica de Star Wars inspirada en la est\u00e9tica samur\u00e1i, ideal para coleccionistas exigentes.","og_url":"https:\/\/yardratshop.com\/eng\/product\/iron-studios-star-wars-darth-vader-original-samurai-concept\/","og_site_name":"Yardrat Shop","article_modified_time":"2026-03-27T09:32:16+00:00","og_image":[{"width":1200,"height":1200,"url":"https:\/\/yardratshop.com\/wp-content\/uploads\/2026\/03\/Photo_Comp-2-1200x1200.jpg","type":"image\/jpeg"}],"twitter_card":"summary_large_image","twitter_misc":{"Est. reading time":"1 minute"},"schema":{"@context":"https:\/\/schema.org","@graph":[{"@type":"WebPage","@id":"https:\/\/yardratshop.com\/producto\/iron-studios-star-wars-darth-vader-original-samurai-concept\/","url":"https:\/\/yardratshop.com\/producto\/iron-studios-star-wars-darth-vader-original-samurai-concept\/","name":"Iron Studios Darth Vader Original Samurai Concept 1\/10 \u2013 Estatua de Resina Star Wars para Coleccionistas","isPartOf":{"@id":"https:\/\/yardratshop.com\/#website"},"primaryImageOfPage":{"@id":"https:\/\/yardratshop.com\/producto\/iron-studios-star-wars-darth-vader-original-samurai-concept\/#primaryimage"},"image":{"@id":"https:\/\/yardratshop.com\/producto\/iron-studios-star-wars-darth-vader-original-samurai-concept\/#primaryimage"},"thumbnailUrl":"https:\/\/yardratshop.com\/wp-content\/uploads\/2026\/03\/photo_comp-2.jpg","datePublished":"2026-03-04T15:36:37+00:00","dateModified":"2026-03-27T09:32:16+00:00","description":"Descubre la estatua Iron Studios Darth Vader Original Samurai Concept 1\/10 en resina. Una reinterpretaci\u00f3n \u00e9pica de Star Wars inspirada en la est\u00e9tica samur\u00e1i, ideal para coleccionistas exigentes.","breadcrumb":{"@id":"https:\/\/yardratshop.com\/producto\/iron-studios-star-wars-darth-vader-original-samurai-concept\/#breadcrumb"},"inLanguage":"en-US","potentialAction":[{"@type":"ReadAction","target":["https:\/\/yardratshop.com\/producto\/iron-studios-star-wars-darth-vader-original-samurai-concept\/"]}]},{"@type":"ImageObject","inLanguage":"en-US","@id":"https:\/\/yardratshop.com\/producto\/iron-studios-star-wars-darth-vader-original-samurai-concept\/#primaryimage","url":"https:\/\/yardratshop.com\/wp-content\/uploads\/2026\/03\/photo_comp-2.jpg","contentUrl":"https:\/\/yardratshop.com\/wp-content\/uploads\/2026\/03\/photo_comp-2.jpg","width":2000,"height":2000,"caption":"Photo Comp"},{"@type":"BreadcrumbList","@id":"https:\/\/yardratshop.com\/producto\/iron-studios-star-wars-darth-vader-original-samurai-concept\/#breadcrumb","itemListElement":[{"@type":"ListItem","position":1,"name":"Portada","item":"https:\/\/yardratshop.com\/"},{"@type":"ListItem","position":2,"name":"Tienda","item":"https:\/\/yardratshop.com\/tienda\/"},{"@type":"ListItem","position":3,"name":"Iron Studios &#8211; Star Wars &#8211; Darth Vader (Original Samurai Concept)"}]},{"@type":"WebSite","@id":"https:\/\/yardratshop.com\/#website","url":"https:\/\/yardratshop.com\/","name":"Yardrat Shop","description":"Tu tienda exclusiva de figuras y estatuas","potentialAction":[{"@type":"SearchAction","target":{"@type":"EntryPoint","urlTemplate":"https:\/\/yardratshop.com\/?s={search_term_string}"},"query-input":{"@type":"PropertyValueSpecification","valueRequired":true,"valueName":"search_term_string"}}],"inLanguage":"en-US"}]}},"_links":{"self":[{"href":"https:\/\/yardratshop.com\/eng\/wp-json\/wp\/v2\/product\/69075","targetHints":{"allow":["GET"]}}],"collection":[{"href":"https:\/\/yardratshop.com\/eng\/wp-json\/wp\/v2\/product"}],"about":[{"href":"https:\/\/yardratshop.com\/eng\/wp-json\/wp\/v2\/types\/product"}],"version-history":[{"count":2,"href":"https:\/\/yardratshop.com\/eng\/wp-json\/wp\/v2\/product\/69075\/revisions"}],"predecessor-version":[{"id":69090,"href":"https:\/\/yardratshop.com\/eng\/wp-json\/wp\/v2\/product\/69075\/revisions\/69090"}],"wp:featuredmedia":[{"embeddable":true,"href":"https:\/\/yardratshop.com\/eng\/wp-json\/wp\/v2\/media\/69088"}],"wp:attachment":[{"href":"https:\/\/yardratshop.com\/eng\/wp-json\/wp\/v2\/media?parent=69075"}],"wp:term":[{"taxonomy":"product_brand","embeddable":true,"href":"https:\/\/yardratshop.com\/eng\/wp-json\/wp\/v2\/product_brand?post=69075"},{"taxonomy":"product_cat","embeddable":true,"href":"https:\/\/yardratshop.com\/eng\/wp-json\/wp\/v2\/product_cat?post=69075"},{"taxonomy":"product_tag","embeddable":true,"href":"https:\/\/yardratshop.com\/eng\/wp-json\/wp\/v2\/product_tag?post=69075"}],"curies":[{"name":"wp","href":"https:\/\/api.w.org\/{rel}","templated":true}]}}