{"id":72297,"date":"2026-03-17T22:00:45","date_gmt":"2026-03-17T21:00:45","guid":{"rendered":"https:\/\/yardratshop.com\/?post_type=product&#038;p=72297"},"modified":"2026-03-19T10:55:53","modified_gmt":"2026-03-19T09:55:53","slug":"league-of-legends-tcg-riftbound-vendetta-booster-display-24ueng","status":"publish","type":"product","link":"https:\/\/yardratshop.com\/eng\/product\/league-of-legends-tcg-riftbound-vendetta-booster-display-24ueng\/","title":{"rendered":"League of Legends TCG &#8211; Riftbound: Vendetta &#8211; Booster Display (24u)(ENG)"},"content":{"rendered":"","protected":false},"excerpt":{"rendered":"<p data-start=\"78\" data-end=\"224\"><span style=\"color: #ff9900;\"><strong>PRODUCTO DE ALTA DEMANDA &#8211; LA RESERVA NO GARANTIZA EL PRODUCTO<\/strong><\/span><\/p>\n<p data-start=\"78\" data-end=\"224\"><strong>Fecha de entrega:\u00a0<\/strong>31 Julio 2026<\/p>\n<p data-start=\"134\" data-end=\"253\"><strong data-start=\"134\" data-end=\"146\">Vendetta<\/strong>, la cuarta expansi\u00f3n de <strong data-start=\"171\" data-end=\"207\">Riftbound: League of Legends TCG<\/strong>, \u00a1trae a\u00fan m\u00e1s Campeones al campo de batalla!<\/p>\n<p data-start=\"255\" data-end=\"548\">Estos sobres de <strong data-start=\"271\" data-end=\"284\">14 cartas<\/strong> provienen de una colecci\u00f3n de <strong data-start=\"315\" data-end=\"336\">m\u00e1s de 160 cartas<\/strong>, incluyendo <strong data-start=\"349\" data-end=\"378\">m\u00e1s de 50 cartas Showcase<\/strong>. Esta expansi\u00f3n a\u00f1ade una nueva dimensi\u00f3n a Riftbound con <strong data-start=\"437\" data-end=\"547\">nuevas Leyendas, cartas poderosas, mec\u00e1nicas in\u00e9ditas y, por primera vez, nuevas combinaciones de dominios<\/strong>.<\/p>\n<p data-start=\"550\" data-end=\"588\"><strong data-start=\"550\" data-end=\"588\">La Grieta te espera\u2026 \u00bfest\u00e1s listo?<\/strong><\/p>\n<h3 data-section-id=\"17yn8px\" data-start=\"590\" data-end=\"609\">Caracter\u00edsticas<\/h3>\n<p data-start=\"610\" data-end=\"836\"><strong data-start=\"610\" data-end=\"636\">\u25cf Domina tu estrategia<\/strong> \u2013 Construye tu mazo con sobres premium que incluyen <strong data-start=\"689\" data-end=\"798\">7 comunes, 3 poco comunes, 2 raras foil o superiores, 1 carta foil de cualquier rareza y 1 carta de ficha<\/strong>. Cada display contiene <strong data-start=\"822\" data-end=\"835\">24 sobres<\/strong>.<\/p>\n<p data-start=\"838\" data-end=\"1007\"><strong data-start=\"838\" data-end=\"857\">\u25cf M\u00e1s Campeones<\/strong> \u2013 <em data-start=\"860\" data-end=\"870\">Vendetta<\/em> introduce a\u00fan m\u00e1s campeones populares de <strong data-start=\"912\" data-end=\"933\">League of Legends<\/strong>, como <strong data-start=\"940\" data-end=\"968\">Mel, Ambessa, Shen o Zed<\/strong>, que se unen al universo de Riftbound.<\/p>\n<p data-start=\"1009\" data-end=\"1130\"><strong data-start=\"1009\" data-end=\"1031\">\u25cf Nuevas mec\u00e1nicas<\/strong> \u2013 La expansi\u00f3n incorpora <strong data-start=\"1057\" data-end=\"1086\">nuevas mec\u00e1nicas de juego<\/strong> que ampl\u00edan las posibilidades estrat\u00e9gicas.<\/p>\n<p data-start=\"1132\" data-end=\"1311\"><strong data-start=\"1132\" data-end=\"1162\">\u25cf Dise\u00f1ado para el combate<\/strong> \u2013 Disfruta de partidas <strong data-start=\"1186\" data-end=\"1213\">estrat\u00e9gicas 1 contra 1<\/strong>, emocionantes <strong data-start=\"1228\" data-end=\"1242\">2 contra 2<\/strong>, o entra en una <strong data-start=\"1259\" data-end=\"1310\">batalla todos contra todos de hasta 4 jugadores<\/strong>.<\/p>\n<p>&nbsp;<\/p>","protected":false},"featured_media":72298,"template":"","meta":[],"product_brand":[],"product_cat":[3415,3414],"product_tag":[],"class_list":{"0":"post-72297","1":"product","2":"type-product","3":"status-publish","4":"has-post-thumbnail","6":"product_cat-riftbound","7":"product_cat-tcg","8":"pa_estado-preorder","9":"pa_estudio-riftbound","10":"pa_tipo-tcg","12":"first","13":"instock","14":"sold-individually","15":"taxable","16":"shipping-taxable","17":"product-type-simple"},"yoast_head":"<!-- This site is optimized with the Yoast SEO plugin v27.3 - https:\/\/yoast.com\/product\/yoast-seo-wordpress\/ -->\n<title>League of Legends TCG Riftbound: Vendetta Booster Display (24 sobres) EN | Cartas Coleccionables LoL<\/title>\n<meta name=\"description\" content=\"Booster Display Riftbound: Vendetta de League of Legends TCG con 24 sobres en ingl\u00e9s. Ampl\u00eda tu colecci\u00f3n con cartas exclusivas, raras y \u00e9picas del universo LoL. Ideal para jugadores y coleccionistas.\" \/>\n<meta name=\"robots\" content=\"index, follow, max-snippet:-1, max-image-preview:large, max-video-preview:-1\" \/>\n<link rel=\"canonical\" href=\"https:\/\/yardratshop.com\/eng\/product\/league-of-legends-tcg-riftbound-vendetta-booster-display-24ueng\/\" \/>\n<meta property=\"og:locale\" content=\"en_US\" \/>\n<meta property=\"og:type\" content=\"article\" \/>\n<meta property=\"og:title\" content=\"League of Legends TCG Riftbound: Vendetta Booster Display (24 sobres) EN | Cartas Coleccionables LoL\" \/>\n<meta property=\"og:description\" content=\"Booster Display Riftbound: Vendetta de League of Legends TCG con 24 sobres en ingl\u00e9s. Ampl\u00eda tu colecci\u00f3n con cartas exclusivas, raras y \u00e9picas del universo LoL. Ideal para jugadores y coleccionistas.\" \/>\n<meta property=\"og:url\" content=\"https:\/\/yardratshop.com\/eng\/product\/league-of-legends-tcg-riftbound-vendetta-booster-display-24ueng\/\" \/>\n<meta property=\"og:site_name\" content=\"Yardrat Shop\" \/>\n<meta property=\"article:modified_time\" content=\"2026-03-19T09:55:53+00:00\" \/>\n<meta property=\"og:image\" content=\"https:\/\/yardratshop.com\/wp-content\/uploads\/2026\/03\/rb04bd01den_1.png\" \/>\n\t<meta property=\"og:image:width\" content=\"1024\" \/>\n\t<meta property=\"og:image:height\" content=\"1024\" \/>\n\t<meta property=\"og:image:type\" content=\"image\/png\" \/>\n<meta name=\"twitter:card\" content=\"summary_large_image\" \/>\n<meta name=\"twitter:label1\" content=\"Est. reading time\" \/>\n\t<meta name=\"twitter:data1\" content=\"1 minute\" \/>\n<script type=\"application\/ld+json\" class=\"yoast-schema-graph\">{\"@context\":\"https:\\\/\\\/schema.org\",\"@graph\":[{\"@type\":\"WebPage\",\"@id\":\"https:\\\/\\\/yardratshop.com\\\/producto\\\/league-of-legends-tcg-riftbound-vendetta-booster-display-24ueng\\\/\",\"url\":\"https:\\\/\\\/yardratshop.com\\\/producto\\\/league-of-legends-tcg-riftbound-vendetta-booster-display-24ueng\\\/\",\"name\":\"League of Legends TCG Riftbound: Vendetta Booster Display (24 sobres) EN | Cartas Coleccionables LoL\",\"isPartOf\":{\"@id\":\"https:\\\/\\\/yardratshop.com\\\/#website\"},\"primaryImageOfPage\":{\"@id\":\"https:\\\/\\\/yardratshop.com\\\/producto\\\/league-of-legends-tcg-riftbound-vendetta-booster-display-24ueng\\\/#primaryimage\"},\"image\":{\"@id\":\"https:\\\/\\\/yardratshop.com\\\/producto\\\/league-of-legends-tcg-riftbound-vendetta-booster-display-24ueng\\\/#primaryimage\"},\"thumbnailUrl\":\"https:\\\/\\\/yardratshop.com\\\/wp-content\\\/uploads\\\/2026\\\/03\\\/rb04bd01den_1.png\",\"datePublished\":\"2026-03-17T21:00:45+00:00\",\"dateModified\":\"2026-03-19T09:55:53+00:00\",\"description\":\"Booster Display Riftbound: Vendetta de League of Legends TCG con 24 sobres en ingl\u00e9s. Ampl\u00eda tu colecci\u00f3n con cartas exclusivas, raras y \u00e9picas del universo LoL. Ideal para jugadores y coleccionistas.\",\"breadcrumb\":{\"@id\":\"https:\\\/\\\/yardratshop.com\\\/producto\\\/league-of-legends-tcg-riftbound-vendetta-booster-display-24ueng\\\/#breadcrumb\"},\"inLanguage\":\"en-US\",\"potentialAction\":[{\"@type\":\"ReadAction\",\"target\":[\"https:\\\/\\\/yardratshop.com\\\/producto\\\/league-of-legends-tcg-riftbound-vendetta-booster-display-24ueng\\\/\"]}]},{\"@type\":\"ImageObject\",\"inLanguage\":\"en-US\",\"@id\":\"https:\\\/\\\/yardratshop.com\\\/producto\\\/league-of-legends-tcg-riftbound-vendetta-booster-display-24ueng\\\/#primaryimage\",\"url\":\"https:\\\/\\\/yardratshop.com\\\/wp-content\\\/uploads\\\/2026\\\/03\\\/rb04bd01den_1.png\",\"contentUrl\":\"https:\\\/\\\/yardratshop.com\\\/wp-content\\\/uploads\\\/2026\\\/03\\\/rb04bd01den_1.png\",\"width\":1024,\"height\":1024,\"caption\":\"rb04bd01den 1\"},{\"@type\":\"BreadcrumbList\",\"@id\":\"https:\\\/\\\/yardratshop.com\\\/producto\\\/league-of-legends-tcg-riftbound-vendetta-booster-display-24ueng\\\/#breadcrumb\",\"itemListElement\":[{\"@type\":\"ListItem\",\"position\":1,\"name\":\"Portada\",\"item\":\"https:\\\/\\\/yardratshop.com\\\/\"},{\"@type\":\"ListItem\",\"position\":2,\"name\":\"Tienda\",\"item\":\"https:\\\/\\\/yardratshop.com\\\/tienda\\\/\"},{\"@type\":\"ListItem\",\"position\":3,\"name\":\"League of Legends TCG &#8211; Riftbound: Vendetta &#8211; Booster Display (24u)(ENG)\"}]},{\"@type\":\"WebSite\",\"@id\":\"https:\\\/\\\/yardratshop.com\\\/#website\",\"url\":\"https:\\\/\\\/yardratshop.com\\\/\",\"name\":\"Yardrat Shop\",\"description\":\"Tu tienda exclusiva de figuras y estatuas\",\"potentialAction\":[{\"@type\":\"SearchAction\",\"target\":{\"@type\":\"EntryPoint\",\"urlTemplate\":\"https:\\\/\\\/yardratshop.com\\\/?s={search_term_string}\"},\"query-input\":{\"@type\":\"PropertyValueSpecification\",\"valueRequired\":true,\"valueName\":\"search_term_string\"}}],\"inLanguage\":\"en-US\"}]}<\/script>\n<!-- \/ Yoast SEO plugin. -->","yoast_head_json":{"title":"League of Legends TCG Riftbound: Vendetta Booster Display (24 sobres) EN | Cartas Coleccionables LoL","description":"Booster Display Riftbound: Vendetta de League of Legends TCG con 24 sobres en ingl\u00e9s. Ampl\u00eda tu colecci\u00f3n con cartas exclusivas, raras y \u00e9picas del universo LoL. Ideal para jugadores y coleccionistas.","robots":{"index":"index","follow":"follow","max-snippet":"max-snippet:-1","max-image-preview":"max-image-preview:large","max-video-preview":"max-video-preview:-1"},"canonical":"https:\/\/yardratshop.com\/eng\/product\/league-of-legends-tcg-riftbound-vendetta-booster-display-24ueng\/","og_locale":"en_US","og_type":"article","og_title":"League of Legends TCG Riftbound: Vendetta Booster Display (24 sobres) EN | Cartas Coleccionables LoL","og_description":"Booster Display Riftbound: Vendetta de League of Legends TCG con 24 sobres en ingl\u00e9s. Ampl\u00eda tu colecci\u00f3n con cartas exclusivas, raras y \u00e9picas del universo LoL. Ideal para jugadores y coleccionistas.","og_url":"https:\/\/yardratshop.com\/eng\/product\/league-of-legends-tcg-riftbound-vendetta-booster-display-24ueng\/","og_site_name":"Yardrat Shop","article_modified_time":"2026-03-19T09:55:53+00:00","og_image":[{"width":1024,"height":1024,"url":"https:\/\/yardratshop.com\/wp-content\/uploads\/2026\/03\/rb04bd01den_1.png","type":"image\/png"}],"twitter_card":"summary_large_image","twitter_misc":{"Est. reading time":"1 minute"},"schema":{"@context":"https:\/\/schema.org","@graph":[{"@type":"WebPage","@id":"https:\/\/yardratshop.com\/producto\/league-of-legends-tcg-riftbound-vendetta-booster-display-24ueng\/","url":"https:\/\/yardratshop.com\/producto\/league-of-legends-tcg-riftbound-vendetta-booster-display-24ueng\/","name":"League of Legends TCG Riftbound: Vendetta Booster Display (24 sobres) EN | Cartas Coleccionables LoL","isPartOf":{"@id":"https:\/\/yardratshop.com\/#website"},"primaryImageOfPage":{"@id":"https:\/\/yardratshop.com\/producto\/league-of-legends-tcg-riftbound-vendetta-booster-display-24ueng\/#primaryimage"},"image":{"@id":"https:\/\/yardratshop.com\/producto\/league-of-legends-tcg-riftbound-vendetta-booster-display-24ueng\/#primaryimage"},"thumbnailUrl":"https:\/\/yardratshop.com\/wp-content\/uploads\/2026\/03\/rb04bd01den_1.png","datePublished":"2026-03-17T21:00:45+00:00","dateModified":"2026-03-19T09:55:53+00:00","description":"Booster Display Riftbound: Vendetta de League of Legends TCG con 24 sobres en ingl\u00e9s. Ampl\u00eda tu colecci\u00f3n con cartas exclusivas, raras y \u00e9picas del universo LoL. Ideal para jugadores y coleccionistas.","breadcrumb":{"@id":"https:\/\/yardratshop.com\/producto\/league-of-legends-tcg-riftbound-vendetta-booster-display-24ueng\/#breadcrumb"},"inLanguage":"en-US","potentialAction":[{"@type":"ReadAction","target":["https:\/\/yardratshop.com\/producto\/league-of-legends-tcg-riftbound-vendetta-booster-display-24ueng\/"]}]},{"@type":"ImageObject","inLanguage":"en-US","@id":"https:\/\/yardratshop.com\/producto\/league-of-legends-tcg-riftbound-vendetta-booster-display-24ueng\/#primaryimage","url":"https:\/\/yardratshop.com\/wp-content\/uploads\/2026\/03\/rb04bd01den_1.png","contentUrl":"https:\/\/yardratshop.com\/wp-content\/uploads\/2026\/03\/rb04bd01den_1.png","width":1024,"height":1024,"caption":"rb04bd01den 1"},{"@type":"BreadcrumbList","@id":"https:\/\/yardratshop.com\/producto\/league-of-legends-tcg-riftbound-vendetta-booster-display-24ueng\/#breadcrumb","itemListElement":[{"@type":"ListItem","position":1,"name":"Portada","item":"https:\/\/yardratshop.com\/"},{"@type":"ListItem","position":2,"name":"Tienda","item":"https:\/\/yardratshop.com\/tienda\/"},{"@type":"ListItem","position":3,"name":"League of Legends TCG &#8211; Riftbound: Vendetta &#8211; Booster Display (24u)(ENG)"}]},{"@type":"WebSite","@id":"https:\/\/yardratshop.com\/#website","url":"https:\/\/yardratshop.com\/","name":"Yardrat Shop","description":"Tu tienda exclusiva de figuras y estatuas","potentialAction":[{"@type":"SearchAction","target":{"@type":"EntryPoint","urlTemplate":"https:\/\/yardratshop.com\/?s={search_term_string}"},"query-input":{"@type":"PropertyValueSpecification","valueRequired":true,"valueName":"search_term_string"}}],"inLanguage":"en-US"}]}},"_links":{"self":[{"href":"https:\/\/yardratshop.com\/eng\/wp-json\/wp\/v2\/product\/72297","targetHints":{"allow":["GET"]}}],"collection":[{"href":"https:\/\/yardratshop.com\/eng\/wp-json\/wp\/v2\/product"}],"about":[{"href":"https:\/\/yardratshop.com\/eng\/wp-json\/wp\/v2\/types\/product"}],"version-history":[{"count":1,"href":"https:\/\/yardratshop.com\/eng\/wp-json\/wp\/v2\/product\/72297\/revisions"}],"predecessor-version":[{"id":72299,"href":"https:\/\/yardratshop.com\/eng\/wp-json\/wp\/v2\/product\/72297\/revisions\/72299"}],"wp:featuredmedia":[{"embeddable":true,"href":"https:\/\/yardratshop.com\/eng\/wp-json\/wp\/v2\/media\/72298"}],"wp:attachment":[{"href":"https:\/\/yardratshop.com\/eng\/wp-json\/wp\/v2\/media?parent=72297"}],"wp:term":[{"taxonomy":"product_brand","embeddable":true,"href":"https:\/\/yardratshop.com\/eng\/wp-json\/wp\/v2\/product_brand?post=72297"},{"taxonomy":"product_cat","embeddable":true,"href":"https:\/\/yardratshop.com\/eng\/wp-json\/wp\/v2\/product_cat?post=72297"},{"taxonomy":"product_tag","embeddable":true,"href":"https:\/\/yardratshop.com\/eng\/wp-json\/wp\/v2\/product_tag?post=72297"}],"curies":[{"name":"wp","href":"https:\/\/api.w.org\/{rel}","templated":true}]}}