{"id":79433,"date":"2026-04-10T21:29:22","date_gmt":"2026-04-10T19:29:22","guid":{"rendered":"https:\/\/yardratshop.com\/?post_type=product&#038;p=79433"},"modified":"2026-04-10T21:36:08","modified_gmt":"2026-04-10T19:36:08","slug":"jiaodian-studio-kimetsu-no-yaiba-agatsuma-zenitsu","status":"publish","type":"product","link":"https:\/\/yardratshop.com\/eng\/product\/jiaodian-studio-kimetsu-no-yaiba-agatsuma-zenitsu\/","title":{"rendered":"JiaoDian Studio &#8211; Kimetsu no Yaiba &#8211; Agatsuma Zenitsu"},"content":{"rendered":"","protected":false},"excerpt":{"rendered":"<p><strong>Medidas:\u00a0<\/strong>H55 x W52 x D53cm<br \/>\n<strong>Material:\u00a0<\/strong>Resin+PU+Polystone<br \/>\n<strong>Fecha de entrega:\u00a0<\/strong>Q3 2026<\/p>\n<ul>\n<li data-section-id=\"9cz34h\" data-start=\"708\" data-end=\"854\">Si reservas el tr\u00edo completo (<strong data-start=\"741\" data-end=\"771\">Zenitsu, Tanjiro e Inosuke<\/strong>) con nosotros, se incluye un <strong data-start=\"813\" data-end=\"828\">bonus doble<\/strong>:<br data-start=\"829\" data-end=\"832\" \/>&#x1f449; Gyutaro + Daki<\/li>\n<li data-section-id=\"1rqjoe2\" data-start=\"856\" data-end=\"1225\">&#x1f527; <strong data-start=\"862\" data-end=\"894\">Mejoras en producci\u00f3n final:<\/strong>\n<ul data-start=\"898\" data-end=\"1225\">\n<li data-section-id=\"14umi9q\" data-start=\"898\" data-end=\"924\">Ajuste de tono de piel<\/li>\n<li data-section-id=\"ms6m8t\" data-start=\"928\" data-end=\"969\">Mejora de sombras y efectos de sangre<\/li>\n<li data-section-id=\"1jdwpop\" data-start=\"973\" data-end=\"1003\">Correcci\u00f3n de proporciones<\/li>\n<li data-section-id=\"17696zw\" data-start=\"1007\" data-end=\"1049\">Elevaci\u00f3n de la posici\u00f3n del personaje<\/li>\n<li data-section-id=\"11idneq\" data-start=\"1053\" data-end=\"1096\">Optimizaci\u00f3n del modelado de las mangas<\/li>\n<li data-section-id=\"1t1oked\" data-start=\"1100\" data-end=\"1144\">Base extendida ligeramente hacia delante<\/li>\n<li data-section-id=\"1aqd150\" data-start=\"1148\" data-end=\"1185\">Ajustes en los efectos de carrera<\/li>\n<li data-section-id=\"1fgmf9g\" data-start=\"1189\" data-end=\"1225\">Empu\u00f1adura de la katana acortada<\/li>\n<\/ul>\n<\/li>\n<li data-section-id=\"yck8fq\" data-start=\"1227\" data-end=\"1302\">&#x26a1; El efecto de rayo grande termina en punta (el prototipo estaba roto)<\/li>\n<li data-section-id=\"18wv6c1\" data-start=\"1304\" data-end=\"1409\">&#x1f487;&#x200d;&#x2640;&#xfe0f; El cabello de Daki incluye accesorios como horquillas (no visibles en el prototipo por rotura)<\/li>\n<\/ul>","protected":false},"featured_media":79443,"template":"","meta":[],"product_brand":[],"product_cat":[80,2847,3285],"product_tag":[],"class_list":{"0":"post-79433","1":"product","2":"type-product","3":"status-publish","4":"has-post-thumbnail","6":"product_cat-anime","7":"product_cat-kimetsu-no-yaiba","8":"product_cat-zenitsu","9":"pa_altura-46-60cm","10":"pa_escala-escala_1_6","11":"pa_estado-preorder","12":"pa_estudio-jiaodian-studio","13":"pa_tipo-estatua-de-resina","15":"first","16":"instock","17":"purchasable","18":"product-type-simple"},"yoast_head":"<!-- This site is optimized with the Yoast SEO plugin v27.3 - https:\/\/yoast.com\/product\/yoast-seo-wordpress\/ -->\n<title>JiaoDian Studio Zenitsu 1\/6 \u2013 Estatua Resina Kimetsu no Yaiba | Edici\u00f3n Limitada<\/title>\n<meta name=\"robots\" content=\"index, follow, max-snippet:-1, max-image-preview:large, max-video-preview:-1\" \/>\n<link rel=\"canonical\" href=\"https:\/\/yardratshop.com\/eng\/product\/jiaodian-studio-kimetsu-no-yaiba-agatsuma-zenitsu\/\" \/>\n<meta property=\"og:locale\" content=\"en_US\" \/>\n<meta property=\"og:type\" content=\"article\" \/>\n<meta property=\"og:title\" content=\"JiaoDian Studio Zenitsu 1\/6 \u2013 Estatua Resina Kimetsu no Yaiba | Edici\u00f3n Limitada\" \/>\n<meta property=\"og:description\" content=\"Medidas:\u00a0H55 x W52 x D53cm Material:\u00a0Resin+PU+Polystone Fecha de entrega:\u00a0Q3 2026   Si reservas el tr\u00edo completo (Zenitsu, Tanjiro e Inosuke) con nosotros, se incluye un bonus doble:&#x1f449; Gyutaro + Daki  &#x1f527; Mejoras en producci\u00f3n final:   Ajuste de tono de piel  Mejora de sombras y efectos de sangre  Correcci\u00f3n de proporciones  Elevaci\u00f3n de la posici\u00f3n del personaje  Optimizaci\u00f3n del modelado de las mangas  Base extendida ligeramente hacia delante  Ajustes en los efectos de carrera  Empu\u00f1adura de la katana acortada    &#x26a1; El efecto de rayo grande termina en punta (el prototipo estaba roto)  &#x1f487;&#x200d;&#x2640;&#xfe0f; El cabello de Daki incluye accesorios como horquillas (no visibles en el prototipo por rotura)\" \/>\n<meta property=\"og:url\" content=\"https:\/\/yardratshop.com\/eng\/product\/jiaodian-studio-kimetsu-no-yaiba-agatsuma-zenitsu\/\" \/>\n<meta property=\"og:site_name\" content=\"Yardrat Shop\" \/>\n<meta property=\"article:modified_time\" content=\"2026-04-10T19:36:08+00:00\" \/>\n<meta property=\"og:image\" content=\"https:\/\/yardratshop.com\/wp-content\/uploads\/2026\/04\/398932293592e8391b07cb4f45efbc4e-scaled.jpg\" \/>\n\t<meta property=\"og:image:width\" content=\"2560\" \/>\n\t<meta property=\"og:image:height\" content=\"1429\" \/>\n\t<meta property=\"og:image:type\" content=\"image\/jpeg\" \/>\n<meta name=\"twitter:card\" content=\"summary_large_image\" \/>\n<meta name=\"twitter:label1\" content=\"Est. reading time\" \/>\n\t<meta name=\"twitter:data1\" content=\"1 minute\" \/>\n<script type=\"application\/ld+json\" class=\"yoast-schema-graph\">{\"@context\":\"https:\\\/\\\/schema.org\",\"@graph\":[{\"@type\":\"WebPage\",\"@id\":\"https:\\\/\\\/yardratshop.com\\\/producto\\\/jiaodian-studio-kimetsu-no-yaiba-agatsuma-zenitsu\\\/\",\"url\":\"https:\\\/\\\/yardratshop.com\\\/producto\\\/jiaodian-studio-kimetsu-no-yaiba-agatsuma-zenitsu\\\/\",\"name\":\"JiaoDian Studio Zenitsu 1\\\/6 \u2013 Estatua Resina Kimetsu no Yaiba | Edici\u00f3n Limitada\",\"isPartOf\":{\"@id\":\"https:\\\/\\\/yardratshop.com\\\/#website\"},\"primaryImageOfPage\":{\"@id\":\"https:\\\/\\\/yardratshop.com\\\/producto\\\/jiaodian-studio-kimetsu-no-yaiba-agatsuma-zenitsu\\\/#primaryimage\"},\"image\":{\"@id\":\"https:\\\/\\\/yardratshop.com\\\/producto\\\/jiaodian-studio-kimetsu-no-yaiba-agatsuma-zenitsu\\\/#primaryimage\"},\"thumbnailUrl\":\"https:\\\/\\\/yardratshop.com\\\/wp-content\\\/uploads\\\/2026\\\/04\\\/398932293592e8391b07cb4f45efbc4e-scaled.jpg\",\"datePublished\":\"2026-04-10T19:29:22+00:00\",\"dateModified\":\"2026-04-10T19:36:08+00:00\",\"breadcrumb\":{\"@id\":\"https:\\\/\\\/yardratshop.com\\\/producto\\\/jiaodian-studio-kimetsu-no-yaiba-agatsuma-zenitsu\\\/#breadcrumb\"},\"inLanguage\":\"en-US\",\"potentialAction\":[{\"@type\":\"ReadAction\",\"target\":[\"https:\\\/\\\/yardratshop.com\\\/producto\\\/jiaodian-studio-kimetsu-no-yaiba-agatsuma-zenitsu\\\/\"]}]},{\"@type\":\"ImageObject\",\"inLanguage\":\"en-US\",\"@id\":\"https:\\\/\\\/yardratshop.com\\\/producto\\\/jiaodian-studio-kimetsu-no-yaiba-agatsuma-zenitsu\\\/#primaryimage\",\"url\":\"https:\\\/\\\/yardratshop.com\\\/wp-content\\\/uploads\\\/2026\\\/04\\\/398932293592e8391b07cb4f45efbc4e-scaled.jpg\",\"contentUrl\":\"https:\\\/\\\/yardratshop.com\\\/wp-content\\\/uploads\\\/2026\\\/04\\\/398932293592e8391b07cb4f45efbc4e-scaled.jpg\",\"width\":2560,\"height\":1429,\"caption\":\"398932293592e8391b07cb4f45efbc4e\"},{\"@type\":\"BreadcrumbList\",\"@id\":\"https:\\\/\\\/yardratshop.com\\\/producto\\\/jiaodian-studio-kimetsu-no-yaiba-agatsuma-zenitsu\\\/#breadcrumb\",\"itemListElement\":[{\"@type\":\"ListItem\",\"position\":1,\"name\":\"Portada\",\"item\":\"https:\\\/\\\/yardratshop.com\\\/\"},{\"@type\":\"ListItem\",\"position\":2,\"name\":\"Tienda\",\"item\":\"https:\\\/\\\/yardratshop.com\\\/tienda\\\/\"},{\"@type\":\"ListItem\",\"position\":3,\"name\":\"JiaoDian Studio &#8211; Kimetsu no Yaiba &#8211; Agatsuma Zenitsu\"}]},{\"@type\":\"WebSite\",\"@id\":\"https:\\\/\\\/yardratshop.com\\\/#website\",\"url\":\"https:\\\/\\\/yardratshop.com\\\/\",\"name\":\"Yardrat Shop\",\"description\":\"Tu tienda exclusiva de figuras y estatuas\",\"potentialAction\":[{\"@type\":\"SearchAction\",\"target\":{\"@type\":\"EntryPoint\",\"urlTemplate\":\"https:\\\/\\\/yardratshop.com\\\/?s={search_term_string}\"},\"query-input\":{\"@type\":\"PropertyValueSpecification\",\"valueRequired\":true,\"valueName\":\"search_term_string\"}}],\"inLanguage\":\"en-US\"}]}<\/script>\n<!-- \/ Yoast SEO plugin. -->","yoast_head_json":{"title":"JiaoDian Studio Zenitsu 1\/6 \u2013 Estatua Resina Kimetsu no Yaiba | Edici\u00f3n Limitada","robots":{"index":"index","follow":"follow","max-snippet":"max-snippet:-1","max-image-preview":"max-image-preview:large","max-video-preview":"max-video-preview:-1"},"canonical":"https:\/\/yardratshop.com\/eng\/product\/jiaodian-studio-kimetsu-no-yaiba-agatsuma-zenitsu\/","og_locale":"en_US","og_type":"article","og_title":"JiaoDian Studio Zenitsu 1\/6 \u2013 Estatua Resina Kimetsu no Yaiba | Edici\u00f3n Limitada","og_description":"Medidas:\u00a0H55 x W52 x D53cm Material:\u00a0Resin+PU+Polystone Fecha de entrega:\u00a0Q3 2026   Si reservas el tr\u00edo completo (Zenitsu, Tanjiro e Inosuke) con nosotros, se incluye un bonus doble:&#x1f449; Gyutaro + Daki  &#x1f527; Mejoras en producci\u00f3n final:   Ajuste de tono de piel  Mejora de sombras y efectos de sangre  Correcci\u00f3n de proporciones  Elevaci\u00f3n de la posici\u00f3n del personaje  Optimizaci\u00f3n del modelado de las mangas  Base extendida ligeramente hacia delante  Ajustes en los efectos de carrera  Empu\u00f1adura de la katana acortada    &#x26a1; El efecto de rayo grande termina en punta (el prototipo estaba roto)  &#x1f487;&#x200d;&#x2640;&#xfe0f; El cabello de Daki incluye accesorios como horquillas (no visibles en el prototipo por rotura)","og_url":"https:\/\/yardratshop.com\/eng\/product\/jiaodian-studio-kimetsu-no-yaiba-agatsuma-zenitsu\/","og_site_name":"Yardrat Shop","article_modified_time":"2026-04-10T19:36:08+00:00","og_image":[{"width":2560,"height":1429,"url":"https:\/\/yardratshop.com\/wp-content\/uploads\/2026\/04\/398932293592e8391b07cb4f45efbc4e-scaled.jpg","type":"image\/jpeg"}],"twitter_card":"summary_large_image","twitter_misc":{"Est. reading time":"1 minute"},"schema":{"@context":"https:\/\/schema.org","@graph":[{"@type":"WebPage","@id":"https:\/\/yardratshop.com\/producto\/jiaodian-studio-kimetsu-no-yaiba-agatsuma-zenitsu\/","url":"https:\/\/yardratshop.com\/producto\/jiaodian-studio-kimetsu-no-yaiba-agatsuma-zenitsu\/","name":"JiaoDian Studio Zenitsu 1\/6 \u2013 Estatua Resina Kimetsu no Yaiba | Edici\u00f3n Limitada","isPartOf":{"@id":"https:\/\/yardratshop.com\/#website"},"primaryImageOfPage":{"@id":"https:\/\/yardratshop.com\/producto\/jiaodian-studio-kimetsu-no-yaiba-agatsuma-zenitsu\/#primaryimage"},"image":{"@id":"https:\/\/yardratshop.com\/producto\/jiaodian-studio-kimetsu-no-yaiba-agatsuma-zenitsu\/#primaryimage"},"thumbnailUrl":"https:\/\/yardratshop.com\/wp-content\/uploads\/2026\/04\/398932293592e8391b07cb4f45efbc4e-scaled.jpg","datePublished":"2026-04-10T19:29:22+00:00","dateModified":"2026-04-10T19:36:08+00:00","breadcrumb":{"@id":"https:\/\/yardratshop.com\/producto\/jiaodian-studio-kimetsu-no-yaiba-agatsuma-zenitsu\/#breadcrumb"},"inLanguage":"en-US","potentialAction":[{"@type":"ReadAction","target":["https:\/\/yardratshop.com\/producto\/jiaodian-studio-kimetsu-no-yaiba-agatsuma-zenitsu\/"]}]},{"@type":"ImageObject","inLanguage":"en-US","@id":"https:\/\/yardratshop.com\/producto\/jiaodian-studio-kimetsu-no-yaiba-agatsuma-zenitsu\/#primaryimage","url":"https:\/\/yardratshop.com\/wp-content\/uploads\/2026\/04\/398932293592e8391b07cb4f45efbc4e-scaled.jpg","contentUrl":"https:\/\/yardratshop.com\/wp-content\/uploads\/2026\/04\/398932293592e8391b07cb4f45efbc4e-scaled.jpg","width":2560,"height":1429,"caption":"398932293592e8391b07cb4f45efbc4e"},{"@type":"BreadcrumbList","@id":"https:\/\/yardratshop.com\/producto\/jiaodian-studio-kimetsu-no-yaiba-agatsuma-zenitsu\/#breadcrumb","itemListElement":[{"@type":"ListItem","position":1,"name":"Portada","item":"https:\/\/yardratshop.com\/"},{"@type":"ListItem","position":2,"name":"Tienda","item":"https:\/\/yardratshop.com\/tienda\/"},{"@type":"ListItem","position":3,"name":"JiaoDian Studio &#8211; Kimetsu no Yaiba &#8211; Agatsuma Zenitsu"}]},{"@type":"WebSite","@id":"https:\/\/yardratshop.com\/#website","url":"https:\/\/yardratshop.com\/","name":"Yardrat Shop","description":"Tu tienda exclusiva de figuras y estatuas","potentialAction":[{"@type":"SearchAction","target":{"@type":"EntryPoint","urlTemplate":"https:\/\/yardratshop.com\/?s={search_term_string}"},"query-input":{"@type":"PropertyValueSpecification","valueRequired":true,"valueName":"search_term_string"}}],"inLanguage":"en-US"}]}},"_links":{"self":[{"href":"https:\/\/yardratshop.com\/eng\/wp-json\/wp\/v2\/product\/79433","targetHints":{"allow":["GET"]}}],"collection":[{"href":"https:\/\/yardratshop.com\/eng\/wp-json\/wp\/v2\/product"}],"about":[{"href":"https:\/\/yardratshop.com\/eng\/wp-json\/wp\/v2\/types\/product"}],"version-history":[{"count":1,"href":"https:\/\/yardratshop.com\/eng\/wp-json\/wp\/v2\/product\/79433\/revisions"}],"predecessor-version":[{"id":79447,"href":"https:\/\/yardratshop.com\/eng\/wp-json\/wp\/v2\/product\/79433\/revisions\/79447"}],"wp:featuredmedia":[{"embeddable":true,"href":"https:\/\/yardratshop.com\/eng\/wp-json\/wp\/v2\/media\/79443"}],"wp:attachment":[{"href":"https:\/\/yardratshop.com\/eng\/wp-json\/wp\/v2\/media?parent=79433"}],"wp:term":[{"taxonomy":"product_brand","embeddable":true,"href":"https:\/\/yardratshop.com\/eng\/wp-json\/wp\/v2\/product_brand?post=79433"},{"taxonomy":"product_cat","embeddable":true,"href":"https:\/\/yardratshop.com\/eng\/wp-json\/wp\/v2\/product_cat?post=79433"},{"taxonomy":"product_tag","embeddable":true,"href":"https:\/\/yardratshop.com\/eng\/wp-json\/wp\/v2\/product_tag?post=79433"}],"curies":[{"name":"wp","href":"https:\/\/api.w.org\/{rel}","templated":true}]}}