{"id":7954,"date":"2025-04-19T19:39:28","date_gmt":"2025-04-19T17:39:28","guid":{"rendered":"https:\/\/yardratshop.com\/?post_type=product&#038;p=7954"},"modified":"2025-12-19T00:45:06","modified_gmt":"2025-12-18T23:45:06","slug":"akatsuki-studio-naruto-shippuden-heroe-de-konoha","status":"publish","type":"product","link":"https:\/\/yardratshop.com\/eng\/product\/akatsuki-studio-naruto-shippuden-heroe-de-konoha\/","title":{"rendered":"Akatsuki Studio &#8211; Naruto Shippuden &#8211; H\u00e9roe de Konoha"},"content":{"rendered":"","protected":false},"excerpt":{"rendered":"<p>Medidas:<\/p>\n<ul data-start=\"247\" data-end=\"402\">\n<li data-start=\"247\" data-end=\"326\"><strong data-start=\"249\" data-end=\"278\">Versi\u00f3n est\u00e1ndar (b\u00e1sica)<\/strong>: Alto 38 cm \u00d7 Ancho 23 cm \u00d7 Profundidad 15 cm<\/li>\n<li class=\"\" data-start=\"327\" data-end=\"402\">\n<p class=\"\" data-start=\"329\" data-end=\"402\"><strong data-start=\"329\" data-end=\"354\">Versi\u00f3n deluxe (alta)<\/strong>: Alto 62.7 cm \u00d7 Ancho 45 cm \u00d7 Profundidad 37 cm<\/p>\n<\/li>\n<\/ul>\n<p class=\"\" data-start=\"404\" data-end=\"425\">Versiones:<\/p>\n<ul data-start=\"426\" data-end=\"601\">\n<li class=\"\" data-start=\"426\" data-end=\"470\">\n<p class=\"\" data-start=\"428\" data-end=\"470\"><strong data-start=\"428\" data-end=\"446\">Versi\u00f3n b\u00e1sica<\/strong>: Figura + base rocosa<\/p>\n<\/li>\n<li class=\"\" data-start=\"471\" data-end=\"601\">\n<p class=\"\" data-start=\"473\" data-end=\"601\"><strong data-start=\"473\" data-end=\"491\">Versi\u00f3n deluxe<\/strong>: Figura + base rocosa + Fukasaku + Gamakichi<br data-start=\"536\" data-end=\"539\" \/>Incluye: Caja ilustrada de lujo + placa limitada personalizada<\/p>\n<\/li>\n<\/ul>\n<p>Fecha de entrega: Q3 2025<\/p>","protected":false},"featured_media":7956,"template":"","meta":[],"product_brand":[],"product_cat":[80,488,140],"product_tag":[1020,1395,868,1817,1469,901,1815,1816,1012,1818],"class_list":{"0":"post-7954","1":"product","2":"type-product","3":"status-publish","4":"has-post-thumbnail","6":"product_cat-anime","7":"product_cat-naruto","8":"product_cat-naruto-anime","9":"product_tag-akatsuki-studio","10":"product_tag-coleccionismo-anime","11":"product_tag-estatua-de-resina","12":"product_tag-estatua-naruto","13":"product_tag-figura-1-6","14":"product_tag-figura-coleccionista","15":"product_tag-heroe-de-konoha","16":"product_tag-naruto-figura","17":"product_tag-naruto-shippuden","18":"product_tag-resina-anime","19":"pa_altura-61-90cm","20":"pa_escala-escala_1_6","21":"pa_estado-preorder","22":"pa_estudio-akatsuki-studio","23":"pa_tipo-estatua-de-resina","25":"first","26":"outofstock","27":"purchasable","28":"product-type-variable"},"yoast_head":"<!-- This site is optimized with the Yoast SEO plugin v27.3 - https:\/\/yoast.com\/product\/yoast-seo-wordpress\/ -->\n<title>Akatsuki Studio Naruto Shippuden \u2013 Estatua de Resina 1\/6 H\u00e9roe de Konoha<\/title>\n<meta name=\"description\" content=\"Descubre la estatua de resina 1\/6 del H\u00e9roe de Konoha de Naruto Shippuden por Akatsuki Studio. Detallado acabado, edici\u00f3n limitada ideal para coleccionistas.\" \/>\n<meta name=\"robots\" content=\"index, follow, max-snippet:-1, max-image-preview:large, max-video-preview:-1\" \/>\n<link rel=\"canonical\" href=\"https:\/\/yardratshop.com\/eng\/product\/akatsuki-studio-naruto-shippuden-heroe-de-konoha\/\" \/>\n<meta property=\"og:locale\" content=\"en_US\" \/>\n<meta property=\"og:type\" content=\"article\" \/>\n<meta property=\"og:title\" content=\"Akatsuki Studio Naruto Shippuden \u2013 Estatua de Resina 1\/6 H\u00e9roe de Konoha\" \/>\n<meta property=\"og:description\" content=\"Descubre la estatua de resina 1\/6 del H\u00e9roe de Konoha de Naruto Shippuden por Akatsuki Studio. Detallado acabado, edici\u00f3n limitada ideal para coleccionistas.\" \/>\n<meta property=\"og:url\" content=\"https:\/\/yardratshop.com\/eng\/product\/akatsuki-studio-naruto-shippuden-heroe-de-konoha\/\" \/>\n<meta property=\"og:site_name\" content=\"Yardrat Shop\" \/>\n<meta property=\"article:modified_time\" content=\"2025-12-18T23:45:06+00:00\" \/>\n<meta property=\"og:image\" content=\"https:\/\/yardratshop.com\/wp-content\/uploads\/2025\/04\/97ed9f1587f362730cb8c8e385604435.jpg\" \/>\n\t<meta property=\"og:image:width\" content=\"1200\" \/>\n\t<meta property=\"og:image:height\" content=\"1200\" \/>\n\t<meta property=\"og:image:type\" content=\"image\/jpeg\" \/>\n<meta name=\"twitter:card\" content=\"summary_large_image\" \/>\n<meta name=\"twitter:label1\" content=\"Est. reading time\" \/>\n\t<meta name=\"twitter:data1\" content=\"1 minute\" \/>\n<script type=\"application\/ld+json\" class=\"yoast-schema-graph\">{\"@context\":\"https:\\\/\\\/schema.org\",\"@graph\":[{\"@type\":\"WebPage\",\"@id\":\"https:\\\/\\\/yardratshop.com\\\/producto\\\/akatsuki-studio-naruto-shippuden-heroe-de-konoha\\\/\",\"url\":\"https:\\\/\\\/yardratshop.com\\\/producto\\\/akatsuki-studio-naruto-shippuden-heroe-de-konoha\\\/\",\"name\":\"Akatsuki Studio Naruto Shippuden \u2013 Estatua de Resina 1\\\/6 H\u00e9roe de Konoha\",\"isPartOf\":{\"@id\":\"https:\\\/\\\/yardratshop.com\\\/#website\"},\"primaryImageOfPage\":{\"@id\":\"https:\\\/\\\/yardratshop.com\\\/producto\\\/akatsuki-studio-naruto-shippuden-heroe-de-konoha\\\/#primaryimage\"},\"image\":{\"@id\":\"https:\\\/\\\/yardratshop.com\\\/producto\\\/akatsuki-studio-naruto-shippuden-heroe-de-konoha\\\/#primaryimage\"},\"thumbnailUrl\":\"https:\\\/\\\/yardratshop.com\\\/wp-content\\\/uploads\\\/2025\\\/04\\\/97ed9f1587f362730cb8c8e385604435.jpg\",\"datePublished\":\"2025-04-19T17:39:28+00:00\",\"dateModified\":\"2025-12-18T23:45:06+00:00\",\"description\":\"Descubre la estatua de resina 1\\\/6 del H\u00e9roe de Konoha de Naruto Shippuden por Akatsuki Studio. Detallado acabado, edici\u00f3n limitada ideal para coleccionistas.\",\"breadcrumb\":{\"@id\":\"https:\\\/\\\/yardratshop.com\\\/producto\\\/akatsuki-studio-naruto-shippuden-heroe-de-konoha\\\/#breadcrumb\"},\"inLanguage\":\"en-US\",\"potentialAction\":[{\"@type\":\"ReadAction\",\"target\":[\"https:\\\/\\\/yardratshop.com\\\/producto\\\/akatsuki-studio-naruto-shippuden-heroe-de-konoha\\\/\"]}]},{\"@type\":\"ImageObject\",\"inLanguage\":\"en-US\",\"@id\":\"https:\\\/\\\/yardratshop.com\\\/producto\\\/akatsuki-studio-naruto-shippuden-heroe-de-konoha\\\/#primaryimage\",\"url\":\"https:\\\/\\\/yardratshop.com\\\/wp-content\\\/uploads\\\/2025\\\/04\\\/97ed9f1587f362730cb8c8e385604435.jpg\",\"contentUrl\":\"https:\\\/\\\/yardratshop.com\\\/wp-content\\\/uploads\\\/2025\\\/04\\\/97ed9f1587f362730cb8c8e385604435.jpg\",\"width\":1200,\"height\":1200},{\"@type\":\"BreadcrumbList\",\"@id\":\"https:\\\/\\\/yardratshop.com\\\/producto\\\/akatsuki-studio-naruto-shippuden-heroe-de-konoha\\\/#breadcrumb\",\"itemListElement\":[{\"@type\":\"ListItem\",\"position\":1,\"name\":\"Portada\",\"item\":\"https:\\\/\\\/yardratshop.com\\\/\"},{\"@type\":\"ListItem\",\"position\":2,\"name\":\"Tienda\",\"item\":\"https:\\\/\\\/yardratshop.com\\\/tienda\\\/\"},{\"@type\":\"ListItem\",\"position\":3,\"name\":\"Akatsuki Studio &#8211; Naruto Shippuden &#8211; H\u00e9roe de Konoha\"}]},{\"@type\":\"WebSite\",\"@id\":\"https:\\\/\\\/yardratshop.com\\\/#website\",\"url\":\"https:\\\/\\\/yardratshop.com\\\/\",\"name\":\"Yardrat Shop\",\"description\":\"Tu tienda exclusiva de figuras y estatuas\",\"potentialAction\":[{\"@type\":\"SearchAction\",\"target\":{\"@type\":\"EntryPoint\",\"urlTemplate\":\"https:\\\/\\\/yardratshop.com\\\/?s={search_term_string}\"},\"query-input\":{\"@type\":\"PropertyValueSpecification\",\"valueRequired\":true,\"valueName\":\"search_term_string\"}}],\"inLanguage\":\"en-US\"}]}<\/script>\n<!-- \/ Yoast SEO plugin. -->","yoast_head_json":{"title":"Akatsuki Studio Naruto Shippuden \u2013 Estatua de Resina 1\/6 H\u00e9roe de Konoha","description":"Descubre la estatua de resina 1\/6 del H\u00e9roe de Konoha de Naruto Shippuden por Akatsuki Studio. Detallado acabado, edici\u00f3n limitada ideal para coleccionistas.","robots":{"index":"index","follow":"follow","max-snippet":"max-snippet:-1","max-image-preview":"max-image-preview:large","max-video-preview":"max-video-preview:-1"},"canonical":"https:\/\/yardratshop.com\/eng\/product\/akatsuki-studio-naruto-shippuden-heroe-de-konoha\/","og_locale":"en_US","og_type":"article","og_title":"Akatsuki Studio Naruto Shippuden \u2013 Estatua de Resina 1\/6 H\u00e9roe de Konoha","og_description":"Descubre la estatua de resina 1\/6 del H\u00e9roe de Konoha de Naruto Shippuden por Akatsuki Studio. Detallado acabado, edici\u00f3n limitada ideal para coleccionistas.","og_url":"https:\/\/yardratshop.com\/eng\/product\/akatsuki-studio-naruto-shippuden-heroe-de-konoha\/","og_site_name":"Yardrat Shop","article_modified_time":"2025-12-18T23:45:06+00:00","og_image":[{"width":1200,"height":1200,"url":"https:\/\/yardratshop.com\/wp-content\/uploads\/2025\/04\/97ed9f1587f362730cb8c8e385604435.jpg","type":"image\/jpeg"}],"twitter_card":"summary_large_image","twitter_misc":{"Est. reading time":"1 minute"},"schema":{"@context":"https:\/\/schema.org","@graph":[{"@type":"WebPage","@id":"https:\/\/yardratshop.com\/producto\/akatsuki-studio-naruto-shippuden-heroe-de-konoha\/","url":"https:\/\/yardratshop.com\/producto\/akatsuki-studio-naruto-shippuden-heroe-de-konoha\/","name":"Akatsuki Studio Naruto Shippuden \u2013 Estatua de Resina 1\/6 H\u00e9roe de Konoha","isPartOf":{"@id":"https:\/\/yardratshop.com\/#website"},"primaryImageOfPage":{"@id":"https:\/\/yardratshop.com\/producto\/akatsuki-studio-naruto-shippuden-heroe-de-konoha\/#primaryimage"},"image":{"@id":"https:\/\/yardratshop.com\/producto\/akatsuki-studio-naruto-shippuden-heroe-de-konoha\/#primaryimage"},"thumbnailUrl":"https:\/\/yardratshop.com\/wp-content\/uploads\/2025\/04\/97ed9f1587f362730cb8c8e385604435.jpg","datePublished":"2025-04-19T17:39:28+00:00","dateModified":"2025-12-18T23:45:06+00:00","description":"Descubre la estatua de resina 1\/6 del H\u00e9roe de Konoha de Naruto Shippuden por Akatsuki Studio. Detallado acabado, edici\u00f3n limitada ideal para coleccionistas.","breadcrumb":{"@id":"https:\/\/yardratshop.com\/producto\/akatsuki-studio-naruto-shippuden-heroe-de-konoha\/#breadcrumb"},"inLanguage":"en-US","potentialAction":[{"@type":"ReadAction","target":["https:\/\/yardratshop.com\/producto\/akatsuki-studio-naruto-shippuden-heroe-de-konoha\/"]}]},{"@type":"ImageObject","inLanguage":"en-US","@id":"https:\/\/yardratshop.com\/producto\/akatsuki-studio-naruto-shippuden-heroe-de-konoha\/#primaryimage","url":"https:\/\/yardratshop.com\/wp-content\/uploads\/2025\/04\/97ed9f1587f362730cb8c8e385604435.jpg","contentUrl":"https:\/\/yardratshop.com\/wp-content\/uploads\/2025\/04\/97ed9f1587f362730cb8c8e385604435.jpg","width":1200,"height":1200},{"@type":"BreadcrumbList","@id":"https:\/\/yardratshop.com\/producto\/akatsuki-studio-naruto-shippuden-heroe-de-konoha\/#breadcrumb","itemListElement":[{"@type":"ListItem","position":1,"name":"Portada","item":"https:\/\/yardratshop.com\/"},{"@type":"ListItem","position":2,"name":"Tienda","item":"https:\/\/yardratshop.com\/tienda\/"},{"@type":"ListItem","position":3,"name":"Akatsuki Studio &#8211; Naruto Shippuden &#8211; H\u00e9roe de Konoha"}]},{"@type":"WebSite","@id":"https:\/\/yardratshop.com\/#website","url":"https:\/\/yardratshop.com\/","name":"Yardrat Shop","description":"Tu tienda exclusiva de figuras y estatuas","potentialAction":[{"@type":"SearchAction","target":{"@type":"EntryPoint","urlTemplate":"https:\/\/yardratshop.com\/?s={search_term_string}"},"query-input":{"@type":"PropertyValueSpecification","valueRequired":true,"valueName":"search_term_string"}}],"inLanguage":"en-US"}]}},"_links":{"self":[{"href":"https:\/\/yardratshop.com\/eng\/wp-json\/wp\/v2\/product\/7954","targetHints":{"allow":["GET"]}}],"collection":[{"href":"https:\/\/yardratshop.com\/eng\/wp-json\/wp\/v2\/product"}],"about":[{"href":"https:\/\/yardratshop.com\/eng\/wp-json\/wp\/v2\/types\/product"}],"version-history":[{"count":1,"href":"https:\/\/yardratshop.com\/eng\/wp-json\/wp\/v2\/product\/7954\/revisions"}],"predecessor-version":[{"id":7964,"href":"https:\/\/yardratshop.com\/eng\/wp-json\/wp\/v2\/product\/7954\/revisions\/7964"}],"wp:featuredmedia":[{"embeddable":true,"href":"https:\/\/yardratshop.com\/eng\/wp-json\/wp\/v2\/media\/7956"}],"wp:attachment":[{"href":"https:\/\/yardratshop.com\/eng\/wp-json\/wp\/v2\/media?parent=7954"}],"wp:term":[{"taxonomy":"product_brand","embeddable":true,"href":"https:\/\/yardratshop.com\/eng\/wp-json\/wp\/v2\/product_brand?post=7954"},{"taxonomy":"product_cat","embeddable":true,"href":"https:\/\/yardratshop.com\/eng\/wp-json\/wp\/v2\/product_cat?post=7954"},{"taxonomy":"product_tag","embeddable":true,"href":"https:\/\/yardratshop.com\/eng\/wp-json\/wp\/v2\/product_tag?post=7954"}],"curies":[{"name":"wp","href":"https:\/\/api.w.org\/{rel}","templated":true}]}}