{"id":80878,"date":"2026-04-14T12:27:39","date_gmt":"2026-04-14T10:27:39","guid":{"rendered":"https:\/\/yardratshop.com\/?post_type=product&#038;p=80878"},"modified":"2026-04-14T12:49:18","modified_gmt":"2026-04-14T10:49:18","slug":"du-studio-dragon-ball-z-goku-on-healing-chamber","status":"publish","type":"product","link":"https:\/\/yardratshop.com\/eng\/product\/du-studio-dragon-ball-z-goku-on-healing-chamber\/","title":{"rendered":"Du Studio &#8211; Dragon Ball Z &#8211; Goku on Healing Chamber"},"content":{"rendered":"","protected":false},"excerpt":{"rendered":"<p><strong>Medidas:\u00a0<\/strong><\/p>\n<p>Regular: H41 x W33 x D25cm<br \/>\nDeluxe: H45 x W45 x D58cm<\/p>\n<p><strong>Material:\u00a0<\/strong>Resin+PU+LED<br \/>\n<strong>Fecha de entrega:\u00a0<\/strong>Q3 2026<\/p>\n<ul>\n<li data-section-id=\"1p4vn3\" data-start=\"845\" data-end=\"955\"><strong data-start=\"847\" data-end=\"858\">Deluxe:<\/strong> c\u00e1psula + figura + base + cabeza intercambiable + base para head + <strong data-start=\"926\" data-end=\"955\">iluminaci\u00f3n LED constante<\/strong><\/li>\n<li data-section-id=\"1u51fsf\" data-start=\"956\" data-end=\"1061\"><strong data-start=\"958\" data-end=\"971\">Regular:<\/strong> c\u00e1psula + figura + cabeza intercambiable + base para head + <strong data-start=\"1032\" data-end=\"1061\">iluminaci\u00f3n LED constante<\/strong><\/li>\n<\/ul>\n<p>Solo 50 unidades de cada<\/p>","protected":false},"featured_media":80882,"template":"","meta":[],"product_brand":[],"product_cat":[81,80,115],"product_tag":[],"class_list":{"0":"post-80878","1":"product","2":"type-product","3":"status-publish","4":"has-post-thumbnail","6":"product_cat-dragonball","7":"product_cat-anime","8":"product_cat-goku","9":"pa_altura-36-45cm","10":"pa_escala-escala_1_6","11":"pa_estado-preorder","12":"pa_estudio-du-studio","13":"pa_tipo-estatua-de-resina","15":"first","16":"instock","17":"purchasable","18":"product-type-variable"},"yoast_head":"<!-- This site is optimized with the Yoast SEO plugin v27.4 - https:\/\/yoast.com\/product\/yoast-seo-wordpress\/ -->\n<title>Goku Healing Chamber 1\/6 \u2013 Estatua Resina Premium Du Studio | Dragon Ball Z Coleccionistas<\/title>\n<meta name=\"description\" content=\"Revive el momento ic\u00f3nico de Dragon Ball Z con Goku en la c\u00e1mara de recuperaci\u00f3n. Estatua 1\/6 de resina ultra detallada de Du Studio, edici\u00f3n limitada para coleccionistas exigentes. \u00a1Reserva ahora antes de que desaparezca!\" \/>\n<meta name=\"robots\" content=\"index, follow, max-snippet:-1, max-image-preview:large, max-video-preview:-1\" \/>\n<link rel=\"canonical\" href=\"https:\/\/yardratshop.com\/eng\/product\/du-studio-dragon-ball-z-goku-on-healing-chamber\/\" \/>\n<meta property=\"og:locale\" content=\"en_US\" \/>\n<meta property=\"og:type\" content=\"article\" \/>\n<meta property=\"og:title\" content=\"Goku Healing Chamber 1\/6 \u2013 Estatua Resina Premium Du Studio | Dragon Ball Z Coleccionistas\" \/>\n<meta property=\"og:description\" content=\"Revive el momento ic\u00f3nico de Dragon Ball Z con Goku en la c\u00e1mara de recuperaci\u00f3n. Estatua 1\/6 de resina ultra detallada de Du Studio, edici\u00f3n limitada para coleccionistas exigentes. \u00a1Reserva ahora antes de que desaparezca!\" \/>\n<meta property=\"og:url\" content=\"https:\/\/yardratshop.com\/eng\/product\/du-studio-dragon-ball-z-goku-on-healing-chamber\/\" \/>\n<meta property=\"og:site_name\" content=\"Yardrat Shop\" \/>\n<meta property=\"article:modified_time\" content=\"2026-04-14T10:49:18+00:00\" \/>\n<meta property=\"og:image\" content=\"https:\/\/yardratshop.com\/wp-content\/uploads\/2026\/04\/5b3c3560f93476f3beac60a0250c09f9.jpg\" \/>\n\t<meta property=\"og:image:width\" content=\"1869\" \/>\n\t<meta property=\"og:image:height\" content=\"1280\" \/>\n\t<meta property=\"og:image:type\" content=\"image\/jpeg\" \/>\n<meta name=\"twitter:card\" content=\"summary_large_image\" \/>\n<meta name=\"twitter:label1\" content=\"Est. reading time\" \/>\n\t<meta name=\"twitter:data1\" content=\"1 minute\" \/>\n<script type=\"application\/ld+json\" class=\"yoast-schema-graph\">{\"@context\":\"https:\\\/\\\/schema.org\",\"@graph\":[{\"@type\":\"WebPage\",\"@id\":\"https:\\\/\\\/yardratshop.com\\\/producto\\\/du-studio-dragon-ball-z-goku-on-healing-chamber\\\/\",\"url\":\"https:\\\/\\\/yardratshop.com\\\/producto\\\/du-studio-dragon-ball-z-goku-on-healing-chamber\\\/\",\"name\":\"Goku Healing Chamber 1\\\/6 \u2013 Estatua Resina Premium Du Studio | Dragon Ball Z Coleccionistas\",\"isPartOf\":{\"@id\":\"https:\\\/\\\/yardratshop.com\\\/#website\"},\"primaryImageOfPage\":{\"@id\":\"https:\\\/\\\/yardratshop.com\\\/producto\\\/du-studio-dragon-ball-z-goku-on-healing-chamber\\\/#primaryimage\"},\"image\":{\"@id\":\"https:\\\/\\\/yardratshop.com\\\/producto\\\/du-studio-dragon-ball-z-goku-on-healing-chamber\\\/#primaryimage\"},\"thumbnailUrl\":\"https:\\\/\\\/yardratshop.com\\\/wp-content\\\/uploads\\\/2026\\\/04\\\/5b3c3560f93476f3beac60a0250c09f9.jpg\",\"datePublished\":\"2026-04-14T10:27:39+00:00\",\"dateModified\":\"2026-04-14T10:49:18+00:00\",\"description\":\"Revive el momento ic\u00f3nico de Dragon Ball Z con Goku en la c\u00e1mara de recuperaci\u00f3n. Estatua 1\\\/6 de resina ultra detallada de Du Studio, edici\u00f3n limitada para coleccionistas exigentes. \u00a1Reserva ahora antes de que desaparezca!\",\"breadcrumb\":{\"@id\":\"https:\\\/\\\/yardratshop.com\\\/producto\\\/du-studio-dragon-ball-z-goku-on-healing-chamber\\\/#breadcrumb\"},\"inLanguage\":\"en-US\",\"potentialAction\":[{\"@type\":\"ReadAction\",\"target\":[\"https:\\\/\\\/yardratshop.com\\\/producto\\\/du-studio-dragon-ball-z-goku-on-healing-chamber\\\/\"]}]},{\"@type\":\"ImageObject\",\"inLanguage\":\"en-US\",\"@id\":\"https:\\\/\\\/yardratshop.com\\\/producto\\\/du-studio-dragon-ball-z-goku-on-healing-chamber\\\/#primaryimage\",\"url\":\"https:\\\/\\\/yardratshop.com\\\/wp-content\\\/uploads\\\/2026\\\/04\\\/5b3c3560f93476f3beac60a0250c09f9.jpg\",\"contentUrl\":\"https:\\\/\\\/yardratshop.com\\\/wp-content\\\/uploads\\\/2026\\\/04\\\/5b3c3560f93476f3beac60a0250c09f9.jpg\",\"width\":1869,\"height\":1280,\"caption\":\"5b3c3560f93476f3beac60a0250c09f9\"},{\"@type\":\"BreadcrumbList\",\"@id\":\"https:\\\/\\\/yardratshop.com\\\/producto\\\/du-studio-dragon-ball-z-goku-on-healing-chamber\\\/#breadcrumb\",\"itemListElement\":[{\"@type\":\"ListItem\",\"position\":1,\"name\":\"Portada\",\"item\":\"https:\\\/\\\/yardratshop.com\\\/\"},{\"@type\":\"ListItem\",\"position\":2,\"name\":\"Tienda\",\"item\":\"https:\\\/\\\/yardratshop.com\\\/tienda\\\/\"},{\"@type\":\"ListItem\",\"position\":3,\"name\":\"Du Studio &#8211; Dragon Ball Z &#8211; Goku on Healing Chamber\"}]},{\"@type\":\"WebSite\",\"@id\":\"https:\\\/\\\/yardratshop.com\\\/#website\",\"url\":\"https:\\\/\\\/yardratshop.com\\\/\",\"name\":\"Yardrat Shop\",\"description\":\"Tu tienda exclusiva de figuras y estatuas\",\"potentialAction\":[{\"@type\":\"SearchAction\",\"target\":{\"@type\":\"EntryPoint\",\"urlTemplate\":\"https:\\\/\\\/yardratshop.com\\\/?s={search_term_string}\"},\"query-input\":{\"@type\":\"PropertyValueSpecification\",\"valueRequired\":true,\"valueName\":\"search_term_string\"}}],\"inLanguage\":\"en-US\"}]}<\/script>\n<!-- \/ Yoast SEO plugin. -->","yoast_head_json":{"title":"Goku Healing Chamber 1\/6 \u2013 Estatua Resina Premium Du Studio | Dragon Ball Z Coleccionistas","description":"Revive el momento ic\u00f3nico de Dragon Ball Z con Goku en la c\u00e1mara de recuperaci\u00f3n. Estatua 1\/6 de resina ultra detallada de Du Studio, edici\u00f3n limitada para coleccionistas exigentes. \u00a1Reserva ahora antes de que desaparezca!","robots":{"index":"index","follow":"follow","max-snippet":"max-snippet:-1","max-image-preview":"max-image-preview:large","max-video-preview":"max-video-preview:-1"},"canonical":"https:\/\/yardratshop.com\/eng\/product\/du-studio-dragon-ball-z-goku-on-healing-chamber\/","og_locale":"en_US","og_type":"article","og_title":"Goku Healing Chamber 1\/6 \u2013 Estatua Resina Premium Du Studio | Dragon Ball Z Coleccionistas","og_description":"Revive el momento ic\u00f3nico de Dragon Ball Z con Goku en la c\u00e1mara de recuperaci\u00f3n. Estatua 1\/6 de resina ultra detallada de Du Studio, edici\u00f3n limitada para coleccionistas exigentes. \u00a1Reserva ahora antes de que desaparezca!","og_url":"https:\/\/yardratshop.com\/eng\/product\/du-studio-dragon-ball-z-goku-on-healing-chamber\/","og_site_name":"Yardrat Shop","article_modified_time":"2026-04-14T10:49:18+00:00","og_image":[{"width":1869,"height":1280,"url":"https:\/\/yardratshop.com\/wp-content\/uploads\/2026\/04\/5b3c3560f93476f3beac60a0250c09f9.jpg","type":"image\/jpeg"}],"twitter_card":"summary_large_image","twitter_misc":{"Est. reading time":"1 minute"},"schema":{"@context":"https:\/\/schema.org","@graph":[{"@type":"WebPage","@id":"https:\/\/yardratshop.com\/producto\/du-studio-dragon-ball-z-goku-on-healing-chamber\/","url":"https:\/\/yardratshop.com\/producto\/du-studio-dragon-ball-z-goku-on-healing-chamber\/","name":"Goku Healing Chamber 1\/6 \u2013 Estatua Resina Premium Du Studio | Dragon Ball Z Coleccionistas","isPartOf":{"@id":"https:\/\/yardratshop.com\/#website"},"primaryImageOfPage":{"@id":"https:\/\/yardratshop.com\/producto\/du-studio-dragon-ball-z-goku-on-healing-chamber\/#primaryimage"},"image":{"@id":"https:\/\/yardratshop.com\/producto\/du-studio-dragon-ball-z-goku-on-healing-chamber\/#primaryimage"},"thumbnailUrl":"https:\/\/yardratshop.com\/wp-content\/uploads\/2026\/04\/5b3c3560f93476f3beac60a0250c09f9.jpg","datePublished":"2026-04-14T10:27:39+00:00","dateModified":"2026-04-14T10:49:18+00:00","description":"Revive el momento ic\u00f3nico de Dragon Ball Z con Goku en la c\u00e1mara de recuperaci\u00f3n. Estatua 1\/6 de resina ultra detallada de Du Studio, edici\u00f3n limitada para coleccionistas exigentes. \u00a1Reserva ahora antes de que desaparezca!","breadcrumb":{"@id":"https:\/\/yardratshop.com\/producto\/du-studio-dragon-ball-z-goku-on-healing-chamber\/#breadcrumb"},"inLanguage":"en-US","potentialAction":[{"@type":"ReadAction","target":["https:\/\/yardratshop.com\/producto\/du-studio-dragon-ball-z-goku-on-healing-chamber\/"]}]},{"@type":"ImageObject","inLanguage":"en-US","@id":"https:\/\/yardratshop.com\/producto\/du-studio-dragon-ball-z-goku-on-healing-chamber\/#primaryimage","url":"https:\/\/yardratshop.com\/wp-content\/uploads\/2026\/04\/5b3c3560f93476f3beac60a0250c09f9.jpg","contentUrl":"https:\/\/yardratshop.com\/wp-content\/uploads\/2026\/04\/5b3c3560f93476f3beac60a0250c09f9.jpg","width":1869,"height":1280,"caption":"5b3c3560f93476f3beac60a0250c09f9"},{"@type":"BreadcrumbList","@id":"https:\/\/yardratshop.com\/producto\/du-studio-dragon-ball-z-goku-on-healing-chamber\/#breadcrumb","itemListElement":[{"@type":"ListItem","position":1,"name":"Portada","item":"https:\/\/yardratshop.com\/"},{"@type":"ListItem","position":2,"name":"Tienda","item":"https:\/\/yardratshop.com\/tienda\/"},{"@type":"ListItem","position":3,"name":"Du Studio &#8211; Dragon Ball Z &#8211; Goku on Healing Chamber"}]},{"@type":"WebSite","@id":"https:\/\/yardratshop.com\/#website","url":"https:\/\/yardratshop.com\/","name":"Yardrat Shop","description":"Tu tienda exclusiva de figuras y estatuas","potentialAction":[{"@type":"SearchAction","target":{"@type":"EntryPoint","urlTemplate":"https:\/\/yardratshop.com\/?s={search_term_string}"},"query-input":{"@type":"PropertyValueSpecification","valueRequired":true,"valueName":"search_term_string"}}],"inLanguage":"en-US"}]}},"_links":{"self":[{"href":"https:\/\/yardratshop.com\/eng\/wp-json\/wp\/v2\/product\/80878","targetHints":{"allow":["GET"]}}],"collection":[{"href":"https:\/\/yardratshop.com\/eng\/wp-json\/wp\/v2\/product"}],"about":[{"href":"https:\/\/yardratshop.com\/eng\/wp-json\/wp\/v2\/types\/product"}],"version-history":[{"count":1,"href":"https:\/\/yardratshop.com\/eng\/wp-json\/wp\/v2\/product\/80878\/revisions"}],"predecessor-version":[{"id":80890,"href":"https:\/\/yardratshop.com\/eng\/wp-json\/wp\/v2\/product\/80878\/revisions\/80890"}],"wp:featuredmedia":[{"embeddable":true,"href":"https:\/\/yardratshop.com\/eng\/wp-json\/wp\/v2\/media\/80882"}],"wp:attachment":[{"href":"https:\/\/yardratshop.com\/eng\/wp-json\/wp\/v2\/media?parent=80878"}],"wp:term":[{"taxonomy":"product_brand","embeddable":true,"href":"https:\/\/yardratshop.com\/eng\/wp-json\/wp\/v2\/product_brand?post=80878"},{"taxonomy":"product_cat","embeddable":true,"href":"https:\/\/yardratshop.com\/eng\/wp-json\/wp\/v2\/product_cat?post=80878"},{"taxonomy":"product_tag","embeddable":true,"href":"https:\/\/yardratshop.com\/eng\/wp-json\/wp\/v2\/product_tag?post=80878"}],"curies":[{"name":"wp","href":"https:\/\/api.w.org\/{rel}","templated":true}]}}