{"id":81965,"date":"2026-04-17T12:55:16","date_gmt":"2026-04-17T10:55:16","guid":{"rendered":"https:\/\/yardratshop.com\/?post_type=product&#038;p=81965"},"modified":"2026-04-17T13:46:16","modified_gmt":"2026-04-17T11:46:16","slug":"hp-studio-resident-evil-requiem-leon-s-kennedy-grace-ashcroft","status":"publish","type":"product","link":"https:\/\/yardratshop.com\/eng\/product\/hp-studio-resident-evil-requiem-leon-s-kennedy-grace-ashcroft\/","title":{"rendered":"HP Studio &#8211; Resident Evil Requiem: Leon S. Kennedy &#038; Grace Ashcroft"},"content":{"rendered":"","protected":false},"excerpt":{"rendered":"<p><strong>Medidas<\/strong><\/p>\n<p>Leon: H47 \u00d7 W19 \u00d7 D31cm<br \/>\nGrace: H57 \u00d7 W24 \u00d7 D23cm<br \/>\nLeon+Grace: H57 \u00d7 W32 \u00d7 D31cm<\/p>\n<p><strong>Material:\u00a0<\/strong>Resin +PU<br \/>\n<strong>Fecha de entrega:\u00a0<\/strong>Q3 2026<\/p>\n<h5 data-section-id=\"1t5tciw\" data-start=\"972\" data-end=\"1009\"><span role=\"text\"><strong data-start=\"979\" data-end=\"1009\">Bonificaciones por reserva<\/strong><\/span><\/h5>\n<p data-start=\"1010\" data-end=\"1026\"><strong data-start=\"1014\" data-end=\"1024\">Grace:<\/strong><\/p>\n<ul data-start=\"1027\" data-end=\"1091\">\n<li data-section-id=\"17woo9z\" data-start=\"1027\" data-end=\"1091\">Placa FBI 1:1 personalizable (puedes a\u00f1adir tu foto y firma)<\/li>\n<\/ul>\n<p data-start=\"1093\" data-end=\"1107\"><strong data-start=\"1096\" data-end=\"1105\">Leon:<\/strong><\/p>\n<ul data-start=\"1108\" data-end=\"1143\">\n<li data-section-id=\"1ct3l25\" data-start=\"1108\" data-end=\"1143\">Figura coleccionable de Raccoon<\/li>\n<\/ul>","protected":false},"featured_media":82018,"template":"","meta":[],"product_brand":[],"product_cat":[141,3653,389,143],"product_tag":[],"class_list":{"0":"post-81965","1":"product","2":"type-product","3":"status-publish","4":"has-post-thumbnail","6":"product_cat-videojuego","7":"product_cat-grace-ashcroft","8":"product_cat-leon-s-kennedy","9":"product_cat-resident-evil","10":"pa_altura-46-60cm","11":"pa_escala-escala_1_4","12":"pa_estado-preorder","13":"pa_estudio-hp-studio","14":"pa_tipo-estatua-de-resina","16":"first","17":"instock","18":"purchasable","19":"product-type-variable"},"yoast_head":"<!-- This site is optimized with the Yoast SEO plugin v27.4 - https:\/\/yoast.com\/product\/yoast-seo-wordpress\/ -->\n<title>HP Studio Leon &amp; Grace 1\/4 | Resident Evil Requiem Estatua Premium Coleccionista<\/title>\n<meta name=\"robots\" content=\"index, follow, max-snippet:-1, max-image-preview:large, max-video-preview:-1\" \/>\n<link rel=\"canonical\" href=\"https:\/\/yardratshop.com\/eng\/product\/hp-studio-resident-evil-requiem-leon-s-kennedy-grace-ashcroft\/\" \/>\n<meta property=\"og:locale\" content=\"en_US\" \/>\n<meta property=\"og:type\" content=\"article\" \/>\n<meta property=\"og:title\" content=\"HP Studio Leon &amp; Grace 1\/4 | Resident Evil Requiem Estatua Premium Coleccionista\" \/>\n<meta property=\"og:description\" content=\"Medidas  Leon: H47 \u00d7 W19 \u00d7 D31cm Grace: H57 \u00d7 W24 \u00d7 D23cm Leon+Grace: H57 \u00d7 W32 \u00d7 D31cm  Material:\u00a0Resin +PU Fecha de entrega:\u00a0Q3 2026 Bonificaciones por reserva Grace:    Placa FBI 1:1 personalizable (puedes a\u00f1adir tu foto y firma)  Leon:    Figura coleccionable de Raccoon\" \/>\n<meta property=\"og:url\" content=\"https:\/\/yardratshop.com\/eng\/product\/hp-studio-resident-evil-requiem-leon-s-kennedy-grace-ashcroft\/\" \/>\n<meta property=\"og:site_name\" content=\"Yardrat Shop\" \/>\n<meta property=\"article:modified_time\" content=\"2026-04-17T11:46:16+00:00\" \/>\n<meta property=\"og:image\" content=\"https:\/\/yardratshop.com\/wp-content\/uploads\/2026\/04\/3cd9fcc4d03ba356f88d7874896b6d80-scaled.jpg\" \/>\n\t<meta property=\"og:image:width\" content=\"1820\" \/>\n\t<meta property=\"og:image:height\" content=\"2560\" \/>\n\t<meta property=\"og:image:type\" content=\"image\/jpeg\" \/>\n<meta name=\"twitter:card\" content=\"summary_large_image\" \/>\n<meta name=\"twitter:label1\" content=\"Est. reading time\" \/>\n\t<meta name=\"twitter:data1\" content=\"1 minute\" \/>\n<script type=\"application\/ld+json\" class=\"yoast-schema-graph\">{\"@context\":\"https:\\\/\\\/schema.org\",\"@graph\":[{\"@type\":\"WebPage\",\"@id\":\"https:\\\/\\\/yardratshop.com\\\/producto\\\/hp-studio-resident-evil-requiem-leon-s-kennedy-grace-ashcroft\\\/\",\"url\":\"https:\\\/\\\/yardratshop.com\\\/producto\\\/hp-studio-resident-evil-requiem-leon-s-kennedy-grace-ashcroft\\\/\",\"name\":\"HP Studio Leon & Grace 1\\\/4 | Resident Evil Requiem Estatua Premium Coleccionista\",\"isPartOf\":{\"@id\":\"https:\\\/\\\/yardratshop.com\\\/#website\"},\"primaryImageOfPage\":{\"@id\":\"https:\\\/\\\/yardratshop.com\\\/producto\\\/hp-studio-resident-evil-requiem-leon-s-kennedy-grace-ashcroft\\\/#primaryimage\"},\"image\":{\"@id\":\"https:\\\/\\\/yardratshop.com\\\/producto\\\/hp-studio-resident-evil-requiem-leon-s-kennedy-grace-ashcroft\\\/#primaryimage\"},\"thumbnailUrl\":\"https:\\\/\\\/yardratshop.com\\\/wp-content\\\/uploads\\\/2026\\\/04\\\/3cd9fcc4d03ba356f88d7874896b6d80-scaled.jpg\",\"datePublished\":\"2026-04-17T10:55:16+00:00\",\"dateModified\":\"2026-04-17T11:46:16+00:00\",\"breadcrumb\":{\"@id\":\"https:\\\/\\\/yardratshop.com\\\/producto\\\/hp-studio-resident-evil-requiem-leon-s-kennedy-grace-ashcroft\\\/#breadcrumb\"},\"inLanguage\":\"en-US\",\"potentialAction\":[{\"@type\":\"ReadAction\",\"target\":[\"https:\\\/\\\/yardratshop.com\\\/producto\\\/hp-studio-resident-evil-requiem-leon-s-kennedy-grace-ashcroft\\\/\"]}]},{\"@type\":\"ImageObject\",\"inLanguage\":\"en-US\",\"@id\":\"https:\\\/\\\/yardratshop.com\\\/producto\\\/hp-studio-resident-evil-requiem-leon-s-kennedy-grace-ashcroft\\\/#primaryimage\",\"url\":\"https:\\\/\\\/yardratshop.com\\\/wp-content\\\/uploads\\\/2026\\\/04\\\/3cd9fcc4d03ba356f88d7874896b6d80-scaled.jpg\",\"contentUrl\":\"https:\\\/\\\/yardratshop.com\\\/wp-content\\\/uploads\\\/2026\\\/04\\\/3cd9fcc4d03ba356f88d7874896b6d80-scaled.jpg\",\"width\":1820,\"height\":2560,\"caption\":\"3cd9fcc4d03ba356f88d7874896b6d80\"},{\"@type\":\"BreadcrumbList\",\"@id\":\"https:\\\/\\\/yardratshop.com\\\/producto\\\/hp-studio-resident-evil-requiem-leon-s-kennedy-grace-ashcroft\\\/#breadcrumb\",\"itemListElement\":[{\"@type\":\"ListItem\",\"position\":1,\"name\":\"Portada\",\"item\":\"https:\\\/\\\/yardratshop.com\\\/\"},{\"@type\":\"ListItem\",\"position\":2,\"name\":\"Tienda\",\"item\":\"https:\\\/\\\/yardratshop.com\\\/tienda\\\/\"},{\"@type\":\"ListItem\",\"position\":3,\"name\":\"HP Studio &#8211; Resident Evil Requiem: Leon S. Kennedy &#038; Grace Ashcroft\"}]},{\"@type\":\"WebSite\",\"@id\":\"https:\\\/\\\/yardratshop.com\\\/#website\",\"url\":\"https:\\\/\\\/yardratshop.com\\\/\",\"name\":\"Yardrat Shop\",\"description\":\"Tu tienda exclusiva de figuras y estatuas\",\"potentialAction\":[{\"@type\":\"SearchAction\",\"target\":{\"@type\":\"EntryPoint\",\"urlTemplate\":\"https:\\\/\\\/yardratshop.com\\\/?s={search_term_string}\"},\"query-input\":{\"@type\":\"PropertyValueSpecification\",\"valueRequired\":true,\"valueName\":\"search_term_string\"}}],\"inLanguage\":\"en-US\"}]}<\/script>\n<!-- \/ Yoast SEO plugin. -->","yoast_head_json":{"title":"HP Studio Leon & Grace 1\/4 | Resident Evil Requiem Estatua Premium Coleccionista","robots":{"index":"index","follow":"follow","max-snippet":"max-snippet:-1","max-image-preview":"max-image-preview:large","max-video-preview":"max-video-preview:-1"},"canonical":"https:\/\/yardratshop.com\/eng\/product\/hp-studio-resident-evil-requiem-leon-s-kennedy-grace-ashcroft\/","og_locale":"en_US","og_type":"article","og_title":"HP Studio Leon & Grace 1\/4 | Resident Evil Requiem Estatua Premium Coleccionista","og_description":"Medidas  Leon: H47 \u00d7 W19 \u00d7 D31cm Grace: H57 \u00d7 W24 \u00d7 D23cm Leon+Grace: H57 \u00d7 W32 \u00d7 D31cm  Material:\u00a0Resin +PU Fecha de entrega:\u00a0Q3 2026 Bonificaciones por reserva Grace:    Placa FBI 1:1 personalizable (puedes a\u00f1adir tu foto y firma)  Leon:    Figura coleccionable de Raccoon","og_url":"https:\/\/yardratshop.com\/eng\/product\/hp-studio-resident-evil-requiem-leon-s-kennedy-grace-ashcroft\/","og_site_name":"Yardrat Shop","article_modified_time":"2026-04-17T11:46:16+00:00","og_image":[{"width":1820,"height":2560,"url":"https:\/\/yardratshop.com\/wp-content\/uploads\/2026\/04\/3cd9fcc4d03ba356f88d7874896b6d80-scaled.jpg","type":"image\/jpeg"}],"twitter_card":"summary_large_image","twitter_misc":{"Est. reading time":"1 minute"},"schema":{"@context":"https:\/\/schema.org","@graph":[{"@type":"WebPage","@id":"https:\/\/yardratshop.com\/producto\/hp-studio-resident-evil-requiem-leon-s-kennedy-grace-ashcroft\/","url":"https:\/\/yardratshop.com\/producto\/hp-studio-resident-evil-requiem-leon-s-kennedy-grace-ashcroft\/","name":"HP Studio Leon & Grace 1\/4 | Resident Evil Requiem Estatua Premium Coleccionista","isPartOf":{"@id":"https:\/\/yardratshop.com\/#website"},"primaryImageOfPage":{"@id":"https:\/\/yardratshop.com\/producto\/hp-studio-resident-evil-requiem-leon-s-kennedy-grace-ashcroft\/#primaryimage"},"image":{"@id":"https:\/\/yardratshop.com\/producto\/hp-studio-resident-evil-requiem-leon-s-kennedy-grace-ashcroft\/#primaryimage"},"thumbnailUrl":"https:\/\/yardratshop.com\/wp-content\/uploads\/2026\/04\/3cd9fcc4d03ba356f88d7874896b6d80-scaled.jpg","datePublished":"2026-04-17T10:55:16+00:00","dateModified":"2026-04-17T11:46:16+00:00","breadcrumb":{"@id":"https:\/\/yardratshop.com\/producto\/hp-studio-resident-evil-requiem-leon-s-kennedy-grace-ashcroft\/#breadcrumb"},"inLanguage":"en-US","potentialAction":[{"@type":"ReadAction","target":["https:\/\/yardratshop.com\/producto\/hp-studio-resident-evil-requiem-leon-s-kennedy-grace-ashcroft\/"]}]},{"@type":"ImageObject","inLanguage":"en-US","@id":"https:\/\/yardratshop.com\/producto\/hp-studio-resident-evil-requiem-leon-s-kennedy-grace-ashcroft\/#primaryimage","url":"https:\/\/yardratshop.com\/wp-content\/uploads\/2026\/04\/3cd9fcc4d03ba356f88d7874896b6d80-scaled.jpg","contentUrl":"https:\/\/yardratshop.com\/wp-content\/uploads\/2026\/04\/3cd9fcc4d03ba356f88d7874896b6d80-scaled.jpg","width":1820,"height":2560,"caption":"3cd9fcc4d03ba356f88d7874896b6d80"},{"@type":"BreadcrumbList","@id":"https:\/\/yardratshop.com\/producto\/hp-studio-resident-evil-requiem-leon-s-kennedy-grace-ashcroft\/#breadcrumb","itemListElement":[{"@type":"ListItem","position":1,"name":"Portada","item":"https:\/\/yardratshop.com\/"},{"@type":"ListItem","position":2,"name":"Tienda","item":"https:\/\/yardratshop.com\/tienda\/"},{"@type":"ListItem","position":3,"name":"HP Studio &#8211; Resident Evil Requiem: Leon S. Kennedy &#038; Grace Ashcroft"}]},{"@type":"WebSite","@id":"https:\/\/yardratshop.com\/#website","url":"https:\/\/yardratshop.com\/","name":"Yardrat Shop","description":"Tu tienda exclusiva de figuras y estatuas","potentialAction":[{"@type":"SearchAction","target":{"@type":"EntryPoint","urlTemplate":"https:\/\/yardratshop.com\/?s={search_term_string}"},"query-input":{"@type":"PropertyValueSpecification","valueRequired":true,"valueName":"search_term_string"}}],"inLanguage":"en-US"}]}},"_links":{"self":[{"href":"https:\/\/yardratshop.com\/eng\/wp-json\/wp\/v2\/product\/81965","targetHints":{"allow":["GET"]}}],"collection":[{"href":"https:\/\/yardratshop.com\/eng\/wp-json\/wp\/v2\/product"}],"about":[{"href":"https:\/\/yardratshop.com\/eng\/wp-json\/wp\/v2\/types\/product"}],"version-history":[{"count":1,"href":"https:\/\/yardratshop.com\/eng\/wp-json\/wp\/v2\/product\/81965\/revisions"}],"predecessor-version":[{"id":82113,"href":"https:\/\/yardratshop.com\/eng\/wp-json\/wp\/v2\/product\/81965\/revisions\/82113"}],"wp:featuredmedia":[{"embeddable":true,"href":"https:\/\/yardratshop.com\/eng\/wp-json\/wp\/v2\/media\/82018"}],"wp:attachment":[{"href":"https:\/\/yardratshop.com\/eng\/wp-json\/wp\/v2\/media?parent=81965"}],"wp:term":[{"taxonomy":"product_brand","embeddable":true,"href":"https:\/\/yardratshop.com\/eng\/wp-json\/wp\/v2\/product_brand?post=81965"},{"taxonomy":"product_cat","embeddable":true,"href":"https:\/\/yardratshop.com\/eng\/wp-json\/wp\/v2\/product_cat?post=81965"},{"taxonomy":"product_tag","embeddable":true,"href":"https:\/\/yardratshop.com\/eng\/wp-json\/wp\/v2\/product_tag?post=81965"}],"curies":[{"name":"wp","href":"https:\/\/api.w.org\/{rel}","templated":true}]}}