{"id":82207,"date":"2026-04-17T14:14:23","date_gmt":"2026-04-17T12:14:23","guid":{"rendered":"https:\/\/yardratshop.com\/?post_type=product&#038;p=82207"},"modified":"2026-04-17T14:14:23","modified_gmt":"2026-04-17T12:14:23","slug":"yqy-studio-jujutsu-kaisen-maki-zenin","status":"publish","type":"product","link":"https:\/\/yardratshop.com\/eng\/product\/yqy-studio-jujutsu-kaisen-maki-zenin\/","title":{"rendered":"YQY Studio &#8211; Jujutsu Kaisen &#8211; Maki Zenin"},"content":{"rendered":"","protected":false},"excerpt":{"rendered":"<p><strong>Medidas:\u00a0<\/strong>H31 x W20 x D22cm<br \/>\n<strong>Material:\u00a0<\/strong>Resin+PU<br \/>\n<strong>Fecha de entrega:\u00a0<\/strong>Q3-Q4 2026<\/p>\n<p>Incluye paquete de accesorios<\/p>\n<h5 data-section-id=\"3l1hby\" data-start=\"1279\" data-end=\"1307\"><span role=\"text\"><strong data-start=\"1286\" data-end=\"1307\">Notas importantes<\/strong><\/span><\/h5>\n<ul data-start=\"1308\" data-end=\"1633\">\n<li data-section-id=\"3j008w\" data-start=\"1308\" data-end=\"1389\">El prototipo fue dise\u00f1ado basado en el manga, con una complexi\u00f3n m\u00e1s delgada.<\/li>\n<li data-section-id=\"159torm\" data-start=\"1390\" data-end=\"1491\">El dise\u00f1o final ser\u00e1 <strong data-start=\"1413\" data-end=\"1430\">m\u00e1s musculado<\/strong>, con ajustes en armas y pintura <em data-start=\"1463\" data-end=\"1488\">(ya revisado el cuerpo)<\/em>.<\/li>\n<li data-section-id=\"36jo4d\" data-start=\"1492\" data-end=\"1562\">Producto pintado a mano &#x1f449; pueden existir peque\u00f1as imperfecciones.<\/li>\n<li data-section-id=\"q0k8t3\" data-start=\"1563\" data-end=\"1633\">No recomendado para coleccionistas extremadamente perfeccionistas.<\/li>\n<\/ul>","protected":false},"featured_media":82291,"template":"","meta":[],"product_brand":[],"product_cat":[80,127,3614],"product_tag":[],"class_list":{"0":"post-82207","1":"product","2":"type-product","3":"status-publish","4":"has-post-thumbnail","6":"product_cat-anime","7":"product_cat-jujutsu-kaisen","8":"product_cat-maki-zenin","9":"pa_altura-26-35cm","10":"pa_escala-escala_1_6","11":"pa_estado-preorder","12":"pa_estudio-yqy-studio","13":"pa_tipo-estatua-de-resina","15":"first","16":"instock","17":"purchasable","18":"product-type-simple"},"yoast_head":"<!-- This site is optimized with the Yoast SEO plugin v27.4 - https:\/\/yoast.com\/product\/yoast-seo-wordpress\/ -->\n<title>YQY Studio Maki Zenin 1\/6 \u2013 Estatua Premium Jujutsu Kaisen | Edici\u00f3n Limitada Coleccionista<\/title>\n<meta name=\"description\" content=\"Consigue la brutal estatua 1\/6 de Maki Zenin por YQY Studio. \u2694\ufe0f Edici\u00f3n limitada para coleccionistas exigentes de Jujutsu Kaisen. Detalles premium, presencia imponente y stock muy reducido. \u00a1Reserva antes de que desaparezca!\" \/>\n<meta name=\"robots\" content=\"index, follow, max-snippet:-1, max-image-preview:large, max-video-preview:-1\" \/>\n<link rel=\"canonical\" href=\"https:\/\/yardratshop.com\/eng\/product\/yqy-studio-jujutsu-kaisen-maki-zenin\/\" \/>\n<meta property=\"og:locale\" content=\"en_US\" \/>\n<meta property=\"og:type\" content=\"article\" \/>\n<meta property=\"og:title\" content=\"YQY Studio Maki Zenin 1\/6 \u2013 Estatua Premium Jujutsu Kaisen | Edici\u00f3n Limitada Coleccionista\" \/>\n<meta property=\"og:description\" content=\"Consigue la brutal estatua 1\/6 de Maki Zenin por YQY Studio. \u2694\ufe0f Edici\u00f3n limitada para coleccionistas exigentes de Jujutsu Kaisen. Detalles premium, presencia imponente y stock muy reducido. \u00a1Reserva antes de que desaparezca!\" \/>\n<meta property=\"og:url\" content=\"https:\/\/yardratshop.com\/eng\/product\/yqy-studio-jujutsu-kaisen-maki-zenin\/\" \/>\n<meta property=\"og:site_name\" content=\"Yardrat Shop\" \/>\n<meta property=\"og:image\" content=\"https:\/\/yardratshop.com\/wp-content\/uploads\/2026\/04\/28322a669d425b66aa75c551992e3d96-scaled.jpg\" \/>\n\t<meta property=\"og:image:width\" content=\"1799\" \/>\n\t<meta property=\"og:image:height\" content=\"2560\" \/>\n\t<meta property=\"og:image:type\" content=\"image\/jpeg\" \/>\n<meta name=\"twitter:card\" content=\"summary_large_image\" \/>\n<meta name=\"twitter:label1\" content=\"Est. reading time\" \/>\n\t<meta name=\"twitter:data1\" content=\"1 minute\" \/>\n<script type=\"application\/ld+json\" class=\"yoast-schema-graph\">{\"@context\":\"https:\\\/\\\/schema.org\",\"@graph\":[{\"@type\":\"WebPage\",\"@id\":\"https:\\\/\\\/yardratshop.com\\\/producto\\\/yqy-studio-jujutsu-kaisen-maki-zenin\\\/\",\"url\":\"https:\\\/\\\/yardratshop.com\\\/producto\\\/yqy-studio-jujutsu-kaisen-maki-zenin\\\/\",\"name\":\"YQY Studio Maki Zenin 1\\\/6 \u2013 Estatua Premium Jujutsu Kaisen | Edici\u00f3n Limitada Coleccionista\",\"isPartOf\":{\"@id\":\"https:\\\/\\\/yardratshop.com\\\/#website\"},\"primaryImageOfPage\":{\"@id\":\"https:\\\/\\\/yardratshop.com\\\/producto\\\/yqy-studio-jujutsu-kaisen-maki-zenin\\\/#primaryimage\"},\"image\":{\"@id\":\"https:\\\/\\\/yardratshop.com\\\/producto\\\/yqy-studio-jujutsu-kaisen-maki-zenin\\\/#primaryimage\"},\"thumbnailUrl\":\"https:\\\/\\\/yardratshop.com\\\/wp-content\\\/uploads\\\/2026\\\/04\\\/28322a669d425b66aa75c551992e3d96-scaled.jpg\",\"datePublished\":\"2026-04-17T12:14:23+00:00\",\"description\":\"Consigue la brutal estatua 1\\\/6 de Maki Zenin por YQY Studio. \u2694\ufe0f Edici\u00f3n limitada para coleccionistas exigentes de Jujutsu Kaisen. Detalles premium, presencia imponente y stock muy reducido. \u00a1Reserva antes de que desaparezca!\",\"breadcrumb\":{\"@id\":\"https:\\\/\\\/yardratshop.com\\\/producto\\\/yqy-studio-jujutsu-kaisen-maki-zenin\\\/#breadcrumb\"},\"inLanguage\":\"en-US\",\"potentialAction\":[{\"@type\":\"ReadAction\",\"target\":[\"https:\\\/\\\/yardratshop.com\\\/producto\\\/yqy-studio-jujutsu-kaisen-maki-zenin\\\/\"]}]},{\"@type\":\"ImageObject\",\"inLanguage\":\"en-US\",\"@id\":\"https:\\\/\\\/yardratshop.com\\\/producto\\\/yqy-studio-jujutsu-kaisen-maki-zenin\\\/#primaryimage\",\"url\":\"https:\\\/\\\/yardratshop.com\\\/wp-content\\\/uploads\\\/2026\\\/04\\\/28322a669d425b66aa75c551992e3d96-scaled.jpg\",\"contentUrl\":\"https:\\\/\\\/yardratshop.com\\\/wp-content\\\/uploads\\\/2026\\\/04\\\/28322a669d425b66aa75c551992e3d96-scaled.jpg\",\"width\":1799,\"height\":2560,\"caption\":\"28322a669d425b66aa75c551992e3d96\"},{\"@type\":\"BreadcrumbList\",\"@id\":\"https:\\\/\\\/yardratshop.com\\\/producto\\\/yqy-studio-jujutsu-kaisen-maki-zenin\\\/#breadcrumb\",\"itemListElement\":[{\"@type\":\"ListItem\",\"position\":1,\"name\":\"Portada\",\"item\":\"https:\\\/\\\/yardratshop.com\\\/\"},{\"@type\":\"ListItem\",\"position\":2,\"name\":\"Tienda\",\"item\":\"https:\\\/\\\/yardratshop.com\\\/tienda\\\/\"},{\"@type\":\"ListItem\",\"position\":3,\"name\":\"YQY Studio &#8211; Jujutsu Kaisen &#8211; Maki Zenin\"}]},{\"@type\":\"WebSite\",\"@id\":\"https:\\\/\\\/yardratshop.com\\\/#website\",\"url\":\"https:\\\/\\\/yardratshop.com\\\/\",\"name\":\"Yardrat Shop\",\"description\":\"Tu tienda exclusiva de figuras y estatuas\",\"potentialAction\":[{\"@type\":\"SearchAction\",\"target\":{\"@type\":\"EntryPoint\",\"urlTemplate\":\"https:\\\/\\\/yardratshop.com\\\/?s={search_term_string}\"},\"query-input\":{\"@type\":\"PropertyValueSpecification\",\"valueRequired\":true,\"valueName\":\"search_term_string\"}}],\"inLanguage\":\"en-US\"}]}<\/script>\n<!-- \/ Yoast SEO plugin. -->","yoast_head_json":{"title":"YQY Studio Maki Zenin 1\/6 \u2013 Estatua Premium Jujutsu Kaisen | Edici\u00f3n Limitada Coleccionista","description":"Consigue la brutal estatua 1\/6 de Maki Zenin por YQY Studio. \u2694\ufe0f Edici\u00f3n limitada para coleccionistas exigentes de Jujutsu Kaisen. Detalles premium, presencia imponente y stock muy reducido. \u00a1Reserva antes de que desaparezca!","robots":{"index":"index","follow":"follow","max-snippet":"max-snippet:-1","max-image-preview":"max-image-preview:large","max-video-preview":"max-video-preview:-1"},"canonical":"https:\/\/yardratshop.com\/eng\/product\/yqy-studio-jujutsu-kaisen-maki-zenin\/","og_locale":"en_US","og_type":"article","og_title":"YQY Studio Maki Zenin 1\/6 \u2013 Estatua Premium Jujutsu Kaisen | Edici\u00f3n Limitada Coleccionista","og_description":"Consigue la brutal estatua 1\/6 de Maki Zenin por YQY Studio. \u2694\ufe0f Edici\u00f3n limitada para coleccionistas exigentes de Jujutsu Kaisen. Detalles premium, presencia imponente y stock muy reducido. \u00a1Reserva antes de que desaparezca!","og_url":"https:\/\/yardratshop.com\/eng\/product\/yqy-studio-jujutsu-kaisen-maki-zenin\/","og_site_name":"Yardrat Shop","og_image":[{"width":1799,"height":2560,"url":"https:\/\/yardratshop.com\/wp-content\/uploads\/2026\/04\/28322a669d425b66aa75c551992e3d96-scaled.jpg","type":"image\/jpeg"}],"twitter_card":"summary_large_image","twitter_misc":{"Est. reading time":"1 minute"},"schema":{"@context":"https:\/\/schema.org","@graph":[{"@type":"WebPage","@id":"https:\/\/yardratshop.com\/producto\/yqy-studio-jujutsu-kaisen-maki-zenin\/","url":"https:\/\/yardratshop.com\/producto\/yqy-studio-jujutsu-kaisen-maki-zenin\/","name":"YQY Studio Maki Zenin 1\/6 \u2013 Estatua Premium Jujutsu Kaisen | Edici\u00f3n Limitada Coleccionista","isPartOf":{"@id":"https:\/\/yardratshop.com\/#website"},"primaryImageOfPage":{"@id":"https:\/\/yardratshop.com\/producto\/yqy-studio-jujutsu-kaisen-maki-zenin\/#primaryimage"},"image":{"@id":"https:\/\/yardratshop.com\/producto\/yqy-studio-jujutsu-kaisen-maki-zenin\/#primaryimage"},"thumbnailUrl":"https:\/\/yardratshop.com\/wp-content\/uploads\/2026\/04\/28322a669d425b66aa75c551992e3d96-scaled.jpg","datePublished":"2026-04-17T12:14:23+00:00","description":"Consigue la brutal estatua 1\/6 de Maki Zenin por YQY Studio. \u2694\ufe0f Edici\u00f3n limitada para coleccionistas exigentes de Jujutsu Kaisen. Detalles premium, presencia imponente y stock muy reducido. \u00a1Reserva antes de que desaparezca!","breadcrumb":{"@id":"https:\/\/yardratshop.com\/producto\/yqy-studio-jujutsu-kaisen-maki-zenin\/#breadcrumb"},"inLanguage":"en-US","potentialAction":[{"@type":"ReadAction","target":["https:\/\/yardratshop.com\/producto\/yqy-studio-jujutsu-kaisen-maki-zenin\/"]}]},{"@type":"ImageObject","inLanguage":"en-US","@id":"https:\/\/yardratshop.com\/producto\/yqy-studio-jujutsu-kaisen-maki-zenin\/#primaryimage","url":"https:\/\/yardratshop.com\/wp-content\/uploads\/2026\/04\/28322a669d425b66aa75c551992e3d96-scaled.jpg","contentUrl":"https:\/\/yardratshop.com\/wp-content\/uploads\/2026\/04\/28322a669d425b66aa75c551992e3d96-scaled.jpg","width":1799,"height":2560,"caption":"28322a669d425b66aa75c551992e3d96"},{"@type":"BreadcrumbList","@id":"https:\/\/yardratshop.com\/producto\/yqy-studio-jujutsu-kaisen-maki-zenin\/#breadcrumb","itemListElement":[{"@type":"ListItem","position":1,"name":"Portada","item":"https:\/\/yardratshop.com\/"},{"@type":"ListItem","position":2,"name":"Tienda","item":"https:\/\/yardratshop.com\/tienda\/"},{"@type":"ListItem","position":3,"name":"YQY Studio &#8211; Jujutsu Kaisen &#8211; Maki Zenin"}]},{"@type":"WebSite","@id":"https:\/\/yardratshop.com\/#website","url":"https:\/\/yardratshop.com\/","name":"Yardrat Shop","description":"Tu tienda exclusiva de figuras y estatuas","potentialAction":[{"@type":"SearchAction","target":{"@type":"EntryPoint","urlTemplate":"https:\/\/yardratshop.com\/?s={search_term_string}"},"query-input":{"@type":"PropertyValueSpecification","valueRequired":true,"valueName":"search_term_string"}}],"inLanguage":"en-US"}]}},"_links":{"self":[{"href":"https:\/\/yardratshop.com\/eng\/wp-json\/wp\/v2\/product\/82207","targetHints":{"allow":["GET"]}}],"collection":[{"href":"https:\/\/yardratshop.com\/eng\/wp-json\/wp\/v2\/product"}],"about":[{"href":"https:\/\/yardratshop.com\/eng\/wp-json\/wp\/v2\/types\/product"}],"version-history":[{"count":1,"href":"https:\/\/yardratshop.com\/eng\/wp-json\/wp\/v2\/product\/82207\/revisions"}],"predecessor-version":[{"id":82299,"href":"https:\/\/yardratshop.com\/eng\/wp-json\/wp\/v2\/product\/82207\/revisions\/82299"}],"wp:featuredmedia":[{"embeddable":true,"href":"https:\/\/yardratshop.com\/eng\/wp-json\/wp\/v2\/media\/82291"}],"wp:attachment":[{"href":"https:\/\/yardratshop.com\/eng\/wp-json\/wp\/v2\/media?parent=82207"}],"wp:term":[{"taxonomy":"product_brand","embeddable":true,"href":"https:\/\/yardratshop.com\/eng\/wp-json\/wp\/v2\/product_brand?post=82207"},{"taxonomy":"product_cat","embeddable":true,"href":"https:\/\/yardratshop.com\/eng\/wp-json\/wp\/v2\/product_cat?post=82207"},{"taxonomy":"product_tag","embeddable":true,"href":"https:\/\/yardratshop.com\/eng\/wp-json\/wp\/v2\/product_tag?post=82207"}],"curies":[{"name":"wp","href":"https:\/\/api.w.org\/{rel}","templated":true}]}}