{"id":8249,"date":"2025-04-23T20:09:39","date_gmt":"2025-04-23T18:09:39","guid":{"rendered":"https:\/\/yardratshop.com\/?post_type=product&#038;p=8249"},"modified":"2025-12-19T00:43:44","modified_gmt":"2025-12-18T23:43:44","slug":"erzhoumu-studio-pokemon-agatha","status":"publish","type":"product","link":"https:\/\/yardratshop.com\/eng\/product\/erzhoumu-studio-pokemon-agatha\/","title":{"rendered":"Erzhoumu Studio &#8211; Pok\u00e9mon &#8211; Agatha"},"content":{"rendered":"","protected":false},"excerpt":{"rendered":"<p><strong>Medidas:\u00a0<\/strong>H39 x W35 x D26cm<br \/>\n<strong>Material:\u00a0<\/strong>Resina+ PU+LED<br \/>\n<strong>Fecha de entrega:\u00a0<\/strong>Q3-Q4 2025<\/p>\n<p>Solo 88 unidades<\/p>","protected":false},"featured_media":8250,"template":"","meta":[],"product_brand":[],"product_cat":[1902,80,85],"product_tag":[1907,1910,1310,1904,1905,1908,1906,1909,1525,1737],"class_list":{"0":"post-8249","1":"product","2":"type-product","3":"status-publish","4":"has-post-thumbnail","6":"product_cat-agatha","7":"product_cat-anime","8":"product_cat-pokemon","9":"product_tag-agatha-elite-four","10":"product_tag-coleccionistas-pokemon","11":"product_tag-decoracion-friki","12":"product_tag-erzhoumu-studio","13":"product_tag-estatua-agatha-pokemon","14":"product_tag-estatua-pokemon-original","15":"product_tag-figura-resina-pokemon","16":"product_tag-figuras-pokemon-exclusivas","17":"product_tag-pokemon-coleccionismo","18":"product_tag-resina-pintada-a-mano","19":"pa_altura-36-45cm","20":"pa_escala-otros","21":"pa_estado-preorder","22":"pa_estudio-erzhoumu-studio","23":"pa_tipo-estatua-de-resina","25":"first","26":"outofstock","27":"purchasable","28":"product-type-simple"},"yoast_head":"<!-- This site is optimized with the Yoast SEO plugin v27.4 - https:\/\/yoast.com\/product\/yoast-seo-wordpress\/ -->\n<title>Erzhoumu Studio - Estatua de Resina de Agatha | Colecci\u00f3n Pok\u00e9mon<\/title>\n<meta name=\"description\" content=\"Descubre la estatua de resina de Agatha de Pok\u00e9mon, creada por Erzhoumu Studio. Detalles incre\u00edbles y calidad premium para aut\u00e9nticos coleccionistas. \u00a1Hazla tuya!\" \/>\n<meta name=\"robots\" content=\"index, follow, max-snippet:-1, max-image-preview:large, max-video-preview:-1\" \/>\n<link rel=\"canonical\" href=\"https:\/\/yardratshop.com\/eng\/product\/erzhoumu-studio-pokemon-agatha\/\" \/>\n<meta property=\"og:locale\" content=\"en_US\" \/>\n<meta property=\"og:type\" content=\"article\" \/>\n<meta property=\"og:title\" content=\"Erzhoumu Studio - Estatua de Resina de Agatha | Colecci\u00f3n Pok\u00e9mon\" \/>\n<meta property=\"og:description\" content=\"Descubre la estatua de resina de Agatha de Pok\u00e9mon, creada por Erzhoumu Studio. Detalles incre\u00edbles y calidad premium para aut\u00e9nticos coleccionistas. \u00a1Hazla tuya!\" \/>\n<meta property=\"og:url\" content=\"https:\/\/yardratshop.com\/eng\/product\/erzhoumu-studio-pokemon-agatha\/\" \/>\n<meta property=\"og:site_name\" content=\"Yardrat Shop\" \/>\n<meta property=\"article:modified_time\" content=\"2025-12-18T23:43:44+00:00\" \/>\n<meta property=\"og:image\" content=\"https:\/\/yardratshop.com\/wp-content\/uploads\/2025\/04\/5cc496fbb5a37a6161cb86ccf868c87c-scaled.webp\" \/>\n\t<meta property=\"og:image:width\" content=\"2560\" \/>\n\t<meta property=\"og:image:height\" content=\"1709\" \/>\n\t<meta property=\"og:image:type\" content=\"image\/webp\" \/>\n<meta name=\"twitter:card\" content=\"summary_large_image\" \/>\n<meta name=\"twitter:label1\" content=\"Est. reading time\" \/>\n\t<meta name=\"twitter:data1\" content=\"1 minute\" \/>\n<script type=\"application\/ld+json\" class=\"yoast-schema-graph\">{\"@context\":\"https:\\\/\\\/schema.org\",\"@graph\":[{\"@type\":\"WebPage\",\"@id\":\"https:\\\/\\\/yardratshop.com\\\/producto\\\/erzhoumu-studio-pokemon-agatha\\\/\",\"url\":\"https:\\\/\\\/yardratshop.com\\\/producto\\\/erzhoumu-studio-pokemon-agatha\\\/\",\"name\":\"Erzhoumu Studio - Estatua de Resina de Agatha | Colecci\u00f3n Pok\u00e9mon\",\"isPartOf\":{\"@id\":\"https:\\\/\\\/yardratshop.com\\\/#website\"},\"primaryImageOfPage\":{\"@id\":\"https:\\\/\\\/yardratshop.com\\\/producto\\\/erzhoumu-studio-pokemon-agatha\\\/#primaryimage\"},\"image\":{\"@id\":\"https:\\\/\\\/yardratshop.com\\\/producto\\\/erzhoumu-studio-pokemon-agatha\\\/#primaryimage\"},\"thumbnailUrl\":\"https:\\\/\\\/yardratshop.com\\\/wp-content\\\/uploads\\\/2025\\\/04\\\/5cc496fbb5a37a6161cb86ccf868c87c-scaled.webp\",\"datePublished\":\"2025-04-23T18:09:39+00:00\",\"dateModified\":\"2025-12-18T23:43:44+00:00\",\"description\":\"Descubre la estatua de resina de Agatha de Pok\u00e9mon, creada por Erzhoumu Studio. Detalles incre\u00edbles y calidad premium para aut\u00e9nticos coleccionistas. \u00a1Hazla tuya!\",\"breadcrumb\":{\"@id\":\"https:\\\/\\\/yardratshop.com\\\/producto\\\/erzhoumu-studio-pokemon-agatha\\\/#breadcrumb\"},\"inLanguage\":\"en-US\",\"potentialAction\":[{\"@type\":\"ReadAction\",\"target\":[\"https:\\\/\\\/yardratshop.com\\\/producto\\\/erzhoumu-studio-pokemon-agatha\\\/\"]}]},{\"@type\":\"ImageObject\",\"inLanguage\":\"en-US\",\"@id\":\"https:\\\/\\\/yardratshop.com\\\/producto\\\/erzhoumu-studio-pokemon-agatha\\\/#primaryimage\",\"url\":\"https:\\\/\\\/yardratshop.com\\\/wp-content\\\/uploads\\\/2025\\\/04\\\/5cc496fbb5a37a6161cb86ccf868c87c-scaled.webp\",\"contentUrl\":\"https:\\\/\\\/yardratshop.com\\\/wp-content\\\/uploads\\\/2025\\\/04\\\/5cc496fbb5a37a6161cb86ccf868c87c-scaled.webp\",\"width\":2560,\"height\":1709,\"caption\":\"5cc496fbb5a37a6161cb86ccf868c87c\"},{\"@type\":\"BreadcrumbList\",\"@id\":\"https:\\\/\\\/yardratshop.com\\\/producto\\\/erzhoumu-studio-pokemon-agatha\\\/#breadcrumb\",\"itemListElement\":[{\"@type\":\"ListItem\",\"position\":1,\"name\":\"Portada\",\"item\":\"https:\\\/\\\/yardratshop.com\\\/\"},{\"@type\":\"ListItem\",\"position\":2,\"name\":\"Tienda\",\"item\":\"https:\\\/\\\/yardratshop.com\\\/tienda\\\/\"},{\"@type\":\"ListItem\",\"position\":3,\"name\":\"Erzhoumu Studio &#8211; Pok\u00e9mon &#8211; Agatha\"}]},{\"@type\":\"WebSite\",\"@id\":\"https:\\\/\\\/yardratshop.com\\\/#website\",\"url\":\"https:\\\/\\\/yardratshop.com\\\/\",\"name\":\"Yardrat Shop\",\"description\":\"Tu tienda exclusiva de figuras y estatuas\",\"potentialAction\":[{\"@type\":\"SearchAction\",\"target\":{\"@type\":\"EntryPoint\",\"urlTemplate\":\"https:\\\/\\\/yardratshop.com\\\/?s={search_term_string}\"},\"query-input\":{\"@type\":\"PropertyValueSpecification\",\"valueRequired\":true,\"valueName\":\"search_term_string\"}}],\"inLanguage\":\"en-US\"}]}<\/script>\n<!-- \/ Yoast SEO plugin. -->","yoast_head_json":{"title":"Erzhoumu Studio - Estatua de Resina de Agatha | Colecci\u00f3n Pok\u00e9mon","description":"Descubre la estatua de resina de Agatha de Pok\u00e9mon, creada por Erzhoumu Studio. Detalles incre\u00edbles y calidad premium para aut\u00e9nticos coleccionistas. \u00a1Hazla tuya!","robots":{"index":"index","follow":"follow","max-snippet":"max-snippet:-1","max-image-preview":"max-image-preview:large","max-video-preview":"max-video-preview:-1"},"canonical":"https:\/\/yardratshop.com\/eng\/product\/erzhoumu-studio-pokemon-agatha\/","og_locale":"en_US","og_type":"article","og_title":"Erzhoumu Studio - Estatua de Resina de Agatha | Colecci\u00f3n Pok\u00e9mon","og_description":"Descubre la estatua de resina de Agatha de Pok\u00e9mon, creada por Erzhoumu Studio. Detalles incre\u00edbles y calidad premium para aut\u00e9nticos coleccionistas. \u00a1Hazla tuya!","og_url":"https:\/\/yardratshop.com\/eng\/product\/erzhoumu-studio-pokemon-agatha\/","og_site_name":"Yardrat Shop","article_modified_time":"2025-12-18T23:43:44+00:00","og_image":[{"width":2560,"height":1709,"url":"https:\/\/yardratshop.com\/wp-content\/uploads\/2025\/04\/5cc496fbb5a37a6161cb86ccf868c87c-scaled.webp","type":"image\/webp"}],"twitter_card":"summary_large_image","twitter_misc":{"Est. reading time":"1 minute"},"schema":{"@context":"https:\/\/schema.org","@graph":[{"@type":"WebPage","@id":"https:\/\/yardratshop.com\/producto\/erzhoumu-studio-pokemon-agatha\/","url":"https:\/\/yardratshop.com\/producto\/erzhoumu-studio-pokemon-agatha\/","name":"Erzhoumu Studio - Estatua de Resina de Agatha | Colecci\u00f3n Pok\u00e9mon","isPartOf":{"@id":"https:\/\/yardratshop.com\/#website"},"primaryImageOfPage":{"@id":"https:\/\/yardratshop.com\/producto\/erzhoumu-studio-pokemon-agatha\/#primaryimage"},"image":{"@id":"https:\/\/yardratshop.com\/producto\/erzhoumu-studio-pokemon-agatha\/#primaryimage"},"thumbnailUrl":"https:\/\/yardratshop.com\/wp-content\/uploads\/2025\/04\/5cc496fbb5a37a6161cb86ccf868c87c-scaled.webp","datePublished":"2025-04-23T18:09:39+00:00","dateModified":"2025-12-18T23:43:44+00:00","description":"Descubre la estatua de resina de Agatha de Pok\u00e9mon, creada por Erzhoumu Studio. Detalles incre\u00edbles y calidad premium para aut\u00e9nticos coleccionistas. \u00a1Hazla tuya!","breadcrumb":{"@id":"https:\/\/yardratshop.com\/producto\/erzhoumu-studio-pokemon-agatha\/#breadcrumb"},"inLanguage":"en-US","potentialAction":[{"@type":"ReadAction","target":["https:\/\/yardratshop.com\/producto\/erzhoumu-studio-pokemon-agatha\/"]}]},{"@type":"ImageObject","inLanguage":"en-US","@id":"https:\/\/yardratshop.com\/producto\/erzhoumu-studio-pokemon-agatha\/#primaryimage","url":"https:\/\/yardratshop.com\/wp-content\/uploads\/2025\/04\/5cc496fbb5a37a6161cb86ccf868c87c-scaled.webp","contentUrl":"https:\/\/yardratshop.com\/wp-content\/uploads\/2025\/04\/5cc496fbb5a37a6161cb86ccf868c87c-scaled.webp","width":2560,"height":1709,"caption":"5cc496fbb5a37a6161cb86ccf868c87c"},{"@type":"BreadcrumbList","@id":"https:\/\/yardratshop.com\/producto\/erzhoumu-studio-pokemon-agatha\/#breadcrumb","itemListElement":[{"@type":"ListItem","position":1,"name":"Portada","item":"https:\/\/yardratshop.com\/"},{"@type":"ListItem","position":2,"name":"Tienda","item":"https:\/\/yardratshop.com\/tienda\/"},{"@type":"ListItem","position":3,"name":"Erzhoumu Studio &#8211; Pok\u00e9mon &#8211; Agatha"}]},{"@type":"WebSite","@id":"https:\/\/yardratshop.com\/#website","url":"https:\/\/yardratshop.com\/","name":"Yardrat Shop","description":"Tu tienda exclusiva de figuras y estatuas","potentialAction":[{"@type":"SearchAction","target":{"@type":"EntryPoint","urlTemplate":"https:\/\/yardratshop.com\/?s={search_term_string}"},"query-input":{"@type":"PropertyValueSpecification","valueRequired":true,"valueName":"search_term_string"}}],"inLanguage":"en-US"}]}},"_links":{"self":[{"href":"https:\/\/yardratshop.com\/eng\/wp-json\/wp\/v2\/product\/8249","targetHints":{"allow":["GET"]}}],"collection":[{"href":"https:\/\/yardratshop.com\/eng\/wp-json\/wp\/v2\/product"}],"about":[{"href":"https:\/\/yardratshop.com\/eng\/wp-json\/wp\/v2\/types\/product"}],"version-history":[{"count":1,"href":"https:\/\/yardratshop.com\/eng\/wp-json\/wp\/v2\/product\/8249\/revisions"}],"predecessor-version":[{"id":8256,"href":"https:\/\/yardratshop.com\/eng\/wp-json\/wp\/v2\/product\/8249\/revisions\/8256"}],"wp:featuredmedia":[{"embeddable":true,"href":"https:\/\/yardratshop.com\/eng\/wp-json\/wp\/v2\/media\/8250"}],"wp:attachment":[{"href":"https:\/\/yardratshop.com\/eng\/wp-json\/wp\/v2\/media?parent=8249"}],"wp:term":[{"taxonomy":"product_brand","embeddable":true,"href":"https:\/\/yardratshop.com\/eng\/wp-json\/wp\/v2\/product_brand?post=8249"},{"taxonomy":"product_cat","embeddable":true,"href":"https:\/\/yardratshop.com\/eng\/wp-json\/wp\/v2\/product_cat?post=8249"},{"taxonomy":"product_tag","embeddable":true,"href":"https:\/\/yardratshop.com\/eng\/wp-json\/wp\/v2\/product_tag?post=8249"}],"curies":[{"name":"wp","href":"https:\/\/api.w.org\/{rel}","templated":true}]}}