{"id":83819,"date":"2026-04-20T12:19:28","date_gmt":"2026-04-20T10:19:28","guid":{"rendered":"https:\/\/yardratshop.com\/?post_type=product&#038;p=83819"},"modified":"2026-04-20T12:35:00","modified_gmt":"2026-04-20T10:35:00","slug":"tcg-naruto-mythos-tcg-second-set-1st-edition","status":"publish","type":"product","link":"https:\/\/yardratshop.com\/eng\/product\/tcg-naruto-mythos-tcg-second-set-1st-edition\/","title":{"rendered":"TCG &#8211; Naruto Mythos TCG &#8211; Second Set (1st Edition)"},"content":{"rendered":"","protected":false},"excerpt":{"rendered":"<h4 data-section-id=\"13ouch6\" data-start=\"1440\" data-end=\"1469\">\u00a0CONTENIDO DE LOS SOBRES<\/h4>\n<p data-start=\"1471\" data-end=\"1515\">Cada sobre incluye <strong data-start=\"1490\" data-end=\"1514\">10 cartas aleatorias<\/strong>:<\/p>\n<ul data-start=\"1517\" data-end=\"1661\">\n<li data-section-id=\"a1mr1a\" data-start=\"1517\" data-end=\"1538\">1 carta de Misi\u00f3n<\/li>\n<li data-section-id=\"1nu3mys\" data-start=\"1539\" data-end=\"1563\">4 cartas comunes (C)<\/li>\n<li data-section-id=\"1xz0wlv\" data-start=\"1564\" data-end=\"1594\">3 cartas infrecuentes (UC)<\/li>\n<li data-section-id=\"rafis8\" data-start=\"1595\" data-end=\"1611\">1 carta HOLO<\/li>\n<li data-section-id=\"1p12q5w\" data-start=\"1612\" data-end=\"1661\">1 carta: Rara (R), Secret (S) o Legendary (L)<\/li>\n<\/ul>\n<p data-start=\"1663\" data-end=\"1698\">\u00a0Cada caja contiene <strong data-start=\"1685\" data-end=\"1698\">24 sobres<\/strong><\/p>\n<p data-start=\"1700\" data-end=\"1783\">\u00a0<em data-start=\"1703\" data-end=\"1716\">Importante:<\/em> No se garantiza que el personaje del sobre aparezca en las cartas.<\/p>\n<p data-start=\"1917\" data-end=\"1977\">El pack ideal para empezar en el mundo de Naruto Mythos TCG.<\/p>\n<h4 data-section-id=\"v6drul\" data-start=\"1979\" data-end=\"1991\">Incluye:<\/h4>\n<ul data-start=\"1993\" data-end=\"2103\">\n<li data-section-id=\"1andwrl\" data-start=\"1993\" data-end=\"2017\">4 sobres de refuerzo<\/li>\n<li data-section-id=\"ma621y\" data-start=\"2018\" data-end=\"2052\">2 cartas HOLO edici\u00f3n limitada<\/li>\n<li data-section-id=\"p9g3a9\" data-start=\"2053\" data-end=\"2069\">1 carta MAXI<\/li>\n<li data-section-id=\"1vv1kng\" data-start=\"2070\" data-end=\"2091\">1 libro de reglas<\/li>\n<li data-section-id=\"1yfjade\" data-start=\"2092\" data-end=\"2103\">1 token<\/li>\n<\/ul>\n<p data-start=\"2105\" data-end=\"2182\"><em data-start=\"2107\" data-end=\"2182\">Todo lo necesario para comenzar tu aventura como coleccionista y jugador.<\/em><\/p>","protected":false},"featured_media":83823,"template":"","meta":[],"product_brand":[],"product_cat":[3713,3414],"product_tag":[],"class_list":{"0":"post-83819","1":"product","2":"type-product","3":"status-publish","4":"has-post-thumbnail","6":"product_cat-naruto-tcg","7":"product_cat-tcg","8":"pa_estado-preorder","9":"pa_tipo-tcg","11":"first","12":"instock","13":"sold-individually","14":"taxable","15":"shipping-taxable","16":"product-type-variable"},"yoast_head":"<!-- This site is optimized with the Yoast SEO plugin v27.4 - https:\/\/yoast.com\/product\/yoast-seo-wordpress\/ -->\n<title>Naruto Mythos TCG Team Set &amp; Starter Pack Set 2 - 1\u00aa Edici\u00f3n Ingl\u00e9s \u2013 Cartas Promo + Sobres First Set<\/title>\n<meta name=\"description\" content=\"Descubre el Naruto Mythos TCG Segundo Set (1st Edition), una colecci\u00f3n imprescindible para fans y coleccionistas. Cartas exclusivas, dise\u00f1o premium y edici\u00f3n limitada del universo Naruto.\" \/>\n<meta name=\"robots\" content=\"index, follow, max-snippet:-1, max-image-preview:large, max-video-preview:-1\" \/>\n<link rel=\"canonical\" href=\"https:\/\/yardratshop.com\/eng\/product\/tcg-naruto-mythos-tcg-second-set-1st-edition\/\" \/>\n<meta property=\"og:locale\" content=\"en_US\" \/>\n<meta property=\"og:type\" content=\"article\" \/>\n<meta property=\"og:title\" content=\"Naruto Mythos TCG Team Set &amp; Starter Pack Set 2 - 1\u00aa Edici\u00f3n Ingl\u00e9s \u2013 Cartas Promo + Sobres First Set\" \/>\n<meta property=\"og:description\" content=\"Descubre el Naruto Mythos TCG Segundo Set (1st Edition), una colecci\u00f3n imprescindible para fans y coleccionistas. Cartas exclusivas, dise\u00f1o premium y edici\u00f3n limitada del universo Naruto.\" \/>\n<meta property=\"og:url\" content=\"https:\/\/yardratshop.com\/eng\/product\/tcg-naruto-mythos-tcg-second-set-1st-edition\/\" \/>\n<meta property=\"og:site_name\" content=\"Yardrat Shop\" \/>\n<meta property=\"article:modified_time\" content=\"2026-04-20T10:35:00+00:00\" \/>\n<meta property=\"og:image\" content=\"https:\/\/yardratshop.com\/wp-content\/uploads\/2026\/04\/IMG_5732.png\" \/>\n\t<meta property=\"og:image:width\" content=\"1024\" \/>\n\t<meta property=\"og:image:height\" content=\"768\" \/>\n\t<meta property=\"og:image:type\" content=\"image\/png\" \/>\n<meta name=\"twitter:card\" content=\"summary_large_image\" \/>\n<meta name=\"twitter:label1\" content=\"Est. reading time\" \/>\n\t<meta name=\"twitter:data1\" content=\"1 minute\" \/>\n<script type=\"application\/ld+json\" class=\"yoast-schema-graph\">{\"@context\":\"https:\\\/\\\/schema.org\",\"@graph\":[{\"@type\":\"WebPage\",\"@id\":\"https:\\\/\\\/yardratshop.com\\\/producto\\\/tcg-naruto-mythos-tcg-second-set-1st-edition\\\/\",\"url\":\"https:\\\/\\\/yardratshop.com\\\/producto\\\/tcg-naruto-mythos-tcg-second-set-1st-edition\\\/\",\"name\":\"Naruto Mythos TCG Team Set & Starter Pack Set 2 - 1\u00aa Edici\u00f3n Ingl\u00e9s \u2013 Cartas Promo + Sobres First Set\",\"isPartOf\":{\"@id\":\"https:\\\/\\\/yardratshop.com\\\/#website\"},\"primaryImageOfPage\":{\"@id\":\"https:\\\/\\\/yardratshop.com\\\/producto\\\/tcg-naruto-mythos-tcg-second-set-1st-edition\\\/#primaryimage\"},\"image\":{\"@id\":\"https:\\\/\\\/yardratshop.com\\\/producto\\\/tcg-naruto-mythos-tcg-second-set-1st-edition\\\/#primaryimage\"},\"thumbnailUrl\":\"https:\\\/\\\/yardratshop.com\\\/wp-content\\\/uploads\\\/2026\\\/04\\\/IMG_5732.png\",\"datePublished\":\"2026-04-20T10:19:28+00:00\",\"dateModified\":\"2026-04-20T10:35:00+00:00\",\"description\":\"Descubre el Naruto Mythos TCG Segundo Set (1st Edition), una colecci\u00f3n imprescindible para fans y coleccionistas. Cartas exclusivas, dise\u00f1o premium y edici\u00f3n limitada del universo Naruto.\",\"breadcrumb\":{\"@id\":\"https:\\\/\\\/yardratshop.com\\\/producto\\\/tcg-naruto-mythos-tcg-second-set-1st-edition\\\/#breadcrumb\"},\"inLanguage\":\"en-US\",\"potentialAction\":[{\"@type\":\"ReadAction\",\"target\":[\"https:\\\/\\\/yardratshop.com\\\/producto\\\/tcg-naruto-mythos-tcg-second-set-1st-edition\\\/\"]}]},{\"@type\":\"ImageObject\",\"inLanguage\":\"en-US\",\"@id\":\"https:\\\/\\\/yardratshop.com\\\/producto\\\/tcg-naruto-mythos-tcg-second-set-1st-edition\\\/#primaryimage\",\"url\":\"https:\\\/\\\/yardratshop.com\\\/wp-content\\\/uploads\\\/2026\\\/04\\\/IMG_5732.png\",\"contentUrl\":\"https:\\\/\\\/yardratshop.com\\\/wp-content\\\/uploads\\\/2026\\\/04\\\/IMG_5732.png\",\"width\":1024,\"height\":768,\"caption\":\"IMG 5732\"},{\"@type\":\"BreadcrumbList\",\"@id\":\"https:\\\/\\\/yardratshop.com\\\/producto\\\/tcg-naruto-mythos-tcg-second-set-1st-edition\\\/#breadcrumb\",\"itemListElement\":[{\"@type\":\"ListItem\",\"position\":1,\"name\":\"Portada\",\"item\":\"https:\\\/\\\/yardratshop.com\\\/\"},{\"@type\":\"ListItem\",\"position\":2,\"name\":\"Tienda\",\"item\":\"https:\\\/\\\/yardratshop.com\\\/tienda\\\/\"},{\"@type\":\"ListItem\",\"position\":3,\"name\":\"TCG &#8211; Naruto Mythos TCG &#8211; Second Set (1st Edition)\"}]},{\"@type\":\"WebSite\",\"@id\":\"https:\\\/\\\/yardratshop.com\\\/#website\",\"url\":\"https:\\\/\\\/yardratshop.com\\\/\",\"name\":\"Yardrat Shop\",\"description\":\"Tu tienda exclusiva de figuras y estatuas\",\"potentialAction\":[{\"@type\":\"SearchAction\",\"target\":{\"@type\":\"EntryPoint\",\"urlTemplate\":\"https:\\\/\\\/yardratshop.com\\\/?s={search_term_string}\"},\"query-input\":{\"@type\":\"PropertyValueSpecification\",\"valueRequired\":true,\"valueName\":\"search_term_string\"}}],\"inLanguage\":\"en-US\"}]}<\/script>\n<!-- \/ Yoast SEO plugin. -->","yoast_head_json":{"title":"Naruto Mythos TCG Team Set & Starter Pack Set 2 - 1\u00aa Edici\u00f3n Ingl\u00e9s \u2013 Cartas Promo + Sobres First Set","description":"Descubre el Naruto Mythos TCG Segundo Set (1st Edition), una colecci\u00f3n imprescindible para fans y coleccionistas. Cartas exclusivas, dise\u00f1o premium y edici\u00f3n limitada del universo Naruto.","robots":{"index":"index","follow":"follow","max-snippet":"max-snippet:-1","max-image-preview":"max-image-preview:large","max-video-preview":"max-video-preview:-1"},"canonical":"https:\/\/yardratshop.com\/eng\/product\/tcg-naruto-mythos-tcg-second-set-1st-edition\/","og_locale":"en_US","og_type":"article","og_title":"Naruto Mythos TCG Team Set & Starter Pack Set 2 - 1\u00aa Edici\u00f3n Ingl\u00e9s \u2013 Cartas Promo + Sobres First Set","og_description":"Descubre el Naruto Mythos TCG Segundo Set (1st Edition), una colecci\u00f3n imprescindible para fans y coleccionistas. Cartas exclusivas, dise\u00f1o premium y edici\u00f3n limitada del universo Naruto.","og_url":"https:\/\/yardratshop.com\/eng\/product\/tcg-naruto-mythos-tcg-second-set-1st-edition\/","og_site_name":"Yardrat Shop","article_modified_time":"2026-04-20T10:35:00+00:00","og_image":[{"width":1024,"height":768,"url":"https:\/\/yardratshop.com\/wp-content\/uploads\/2026\/04\/IMG_5732.png","type":"image\/png"}],"twitter_card":"summary_large_image","twitter_misc":{"Est. reading time":"1 minute"},"schema":{"@context":"https:\/\/schema.org","@graph":[{"@type":"WebPage","@id":"https:\/\/yardratshop.com\/producto\/tcg-naruto-mythos-tcg-second-set-1st-edition\/","url":"https:\/\/yardratshop.com\/producto\/tcg-naruto-mythos-tcg-second-set-1st-edition\/","name":"Naruto Mythos TCG Team Set & Starter Pack Set 2 - 1\u00aa Edici\u00f3n Ingl\u00e9s \u2013 Cartas Promo + Sobres First Set","isPartOf":{"@id":"https:\/\/yardratshop.com\/#website"},"primaryImageOfPage":{"@id":"https:\/\/yardratshop.com\/producto\/tcg-naruto-mythos-tcg-second-set-1st-edition\/#primaryimage"},"image":{"@id":"https:\/\/yardratshop.com\/producto\/tcg-naruto-mythos-tcg-second-set-1st-edition\/#primaryimage"},"thumbnailUrl":"https:\/\/yardratshop.com\/wp-content\/uploads\/2026\/04\/IMG_5732.png","datePublished":"2026-04-20T10:19:28+00:00","dateModified":"2026-04-20T10:35:00+00:00","description":"Descubre el Naruto Mythos TCG Segundo Set (1st Edition), una colecci\u00f3n imprescindible para fans y coleccionistas. Cartas exclusivas, dise\u00f1o premium y edici\u00f3n limitada del universo Naruto.","breadcrumb":{"@id":"https:\/\/yardratshop.com\/producto\/tcg-naruto-mythos-tcg-second-set-1st-edition\/#breadcrumb"},"inLanguage":"en-US","potentialAction":[{"@type":"ReadAction","target":["https:\/\/yardratshop.com\/producto\/tcg-naruto-mythos-tcg-second-set-1st-edition\/"]}]},{"@type":"ImageObject","inLanguage":"en-US","@id":"https:\/\/yardratshop.com\/producto\/tcg-naruto-mythos-tcg-second-set-1st-edition\/#primaryimage","url":"https:\/\/yardratshop.com\/wp-content\/uploads\/2026\/04\/IMG_5732.png","contentUrl":"https:\/\/yardratshop.com\/wp-content\/uploads\/2026\/04\/IMG_5732.png","width":1024,"height":768,"caption":"IMG 5732"},{"@type":"BreadcrumbList","@id":"https:\/\/yardratshop.com\/producto\/tcg-naruto-mythos-tcg-second-set-1st-edition\/#breadcrumb","itemListElement":[{"@type":"ListItem","position":1,"name":"Portada","item":"https:\/\/yardratshop.com\/"},{"@type":"ListItem","position":2,"name":"Tienda","item":"https:\/\/yardratshop.com\/tienda\/"},{"@type":"ListItem","position":3,"name":"TCG &#8211; Naruto Mythos TCG &#8211; Second Set (1st Edition)"}]},{"@type":"WebSite","@id":"https:\/\/yardratshop.com\/#website","url":"https:\/\/yardratshop.com\/","name":"Yardrat Shop","description":"Tu tienda exclusiva de figuras y estatuas","potentialAction":[{"@type":"SearchAction","target":{"@type":"EntryPoint","urlTemplate":"https:\/\/yardratshop.com\/?s={search_term_string}"},"query-input":{"@type":"PropertyValueSpecification","valueRequired":true,"valueName":"search_term_string"}}],"inLanguage":"en-US"}]}},"_links":{"self":[{"href":"https:\/\/yardratshop.com\/eng\/wp-json\/wp\/v2\/product\/83819","targetHints":{"allow":["GET"]}}],"collection":[{"href":"https:\/\/yardratshop.com\/eng\/wp-json\/wp\/v2\/product"}],"about":[{"href":"https:\/\/yardratshop.com\/eng\/wp-json\/wp\/v2\/types\/product"}],"version-history":[{"count":1,"href":"https:\/\/yardratshop.com\/eng\/wp-json\/wp\/v2\/product\/83819\/revisions"}],"predecessor-version":[{"id":83843,"href":"https:\/\/yardratshop.com\/eng\/wp-json\/wp\/v2\/product\/83819\/revisions\/83843"}],"wp:featuredmedia":[{"embeddable":true,"href":"https:\/\/yardratshop.com\/eng\/wp-json\/wp\/v2\/media\/83823"}],"wp:attachment":[{"href":"https:\/\/yardratshop.com\/eng\/wp-json\/wp\/v2\/media?parent=83819"}],"wp:term":[{"taxonomy":"product_brand","embeddable":true,"href":"https:\/\/yardratshop.com\/eng\/wp-json\/wp\/v2\/product_brand?post=83819"},{"taxonomy":"product_cat","embeddable":true,"href":"https:\/\/yardratshop.com\/eng\/wp-json\/wp\/v2\/product_cat?post=83819"},{"taxonomy":"product_tag","embeddable":true,"href":"https:\/\/yardratshop.com\/eng\/wp-json\/wp\/v2\/product_tag?post=83819"}],"curies":[{"name":"wp","href":"https:\/\/api.w.org\/{rel}","templated":true}]}}