{"id":88684,"date":"2026-05-03T22:00:43","date_gmt":"2026-05-03T20:00:43","guid":{"rendered":"https:\/\/yardratshop.com\/?post_type=product&#038;p=88684"},"modified":"2026-05-05T08:24:32","modified_gmt":"2026-05-05T06:24:32","slug":"dbs-dragon-ball-goku-and-friends-riding-a-dragon","status":"publish","type":"product","link":"https:\/\/yardratshop.com\/eng\/product\/dbs-dragon-ball-goku-and-friends-riding-a-dragon\/","title":{"rendered":"DBS &#8211; Dragon Ball &#8211; Goku and Friends riding a Dragon"},"content":{"rendered":"","protected":false},"excerpt":{"rendered":"<p><strong>Medidas<\/strong><\/p>\n<p>Small: H9 x W10 x D9.5cm<br \/>\nMedium: H17 x W19 x D18cm<br \/>\nBig: H34 x W38 x D36cm<\/p>\n<p><strong>Material:\u00a0<\/strong>PU+Resin<br \/>\n<strong>Fecha de entrega:\u00a0<\/strong>Q3-Q4 2026<\/p>\n<p>La versi\u00f3n Medium y Big incluyen base de madera de regalo.<br \/>\nLa base es desmontable.<\/p>","protected":false},"featured_media":88689,"template":"","meta":[],"product_brand":[],"product_cat":[122,3774,81,80,2361,115,2868],"product_tag":[],"class_list":{"0":"post-88684","1":"product","2":"type-product","3":"status-publish","4":"has-post-thumbnail","6":"product_cat-bulma","7":"product_cat-chichi","8":"product_cat-dragonball","9":"product_cat-anime","10":"product_cat-oolong","11":"product_cat-goku","12":"product_cat-yamcha","13":"pa_altura-26-35cm","14":"pa_escala-big","15":"pa_escala-medium","16":"pa_escala-small","17":"pa_estado-preorder","18":"pa_estudio-dbs","19":"pa_tipo-estatua-de-resina","21":"first","22":"instock","23":"purchasable","24":"product-type-variable"},"yoast_head":"<!-- This site is optimized with the Yoast SEO plugin v27.5 - https:\/\/yoast.com\/product\/yoast-seo-wordpress\/ -->\n<title>Goku &amp; Friends en Drag\u00f3n Estatua Resina Dragon Ball | Edici\u00f3n Coleccionista<\/title>\n<meta name=\"description\" content=\"Revive Dragon Ball con esta brutal estatua de Goku y sus amigos sobre un drag\u00f3n. Detalles premium, edici\u00f3n limitada y acabado en resina de alta calidad. \u00a1Reserva ahora antes de que desaparezca!\" \/>\n<meta name=\"robots\" content=\"index, follow, max-snippet:-1, max-image-preview:large, max-video-preview:-1\" \/>\n<link rel=\"canonical\" href=\"https:\/\/yardratshop.com\/eng\/product\/dbs-dragon-ball-goku-and-friends-riding-a-dragon\/\" \/>\n<meta property=\"og:locale\" content=\"en_US\" \/>\n<meta property=\"og:type\" content=\"article\" \/>\n<meta property=\"og:title\" content=\"Goku &amp; Friends en Drag\u00f3n Estatua Resina Dragon Ball | Edici\u00f3n Coleccionista\" \/>\n<meta property=\"og:description\" content=\"Revive Dragon Ball con esta brutal estatua de Goku y sus amigos sobre un drag\u00f3n. Detalles premium, edici\u00f3n limitada y acabado en resina de alta calidad. \u00a1Reserva ahora antes de que desaparezca!\" \/>\n<meta property=\"og:url\" content=\"https:\/\/yardratshop.com\/eng\/product\/dbs-dragon-ball-goku-and-friends-riding-a-dragon\/\" \/>\n<meta property=\"og:site_name\" content=\"Yardrat Shop\" \/>\n<meta property=\"article:modified_time\" content=\"2026-05-05T06:24:32+00:00\" \/>\n<meta property=\"og:image\" content=\"https:\/\/yardratshop.com\/wp-content\/uploads\/2026\/05\/162-scaled.jpg\" \/>\n\t<meta property=\"og:image:width\" content=\"2560\" \/>\n\t<meta property=\"og:image:height\" content=\"2048\" \/>\n\t<meta property=\"og:image:type\" content=\"image\/jpeg\" \/>\n<meta name=\"twitter:card\" content=\"summary_large_image\" \/>\n<meta name=\"twitter:label1\" content=\"Est. reading time\" \/>\n\t<meta name=\"twitter:data1\" content=\"1 minute\" \/>\n<script type=\"application\/ld+json\" class=\"yoast-schema-graph\">{\"@context\":\"https:\\\/\\\/schema.org\",\"@graph\":[{\"@type\":\"WebPage\",\"@id\":\"https:\\\/\\\/yardratshop.com\\\/producto\\\/dbs-dragon-ball-goku-and-friends-riding-a-dragon\\\/\",\"url\":\"https:\\\/\\\/yardratshop.com\\\/producto\\\/dbs-dragon-ball-goku-and-friends-riding-a-dragon\\\/\",\"name\":\"Goku & Friends en Drag\u00f3n Estatua Resina Dragon Ball | Edici\u00f3n Coleccionista\",\"isPartOf\":{\"@id\":\"https:\\\/\\\/yardratshop.com\\\/#website\"},\"primaryImageOfPage\":{\"@id\":\"https:\\\/\\\/yardratshop.com\\\/producto\\\/dbs-dragon-ball-goku-and-friends-riding-a-dragon\\\/#primaryimage\"},\"image\":{\"@id\":\"https:\\\/\\\/yardratshop.com\\\/producto\\\/dbs-dragon-ball-goku-and-friends-riding-a-dragon\\\/#primaryimage\"},\"thumbnailUrl\":\"https:\\\/\\\/yardratshop.com\\\/wp-content\\\/uploads\\\/2026\\\/05\\\/162-scaled.jpg\",\"datePublished\":\"2026-05-03T20:00:43+00:00\",\"dateModified\":\"2026-05-05T06:24:32+00:00\",\"description\":\"Revive Dragon Ball con esta brutal estatua de Goku y sus amigos sobre un drag\u00f3n. Detalles premium, edici\u00f3n limitada y acabado en resina de alta calidad. \u00a1Reserva ahora antes de que desaparezca!\",\"breadcrumb\":{\"@id\":\"https:\\\/\\\/yardratshop.com\\\/producto\\\/dbs-dragon-ball-goku-and-friends-riding-a-dragon\\\/#breadcrumb\"},\"inLanguage\":\"en-US\",\"potentialAction\":[{\"@type\":\"ReadAction\",\"target\":[\"https:\\\/\\\/yardratshop.com\\\/producto\\\/dbs-dragon-ball-goku-and-friends-riding-a-dragon\\\/\"]}]},{\"@type\":\"ImageObject\",\"inLanguage\":\"en-US\",\"@id\":\"https:\\\/\\\/yardratshop.com\\\/producto\\\/dbs-dragon-ball-goku-and-friends-riding-a-dragon\\\/#primaryimage\",\"url\":\"https:\\\/\\\/yardratshop.com\\\/wp-content\\\/uploads\\\/2026\\\/05\\\/162-scaled.jpg\",\"contentUrl\":\"https:\\\/\\\/yardratshop.com\\\/wp-content\\\/uploads\\\/2026\\\/05\\\/162-scaled.jpg\",\"width\":2560,\"height\":2048,\"caption\":\"162\"},{\"@type\":\"BreadcrumbList\",\"@id\":\"https:\\\/\\\/yardratshop.com\\\/producto\\\/dbs-dragon-ball-goku-and-friends-riding-a-dragon\\\/#breadcrumb\",\"itemListElement\":[{\"@type\":\"ListItem\",\"position\":1,\"name\":\"Portada\",\"item\":\"https:\\\/\\\/yardratshop.com\\\/\"},{\"@type\":\"ListItem\",\"position\":2,\"name\":\"Tienda\",\"item\":\"https:\\\/\\\/yardratshop.com\\\/tienda\\\/\"},{\"@type\":\"ListItem\",\"position\":3,\"name\":\"DBS &#8211; Dragon Ball &#8211; Goku and Friends riding a Dragon\"}]},{\"@type\":\"WebSite\",\"@id\":\"https:\\\/\\\/yardratshop.com\\\/#website\",\"url\":\"https:\\\/\\\/yardratshop.com\\\/\",\"name\":\"Yardrat Shop\",\"description\":\"Tu tienda exclusiva de figuras y estatuas\",\"potentialAction\":[{\"@type\":\"SearchAction\",\"target\":{\"@type\":\"EntryPoint\",\"urlTemplate\":\"https:\\\/\\\/yardratshop.com\\\/?s={search_term_string}\"},\"query-input\":{\"@type\":\"PropertyValueSpecification\",\"valueRequired\":true,\"valueName\":\"search_term_string\"}}],\"inLanguage\":\"en-US\"}]}<\/script>\n<!-- \/ Yoast SEO plugin. -->","yoast_head_json":{"title":"Goku & Friends en Drag\u00f3n Estatua Resina Dragon Ball | Edici\u00f3n Coleccionista","description":"Revive Dragon Ball con esta brutal estatua de Goku y sus amigos sobre un drag\u00f3n. Detalles premium, edici\u00f3n limitada y acabado en resina de alta calidad. \u00a1Reserva ahora antes de que desaparezca!","robots":{"index":"index","follow":"follow","max-snippet":"max-snippet:-1","max-image-preview":"max-image-preview:large","max-video-preview":"max-video-preview:-1"},"canonical":"https:\/\/yardratshop.com\/eng\/product\/dbs-dragon-ball-goku-and-friends-riding-a-dragon\/","og_locale":"en_US","og_type":"article","og_title":"Goku & Friends en Drag\u00f3n Estatua Resina Dragon Ball | Edici\u00f3n Coleccionista","og_description":"Revive Dragon Ball con esta brutal estatua de Goku y sus amigos sobre un drag\u00f3n. Detalles premium, edici\u00f3n limitada y acabado en resina de alta calidad. \u00a1Reserva ahora antes de que desaparezca!","og_url":"https:\/\/yardratshop.com\/eng\/product\/dbs-dragon-ball-goku-and-friends-riding-a-dragon\/","og_site_name":"Yardrat Shop","article_modified_time":"2026-05-05T06:24:32+00:00","og_image":[{"width":2560,"height":2048,"url":"https:\/\/yardratshop.com\/wp-content\/uploads\/2026\/05\/162-scaled.jpg","type":"image\/jpeg"}],"twitter_card":"summary_large_image","twitter_misc":{"Est. reading time":"1 minute"},"schema":{"@context":"https:\/\/schema.org","@graph":[{"@type":"WebPage","@id":"https:\/\/yardratshop.com\/producto\/dbs-dragon-ball-goku-and-friends-riding-a-dragon\/","url":"https:\/\/yardratshop.com\/producto\/dbs-dragon-ball-goku-and-friends-riding-a-dragon\/","name":"Goku & Friends en Drag\u00f3n Estatua Resina Dragon Ball | Edici\u00f3n Coleccionista","isPartOf":{"@id":"https:\/\/yardratshop.com\/#website"},"primaryImageOfPage":{"@id":"https:\/\/yardratshop.com\/producto\/dbs-dragon-ball-goku-and-friends-riding-a-dragon\/#primaryimage"},"image":{"@id":"https:\/\/yardratshop.com\/producto\/dbs-dragon-ball-goku-and-friends-riding-a-dragon\/#primaryimage"},"thumbnailUrl":"https:\/\/yardratshop.com\/wp-content\/uploads\/2026\/05\/162-scaled.jpg","datePublished":"2026-05-03T20:00:43+00:00","dateModified":"2026-05-05T06:24:32+00:00","description":"Revive Dragon Ball con esta brutal estatua de Goku y sus amigos sobre un drag\u00f3n. Detalles premium, edici\u00f3n limitada y acabado en resina de alta calidad. \u00a1Reserva ahora antes de que desaparezca!","breadcrumb":{"@id":"https:\/\/yardratshop.com\/producto\/dbs-dragon-ball-goku-and-friends-riding-a-dragon\/#breadcrumb"},"inLanguage":"en-US","potentialAction":[{"@type":"ReadAction","target":["https:\/\/yardratshop.com\/producto\/dbs-dragon-ball-goku-and-friends-riding-a-dragon\/"]}]},{"@type":"ImageObject","inLanguage":"en-US","@id":"https:\/\/yardratshop.com\/producto\/dbs-dragon-ball-goku-and-friends-riding-a-dragon\/#primaryimage","url":"https:\/\/yardratshop.com\/wp-content\/uploads\/2026\/05\/162-scaled.jpg","contentUrl":"https:\/\/yardratshop.com\/wp-content\/uploads\/2026\/05\/162-scaled.jpg","width":2560,"height":2048,"caption":"162"},{"@type":"BreadcrumbList","@id":"https:\/\/yardratshop.com\/producto\/dbs-dragon-ball-goku-and-friends-riding-a-dragon\/#breadcrumb","itemListElement":[{"@type":"ListItem","position":1,"name":"Portada","item":"https:\/\/yardratshop.com\/"},{"@type":"ListItem","position":2,"name":"Tienda","item":"https:\/\/yardratshop.com\/tienda\/"},{"@type":"ListItem","position":3,"name":"DBS &#8211; Dragon Ball &#8211; Goku and Friends riding a Dragon"}]},{"@type":"WebSite","@id":"https:\/\/yardratshop.com\/#website","url":"https:\/\/yardratshop.com\/","name":"Yardrat Shop","description":"Tu tienda exclusiva de figuras y estatuas","potentialAction":[{"@type":"SearchAction","target":{"@type":"EntryPoint","urlTemplate":"https:\/\/yardratshop.com\/?s={search_term_string}"},"query-input":{"@type":"PropertyValueSpecification","valueRequired":true,"valueName":"search_term_string"}}],"inLanguage":"en-US"}]}},"_links":{"self":[{"href":"https:\/\/yardratshop.com\/eng\/wp-json\/wp\/v2\/product\/88684","targetHints":{"allow":["GET"]}}],"collection":[{"href":"https:\/\/yardratshop.com\/eng\/wp-json\/wp\/v2\/product"}],"about":[{"href":"https:\/\/yardratshop.com\/eng\/wp-json\/wp\/v2\/types\/product"}],"version-history":[{"count":1,"href":"https:\/\/yardratshop.com\/eng\/wp-json\/wp\/v2\/product\/88684\/revisions"}],"predecessor-version":[{"id":88700,"href":"https:\/\/yardratshop.com\/eng\/wp-json\/wp\/v2\/product\/88684\/revisions\/88700"}],"wp:featuredmedia":[{"embeddable":true,"href":"https:\/\/yardratshop.com\/eng\/wp-json\/wp\/v2\/media\/88689"}],"wp:attachment":[{"href":"https:\/\/yardratshop.com\/eng\/wp-json\/wp\/v2\/media?parent=88684"}],"wp:term":[{"taxonomy":"product_brand","embeddable":true,"href":"https:\/\/yardratshop.com\/eng\/wp-json\/wp\/v2\/product_brand?post=88684"},{"taxonomy":"product_cat","embeddable":true,"href":"https:\/\/yardratshop.com\/eng\/wp-json\/wp\/v2\/product_cat?post=88684"},{"taxonomy":"product_tag","embeddable":true,"href":"https:\/\/yardratshop.com\/eng\/wp-json\/wp\/v2\/product_tag?post=88684"}],"curies":[{"name":"wp","href":"https:\/\/api.w.org\/{rel}","templated":true}]}}