{"id":88701,"date":"2026-05-03T22:14:16","date_gmt":"2026-05-03T20:14:16","guid":{"rendered":"https:\/\/yardratshop.com\/?post_type=product&#038;p=88701"},"modified":"2026-05-03T22:24:15","modified_gmt":"2026-05-03T20:24:15","slug":"pop-art-studio-bleach-grimmjow-jaegerjaquez-6a-espada","status":"publish","type":"product","link":"https:\/\/yardratshop.com\/eng\/product\/pop-art-studio-bleach-grimmjow-jaegerjaquez-6a-espada\/","title":{"rendered":"POP.ART Studio &#8211; Bleach &#8211; Grimmjow Jaegerjaquez (6\u00aa Espada)"},"content":{"rendered":"","protected":false},"excerpt":{"rendered":"<p><strong>Medidas:<\/strong><\/p>\n<p style=\"padding-left: 40px;\"><strong>1\/6: <\/strong>H41.5 x W24 x D23cm<br \/>\n<strong>1\/4: <\/strong>H57 x W31 x D42cm\u00e7<\/p>\n<p style=\"padding-left: 40px;\"><strong>Material: <\/strong>Resin+PU<br \/>\n<strong>Fecha de entrega:\u00a0<\/strong>Q3 2026<\/p>\n<h3 data-section-id=\"7e5nyp\" data-start=\"1188\" data-end=\"1215\"><span role=\"text\"><strong data-start=\"1194\" data-end=\"1215\">Notas del estudio<\/strong><\/span><\/h3>\n<ul data-start=\"1217\" data-end=\"1634\">\n<li data-section-id=\"57spm0\" data-start=\"1217\" data-end=\"1317\">&#x1f3a8; Pintura con <strong data-start=\"1234\" data-end=\"1263\">alt\u00edsimo nivel de detalle<\/strong>, especialmente en escala 1\/4 (mayor impacto visual)<\/li>\n<li data-section-id=\"12r7xbl\" data-start=\"1318\" data-end=\"1391\">&#x2696;&#xfe0f; La versi\u00f3n 1\/6 mantiene gran fidelidad con un formato m\u00e1s compacto<\/li>\n<li data-section-id=\"1lf7t8d\" data-start=\"1392\" data-end=\"1484\">&#x1f527; Se optimizar\u00e1n detalles como <strong data-start=\"1426\" data-end=\"1482\">protecciones de mano y proporci\u00f3n del mango del arma<\/strong><\/li>\n<li data-section-id=\"1udiond\" data-start=\"1485\" data-end=\"1563\">&#x1f4c8; La l\u00ednea incluir\u00e1 pr\u00f3ximamente personajes como <strong data-start=\"1537\" data-end=\"1561\">Ulquiorra y Harribel<\/strong><\/li>\n<li data-section-id=\"1ddz64h\" data-start=\"1564\" data-end=\"1634\">&#x2b50; Personajes muy populares podr\u00e1n recibir versi\u00f3n 1\/4 en el futuro<\/li>\n<\/ul>","protected":false},"featured_media":88712,"template":"","meta":[],"product_brand":[],"product_cat":[830,80,3818],"product_tag":[],"class_list":{"0":"post-88701","1":"product","2":"type-product","3":"status-publish","4":"has-post-thumbnail","6":"product_cat-bleach","7":"product_cat-anime","8":"product_cat-grimmjow","9":"pa_altura-46-60cm","10":"pa_escala-escala_1_4","11":"pa_escala-escala_1_6","12":"pa_estado-preorder","13":"pa_estudio-pop-art","14":"pa_tipo-estatua-de-resina","16":"first","17":"instock","18":"purchasable","19":"product-type-variable"},"yoast_head":"<!-- This site is optimized with the Yoast SEO plugin v27.4 - https:\/\/yoast.com\/product\/yoast-seo-wordpress\/ -->\n<title>POP.ART Studio Grimmjow Jaegerjaquez Estatua 1\/6 y 1\/4 | Bleach Coleccionista<\/title>\n<meta name=\"description\" content=\"Desata tu lado coleccionista con Grimmjow (6\u00aa Espada) de Bleach por POP.ART Studio. Estatua de resina 1\/6 y 1\/4 con acabado premium, detalles brutales y tirada limitada. \u00a1Reserva antes de que desaparezca!\" \/>\n<meta name=\"robots\" content=\"index, follow, max-snippet:-1, max-image-preview:large, max-video-preview:-1\" \/>\n<link rel=\"canonical\" href=\"https:\/\/yardratshop.com\/eng\/product\/pop-art-studio-bleach-grimmjow-jaegerjaquez-6a-espada\/\" \/>\n<meta property=\"og:locale\" content=\"en_US\" \/>\n<meta property=\"og:type\" content=\"article\" \/>\n<meta property=\"og:title\" content=\"POP.ART Studio Grimmjow Jaegerjaquez Estatua 1\/6 y 1\/4 | Bleach Coleccionista\" \/>\n<meta property=\"og:description\" content=\"Desata tu lado coleccionista con Grimmjow (6\u00aa Espada) de Bleach por POP.ART Studio. Estatua de resina 1\/6 y 1\/4 con acabado premium, detalles brutales y tirada limitada. \u00a1Reserva antes de que desaparezca!\" \/>\n<meta property=\"og:url\" content=\"https:\/\/yardratshop.com\/eng\/product\/pop-art-studio-bleach-grimmjow-jaegerjaquez-6a-espada\/\" \/>\n<meta property=\"og:site_name\" content=\"Yardrat Shop\" \/>\n<meta property=\"article:modified_time\" content=\"2026-05-03T20:24:15+00:00\" \/>\n<meta property=\"og:image\" content=\"https:\/\/yardratshop.com\/wp-content\/uploads\/2026\/05\/58fdf4b52af756d3cb915dea19cbc10e-scaled.jpg\" \/>\n\t<meta property=\"og:image:width\" content=\"2560\" \/>\n\t<meta property=\"og:image:height\" content=\"1642\" \/>\n\t<meta property=\"og:image:type\" content=\"image\/jpeg\" \/>\n<meta name=\"twitter:card\" content=\"summary_large_image\" \/>\n<meta name=\"twitter:label1\" content=\"Est. reading time\" \/>\n\t<meta name=\"twitter:data1\" content=\"1 minute\" \/>\n<script type=\"application\/ld+json\" class=\"yoast-schema-graph\">{\"@context\":\"https:\\\/\\\/schema.org\",\"@graph\":[{\"@type\":\"WebPage\",\"@id\":\"https:\\\/\\\/yardratshop.com\\\/producto\\\/pop-art-studio-bleach-grimmjow-jaegerjaquez-6a-espada\\\/\",\"url\":\"https:\\\/\\\/yardratshop.com\\\/producto\\\/pop-art-studio-bleach-grimmjow-jaegerjaquez-6a-espada\\\/\",\"name\":\"POP.ART Studio Grimmjow Jaegerjaquez Estatua 1\\\/6 y 1\\\/4 | Bleach Coleccionista\",\"isPartOf\":{\"@id\":\"https:\\\/\\\/yardratshop.com\\\/#website\"},\"primaryImageOfPage\":{\"@id\":\"https:\\\/\\\/yardratshop.com\\\/producto\\\/pop-art-studio-bleach-grimmjow-jaegerjaquez-6a-espada\\\/#primaryimage\"},\"image\":{\"@id\":\"https:\\\/\\\/yardratshop.com\\\/producto\\\/pop-art-studio-bleach-grimmjow-jaegerjaquez-6a-espada\\\/#primaryimage\"},\"thumbnailUrl\":\"https:\\\/\\\/yardratshop.com\\\/wp-content\\\/uploads\\\/2026\\\/05\\\/58fdf4b52af756d3cb915dea19cbc10e-scaled.jpg\",\"datePublished\":\"2026-05-03T20:14:16+00:00\",\"dateModified\":\"2026-05-03T20:24:15+00:00\",\"description\":\"Desata tu lado coleccionista con Grimmjow (6\u00aa Espada) de Bleach por POP.ART Studio. Estatua de resina 1\\\/6 y 1\\\/4 con acabado premium, detalles brutales y tirada limitada. \u00a1Reserva antes de que desaparezca!\",\"breadcrumb\":{\"@id\":\"https:\\\/\\\/yardratshop.com\\\/producto\\\/pop-art-studio-bleach-grimmjow-jaegerjaquez-6a-espada\\\/#breadcrumb\"},\"inLanguage\":\"en-US\",\"potentialAction\":[{\"@type\":\"ReadAction\",\"target\":[\"https:\\\/\\\/yardratshop.com\\\/producto\\\/pop-art-studio-bleach-grimmjow-jaegerjaquez-6a-espada\\\/\"]}]},{\"@type\":\"ImageObject\",\"inLanguage\":\"en-US\",\"@id\":\"https:\\\/\\\/yardratshop.com\\\/producto\\\/pop-art-studio-bleach-grimmjow-jaegerjaquez-6a-espada\\\/#primaryimage\",\"url\":\"https:\\\/\\\/yardratshop.com\\\/wp-content\\\/uploads\\\/2026\\\/05\\\/58fdf4b52af756d3cb915dea19cbc10e-scaled.jpg\",\"contentUrl\":\"https:\\\/\\\/yardratshop.com\\\/wp-content\\\/uploads\\\/2026\\\/05\\\/58fdf4b52af756d3cb915dea19cbc10e-scaled.jpg\",\"width\":2560,\"height\":1642,\"caption\":\"58fdf4b52af756d3cb915dea19cbc10e\"},{\"@type\":\"BreadcrumbList\",\"@id\":\"https:\\\/\\\/yardratshop.com\\\/producto\\\/pop-art-studio-bleach-grimmjow-jaegerjaquez-6a-espada\\\/#breadcrumb\",\"itemListElement\":[{\"@type\":\"ListItem\",\"position\":1,\"name\":\"Portada\",\"item\":\"https:\\\/\\\/yardratshop.com\\\/\"},{\"@type\":\"ListItem\",\"position\":2,\"name\":\"Tienda\",\"item\":\"https:\\\/\\\/yardratshop.com\\\/tienda\\\/\"},{\"@type\":\"ListItem\",\"position\":3,\"name\":\"POP.ART Studio &#8211; Bleach &#8211; Grimmjow Jaegerjaquez (6\u00aa Espada)\"}]},{\"@type\":\"WebSite\",\"@id\":\"https:\\\/\\\/yardratshop.com\\\/#website\",\"url\":\"https:\\\/\\\/yardratshop.com\\\/\",\"name\":\"Yardrat Shop\",\"description\":\"Tu tienda exclusiva de figuras y estatuas\",\"potentialAction\":[{\"@type\":\"SearchAction\",\"target\":{\"@type\":\"EntryPoint\",\"urlTemplate\":\"https:\\\/\\\/yardratshop.com\\\/?s={search_term_string}\"},\"query-input\":{\"@type\":\"PropertyValueSpecification\",\"valueRequired\":true,\"valueName\":\"search_term_string\"}}],\"inLanguage\":\"en-US\"}]}<\/script>\n<!-- \/ Yoast SEO plugin. -->","yoast_head_json":{"title":"POP.ART Studio Grimmjow Jaegerjaquez Estatua 1\/6 y 1\/4 | Bleach Coleccionista","description":"Desata tu lado coleccionista con Grimmjow (6\u00aa Espada) de Bleach por POP.ART Studio. Estatua de resina 1\/6 y 1\/4 con acabado premium, detalles brutales y tirada limitada. \u00a1Reserva antes de que desaparezca!","robots":{"index":"index","follow":"follow","max-snippet":"max-snippet:-1","max-image-preview":"max-image-preview:large","max-video-preview":"max-video-preview:-1"},"canonical":"https:\/\/yardratshop.com\/eng\/product\/pop-art-studio-bleach-grimmjow-jaegerjaquez-6a-espada\/","og_locale":"en_US","og_type":"article","og_title":"POP.ART Studio Grimmjow Jaegerjaquez Estatua 1\/6 y 1\/4 | Bleach Coleccionista","og_description":"Desata tu lado coleccionista con Grimmjow (6\u00aa Espada) de Bleach por POP.ART Studio. Estatua de resina 1\/6 y 1\/4 con acabado premium, detalles brutales y tirada limitada. \u00a1Reserva antes de que desaparezca!","og_url":"https:\/\/yardratshop.com\/eng\/product\/pop-art-studio-bleach-grimmjow-jaegerjaquez-6a-espada\/","og_site_name":"Yardrat Shop","article_modified_time":"2026-05-03T20:24:15+00:00","og_image":[{"width":2560,"height":1642,"url":"https:\/\/yardratshop.com\/wp-content\/uploads\/2026\/05\/58fdf4b52af756d3cb915dea19cbc10e-scaled.jpg","type":"image\/jpeg"}],"twitter_card":"summary_large_image","twitter_misc":{"Est. reading time":"1 minute"},"schema":{"@context":"https:\/\/schema.org","@graph":[{"@type":"WebPage","@id":"https:\/\/yardratshop.com\/producto\/pop-art-studio-bleach-grimmjow-jaegerjaquez-6a-espada\/","url":"https:\/\/yardratshop.com\/producto\/pop-art-studio-bleach-grimmjow-jaegerjaquez-6a-espada\/","name":"POP.ART Studio Grimmjow Jaegerjaquez Estatua 1\/6 y 1\/4 | Bleach Coleccionista","isPartOf":{"@id":"https:\/\/yardratshop.com\/#website"},"primaryImageOfPage":{"@id":"https:\/\/yardratshop.com\/producto\/pop-art-studio-bleach-grimmjow-jaegerjaquez-6a-espada\/#primaryimage"},"image":{"@id":"https:\/\/yardratshop.com\/producto\/pop-art-studio-bleach-grimmjow-jaegerjaquez-6a-espada\/#primaryimage"},"thumbnailUrl":"https:\/\/yardratshop.com\/wp-content\/uploads\/2026\/05\/58fdf4b52af756d3cb915dea19cbc10e-scaled.jpg","datePublished":"2026-05-03T20:14:16+00:00","dateModified":"2026-05-03T20:24:15+00:00","description":"Desata tu lado coleccionista con Grimmjow (6\u00aa Espada) de Bleach por POP.ART Studio. Estatua de resina 1\/6 y 1\/4 con acabado premium, detalles brutales y tirada limitada. \u00a1Reserva antes de que desaparezca!","breadcrumb":{"@id":"https:\/\/yardratshop.com\/producto\/pop-art-studio-bleach-grimmjow-jaegerjaquez-6a-espada\/#breadcrumb"},"inLanguage":"en-US","potentialAction":[{"@type":"ReadAction","target":["https:\/\/yardratshop.com\/producto\/pop-art-studio-bleach-grimmjow-jaegerjaquez-6a-espada\/"]}]},{"@type":"ImageObject","inLanguage":"en-US","@id":"https:\/\/yardratshop.com\/producto\/pop-art-studio-bleach-grimmjow-jaegerjaquez-6a-espada\/#primaryimage","url":"https:\/\/yardratshop.com\/wp-content\/uploads\/2026\/05\/58fdf4b52af756d3cb915dea19cbc10e-scaled.jpg","contentUrl":"https:\/\/yardratshop.com\/wp-content\/uploads\/2026\/05\/58fdf4b52af756d3cb915dea19cbc10e-scaled.jpg","width":2560,"height":1642,"caption":"58fdf4b52af756d3cb915dea19cbc10e"},{"@type":"BreadcrumbList","@id":"https:\/\/yardratshop.com\/producto\/pop-art-studio-bleach-grimmjow-jaegerjaquez-6a-espada\/#breadcrumb","itemListElement":[{"@type":"ListItem","position":1,"name":"Portada","item":"https:\/\/yardratshop.com\/"},{"@type":"ListItem","position":2,"name":"Tienda","item":"https:\/\/yardratshop.com\/tienda\/"},{"@type":"ListItem","position":3,"name":"POP.ART Studio &#8211; Bleach &#8211; Grimmjow Jaegerjaquez (6\u00aa Espada)"}]},{"@type":"WebSite","@id":"https:\/\/yardratshop.com\/#website","url":"https:\/\/yardratshop.com\/","name":"Yardrat Shop","description":"Tu tienda exclusiva de figuras y estatuas","potentialAction":[{"@type":"SearchAction","target":{"@type":"EntryPoint","urlTemplate":"https:\/\/yardratshop.com\/?s={search_term_string}"},"query-input":{"@type":"PropertyValueSpecification","valueRequired":true,"valueName":"search_term_string"}}],"inLanguage":"en-US"}]}},"_links":{"self":[{"href":"https:\/\/yardratshop.com\/eng\/wp-json\/wp\/v2\/product\/88701","targetHints":{"allow":["GET"]}}],"collection":[{"href":"https:\/\/yardratshop.com\/eng\/wp-json\/wp\/v2\/product"}],"about":[{"href":"https:\/\/yardratshop.com\/eng\/wp-json\/wp\/v2\/types\/product"}],"version-history":[{"count":1,"href":"https:\/\/yardratshop.com\/eng\/wp-json\/wp\/v2\/product\/88701\/revisions"}],"predecessor-version":[{"id":88719,"href":"https:\/\/yardratshop.com\/eng\/wp-json\/wp\/v2\/product\/88701\/revisions\/88719"}],"wp:featuredmedia":[{"embeddable":true,"href":"https:\/\/yardratshop.com\/eng\/wp-json\/wp\/v2\/media\/88712"}],"wp:attachment":[{"href":"https:\/\/yardratshop.com\/eng\/wp-json\/wp\/v2\/media?parent=88701"}],"wp:term":[{"taxonomy":"product_brand","embeddable":true,"href":"https:\/\/yardratshop.com\/eng\/wp-json\/wp\/v2\/product_brand?post=88701"},{"taxonomy":"product_cat","embeddable":true,"href":"https:\/\/yardratshop.com\/eng\/wp-json\/wp\/v2\/product_cat?post=88701"},{"taxonomy":"product_tag","embeddable":true,"href":"https:\/\/yardratshop.com\/eng\/wp-json\/wp\/v2\/product_tag?post=88701"}],"curies":[{"name":"wp","href":"https:\/\/api.w.org\/{rel}","templated":true}]}}