{"id":89980,"date":"2026-05-09T12:15:55","date_gmt":"2026-05-09T10:15:55","guid":{"rendered":"https:\/\/yardratshop.com\/?post_type=product&#038;p=89980"},"modified":"2026-05-10T01:30:51","modified_gmt":"2026-05-09T23:30:51","slug":"rocket-toys-naruto-shippuden-jiraiya-roc-019-020","status":"publish","type":"product","link":"https:\/\/yardratshop.com\/eng\/product\/rocket-toys-naruto-shippuden-jiraiya-roc-019-020\/","title":{"rendered":"Rocket Toys &#8211; Naruto Shippuden &#8211; Jiraiya (ROC-019\/020)"},"content":{"rendered":"","protected":false},"excerpt":{"rendered":"<p><strong>Fecha de entrega: <\/strong>Q3 2027<br \/>\n<strong>Fecha limite de reserva: <\/strong>8 de Junio<\/p>\n<p class=\"isSelectedEnd\"><strong>Contenido del producto:<\/strong><br \/>\nAltura aproximada de la figura: 34 cm<\/p>\n<ul data-spread=\"false\">\n<li>Cuerpo masculino articulado exclusivo de Jiraiya \u00d71<\/li>\n<li>Cabeza esculpida \u00d71 (expresi\u00f3n sonriente con peinado recogido est\u00e1tico)<\/li>\n<li>Rostro intercambiable \u00d71 (sonrisa mostrando dientes)<\/li>\n<li>Ojos m\u00f3viles \u00d74<\/li>\n<li>Herramienta de ajuste para ojos m\u00f3viles \u00d71<\/li>\n<li>Manos intercambiables \u00d716<\/li>\n<li>Gran Rasengan \u00d71 (con iluminaci\u00f3n LED)<\/li>\n<li>Pergamino \u00d71<\/li>\n<li>Helado \u00d71 (desmontable)<\/li>\n<li>Libro \u201cGutsy Ninja\u201d \u00d71<\/li>\n<li>Bol\u00edgrafo negro \u00d71<\/li>\n<li>Pipa \u00d71<\/li>\n<li>Zapatos \u00d72<\/li>\n<li>Base expositora para figura \u00d71<\/li>\n<\/ul>\n<p class=\"isSelectedEnd\"><strong>Ropa:<\/strong><\/p>\n<ul data-spread=\"false\">\n<li>Haori rojo \u00d71<\/li>\n<li>Parte superior exterior \u00d71<\/li>\n<li>Cintur\u00f3n \u00d71<\/li>\n<li>Pantalones exteriores \u00d71<\/li>\n<li>Camiseta de malla interior \u00d71<\/li>\n<li>Pantalones de malla interior \u00d71<\/li>\n<\/ul>\n<p class=\"isSelectedEnd\"><strong>Bonus exclusivo:<\/strong><\/p>\n<ul data-spread=\"false\">\n<li>Cabeza esculpida \u00d71 (Modo Sabio Ver.1 con cabello suelto al viento)<\/li>\n<li>Ojos m\u00f3viles \u00d72 (Modo Sabio)<\/li>\n<\/ul>\n<div contenteditable=\"false\">\n<hr \/>\n<\/div>\n<p class=\"isSelectedEnd\"><strong>Accesorios adicionales incluidos en la versi\u00f3n DX:<\/strong><\/p>\n<ul data-spread=\"false\">\n<li>Figura adicional de Jiraiya \u00d71 (incluye vestimenta)<\/li>\n<li>Rostro intercambiable exclusivo DX \u00d71 (Modo Sabio Ver.2 con expresi\u00f3n de enfado)<\/li>\n<li>Ojos m\u00f3viles \u00d72 (Modo Sabio)<\/li>\n<li>Pergamino \u00d71<\/li>\n<li>Manos parcialmente transformadas en sapo \u00d73<\/li>\n<li>Pies parcialmente transformados en sapo \u00d72<\/li>\n<li>Sapo Sabio Fukasaku \u00d71<\/li>\n<li>Sapo Sabio Shima \u00d71<\/li>\n<li>Pieza magn\u00e9tica de fijaci\u00f3n para los sapos sabios \u00d71<\/li>\n<li>Base expositora para figura \u00d71<\/li>\n<\/ul>","protected":false},"featured_media":89985,"template":"","meta":[],"product_brand":[],"product_cat":[3456,80,3838,140],"product_tag":[],"class_list":{"0":"post-89980","1":"product","2":"type-product","3":"status-publish","4":"has-post-thumbnail","6":"product_cat-cierran-pronto","7":"product_cat-anime","8":"product_cat-jiraiya","9":"product_cat-naruto-anime","10":"pa_altura-26-35cm","11":"pa_escala-escala_1_6","12":"pa_estado-preorder","13":"pa_estudio-rocket-toys","14":"pa_tipo-figura-articulada","16":"first","17":"instock","18":"purchasable","19":"product-type-variable"},"yoast_head":"<!-- This site is optimized with the Yoast SEO plugin v27.5 - https:\/\/yoast.com\/product\/yoast-seo-wordpress\/ -->\n<title>Rocket Toys Sasuke Uchiha 1\/6 (ROC-017) \u2013 Figura Naruto Shippuden Premium Coleccionista<\/title>\n<meta name=\"description\" content=\"Consigue la figura articulada 1\/6 de Sasuke Uchiha (ROC-017) de Rocket Toys. Detalle extremo, edici\u00f3n imprescindible para coleccionistas de Naruto. \u00a1Reserva antes de que vuele!\" \/>\n<meta name=\"robots\" content=\"index, follow, max-snippet:-1, max-image-preview:large, max-video-preview:-1\" \/>\n<link rel=\"canonical\" href=\"https:\/\/yardratshop.com\/eng\/product\/rocket-toys-naruto-shippuden-jiraiya-roc-019-020\/\" \/>\n<meta property=\"og:locale\" content=\"en_US\" \/>\n<meta property=\"og:type\" content=\"article\" \/>\n<meta property=\"og:title\" content=\"Rocket Toys Sasuke Uchiha 1\/6 (ROC-017) \u2013 Figura Naruto Shippuden Premium Coleccionista\" \/>\n<meta property=\"og:description\" content=\"Consigue la figura articulada 1\/6 de Sasuke Uchiha (ROC-017) de Rocket Toys. Detalle extremo, edici\u00f3n imprescindible para coleccionistas de Naruto. \u00a1Reserva antes de que vuele!\" \/>\n<meta property=\"og:url\" content=\"https:\/\/yardratshop.com\/eng\/product\/rocket-toys-naruto-shippuden-jiraiya-roc-019-020\/\" \/>\n<meta property=\"og:site_name\" content=\"Yardrat Shop\" \/>\n<meta property=\"article:modified_time\" content=\"2026-05-09T23:30:51+00:00\" \/>\n<meta property=\"og:image\" content=\"https:\/\/yardratshop.com\/wp-content\/uploads\/2026\/05\/IMG_7254-1068x1600.jpg\" \/>\n\t<meta property=\"og:image:width\" content=\"1068\" \/>\n\t<meta property=\"og:image:height\" content=\"1600\" \/>\n\t<meta property=\"og:image:type\" content=\"image\/jpeg\" \/>\n<meta name=\"twitter:card\" content=\"summary_large_image\" \/>\n<meta name=\"twitter:label1\" content=\"Est. reading time\" \/>\n\t<meta name=\"twitter:data1\" content=\"1 minute\" \/>\n<script type=\"application\/ld+json\" class=\"yoast-schema-graph\">{\"@context\":\"https:\\\/\\\/schema.org\",\"@graph\":[{\"@type\":\"WebPage\",\"@id\":\"https:\\\/\\\/yardratshop.com\\\/producto\\\/rocket-toys-naruto-shippuden-jiraiya-roc-019-020\\\/\",\"url\":\"https:\\\/\\\/yardratshop.com\\\/producto\\\/rocket-toys-naruto-shippuden-jiraiya-roc-019-020\\\/\",\"name\":\"Rocket Toys Sasuke Uchiha 1\\\/6 (ROC-017) \u2013 Figura Naruto Shippuden Premium Coleccionista\",\"isPartOf\":{\"@id\":\"https:\\\/\\\/yardratshop.com\\\/#website\"},\"primaryImageOfPage\":{\"@id\":\"https:\\\/\\\/yardratshop.com\\\/producto\\\/rocket-toys-naruto-shippuden-jiraiya-roc-019-020\\\/#primaryimage\"},\"image\":{\"@id\":\"https:\\\/\\\/yardratshop.com\\\/producto\\\/rocket-toys-naruto-shippuden-jiraiya-roc-019-020\\\/#primaryimage\"},\"thumbnailUrl\":\"https:\\\/\\\/yardratshop.com\\\/wp-content\\\/uploads\\\/2026\\\/05\\\/IMG_7254.jpg\",\"datePublished\":\"2026-05-09T10:15:55+00:00\",\"dateModified\":\"2026-05-09T23:30:51+00:00\",\"description\":\"Consigue la figura articulada 1\\\/6 de Sasuke Uchiha (ROC-017) de Rocket Toys. Detalle extremo, edici\u00f3n imprescindible para coleccionistas de Naruto. \u00a1Reserva antes de que vuele!\",\"breadcrumb\":{\"@id\":\"https:\\\/\\\/yardratshop.com\\\/producto\\\/rocket-toys-naruto-shippuden-jiraiya-roc-019-020\\\/#breadcrumb\"},\"inLanguage\":\"en-US\",\"potentialAction\":[{\"@type\":\"ReadAction\",\"target\":[\"https:\\\/\\\/yardratshop.com\\\/producto\\\/rocket-toys-naruto-shippuden-jiraiya-roc-019-020\\\/\"]}]},{\"@type\":\"ImageObject\",\"inLanguage\":\"en-US\",\"@id\":\"https:\\\/\\\/yardratshop.com\\\/producto\\\/rocket-toys-naruto-shippuden-jiraiya-roc-019-020\\\/#primaryimage\",\"url\":\"https:\\\/\\\/yardratshop.com\\\/wp-content\\\/uploads\\\/2026\\\/05\\\/IMG_7254.jpg\",\"contentUrl\":\"https:\\\/\\\/yardratshop.com\\\/wp-content\\\/uploads\\\/2026\\\/05\\\/IMG_7254.jpg\",\"width\":1600,\"height\":2398,\"caption\":\"IMG 7254\"},{\"@type\":\"BreadcrumbList\",\"@id\":\"https:\\\/\\\/yardratshop.com\\\/producto\\\/rocket-toys-naruto-shippuden-jiraiya-roc-019-020\\\/#breadcrumb\",\"itemListElement\":[{\"@type\":\"ListItem\",\"position\":1,\"name\":\"Portada\",\"item\":\"https:\\\/\\\/yardratshop.com\\\/\"},{\"@type\":\"ListItem\",\"position\":2,\"name\":\"Tienda\",\"item\":\"https:\\\/\\\/yardratshop.com\\\/tienda\\\/\"},{\"@type\":\"ListItem\",\"position\":3,\"name\":\"Rocket Toys &#8211; Naruto Shippuden &#8211; Jiraiya (ROC-019\\\/020)\"}]},{\"@type\":\"WebSite\",\"@id\":\"https:\\\/\\\/yardratshop.com\\\/#website\",\"url\":\"https:\\\/\\\/yardratshop.com\\\/\",\"name\":\"Yardrat Shop\",\"description\":\"Tu tienda exclusiva de figuras y estatuas\",\"potentialAction\":[{\"@type\":\"SearchAction\",\"target\":{\"@type\":\"EntryPoint\",\"urlTemplate\":\"https:\\\/\\\/yardratshop.com\\\/?s={search_term_string}\"},\"query-input\":{\"@type\":\"PropertyValueSpecification\",\"valueRequired\":true,\"valueName\":\"search_term_string\"}}],\"inLanguage\":\"en-US\"}]}<\/script>\n<!-- \/ Yoast SEO plugin. -->","yoast_head_json":{"title":"Rocket Toys Sasuke Uchiha 1\/6 (ROC-017) \u2013 Figura Naruto Shippuden Premium Coleccionista","description":"Consigue la figura articulada 1\/6 de Sasuke Uchiha (ROC-017) de Rocket Toys. Detalle extremo, edici\u00f3n imprescindible para coleccionistas de Naruto. \u00a1Reserva antes de que vuele!","robots":{"index":"index","follow":"follow","max-snippet":"max-snippet:-1","max-image-preview":"max-image-preview:large","max-video-preview":"max-video-preview:-1"},"canonical":"https:\/\/yardratshop.com\/eng\/product\/rocket-toys-naruto-shippuden-jiraiya-roc-019-020\/","og_locale":"en_US","og_type":"article","og_title":"Rocket Toys Sasuke Uchiha 1\/6 (ROC-017) \u2013 Figura Naruto Shippuden Premium Coleccionista","og_description":"Consigue la figura articulada 1\/6 de Sasuke Uchiha (ROC-017) de Rocket Toys. Detalle extremo, edici\u00f3n imprescindible para coleccionistas de Naruto. \u00a1Reserva antes de que vuele!","og_url":"https:\/\/yardratshop.com\/eng\/product\/rocket-toys-naruto-shippuden-jiraiya-roc-019-020\/","og_site_name":"Yardrat Shop","article_modified_time":"2026-05-09T23:30:51+00:00","og_image":[{"width":1068,"height":1600,"url":"https:\/\/yardratshop.com\/wp-content\/uploads\/2026\/05\/IMG_7254-1068x1600.jpg","type":"image\/jpeg"}],"twitter_card":"summary_large_image","twitter_misc":{"Est. reading time":"1 minute"},"schema":{"@context":"https:\/\/schema.org","@graph":[{"@type":"WebPage","@id":"https:\/\/yardratshop.com\/producto\/rocket-toys-naruto-shippuden-jiraiya-roc-019-020\/","url":"https:\/\/yardratshop.com\/producto\/rocket-toys-naruto-shippuden-jiraiya-roc-019-020\/","name":"Rocket Toys Sasuke Uchiha 1\/6 (ROC-017) \u2013 Figura Naruto Shippuden Premium Coleccionista","isPartOf":{"@id":"https:\/\/yardratshop.com\/#website"},"primaryImageOfPage":{"@id":"https:\/\/yardratshop.com\/producto\/rocket-toys-naruto-shippuden-jiraiya-roc-019-020\/#primaryimage"},"image":{"@id":"https:\/\/yardratshop.com\/producto\/rocket-toys-naruto-shippuden-jiraiya-roc-019-020\/#primaryimage"},"thumbnailUrl":"https:\/\/yardratshop.com\/wp-content\/uploads\/2026\/05\/IMG_7254.jpg","datePublished":"2026-05-09T10:15:55+00:00","dateModified":"2026-05-09T23:30:51+00:00","description":"Consigue la figura articulada 1\/6 de Sasuke Uchiha (ROC-017) de Rocket Toys. Detalle extremo, edici\u00f3n imprescindible para coleccionistas de Naruto. \u00a1Reserva antes de que vuele!","breadcrumb":{"@id":"https:\/\/yardratshop.com\/producto\/rocket-toys-naruto-shippuden-jiraiya-roc-019-020\/#breadcrumb"},"inLanguage":"en-US","potentialAction":[{"@type":"ReadAction","target":["https:\/\/yardratshop.com\/producto\/rocket-toys-naruto-shippuden-jiraiya-roc-019-020\/"]}]},{"@type":"ImageObject","inLanguage":"en-US","@id":"https:\/\/yardratshop.com\/producto\/rocket-toys-naruto-shippuden-jiraiya-roc-019-020\/#primaryimage","url":"https:\/\/yardratshop.com\/wp-content\/uploads\/2026\/05\/IMG_7254.jpg","contentUrl":"https:\/\/yardratshop.com\/wp-content\/uploads\/2026\/05\/IMG_7254.jpg","width":1600,"height":2398,"caption":"IMG 7254"},{"@type":"BreadcrumbList","@id":"https:\/\/yardratshop.com\/producto\/rocket-toys-naruto-shippuden-jiraiya-roc-019-020\/#breadcrumb","itemListElement":[{"@type":"ListItem","position":1,"name":"Portada","item":"https:\/\/yardratshop.com\/"},{"@type":"ListItem","position":2,"name":"Tienda","item":"https:\/\/yardratshop.com\/tienda\/"},{"@type":"ListItem","position":3,"name":"Rocket Toys &#8211; Naruto Shippuden &#8211; Jiraiya (ROC-019\/020)"}]},{"@type":"WebSite","@id":"https:\/\/yardratshop.com\/#website","url":"https:\/\/yardratshop.com\/","name":"Yardrat Shop","description":"Tu tienda exclusiva de figuras y estatuas","potentialAction":[{"@type":"SearchAction","target":{"@type":"EntryPoint","urlTemplate":"https:\/\/yardratshop.com\/?s={search_term_string}"},"query-input":{"@type":"PropertyValueSpecification","valueRequired":true,"valueName":"search_term_string"}}],"inLanguage":"en-US"}]}},"_links":{"self":[{"href":"https:\/\/yardratshop.com\/eng\/wp-json\/wp\/v2\/product\/89980","targetHints":{"allow":["GET"]}}],"collection":[{"href":"https:\/\/yardratshop.com\/eng\/wp-json\/wp\/v2\/product"}],"about":[{"href":"https:\/\/yardratshop.com\/eng\/wp-json\/wp\/v2\/types\/product"}],"version-history":[{"count":1,"href":"https:\/\/yardratshop.com\/eng\/wp-json\/wp\/v2\/product\/89980\/revisions"}],"predecessor-version":[{"id":90013,"href":"https:\/\/yardratshop.com\/eng\/wp-json\/wp\/v2\/product\/89980\/revisions\/90013"}],"wp:featuredmedia":[{"embeddable":true,"href":"https:\/\/yardratshop.com\/eng\/wp-json\/wp\/v2\/media\/89985"}],"wp:attachment":[{"href":"https:\/\/yardratshop.com\/eng\/wp-json\/wp\/v2\/media?parent=89980"}],"wp:term":[{"taxonomy":"product_brand","embeddable":true,"href":"https:\/\/yardratshop.com\/eng\/wp-json\/wp\/v2\/product_brand?post=89980"},{"taxonomy":"product_cat","embeddable":true,"href":"https:\/\/yardratshop.com\/eng\/wp-json\/wp\/v2\/product_cat?post=89980"},{"taxonomy":"product_tag","embeddable":true,"href":"https:\/\/yardratshop.com\/eng\/wp-json\/wp\/v2\/product_tag?post=89980"}],"curies":[{"name":"wp","href":"https:\/\/api.w.org\/{rel}","templated":true}]}}